
{"id":278510,"date":"2026-03-05T14:45:30","date_gmt":"2026-03-05T13:45:30","guid":{"rendered":"https:\/\/www.trudi.com\/prodotto\/esel-cesare\/"},"modified":"2026-03-05T14:45:30","modified_gmt":"2026-03-05T13:45:30","slug":"esel-cesare","status":"publish","type":"product","link":"https:\/\/www.trudi.com\/de\/prodotto\/esel-cesare\/","title":{"rendered":"Esel Cesare"},"content":{"rendered":"<p>Die Trudi-Kollektion mit Bauernhoftieren bringt den ganzen Zauber des Landlebens in die H\u00e4nde der Kleinsten! Diese weichen, realistischen und superkuscheligen Pl\u00fcschtiere stellen die sympathischsten und beliebtesten Freunde vom Bauernhof dar. Von den weichen Ohren bis zum flauschigen B\u00e4uchlein ist jedes Detail so gestaltet, dass sie wie echte Spielgef\u00e4hrten wirken.<\/p>\n<p>Zur gro\u00dfen Familie geh\u00f6ren auch der s\u00fc\u00dfe Esel und das zarte Pferd, die bereit sind, sich in neue Abenteuer zu st\u00fcrzen. Mit den Tieren vom Bauernhof von Trudi kann jedes Kind lustige Geschichten voller Fantasie und L\u00e4cheln erleben!<\/p>\n","protected":false},"excerpt":{"rendered":"<p>Die Trudi-Kollektion mit Bauernhoftieren bringt den ganzen Zauber des Landlebens in die H\u00e4nde der Kleinsten! Diese weichen, realistischen und superkuscheligen<\/p>\n","protected":false},"featured_media":277957,"template":"","meta":[],"product_cat":[413],"product_tag":[349],"acf":[],"yoast_head":"<!-- This site is optimized with the Yoast SEO plugin v21.9 - https:\/\/yoast.com\/wordpress\/plugins\/seo\/ -->\n<title>Esel Cesare - Trudi<\/title>\n<meta name=\"description\" content=\"Zur gro\u00dfen Familie geh\u00f6ren auch der s\u00fc\u00dfe Esel und das zarte Pferd, die bereit sind, sich in neue Abenteuer zu st\u00fcrzen. Mit den Tieren vom Bauernhof von Trudi kann jedes Kind lustige Geschichten voller Fantasie und L\u00e4cheln erleben!\" \/>\n<meta name=\"robots\" content=\"index, follow, max-snippet:-1, max-image-preview:large, max-video-preview:-1\" \/>\n<link rel=\"canonical\" href=\"https:\/\/www.trudi.com\/de\/prodotto\/asino-cesare\/\" \/>\n<meta property=\"og:locale\" content=\"de_DE\" \/>\n<meta property=\"og:type\" content=\"article\" \/>\n<meta property=\"og:title\" content=\"Esel Cesare - Trudi\" \/>\n<meta property=\"og:description\" content=\"Zur gro\u00dfen Familie geh\u00f6ren auch der s\u00fc\u00dfe Esel und das zarte Pferd, die bereit sind, sich in neue Abenteuer zu st\u00fcrzen. Mit den Tieren vom Bauernhof von Trudi kann jedes Kind lustige Geschichten voller Fantasie und L\u00e4cheln erleben!\" \/>\n<meta property=\"og:url\" content=\"https:\/\/www.trudi.com\/prodotto\/asino-cesare\/\" \/>\n<meta property=\"og:site_name\" content=\"Trudi\" \/>\n<meta property=\"og:image\" content=\"https:\/\/www.trudi.com\/wp-content\/uploads\/2026\/02\/23991_A.jpg\" \/>\n\t<meta property=\"og:image:width\" content=\"960\" \/>\n\t<meta property=\"og:image:height\" content=\"640\" \/>\n\t<meta property=\"og:image:type\" content=\"image\/jpeg\" \/>\n<meta name=\"twitter:card\" content=\"summary_large_image\" \/>\n<script type=\"application\/ld+json\" class=\"yoast-schema-graph\">{\"@context\":\"https:\/\/schema.org\",\"@graph\":[{\"@type\":\"WebPage\",\"@id\":\"https:\/\/www.trudi.com\/prodotto\/asino-cesare\/\",\"url\":\"https:\/\/www.trudi.com\/prodotto\/asino-cesare\/\",\"name\":\"Esel Cesare - Trudi\",\"isPartOf\":{\"@id\":\"https:\/\/www.trudi.com\/#website\"},\"datePublished\":\"2026-03-05T13:45:30+00:00\",\"dateModified\":\"2026-03-05T13:45:30+00:00\",\"description\":\"Zur gro\u00dfen Familie geh\u00f6ren auch der s\u00fc\u00dfe Esel und das zarte Pferd, die bereit sind, sich in neue Abenteuer zu st\u00fcrzen. Mit den Tieren vom Bauernhof von Trudi kann jedes Kind lustige Geschichten voller Fantasie und L\u00e4cheln erleben!\",\"breadcrumb\":{\"@id\":\"https:\/\/www.trudi.com\/prodotto\/asino-cesare\/#breadcrumb\"},\"inLanguage\":\"de-DE\",\"potentialAction\":[{\"@type\":\"ReadAction\",\"target\":[\"https:\/\/www.trudi.com\/prodotto\/asino-cesare\/\"]}]},{\"@type\":\"BreadcrumbList\",\"@id\":\"https:\/\/www.trudi.com\/prodotto\/asino-cesare\/#breadcrumb\",\"itemListElement\":[{\"@type\":\"ListItem\",\"position\":1,\"name\":\"Shop\",\"item\":\"https:\/\/www.trudi.com\/negozio\/\"},{\"@type\":\"ListItem\",\"position\":2,\"name\":\"Esel Cesare\"}]},{\"@type\":\"WebSite\",\"@id\":\"https:\/\/www.trudi.com\/#website\",\"url\":\"https:\/\/www.trudi.com\/\",\"name\":\"Trudi\",\"description\":\"Peluche e Giochi in Legno\",\"publisher\":{\"@id\":\"https:\/\/www.trudi.com\/#organization\"},\"potentialAction\":[{\"@type\":\"SearchAction\",\"target\":{\"@type\":\"EntryPoint\",\"urlTemplate\":\"https:\/\/www.trudi.com\/?s={search_term_string}\"},\"query-input\":\"required name=search_term_string\"}],\"inLanguage\":\"de-DE\"},{\"@type\":\"Organization\",\"@id\":\"https:\/\/www.trudi.com\/#organization\",\"name\":\"Trudi\",\"url\":\"https:\/\/www.trudi.com\/\",\"logo\":{\"@type\":\"ImageObject\",\"inLanguage\":\"de-DE\",\"@id\":\"https:\/\/www.trudi.com\/#\/schema\/logo\/image\/\",\"url\":\"https:\/\/www.trudi.com\/wp-content\/uploads\/2021\/05\/trudi-logo.svg\",\"contentUrl\":\"https:\/\/www.trudi.com\/wp-content\/uploads\/2021\/05\/trudi-logo.svg\",\"width\":50,\"height\":50,\"caption\":\"Trudi\"},\"image\":{\"@id\":\"https:\/\/www.trudi.com\/#\/schema\/logo\/image\/\"}}]}<\/script>\n<!-- \/ Yoast SEO plugin. -->","yoast_head_json":{"title":"Esel Cesare - Trudi","description":"Zur gro\u00dfen Familie geh\u00f6ren auch der s\u00fc\u00dfe Esel und das zarte Pferd, die bereit sind, sich in neue Abenteuer zu st\u00fcrzen. Mit den Tieren vom Bauernhof von Trudi kann jedes Kind lustige Geschichten voller Fantasie und L\u00e4cheln erleben!","robots":{"index":"index","follow":"follow","max-snippet":"max-snippet:-1","max-image-preview":"max-image-preview:large","max-video-preview":"max-video-preview:-1"},"canonical":"https:\/\/www.trudi.com\/de\/prodotto\/asino-cesare\/","og_locale":"de_DE","og_type":"article","og_title":"Esel Cesare - Trudi","og_description":"Zur gro\u00dfen Familie geh\u00f6ren auch der s\u00fc\u00dfe Esel und das zarte Pferd, die bereit sind, sich in neue Abenteuer zu st\u00fcrzen. Mit den Tieren vom Bauernhof von Trudi kann jedes Kind lustige Geschichten voller Fantasie und L\u00e4cheln erleben!","og_url":"https:\/\/www.trudi.com\/prodotto\/asino-cesare\/","og_site_name":"Trudi","og_image":[{"width":960,"height":640,"url":"https:\/\/www.trudi.com\/wp-content\/uploads\/2026\/02\/23991_A.jpg","type":"image\/jpeg"}],"twitter_card":"summary_large_image","schema":{"@context":"https:\/\/schema.org","@graph":[{"@type":"WebPage","@id":"https:\/\/www.trudi.com\/prodotto\/asino-cesare\/","url":"https:\/\/www.trudi.com\/prodotto\/asino-cesare\/","name":"Esel Cesare - Trudi","isPartOf":{"@id":"https:\/\/www.trudi.com\/#website"},"datePublished":"2026-03-05T13:45:30+00:00","dateModified":"2026-03-05T13:45:30+00:00","description":"Zur gro\u00dfen Familie geh\u00f6ren auch der s\u00fc\u00dfe Esel und das zarte Pferd, die bereit sind, sich in neue Abenteuer zu st\u00fcrzen. Mit den Tieren vom Bauernhof von Trudi kann jedes Kind lustige Geschichten voller Fantasie und L\u00e4cheln erleben!","breadcrumb":{"@id":"https:\/\/www.trudi.com\/prodotto\/asino-cesare\/#breadcrumb"},"inLanguage":"de-DE","potentialAction":[{"@type":"ReadAction","target":["https:\/\/www.trudi.com\/prodotto\/asino-cesare\/"]}]},{"@type":"BreadcrumbList","@id":"https:\/\/www.trudi.com\/prodotto\/asino-cesare\/#breadcrumb","itemListElement":[{"@type":"ListItem","position":1,"name":"Shop","item":"https:\/\/www.trudi.com\/negozio\/"},{"@type":"ListItem","position":2,"name":"Esel Cesare"}]},{"@type":"WebSite","@id":"https:\/\/www.trudi.com\/#website","url":"https:\/\/www.trudi.com\/","name":"Trudi","description":"Peluche e Giochi in Legno","publisher":{"@id":"https:\/\/www.trudi.com\/#organization"},"potentialAction":[{"@type":"SearchAction","target":{"@type":"EntryPoint","urlTemplate":"https:\/\/www.trudi.com\/?s={search_term_string}"},"query-input":"required name=search_term_string"}],"inLanguage":"de-DE"},{"@type":"Organization","@id":"https:\/\/www.trudi.com\/#organization","name":"Trudi","url":"https:\/\/www.trudi.com\/","logo":{"@type":"ImageObject","inLanguage":"de-DE","@id":"https:\/\/www.trudi.com\/#\/schema\/logo\/image\/","url":"https:\/\/www.trudi.com\/wp-content\/uploads\/2021\/05\/trudi-logo.svg","contentUrl":"https:\/\/www.trudi.com\/wp-content\/uploads\/2021\/05\/trudi-logo.svg","width":50,"height":50,"caption":"Trudi"},"image":{"@id":"https:\/\/www.trudi.com\/#\/schema\/logo\/image\/"}}]}},"_links":{"self":[{"href":"https:\/\/www.trudi.com\/de\/wp-json\/wp\/v2\/product\/278510"}],"collection":[{"href":"https:\/\/www.trudi.com\/de\/wp-json\/wp\/v2\/product"}],"about":[{"href":"https:\/\/www.trudi.com\/de\/wp-json\/wp\/v2\/types\/product"}],"wp:featuredmedia":[{"embeddable":true,"href":"https:\/\/www.trudi.com\/de\/wp-json\/wp\/v2\/media\/277957"}],"wp:attachment":[{"href":"https:\/\/www.trudi.com\/de\/wp-json\/wp\/v2\/media?parent=278510"}],"wp:term":[{"taxonomy":"product_cat","embeddable":true,"href":"https:\/\/www.trudi.com\/de\/wp-json\/wp\/v2\/product_cat?post=278510"},{"taxonomy":"product_tag","embeddable":true,"href":"https:\/\/www.trudi.com\/de\/wp-json\/wp\/v2\/product_tag?post=278510"}],"curies":[{"name":"wp","href":"https:\/\/api.w.org\/{rel}","templated":true}]}}