
{"id":278507,"date":"2026-03-05T14:42:09","date_gmt":"2026-03-05T13:42:09","guid":{"rendered":"https:\/\/www.trudi.com\/prodotto\/puppe-ginny\/"},"modified":"2026-03-05T14:42:09","modified_gmt":"2026-03-05T13:42:09","slug":"puppe-ginny","status":"publish","type":"product","link":"https:\/\/www.trudi.com\/de\/prodotto\/puppe-ginny\/","title":{"rendered":"Puppe Ginny"},"content":{"rendered":"<p>Die Trudi Dolls sind Traumprinzessinnen! Ihre Frisuren sind ein Spektakel: weiche Z\u00f6pfe, elegante Chignons und geflochtene Z\u00f6pfe voller Details. Und die R\u00f6cke? Ein Feuerwerk der Magie mit funkelndem Glitzer, gestickten Schleifen und Stoffen, die wie aus einem modernen M\u00e4rchen stammen.<\/p>\n<p>Jede Prinzessin hat ein trendiges Accessoire, das sie einzigartig macht und bereit f\u00fcr tausend Abenteuer zusammen mit den Kleinsten. Die Trudi Dolls sind bereit, mit Stil, Fantasie und viel Fr\u00f6hlichkeit zu verzaubern!<\/p>\n","protected":false},"excerpt":{"rendered":"<p>Die Trudi Dolls sind Traumprinzessinnen! Ihre Frisuren sind ein Spektakel: weiche Z\u00f6pfe, elegante Chignons und geflochtene Z\u00f6pfe voller Details. Und<\/p>\n","protected":false},"featured_media":278645,"template":"","meta":[],"product_cat":[364],"product_tag":[349],"acf":[],"yoast_head":"<!-- This site is optimized with the Yoast SEO plugin v21.9 - https:\/\/yoast.com\/wordpress\/plugins\/seo\/ -->\n<title>Puppe Ginny - Trudi<\/title>\n<meta name=\"description\" content=\"Jede Prinzessin hat ein trendiges Accessoire, das sie einzigartig macht und bereit f\u00fcr tausend Abenteuer zusammen mit den Kleinsten. Die Trudi Dolls sind bereit, mit Stil, Fantasie und viel Fr\u00f6hlichkeit zu verzaubern!\" \/>\n<meta name=\"robots\" content=\"index, follow, max-snippet:-1, max-image-preview:large, max-video-preview:-1\" \/>\n<link rel=\"canonical\" href=\"https:\/\/www.trudi.com\/de\/prodotto\/bambola-ginny\/\" \/>\n<meta property=\"og:locale\" content=\"de_DE\" \/>\n<meta property=\"og:type\" content=\"article\" \/>\n<meta property=\"og:title\" content=\"Puppe Ginny - Trudi\" \/>\n<meta property=\"og:description\" content=\"Jede Prinzessin hat ein trendiges Accessoire, das sie einzigartig macht und bereit f\u00fcr tausend Abenteuer zusammen mit den Kleinsten. Die Trudi Dolls sind bereit, mit Stil, Fantasie und viel Fr\u00f6hlichkeit zu verzaubern!\" \/>\n<meta property=\"og:url\" content=\"https:\/\/www.trudi.com\/prodotto\/bambola-ginny\/\" \/>\n<meta property=\"og:site_name\" content=\"Trudi\" \/>\n<meta property=\"og:image\" content=\"https:\/\/www.trudi.com\/wp-content\/uploads\/2026\/02\/64475_Ginny_A-scaled.jpg\" \/>\n\t<meta property=\"og:image:width\" content=\"1707\" \/>\n\t<meta property=\"og:image:height\" content=\"2560\" \/>\n\t<meta property=\"og:image:type\" content=\"image\/jpeg\" \/>\n<meta name=\"twitter:card\" content=\"summary_large_image\" \/>\n<script type=\"application\/ld+json\" class=\"yoast-schema-graph\">{\"@context\":\"https:\/\/schema.org\",\"@graph\":[{\"@type\":\"WebPage\",\"@id\":\"https:\/\/www.trudi.com\/prodotto\/bambola-ginny\/\",\"url\":\"https:\/\/www.trudi.com\/prodotto\/bambola-ginny\/\",\"name\":\"Puppe Ginny - Trudi\",\"isPartOf\":{\"@id\":\"https:\/\/www.trudi.com\/#website\"},\"datePublished\":\"2026-03-05T13:42:09+00:00\",\"dateModified\":\"2026-03-05T13:42:09+00:00\",\"description\":\"Jede Prinzessin hat ein trendiges Accessoire, das sie einzigartig macht und bereit f\u00fcr tausend Abenteuer zusammen mit den Kleinsten. Die Trudi Dolls sind bereit, mit Stil, Fantasie und viel Fr\u00f6hlichkeit zu verzaubern!\",\"breadcrumb\":{\"@id\":\"https:\/\/www.trudi.com\/prodotto\/bambola-ginny\/#breadcrumb\"},\"inLanguage\":\"de-DE\",\"potentialAction\":[{\"@type\":\"ReadAction\",\"target\":[\"https:\/\/www.trudi.com\/prodotto\/bambola-ginny\/\"]}]},{\"@type\":\"BreadcrumbList\",\"@id\":\"https:\/\/www.trudi.com\/prodotto\/bambola-ginny\/#breadcrumb\",\"itemListElement\":[{\"@type\":\"ListItem\",\"position\":1,\"name\":\"Shop\",\"item\":\"https:\/\/www.trudi.com\/negozio\/\"},{\"@type\":\"ListItem\",\"position\":2,\"name\":\"Puppe Ginny\"}]},{\"@type\":\"WebSite\",\"@id\":\"https:\/\/www.trudi.com\/#website\",\"url\":\"https:\/\/www.trudi.com\/\",\"name\":\"Trudi\",\"description\":\"Peluche e Giochi in Legno\",\"publisher\":{\"@id\":\"https:\/\/www.trudi.com\/#organization\"},\"potentialAction\":[{\"@type\":\"SearchAction\",\"target\":{\"@type\":\"EntryPoint\",\"urlTemplate\":\"https:\/\/www.trudi.com\/?s={search_term_string}\"},\"query-input\":\"required name=search_term_string\"}],\"inLanguage\":\"de-DE\"},{\"@type\":\"Organization\",\"@id\":\"https:\/\/www.trudi.com\/#organization\",\"name\":\"Trudi\",\"url\":\"https:\/\/www.trudi.com\/\",\"logo\":{\"@type\":\"ImageObject\",\"inLanguage\":\"de-DE\",\"@id\":\"https:\/\/www.trudi.com\/#\/schema\/logo\/image\/\",\"url\":\"https:\/\/www.trudi.com\/wp-content\/uploads\/2021\/05\/trudi-logo.svg\",\"contentUrl\":\"https:\/\/www.trudi.com\/wp-content\/uploads\/2021\/05\/trudi-logo.svg\",\"width\":50,\"height\":50,\"caption\":\"Trudi\"},\"image\":{\"@id\":\"https:\/\/www.trudi.com\/#\/schema\/logo\/image\/\"}}]}<\/script>\n<!-- \/ Yoast SEO plugin. -->","yoast_head_json":{"title":"Puppe Ginny - Trudi","description":"Jede Prinzessin hat ein trendiges Accessoire, das sie einzigartig macht und bereit f\u00fcr tausend Abenteuer zusammen mit den Kleinsten. Die Trudi Dolls sind bereit, mit Stil, Fantasie und viel Fr\u00f6hlichkeit zu verzaubern!","robots":{"index":"index","follow":"follow","max-snippet":"max-snippet:-1","max-image-preview":"max-image-preview:large","max-video-preview":"max-video-preview:-1"},"canonical":"https:\/\/www.trudi.com\/de\/prodotto\/bambola-ginny\/","og_locale":"de_DE","og_type":"article","og_title":"Puppe Ginny - Trudi","og_description":"Jede Prinzessin hat ein trendiges Accessoire, das sie einzigartig macht und bereit f\u00fcr tausend Abenteuer zusammen mit den Kleinsten. Die Trudi Dolls sind bereit, mit Stil, Fantasie und viel Fr\u00f6hlichkeit zu verzaubern!","og_url":"https:\/\/www.trudi.com\/prodotto\/bambola-ginny\/","og_site_name":"Trudi","og_image":[{"width":1707,"height":2560,"url":"https:\/\/www.trudi.com\/wp-content\/uploads\/2026\/02\/64475_Ginny_A-scaled.jpg","type":"image\/jpeg"}],"twitter_card":"summary_large_image","schema":{"@context":"https:\/\/schema.org","@graph":[{"@type":"WebPage","@id":"https:\/\/www.trudi.com\/prodotto\/bambola-ginny\/","url":"https:\/\/www.trudi.com\/prodotto\/bambola-ginny\/","name":"Puppe Ginny - Trudi","isPartOf":{"@id":"https:\/\/www.trudi.com\/#website"},"datePublished":"2026-03-05T13:42:09+00:00","dateModified":"2026-03-05T13:42:09+00:00","description":"Jede Prinzessin hat ein trendiges Accessoire, das sie einzigartig macht und bereit f\u00fcr tausend Abenteuer zusammen mit den Kleinsten. Die Trudi Dolls sind bereit, mit Stil, Fantasie und viel Fr\u00f6hlichkeit zu verzaubern!","breadcrumb":{"@id":"https:\/\/www.trudi.com\/prodotto\/bambola-ginny\/#breadcrumb"},"inLanguage":"de-DE","potentialAction":[{"@type":"ReadAction","target":["https:\/\/www.trudi.com\/prodotto\/bambola-ginny\/"]}]},{"@type":"BreadcrumbList","@id":"https:\/\/www.trudi.com\/prodotto\/bambola-ginny\/#breadcrumb","itemListElement":[{"@type":"ListItem","position":1,"name":"Shop","item":"https:\/\/www.trudi.com\/negozio\/"},{"@type":"ListItem","position":2,"name":"Puppe Ginny"}]},{"@type":"WebSite","@id":"https:\/\/www.trudi.com\/#website","url":"https:\/\/www.trudi.com\/","name":"Trudi","description":"Peluche e Giochi in Legno","publisher":{"@id":"https:\/\/www.trudi.com\/#organization"},"potentialAction":[{"@type":"SearchAction","target":{"@type":"EntryPoint","urlTemplate":"https:\/\/www.trudi.com\/?s={search_term_string}"},"query-input":"required name=search_term_string"}],"inLanguage":"de-DE"},{"@type":"Organization","@id":"https:\/\/www.trudi.com\/#organization","name":"Trudi","url":"https:\/\/www.trudi.com\/","logo":{"@type":"ImageObject","inLanguage":"de-DE","@id":"https:\/\/www.trudi.com\/#\/schema\/logo\/image\/","url":"https:\/\/www.trudi.com\/wp-content\/uploads\/2021\/05\/trudi-logo.svg","contentUrl":"https:\/\/www.trudi.com\/wp-content\/uploads\/2021\/05\/trudi-logo.svg","width":50,"height":50,"caption":"Trudi"},"image":{"@id":"https:\/\/www.trudi.com\/#\/schema\/logo\/image\/"}}]}},"_links":{"self":[{"href":"https:\/\/www.trudi.com\/de\/wp-json\/wp\/v2\/product\/278507"}],"collection":[{"href":"https:\/\/www.trudi.com\/de\/wp-json\/wp\/v2\/product"}],"about":[{"href":"https:\/\/www.trudi.com\/de\/wp-json\/wp\/v2\/types\/product"}],"wp:featuredmedia":[{"embeddable":true,"href":"https:\/\/www.trudi.com\/de\/wp-json\/wp\/v2\/media\/278645"}],"wp:attachment":[{"href":"https:\/\/www.trudi.com\/de\/wp-json\/wp\/v2\/media?parent=278507"}],"wp:term":[{"taxonomy":"product_cat","embeddable":true,"href":"https:\/\/www.trudi.com\/de\/wp-json\/wp\/v2\/product_cat?post=278507"},{"taxonomy":"product_tag","embeddable":true,"href":"https:\/\/www.trudi.com\/de\/wp-json\/wp\/v2\/product_tag?post=278507"}],"curies":[{"name":"wp","href":"https:\/\/api.w.org\/{rel}","templated":true}]}}