
{"id":278498,"date":"2026-03-05T14:32:50","date_gmt":"2026-03-05T13:32:50","guid":{"rendered":"https:\/\/www.trudi.com\/prodotto\/orangefarbener-drache-schluesselanhaenger\/"},"modified":"2026-03-05T14:32:50","modified_gmt":"2026-03-05T13:32:50","slug":"orangefarbener-drache-schluesselanhaenger","status":"publish","type":"product","link":"https:\/\/www.trudi.com\/de\/prodotto\/orangefarbener-drache-schluesselanhaenger\/","title":{"rendered":"Orangefarbener Drache Schl\u00fcsselanh\u00e4nger"},"content":{"rendered":"<p>Die neue Trudi Fun-Kollektion ist eine Explosion der Fantasie: superfarbenfroh, lebhaft und voller Energie! Die klassischen Pop-Motive werden modern und unwiderstehlich, perfekt, um die Kleinen bei jedem Abenteuer zu begleiten.<\/p>\n<p>Entdecken Sie den sympathischen orangefarbenen Drachen, die s\u00fc\u00dfe blaue Maus und das niedliche rosa Kaninchen, erh\u00e4ltlich als Schl\u00fcsselanh\u00e4nger in den Gr\u00f6\u00dfen XXS, XS und S. Weich, lustig und wirklich poppig \u2013 die neuen Trudi Fun sind bereit, \u00fcberall ein L\u00e4cheln zu verbreiten! M\u00f6chten Sie Ihre Sammlung beginnen?<\/p>\n","protected":false},"excerpt":{"rendered":"<p>Die neue Trudi Fun-Kollektion ist eine Explosion der Fantasie: superfarbenfroh, lebhaft und voller Energie! Die klassischen Pop-Motive werden modern und<\/p>\n","protected":false},"featured_media":279797,"template":"","meta":[],"product_cat":[890,881,790],"product_tag":[349],"acf":[],"yoast_head":"<!-- This site is optimized with the Yoast SEO plugin v21.9 - https:\/\/yoast.com\/wordpress\/plugins\/seo\/ -->\n<title>Orangefarbener Drache Schl\u00fcsselanh\u00e4nger - Trudi<\/title>\n<meta name=\"description\" content=\"Weich, lustig und wirklich poppig \u2013 die neuen Trudi Fun sind bereit, \u00fcberall ein L\u00e4cheln zu verbreiten! M\u00f6chten Sie Ihre Sammlung beginnen?\" \/>\n<meta name=\"robots\" content=\"index, follow, max-snippet:-1, max-image-preview:large, max-video-preview:-1\" \/>\n<link rel=\"canonical\" href=\"https:\/\/www.trudi.com\/de\/prodotto\/drago-arancio-portachiavi\/\" \/>\n<meta property=\"og:locale\" content=\"de_DE\" \/>\n<meta property=\"og:type\" content=\"article\" \/>\n<meta property=\"og:title\" content=\"Orangefarbener Drache Schl\u00fcsselanh\u00e4nger - Trudi\" \/>\n<meta property=\"og:description\" content=\"Weich, lustig und wirklich poppig \u2013 die neuen Trudi Fun sind bereit, \u00fcberall ein L\u00e4cheln zu verbreiten! M\u00f6chten Sie Ihre Sammlung beginnen?\" \/>\n<meta property=\"og:url\" content=\"https:\/\/www.trudi.com\/prodotto\/drago-arancio-portachiavi\/\" \/>\n<meta property=\"og:site_name\" content=\"Trudi\" \/>\n<meta property=\"og:image\" content=\"https:\/\/www.trudi.com\/wp-content\/uploads\/2026\/03\/51400_A.jpg\" \/>\n\t<meta property=\"og:image:width\" content=\"960\" \/>\n\t<meta property=\"og:image:height\" content=\"1006\" \/>\n\t<meta property=\"og:image:type\" content=\"image\/jpeg\" \/>\n<meta name=\"twitter:card\" content=\"summary_large_image\" \/>\n<script type=\"application\/ld+json\" class=\"yoast-schema-graph\">{\"@context\":\"https:\/\/schema.org\",\"@graph\":[{\"@type\":\"WebPage\",\"@id\":\"https:\/\/www.trudi.com\/prodotto\/drago-arancio-portachiavi\/\",\"url\":\"https:\/\/www.trudi.com\/prodotto\/drago-arancio-portachiavi\/\",\"name\":\"Orangefarbener Drache Schl\u00fcsselanh\u00e4nger - Trudi\",\"isPartOf\":{\"@id\":\"https:\/\/www.trudi.com\/#website\"},\"datePublished\":\"2026-03-05T13:32:50+00:00\",\"dateModified\":\"2026-03-05T13:32:50+00:00\",\"description\":\"Weich, lustig und wirklich poppig \u2013 die neuen Trudi Fun sind bereit, \u00fcberall ein L\u00e4cheln zu verbreiten! M\u00f6chten Sie Ihre Sammlung beginnen?\",\"breadcrumb\":{\"@id\":\"https:\/\/www.trudi.com\/prodotto\/drago-arancio-portachiavi\/#breadcrumb\"},\"inLanguage\":\"de-DE\",\"potentialAction\":[{\"@type\":\"ReadAction\",\"target\":[\"https:\/\/www.trudi.com\/prodotto\/drago-arancio-portachiavi\/\"]}]},{\"@type\":\"BreadcrumbList\",\"@id\":\"https:\/\/www.trudi.com\/prodotto\/drago-arancio-portachiavi\/#breadcrumb\",\"itemListElement\":[{\"@type\":\"ListItem\",\"position\":1,\"name\":\"Shop\",\"item\":\"https:\/\/www.trudi.com\/negozio\/\"},{\"@type\":\"ListItem\",\"position\":2,\"name\":\"Orangefarbener Drache Schl\u00fcsselanh\u00e4nger\"}]},{\"@type\":\"WebSite\",\"@id\":\"https:\/\/www.trudi.com\/#website\",\"url\":\"https:\/\/www.trudi.com\/\",\"name\":\"Trudi\",\"description\":\"Peluche e Giochi in Legno\",\"publisher\":{\"@id\":\"https:\/\/www.trudi.com\/#organization\"},\"potentialAction\":[{\"@type\":\"SearchAction\",\"target\":{\"@type\":\"EntryPoint\",\"urlTemplate\":\"https:\/\/www.trudi.com\/?s={search_term_string}\"},\"query-input\":\"required name=search_term_string\"}],\"inLanguage\":\"de-DE\"},{\"@type\":\"Organization\",\"@id\":\"https:\/\/www.trudi.com\/#organization\",\"name\":\"Trudi\",\"url\":\"https:\/\/www.trudi.com\/\",\"logo\":{\"@type\":\"ImageObject\",\"inLanguage\":\"de-DE\",\"@id\":\"https:\/\/www.trudi.com\/#\/schema\/logo\/image\/\",\"url\":\"https:\/\/www.trudi.com\/wp-content\/uploads\/2021\/05\/trudi-logo.svg\",\"contentUrl\":\"https:\/\/www.trudi.com\/wp-content\/uploads\/2021\/05\/trudi-logo.svg\",\"width\":50,\"height\":50,\"caption\":\"Trudi\"},\"image\":{\"@id\":\"https:\/\/www.trudi.com\/#\/schema\/logo\/image\/\"}}]}<\/script>\n<!-- \/ Yoast SEO plugin. -->","yoast_head_json":{"title":"Orangefarbener Drache Schl\u00fcsselanh\u00e4nger - Trudi","description":"Weich, lustig und wirklich poppig \u2013 die neuen Trudi Fun sind bereit, \u00fcberall ein L\u00e4cheln zu verbreiten! M\u00f6chten Sie Ihre Sammlung beginnen?","robots":{"index":"index","follow":"follow","max-snippet":"max-snippet:-1","max-image-preview":"max-image-preview:large","max-video-preview":"max-video-preview:-1"},"canonical":"https:\/\/www.trudi.com\/de\/prodotto\/drago-arancio-portachiavi\/","og_locale":"de_DE","og_type":"article","og_title":"Orangefarbener Drache Schl\u00fcsselanh\u00e4nger - Trudi","og_description":"Weich, lustig und wirklich poppig \u2013 die neuen Trudi Fun sind bereit, \u00fcberall ein L\u00e4cheln zu verbreiten! M\u00f6chten Sie Ihre Sammlung beginnen?","og_url":"https:\/\/www.trudi.com\/prodotto\/drago-arancio-portachiavi\/","og_site_name":"Trudi","og_image":[{"width":960,"height":1006,"url":"https:\/\/www.trudi.com\/wp-content\/uploads\/2026\/03\/51400_A.jpg","type":"image\/jpeg"}],"twitter_card":"summary_large_image","schema":{"@context":"https:\/\/schema.org","@graph":[{"@type":"WebPage","@id":"https:\/\/www.trudi.com\/prodotto\/drago-arancio-portachiavi\/","url":"https:\/\/www.trudi.com\/prodotto\/drago-arancio-portachiavi\/","name":"Orangefarbener Drache Schl\u00fcsselanh\u00e4nger - Trudi","isPartOf":{"@id":"https:\/\/www.trudi.com\/#website"},"datePublished":"2026-03-05T13:32:50+00:00","dateModified":"2026-03-05T13:32:50+00:00","description":"Weich, lustig und wirklich poppig \u2013 die neuen Trudi Fun sind bereit, \u00fcberall ein L\u00e4cheln zu verbreiten! M\u00f6chten Sie Ihre Sammlung beginnen?","breadcrumb":{"@id":"https:\/\/www.trudi.com\/prodotto\/drago-arancio-portachiavi\/#breadcrumb"},"inLanguage":"de-DE","potentialAction":[{"@type":"ReadAction","target":["https:\/\/www.trudi.com\/prodotto\/drago-arancio-portachiavi\/"]}]},{"@type":"BreadcrumbList","@id":"https:\/\/www.trudi.com\/prodotto\/drago-arancio-portachiavi\/#breadcrumb","itemListElement":[{"@type":"ListItem","position":1,"name":"Shop","item":"https:\/\/www.trudi.com\/negozio\/"},{"@type":"ListItem","position":2,"name":"Orangefarbener Drache Schl\u00fcsselanh\u00e4nger"}]},{"@type":"WebSite","@id":"https:\/\/www.trudi.com\/#website","url":"https:\/\/www.trudi.com\/","name":"Trudi","description":"Peluche e Giochi in Legno","publisher":{"@id":"https:\/\/www.trudi.com\/#organization"},"potentialAction":[{"@type":"SearchAction","target":{"@type":"EntryPoint","urlTemplate":"https:\/\/www.trudi.com\/?s={search_term_string}"},"query-input":"required name=search_term_string"}],"inLanguage":"de-DE"},{"@type":"Organization","@id":"https:\/\/www.trudi.com\/#organization","name":"Trudi","url":"https:\/\/www.trudi.com\/","logo":{"@type":"ImageObject","inLanguage":"de-DE","@id":"https:\/\/www.trudi.com\/#\/schema\/logo\/image\/","url":"https:\/\/www.trudi.com\/wp-content\/uploads\/2021\/05\/trudi-logo.svg","contentUrl":"https:\/\/www.trudi.com\/wp-content\/uploads\/2021\/05\/trudi-logo.svg","width":50,"height":50,"caption":"Trudi"},"image":{"@id":"https:\/\/www.trudi.com\/#\/schema\/logo\/image\/"}}]}},"_links":{"self":[{"href":"https:\/\/www.trudi.com\/de\/wp-json\/wp\/v2\/product\/278498"}],"collection":[{"href":"https:\/\/www.trudi.com\/de\/wp-json\/wp\/v2\/product"}],"about":[{"href":"https:\/\/www.trudi.com\/de\/wp-json\/wp\/v2\/types\/product"}],"wp:featuredmedia":[{"embeddable":true,"href":"https:\/\/www.trudi.com\/de\/wp-json\/wp\/v2\/media\/279797"}],"wp:attachment":[{"href":"https:\/\/www.trudi.com\/de\/wp-json\/wp\/v2\/media?parent=278498"}],"wp:term":[{"taxonomy":"product_cat","embeddable":true,"href":"https:\/\/www.trudi.com\/de\/wp-json\/wp\/v2\/product_cat?post=278498"},{"taxonomy":"product_tag","embeddable":true,"href":"https:\/\/www.trudi.com\/de\/wp-json\/wp\/v2\/product_tag?post=278498"}],"curies":[{"name":"wp","href":"https:\/\/api.w.org\/{rel}","templated":true}]}}