
{"id":277859,"date":"2026-02-24T12:03:11","date_gmt":"2026-02-24T11:03:11","guid":{"rendered":"https:\/\/www.trudi.com\/prodotto\/tintenfisch\/"},"modified":"2026-02-24T12:03:11","modified_gmt":"2026-02-24T11:03:11","slug":"tintenfisch","status":"publish","type":"product","link":"https:\/\/www.trudi.com\/de\/prodotto\/tintenfisch\/","title":{"rendered":"Tintenfisch"},"content":{"rendered":"<p>Die Trudi Sealife-Kollektion stellt dank der Einf\u00fchrung lebhafter Farben und der Suche nach innovativen Materialien, die jedem St\u00fcck einen einzigartigen Charakter verleihen, eine deutliche Weiterentwicklung gegen\u00fcber den \u00fcblichen Trudi-Kreationen dar. Aus dem sorgf\u00e4ltigen Experimentieren mit neuen Designs entstehen Tiere, die die Wunder der Meeresfauna originalgetreu nachbilden. Die Trudi Sealife-Kollektion vermittelt Wissen und f\u00f6rdert ein gr\u00f6\u00dferes Bewusstsein und Respekt f\u00fcr das marine \u00d6kosystem.<\/p>\n<p>Zu den neuen Entdeckungen geh\u00f6ren die s\u00fc\u00dfe Lederschildkr\u00f6te, der sympathische Tintenfisch und die lustigen Austern, die in zwei leuchtenden Farben erh\u00e4ltlich sind. Jede Figur wurde mit Sorgfalt entworfen, um den Kleinsten ein Eintauchen in die Fantasie zu erm\u00f6glichen.<\/p>\n","protected":false},"excerpt":{"rendered":"<p>Die Trudi Sealife-Kollektion stellt dank der Einf\u00fchrung lebhafter Farben und der Suche nach innovativen Materialien, die jedem St\u00fcck einen einzigartigen<\/p>\n","protected":false},"featured_media":277577,"template":"","meta":[],"product_cat":[407,848,848],"product_tag":[349,349],"acf":[],"yoast_head":"<!-- This site is optimized with the Yoast SEO plugin v21.9 - https:\/\/yoast.com\/wordpress\/plugins\/seo\/ -->\n<title>Tintenfisch - Trudi<\/title>\n<meta name=\"description\" content=\"Zu den neuen Entdeckungen geh\u00f6ren die s\u00fc\u00dfe Lederschildkr\u00f6te, der sympathische Tintenfisch und die lustigen Austern, die in zwei leuchtenden Farben erh\u00e4ltlich sind. Jede Figur wurde mit Sorgfalt entworfen, um den Kleinsten ein Eintauchen in die Fantasie zu erm\u00f6glichen.\" \/>\n<meta name=\"robots\" content=\"index, follow, max-snippet:-1, max-image-preview:large, max-video-preview:-1\" \/>\n<link rel=\"canonical\" href=\"https:\/\/www.trudi.com\/de\/prodotto\/calamaro\/\" \/>\n<meta property=\"og:locale\" content=\"de_DE\" \/>\n<meta property=\"og:type\" content=\"article\" \/>\n<meta property=\"og:title\" content=\"Tintenfisch - Trudi\" \/>\n<meta property=\"og:description\" content=\"Zu den neuen Entdeckungen geh\u00f6ren die s\u00fc\u00dfe Lederschildkr\u00f6te, der sympathische Tintenfisch und die lustigen Austern, die in zwei leuchtenden Farben erh\u00e4ltlich sind. Jede Figur wurde mit Sorgfalt entworfen, um den Kleinsten ein Eintauchen in die Fantasie zu erm\u00f6glichen.\" \/>\n<meta property=\"og:url\" content=\"https:\/\/www.trudi.com\/prodotto\/calamaro\/\" \/>\n<meta property=\"og:site_name\" content=\"Trudi\" \/>\n<meta property=\"og:image\" content=\"https:\/\/www.trudi.com\/wp-content\/uploads\/2026\/02\/26804_A.jpg\" \/>\n\t<meta property=\"og:image:width\" content=\"960\" \/>\n\t<meta property=\"og:image:height\" content=\"640\" \/>\n\t<meta property=\"og:image:type\" content=\"image\/jpeg\" \/>\n<meta name=\"twitter:card\" content=\"summary_large_image\" \/>\n<meta name=\"twitter:label1\" content=\"Gesch\u00e4tzte Lesezeit\" \/>\n\t<meta name=\"twitter:data1\" content=\"1 Minute\" \/>\n<script type=\"application\/ld+json\" class=\"yoast-schema-graph\">{\"@context\":\"https:\/\/schema.org\",\"@graph\":[{\"@type\":\"WebPage\",\"@id\":\"https:\/\/www.trudi.com\/prodotto\/calamaro\/\",\"url\":\"https:\/\/www.trudi.com\/prodotto\/calamaro\/\",\"name\":\"Tintenfisch - Trudi\",\"isPartOf\":{\"@id\":\"https:\/\/www.trudi.com\/#website\"},\"datePublished\":\"2026-02-24T11:03:11+00:00\",\"dateModified\":\"2026-02-24T11:03:11+00:00\",\"description\":\"Zu den neuen Entdeckungen geh\u00f6ren die s\u00fc\u00dfe Lederschildkr\u00f6te, der sympathische Tintenfisch und die lustigen Austern, die in zwei leuchtenden Farben erh\u00e4ltlich sind. Jede Figur wurde mit Sorgfalt entworfen, um den Kleinsten ein Eintauchen in die Fantasie zu erm\u00f6glichen.\",\"breadcrumb\":{\"@id\":\"https:\/\/www.trudi.com\/prodotto\/calamaro\/#breadcrumb\"},\"inLanguage\":\"de-DE\",\"potentialAction\":[{\"@type\":\"ReadAction\",\"target\":[\"https:\/\/www.trudi.com\/prodotto\/calamaro\/\"]}]},{\"@type\":\"BreadcrumbList\",\"@id\":\"https:\/\/www.trudi.com\/prodotto\/calamaro\/#breadcrumb\",\"itemListElement\":[{\"@type\":\"ListItem\",\"position\":1,\"name\":\"Shop\",\"item\":\"https:\/\/www.trudi.com\/negozio\/\"},{\"@type\":\"ListItem\",\"position\":2,\"name\":\"Tintenfisch\"}]},{\"@type\":\"WebSite\",\"@id\":\"https:\/\/www.trudi.com\/#website\",\"url\":\"https:\/\/www.trudi.com\/\",\"name\":\"Trudi\",\"description\":\"Peluche e Giochi in Legno\",\"publisher\":{\"@id\":\"https:\/\/www.trudi.com\/#organization\"},\"potentialAction\":[{\"@type\":\"SearchAction\",\"target\":{\"@type\":\"EntryPoint\",\"urlTemplate\":\"https:\/\/www.trudi.com\/?s={search_term_string}\"},\"query-input\":\"required name=search_term_string\"}],\"inLanguage\":\"de-DE\"},{\"@type\":\"Organization\",\"@id\":\"https:\/\/www.trudi.com\/#organization\",\"name\":\"Trudi\",\"url\":\"https:\/\/www.trudi.com\/\",\"logo\":{\"@type\":\"ImageObject\",\"inLanguage\":\"de-DE\",\"@id\":\"https:\/\/www.trudi.com\/#\/schema\/logo\/image\/\",\"url\":\"https:\/\/www.trudi.com\/wp-content\/uploads\/2021\/05\/trudi-logo.svg\",\"contentUrl\":\"https:\/\/www.trudi.com\/wp-content\/uploads\/2021\/05\/trudi-logo.svg\",\"width\":50,\"height\":50,\"caption\":\"Trudi\"},\"image\":{\"@id\":\"https:\/\/www.trudi.com\/#\/schema\/logo\/image\/\"}}]}<\/script>\n<!-- \/ Yoast SEO plugin. -->","yoast_head_json":{"title":"Tintenfisch - Trudi","description":"Zu den neuen Entdeckungen geh\u00f6ren die s\u00fc\u00dfe Lederschildkr\u00f6te, der sympathische Tintenfisch und die lustigen Austern, die in zwei leuchtenden Farben erh\u00e4ltlich sind. Jede Figur wurde mit Sorgfalt entworfen, um den Kleinsten ein Eintauchen in die Fantasie zu erm\u00f6glichen.","robots":{"index":"index","follow":"follow","max-snippet":"max-snippet:-1","max-image-preview":"max-image-preview:large","max-video-preview":"max-video-preview:-1"},"canonical":"https:\/\/www.trudi.com\/de\/prodotto\/calamaro\/","og_locale":"de_DE","og_type":"article","og_title":"Tintenfisch - Trudi","og_description":"Zu den neuen Entdeckungen geh\u00f6ren die s\u00fc\u00dfe Lederschildkr\u00f6te, der sympathische Tintenfisch und die lustigen Austern, die in zwei leuchtenden Farben erh\u00e4ltlich sind. Jede Figur wurde mit Sorgfalt entworfen, um den Kleinsten ein Eintauchen in die Fantasie zu erm\u00f6glichen.","og_url":"https:\/\/www.trudi.com\/prodotto\/calamaro\/","og_site_name":"Trudi","og_image":[{"width":960,"height":640,"url":"https:\/\/www.trudi.com\/wp-content\/uploads\/2026\/02\/26804_A.jpg","type":"image\/jpeg"}],"twitter_card":"summary_large_image","twitter_misc":{"Gesch\u00e4tzte Lesezeit":"1 Minute"},"schema":{"@context":"https:\/\/schema.org","@graph":[{"@type":"WebPage","@id":"https:\/\/www.trudi.com\/prodotto\/calamaro\/","url":"https:\/\/www.trudi.com\/prodotto\/calamaro\/","name":"Tintenfisch - Trudi","isPartOf":{"@id":"https:\/\/www.trudi.com\/#website"},"datePublished":"2026-02-24T11:03:11+00:00","dateModified":"2026-02-24T11:03:11+00:00","description":"Zu den neuen Entdeckungen geh\u00f6ren die s\u00fc\u00dfe Lederschildkr\u00f6te, der sympathische Tintenfisch und die lustigen Austern, die in zwei leuchtenden Farben erh\u00e4ltlich sind. Jede Figur wurde mit Sorgfalt entworfen, um den Kleinsten ein Eintauchen in die Fantasie zu erm\u00f6glichen.","breadcrumb":{"@id":"https:\/\/www.trudi.com\/prodotto\/calamaro\/#breadcrumb"},"inLanguage":"de-DE","potentialAction":[{"@type":"ReadAction","target":["https:\/\/www.trudi.com\/prodotto\/calamaro\/"]}]},{"@type":"BreadcrumbList","@id":"https:\/\/www.trudi.com\/prodotto\/calamaro\/#breadcrumb","itemListElement":[{"@type":"ListItem","position":1,"name":"Shop","item":"https:\/\/www.trudi.com\/negozio\/"},{"@type":"ListItem","position":2,"name":"Tintenfisch"}]},{"@type":"WebSite","@id":"https:\/\/www.trudi.com\/#website","url":"https:\/\/www.trudi.com\/","name":"Trudi","description":"Peluche e Giochi in Legno","publisher":{"@id":"https:\/\/www.trudi.com\/#organization"},"potentialAction":[{"@type":"SearchAction","target":{"@type":"EntryPoint","urlTemplate":"https:\/\/www.trudi.com\/?s={search_term_string}"},"query-input":"required name=search_term_string"}],"inLanguage":"de-DE"},{"@type":"Organization","@id":"https:\/\/www.trudi.com\/#organization","name":"Trudi","url":"https:\/\/www.trudi.com\/","logo":{"@type":"ImageObject","inLanguage":"de-DE","@id":"https:\/\/www.trudi.com\/#\/schema\/logo\/image\/","url":"https:\/\/www.trudi.com\/wp-content\/uploads\/2021\/05\/trudi-logo.svg","contentUrl":"https:\/\/www.trudi.com\/wp-content\/uploads\/2021\/05\/trudi-logo.svg","width":50,"height":50,"caption":"Trudi"},"image":{"@id":"https:\/\/www.trudi.com\/#\/schema\/logo\/image\/"}}]}},"_links":{"self":[{"href":"https:\/\/www.trudi.com\/de\/wp-json\/wp\/v2\/product\/277859"}],"collection":[{"href":"https:\/\/www.trudi.com\/de\/wp-json\/wp\/v2\/product"}],"about":[{"href":"https:\/\/www.trudi.com\/de\/wp-json\/wp\/v2\/types\/product"}],"wp:featuredmedia":[{"embeddable":true,"href":"https:\/\/www.trudi.com\/de\/wp-json\/wp\/v2\/media\/277577"}],"wp:attachment":[{"href":"https:\/\/www.trudi.com\/de\/wp-json\/wp\/v2\/media?parent=277859"}],"wp:term":[{"taxonomy":"product_cat","embeddable":true,"href":"https:\/\/www.trudi.com\/de\/wp-json\/wp\/v2\/product_cat?post=277859"},{"taxonomy":"product_tag","embeddable":true,"href":"https:\/\/www.trudi.com\/de\/wp-json\/wp\/v2\/product_tag?post=277859"}],"curies":[{"name":"wp","href":"https:\/\/api.w.org\/{rel}","templated":true}]}}