
{"id":277857,"date":"2026-02-24T11:58:03","date_gmt":"2026-02-24T10:58:03","guid":{"rendered":"https:\/\/www.trudi.com\/prodotto\/sweet-delfin\/"},"modified":"2026-02-24T11:58:03","modified_gmt":"2026-02-24T10:58:03","slug":"sweet-delfin","status":"publish","type":"product","link":"https:\/\/www.trudi.com\/de\/prodotto\/sweet-delfin\/","title":{"rendered":"Sweet Delfin"},"content":{"rendered":"<p>Die Sweet Collection von Trudi ist eine Welt voller weicher \u00dcberraschungen, die man immer dabei haben kann! Zahlreiche Mini-Pl\u00fcschtiere, die zu entz\u00fcckenden Sammler-Schl\u00fcsselanh\u00e4ngern geworden sind. Die Familie bekommt unwiderstehlichen Zuwachs: die lustige Henne, der s\u00fc\u00dfe Delphin und der sympathische gefleckte Fisch, die alle bereit sind, ein L\u00e4cheln im Taschenformat zu verschenken.<\/p>\n<p>Farbenfroh, niedlich und superlustig \u2013 die Figuren der Sweet Collection von Trudi sind kleine Begleiter zum Sammeln &#8230; und zum sofort Verlieben!<\/p>\n","protected":false},"excerpt":{"rendered":"<p>Die Sweet Collection von Trudi ist eine Welt voller weicher \u00dcberraschungen, die man immer dabei haben kann! Zahlreiche Mini-Pl\u00fcschtiere, die<\/p>\n","protected":false},"featured_media":277733,"template":"","meta":[],"product_cat":[407,407,385],"product_tag":[349,349],"acf":[],"yoast_head":"<!-- This site is optimized with the Yoast SEO plugin v21.9 - https:\/\/yoast.com\/wordpress\/plugins\/seo\/ -->\n<title>Sweet Delfin - Trudi<\/title>\n<meta name=\"description\" content=\"Farbenfroh, niedlich und superlustig \u2013 die Figuren der Sweet Collection von Trudi sind kleine Begleiter zum Sammeln ... und zum sofort Verlieben!\" \/>\n<meta name=\"robots\" content=\"index, follow, max-snippet:-1, max-image-preview:large, max-video-preview:-1\" \/>\n<link rel=\"canonical\" href=\"https:\/\/www.trudi.com\/de\/prodotto\/sweet-delfino\/\" \/>\n<meta property=\"og:locale\" content=\"de_DE\" \/>\n<meta property=\"og:type\" content=\"article\" \/>\n<meta property=\"og:title\" content=\"Sweet Delfin - Trudi\" \/>\n<meta property=\"og:description\" content=\"Farbenfroh, niedlich und superlustig \u2013 die Figuren der Sweet Collection von Trudi sind kleine Begleiter zum Sammeln ... und zum sofort Verlieben!\" \/>\n<meta property=\"og:url\" content=\"https:\/\/www.trudi.com\/prodotto\/sweet-delfino\/\" \/>\n<meta property=\"og:site_name\" content=\"Trudi\" \/>\n<meta property=\"og:image\" content=\"https:\/\/www.trudi.com\/wp-content\/uploads\/2026\/02\/51390_A-scaled.jpg\" \/>\n\t<meta property=\"og:image:width\" content=\"2560\" \/>\n\t<meta property=\"og:image:height\" content=\"1707\" \/>\n\t<meta property=\"og:image:type\" content=\"image\/jpeg\" \/>\n<meta name=\"twitter:card\" content=\"summary_large_image\" \/>\n<script type=\"application\/ld+json\" class=\"yoast-schema-graph\">{\"@context\":\"https:\/\/schema.org\",\"@graph\":[{\"@type\":\"WebPage\",\"@id\":\"https:\/\/www.trudi.com\/prodotto\/sweet-delfino\/\",\"url\":\"https:\/\/www.trudi.com\/prodotto\/sweet-delfino\/\",\"name\":\"Sweet Delfin - Trudi\",\"isPartOf\":{\"@id\":\"https:\/\/www.trudi.com\/#website\"},\"datePublished\":\"2026-02-24T10:58:03+00:00\",\"dateModified\":\"2026-02-24T10:58:03+00:00\",\"description\":\"Farbenfroh, niedlich und superlustig \u2013 die Figuren der Sweet Collection von Trudi sind kleine Begleiter zum Sammeln ... und zum sofort Verlieben!\",\"breadcrumb\":{\"@id\":\"https:\/\/www.trudi.com\/prodotto\/sweet-delfino\/#breadcrumb\"},\"inLanguage\":\"de-DE\",\"potentialAction\":[{\"@type\":\"ReadAction\",\"target\":[\"https:\/\/www.trudi.com\/prodotto\/sweet-delfino\/\"]}]},{\"@type\":\"BreadcrumbList\",\"@id\":\"https:\/\/www.trudi.com\/prodotto\/sweet-delfino\/#breadcrumb\",\"itemListElement\":[{\"@type\":\"ListItem\",\"position\":1,\"name\":\"Shop\",\"item\":\"https:\/\/www.trudi.com\/negozio\/\"},{\"@type\":\"ListItem\",\"position\":2,\"name\":\"Sweet Delfin\"}]},{\"@type\":\"WebSite\",\"@id\":\"https:\/\/www.trudi.com\/#website\",\"url\":\"https:\/\/www.trudi.com\/\",\"name\":\"Trudi\",\"description\":\"Peluche e Giochi in Legno\",\"publisher\":{\"@id\":\"https:\/\/www.trudi.com\/#organization\"},\"potentialAction\":[{\"@type\":\"SearchAction\",\"target\":{\"@type\":\"EntryPoint\",\"urlTemplate\":\"https:\/\/www.trudi.com\/?s={search_term_string}\"},\"query-input\":\"required name=search_term_string\"}],\"inLanguage\":\"de-DE\"},{\"@type\":\"Organization\",\"@id\":\"https:\/\/www.trudi.com\/#organization\",\"name\":\"Trudi\",\"url\":\"https:\/\/www.trudi.com\/\",\"logo\":{\"@type\":\"ImageObject\",\"inLanguage\":\"de-DE\",\"@id\":\"https:\/\/www.trudi.com\/#\/schema\/logo\/image\/\",\"url\":\"https:\/\/www.trudi.com\/wp-content\/uploads\/2021\/05\/trudi-logo.svg\",\"contentUrl\":\"https:\/\/www.trudi.com\/wp-content\/uploads\/2021\/05\/trudi-logo.svg\",\"width\":50,\"height\":50,\"caption\":\"Trudi\"},\"image\":{\"@id\":\"https:\/\/www.trudi.com\/#\/schema\/logo\/image\/\"}}]}<\/script>\n<!-- \/ Yoast SEO plugin. -->","yoast_head_json":{"title":"Sweet Delfin - Trudi","description":"Farbenfroh, niedlich und superlustig \u2013 die Figuren der Sweet Collection von Trudi sind kleine Begleiter zum Sammeln ... und zum sofort Verlieben!","robots":{"index":"index","follow":"follow","max-snippet":"max-snippet:-1","max-image-preview":"max-image-preview:large","max-video-preview":"max-video-preview:-1"},"canonical":"https:\/\/www.trudi.com\/de\/prodotto\/sweet-delfino\/","og_locale":"de_DE","og_type":"article","og_title":"Sweet Delfin - Trudi","og_description":"Farbenfroh, niedlich und superlustig \u2013 die Figuren der Sweet Collection von Trudi sind kleine Begleiter zum Sammeln ... und zum sofort Verlieben!","og_url":"https:\/\/www.trudi.com\/prodotto\/sweet-delfino\/","og_site_name":"Trudi","og_image":[{"width":2560,"height":1707,"url":"https:\/\/www.trudi.com\/wp-content\/uploads\/2026\/02\/51390_A-scaled.jpg","type":"image\/jpeg"}],"twitter_card":"summary_large_image","schema":{"@context":"https:\/\/schema.org","@graph":[{"@type":"WebPage","@id":"https:\/\/www.trudi.com\/prodotto\/sweet-delfino\/","url":"https:\/\/www.trudi.com\/prodotto\/sweet-delfino\/","name":"Sweet Delfin - Trudi","isPartOf":{"@id":"https:\/\/www.trudi.com\/#website"},"datePublished":"2026-02-24T10:58:03+00:00","dateModified":"2026-02-24T10:58:03+00:00","description":"Farbenfroh, niedlich und superlustig \u2013 die Figuren der Sweet Collection von Trudi sind kleine Begleiter zum Sammeln ... und zum sofort Verlieben!","breadcrumb":{"@id":"https:\/\/www.trudi.com\/prodotto\/sweet-delfino\/#breadcrumb"},"inLanguage":"de-DE","potentialAction":[{"@type":"ReadAction","target":["https:\/\/www.trudi.com\/prodotto\/sweet-delfino\/"]}]},{"@type":"BreadcrumbList","@id":"https:\/\/www.trudi.com\/prodotto\/sweet-delfino\/#breadcrumb","itemListElement":[{"@type":"ListItem","position":1,"name":"Shop","item":"https:\/\/www.trudi.com\/negozio\/"},{"@type":"ListItem","position":2,"name":"Sweet Delfin"}]},{"@type":"WebSite","@id":"https:\/\/www.trudi.com\/#website","url":"https:\/\/www.trudi.com\/","name":"Trudi","description":"Peluche e Giochi in Legno","publisher":{"@id":"https:\/\/www.trudi.com\/#organization"},"potentialAction":[{"@type":"SearchAction","target":{"@type":"EntryPoint","urlTemplate":"https:\/\/www.trudi.com\/?s={search_term_string}"},"query-input":"required name=search_term_string"}],"inLanguage":"de-DE"},{"@type":"Organization","@id":"https:\/\/www.trudi.com\/#organization","name":"Trudi","url":"https:\/\/www.trudi.com\/","logo":{"@type":"ImageObject","inLanguage":"de-DE","@id":"https:\/\/www.trudi.com\/#\/schema\/logo\/image\/","url":"https:\/\/www.trudi.com\/wp-content\/uploads\/2021\/05\/trudi-logo.svg","contentUrl":"https:\/\/www.trudi.com\/wp-content\/uploads\/2021\/05\/trudi-logo.svg","width":50,"height":50,"caption":"Trudi"},"image":{"@id":"https:\/\/www.trudi.com\/#\/schema\/logo\/image\/"}}]}},"_links":{"self":[{"href":"https:\/\/www.trudi.com\/de\/wp-json\/wp\/v2\/product\/277857"}],"collection":[{"href":"https:\/\/www.trudi.com\/de\/wp-json\/wp\/v2\/product"}],"about":[{"href":"https:\/\/www.trudi.com\/de\/wp-json\/wp\/v2\/types\/product"}],"wp:featuredmedia":[{"embeddable":true,"href":"https:\/\/www.trudi.com\/de\/wp-json\/wp\/v2\/media\/277733"}],"wp:attachment":[{"href":"https:\/\/www.trudi.com\/de\/wp-json\/wp\/v2\/media?parent=277857"}],"wp:term":[{"taxonomy":"product_cat","embeddable":true,"href":"https:\/\/www.trudi.com\/de\/wp-json\/wp\/v2\/product_cat?post=277857"},{"taxonomy":"product_tag","embeddable":true,"href":"https:\/\/www.trudi.com\/de\/wp-json\/wp\/v2\/product_tag?post=277857"}],"curies":[{"name":"wp","href":"https:\/\/api.w.org\/{rel}","templated":true}]}}