
{"id":274826,"date":"2025-12-10T14:17:46","date_gmt":"2025-12-10T13:17:46","guid":{"rendered":"https:\/\/www.trudi.com\/prodotto\/nussknacker-teddy\/"},"modified":"2025-12-10T14:17:46","modified_gmt":"2025-12-10T13:17:46","slug":"nussknacker-teddy","status":"publish","type":"product","link":"https:\/\/www.trudi.com\/de\/prodotto\/nussknacker-teddy\/","title":{"rendered":"Nussknacker Teddy"},"content":{"rendered":"<p>Hier ist der Nussknacker Teddy von Trudi, bereit, einen Hauch von Eleganz und Weihnachtszauber in Ihr Zuhause zu bringen! Mit seiner glitzernden Uniform, seinem Zylinderhut und seinem stolzen L\u00e4cheln ist Teddy der perfekte Begleiter f\u00fcr Ihre Weihnachtsgeschichten. Dieser Nussknacker aus hochwertigen Materialien ist ebenso weich wie widerstandsf\u00e4hig und bereit, alle festlichen Abenteuer der Kleinen mitzumachen.<\/p>\n<p>&nbsp;<\/p>\n","protected":false},"excerpt":{"rendered":"<p>Hier ist der Nussknacker Teddy von Trudi, bereit, einen Hauch von Eleganz und Weihnachtszauber in Ihr Zuhause zu bringen! Mit<\/p>\n","protected":false},"featured_media":275036,"template":"","meta":[],"product_cat":[659],"product_tag":[],"acf":[],"yoast_head":"<!-- This site is optimized with the Yoast SEO plugin v21.9 - https:\/\/yoast.com\/wordpress\/plugins\/seo\/ -->\n<title>Nussknacker Teddy - Trudi<\/title>\n<meta name=\"description\" content=\"Hier ist der Nussknacker Teddy von Trudi, bereit, einen Hauch von Eleganz und Weihnachtszauber in Ihr Zuhause zu bringen!\" \/>\n<meta name=\"robots\" content=\"index, follow, max-snippet:-1, max-image-preview:large, max-video-preview:-1\" \/>\n<link rel=\"canonical\" href=\"https:\/\/www.trudi.com\/de\/prodotto\/schiaccianoci-teddy\/\" \/>\n<meta property=\"og:locale\" content=\"de_DE\" \/>\n<meta property=\"og:type\" content=\"article\" \/>\n<meta property=\"og:title\" content=\"Nussknacker Teddy - Trudi\" \/>\n<meta property=\"og:description\" content=\"Hier ist der Nussknacker Teddy von Trudi, bereit, einen Hauch von Eleganz und Weihnachtszauber in Ihr Zuhause zu bringen!\" \/>\n<meta property=\"og:url\" content=\"https:\/\/www.trudi.com\/prodotto\/schiaccianoci-teddy\/\" \/>\n<meta property=\"og:site_name\" content=\"Trudi\" \/>\n<meta property=\"og:image\" content=\"https:\/\/www.trudi.com\/wp-content\/uploads\/2024\/09\/29361-A.jpg\" \/>\n\t<meta property=\"og:image:width\" content=\"1821\" \/>\n\t<meta property=\"og:image:height\" content=\"1853\" \/>\n\t<meta property=\"og:image:type\" content=\"image\/jpeg\" \/>\n<meta name=\"twitter:card\" content=\"summary_large_image\" \/>\n<script type=\"application\/ld+json\" class=\"yoast-schema-graph\">{\"@context\":\"https:\/\/schema.org\",\"@graph\":[{\"@type\":\"WebPage\",\"@id\":\"https:\/\/www.trudi.com\/prodotto\/schiaccianoci-teddy\/\",\"url\":\"https:\/\/www.trudi.com\/prodotto\/schiaccianoci-teddy\/\",\"name\":\"Nussknacker Teddy - Trudi\",\"isPartOf\":{\"@id\":\"https:\/\/www.trudi.com\/#website\"},\"datePublished\":\"2025-12-10T13:17:46+00:00\",\"dateModified\":\"2025-12-10T13:17:46+00:00\",\"description\":\"Hier ist der Nussknacker Teddy von Trudi, bereit, einen Hauch von Eleganz und Weihnachtszauber in Ihr Zuhause zu bringen!\",\"breadcrumb\":{\"@id\":\"https:\/\/www.trudi.com\/prodotto\/schiaccianoci-teddy\/#breadcrumb\"},\"inLanguage\":\"de-DE\",\"potentialAction\":[{\"@type\":\"ReadAction\",\"target\":[\"https:\/\/www.trudi.com\/prodotto\/schiaccianoci-teddy\/\"]}]},{\"@type\":\"BreadcrumbList\",\"@id\":\"https:\/\/www.trudi.com\/prodotto\/schiaccianoci-teddy\/#breadcrumb\",\"itemListElement\":[{\"@type\":\"ListItem\",\"position\":1,\"name\":\"Shop\",\"item\":\"https:\/\/www.trudi.com\/negozio\/\"},{\"@type\":\"ListItem\",\"position\":2,\"name\":\"Nussknacker Teddy\"}]},{\"@type\":\"WebSite\",\"@id\":\"https:\/\/www.trudi.com\/#website\",\"url\":\"https:\/\/www.trudi.com\/\",\"name\":\"Trudi\",\"description\":\"Peluche e Giochi in Legno\",\"publisher\":{\"@id\":\"https:\/\/www.trudi.com\/#organization\"},\"potentialAction\":[{\"@type\":\"SearchAction\",\"target\":{\"@type\":\"EntryPoint\",\"urlTemplate\":\"https:\/\/www.trudi.com\/?s={search_term_string}\"},\"query-input\":\"required name=search_term_string\"}],\"inLanguage\":\"de-DE\"},{\"@type\":\"Organization\",\"@id\":\"https:\/\/www.trudi.com\/#organization\",\"name\":\"Trudi\",\"url\":\"https:\/\/www.trudi.com\/\",\"logo\":{\"@type\":\"ImageObject\",\"inLanguage\":\"de-DE\",\"@id\":\"https:\/\/www.trudi.com\/#\/schema\/logo\/image\/\",\"url\":\"https:\/\/www.trudi.com\/wp-content\/uploads\/2021\/05\/trudi-logo.svg\",\"contentUrl\":\"https:\/\/www.trudi.com\/wp-content\/uploads\/2021\/05\/trudi-logo.svg\",\"width\":50,\"height\":50,\"caption\":\"Trudi\"},\"image\":{\"@id\":\"https:\/\/www.trudi.com\/#\/schema\/logo\/image\/\"}}]}<\/script>\n<!-- \/ Yoast SEO plugin. -->","yoast_head_json":{"title":"Nussknacker Teddy - Trudi","description":"Hier ist der Nussknacker Teddy von Trudi, bereit, einen Hauch von Eleganz und Weihnachtszauber in Ihr Zuhause zu bringen!","robots":{"index":"index","follow":"follow","max-snippet":"max-snippet:-1","max-image-preview":"max-image-preview:large","max-video-preview":"max-video-preview:-1"},"canonical":"https:\/\/www.trudi.com\/de\/prodotto\/schiaccianoci-teddy\/","og_locale":"de_DE","og_type":"article","og_title":"Nussknacker Teddy - Trudi","og_description":"Hier ist der Nussknacker Teddy von Trudi, bereit, einen Hauch von Eleganz und Weihnachtszauber in Ihr Zuhause zu bringen!","og_url":"https:\/\/www.trudi.com\/prodotto\/schiaccianoci-teddy\/","og_site_name":"Trudi","og_image":[{"width":1821,"height":1853,"url":"https:\/\/www.trudi.com\/wp-content\/uploads\/2024\/09\/29361-A.jpg","type":"image\/jpeg"}],"twitter_card":"summary_large_image","schema":{"@context":"https:\/\/schema.org","@graph":[{"@type":"WebPage","@id":"https:\/\/www.trudi.com\/prodotto\/schiaccianoci-teddy\/","url":"https:\/\/www.trudi.com\/prodotto\/schiaccianoci-teddy\/","name":"Nussknacker Teddy - Trudi","isPartOf":{"@id":"https:\/\/www.trudi.com\/#website"},"datePublished":"2025-12-10T13:17:46+00:00","dateModified":"2025-12-10T13:17:46+00:00","description":"Hier ist der Nussknacker Teddy von Trudi, bereit, einen Hauch von Eleganz und Weihnachtszauber in Ihr Zuhause zu bringen!","breadcrumb":{"@id":"https:\/\/www.trudi.com\/prodotto\/schiaccianoci-teddy\/#breadcrumb"},"inLanguage":"de-DE","potentialAction":[{"@type":"ReadAction","target":["https:\/\/www.trudi.com\/prodotto\/schiaccianoci-teddy\/"]}]},{"@type":"BreadcrumbList","@id":"https:\/\/www.trudi.com\/prodotto\/schiaccianoci-teddy\/#breadcrumb","itemListElement":[{"@type":"ListItem","position":1,"name":"Shop","item":"https:\/\/www.trudi.com\/negozio\/"},{"@type":"ListItem","position":2,"name":"Nussknacker Teddy"}]},{"@type":"WebSite","@id":"https:\/\/www.trudi.com\/#website","url":"https:\/\/www.trudi.com\/","name":"Trudi","description":"Peluche e Giochi in Legno","publisher":{"@id":"https:\/\/www.trudi.com\/#organization"},"potentialAction":[{"@type":"SearchAction","target":{"@type":"EntryPoint","urlTemplate":"https:\/\/www.trudi.com\/?s={search_term_string}"},"query-input":"required name=search_term_string"}],"inLanguage":"de-DE"},{"@type":"Organization","@id":"https:\/\/www.trudi.com\/#organization","name":"Trudi","url":"https:\/\/www.trudi.com\/","logo":{"@type":"ImageObject","inLanguage":"de-DE","@id":"https:\/\/www.trudi.com\/#\/schema\/logo\/image\/","url":"https:\/\/www.trudi.com\/wp-content\/uploads\/2021\/05\/trudi-logo.svg","contentUrl":"https:\/\/www.trudi.com\/wp-content\/uploads\/2021\/05\/trudi-logo.svg","width":50,"height":50,"caption":"Trudi"},"image":{"@id":"https:\/\/www.trudi.com\/#\/schema\/logo\/image\/"}}]}},"_links":{"self":[{"href":"https:\/\/www.trudi.com\/de\/wp-json\/wp\/v2\/product\/274826"}],"collection":[{"href":"https:\/\/www.trudi.com\/de\/wp-json\/wp\/v2\/product"}],"about":[{"href":"https:\/\/www.trudi.com\/de\/wp-json\/wp\/v2\/types\/product"}],"wp:featuredmedia":[{"embeddable":true,"href":"https:\/\/www.trudi.com\/de\/wp-json\/wp\/v2\/media\/275036"}],"wp:attachment":[{"href":"https:\/\/www.trudi.com\/de\/wp-json\/wp\/v2\/media?parent=274826"}],"wp:term":[{"taxonomy":"product_cat","embeddable":true,"href":"https:\/\/www.trudi.com\/de\/wp-json\/wp\/v2\/product_cat?post=274826"},{"taxonomy":"product_tag","embeddable":true,"href":"https:\/\/www.trudi.com\/de\/wp-json\/wp\/v2\/product_tag?post=274826"}],"curies":[{"name":"wp","href":"https:\/\/api.w.org\/{rel}","templated":true}]}}