
{"id":274825,"date":"2025-12-10T14:15:36","date_gmt":"2025-12-10T13:15:36","guid":{"rendered":"https:\/\/www.trudi.com\/prodotto\/lebkuchen-zeno\/"},"modified":"2025-12-10T14:15:36","modified_gmt":"2025-12-10T13:15:36","slug":"lebkuchen-zeno","status":"publish","type":"product","link":"https:\/\/www.trudi.com\/de\/prodotto\/lebkuchen-zeno\/","title":{"rendered":"Lebkuchen Zeno"},"content":{"rendered":"<p>&nbsp;<\/p>\n<p>Hier ist Zeno, der s\u00fc\u00dfeste und sympathischste Lebkuchenmann zu Weihnachten! Erh\u00e4ltlich in den Gr\u00f6\u00dfen XXS und XL, ist Zeno bereit, einen Hauch von Fr\u00f6hlichkeit und Magie in Ihr Zuhause zu bringen. Mit seinem ansteckenden L\u00e4cheln, den Zuckerkn\u00f6pfen und dem Duft von Gew\u00fcrzen ist dieses Pl\u00fcschtier perfekt f\u00fcr alle Weihnachtsabenteuer der Kleinen.<\/p>\n<p>&nbsp;<\/p>\n","protected":false},"excerpt":{"rendered":"<p>&nbsp; Hier ist Zeno, der s\u00fc\u00dfeste und sympathischste Lebkuchenmann zu Weihnachten! Erh\u00e4ltlich in den Gr\u00f6\u00dfen XXS und XL, ist Zeno<\/p>\n","protected":false},"featured_media":275031,"template":"","meta":[],"product_cat":[659],"product_tag":[],"acf":[],"yoast_head":"<!-- This site is optimized with the Yoast SEO plugin v21.9 - https:\/\/yoast.com\/wordpress\/plugins\/seo\/ -->\n<title>Lebkuchen Zeno - Trudi<\/title>\n<meta name=\"description\" content=\"Hier ist Zeno, der s\u00fc\u00dfeste und sympathischste Lebkuchenmann zu Weihnachten!\" \/>\n<meta name=\"robots\" content=\"index, follow, max-snippet:-1, max-image-preview:large, max-video-preview:-1\" \/>\n<link rel=\"canonical\" href=\"https:\/\/www.trudi.com\/de\/prodotto\/omino-pandizenzero-zeno\/\" \/>\n<meta property=\"og:locale\" content=\"de_DE\" \/>\n<meta property=\"og:type\" content=\"article\" \/>\n<meta property=\"og:title\" content=\"Lebkuchen Zeno - Trudi\" \/>\n<meta property=\"og:description\" content=\"Hier ist Zeno, der s\u00fc\u00dfeste und sympathischste Lebkuchenmann zu Weihnachten!\" \/>\n<meta property=\"og:url\" content=\"https:\/\/www.trudi.com\/prodotto\/omino-pandizenzero-zeno\/\" \/>\n<meta property=\"og:site_name\" content=\"Trudi\" \/>\n<meta property=\"og:image\" content=\"https:\/\/www.trudi.com\/wp-content\/uploads\/2024\/09\/29362-A.jpg\" \/>\n\t<meta property=\"og:image:width\" content=\"1821\" \/>\n\t<meta property=\"og:image:height\" content=\"1853\" \/>\n\t<meta property=\"og:image:type\" content=\"image\/jpeg\" \/>\n<meta name=\"twitter:card\" content=\"summary_large_image\" \/>\n<script type=\"application\/ld+json\" class=\"yoast-schema-graph\">{\"@context\":\"https:\/\/schema.org\",\"@graph\":[{\"@type\":\"WebPage\",\"@id\":\"https:\/\/www.trudi.com\/prodotto\/omino-pandizenzero-zeno\/\",\"url\":\"https:\/\/www.trudi.com\/prodotto\/omino-pandizenzero-zeno\/\",\"name\":\"Lebkuchen Zeno - Trudi\",\"isPartOf\":{\"@id\":\"https:\/\/www.trudi.com\/#website\"},\"datePublished\":\"2025-12-10T13:15:36+00:00\",\"dateModified\":\"2025-12-10T13:15:36+00:00\",\"description\":\"Hier ist Zeno, der s\u00fc\u00dfeste und sympathischste Lebkuchenmann zu Weihnachten!\",\"breadcrumb\":{\"@id\":\"https:\/\/www.trudi.com\/prodotto\/omino-pandizenzero-zeno\/#breadcrumb\"},\"inLanguage\":\"de-DE\",\"potentialAction\":[{\"@type\":\"ReadAction\",\"target\":[\"https:\/\/www.trudi.com\/prodotto\/omino-pandizenzero-zeno\/\"]}]},{\"@type\":\"BreadcrumbList\",\"@id\":\"https:\/\/www.trudi.com\/prodotto\/omino-pandizenzero-zeno\/#breadcrumb\",\"itemListElement\":[{\"@type\":\"ListItem\",\"position\":1,\"name\":\"Shop\",\"item\":\"https:\/\/www.trudi.com\/negozio\/\"},{\"@type\":\"ListItem\",\"position\":2,\"name\":\"Lebkuchen Zeno\"}]},{\"@type\":\"WebSite\",\"@id\":\"https:\/\/www.trudi.com\/#website\",\"url\":\"https:\/\/www.trudi.com\/\",\"name\":\"Trudi\",\"description\":\"Peluche e Giochi in Legno\",\"publisher\":{\"@id\":\"https:\/\/www.trudi.com\/#organization\"},\"potentialAction\":[{\"@type\":\"SearchAction\",\"target\":{\"@type\":\"EntryPoint\",\"urlTemplate\":\"https:\/\/www.trudi.com\/?s={search_term_string}\"},\"query-input\":\"required name=search_term_string\"}],\"inLanguage\":\"de-DE\"},{\"@type\":\"Organization\",\"@id\":\"https:\/\/www.trudi.com\/#organization\",\"name\":\"Trudi\",\"url\":\"https:\/\/www.trudi.com\/\",\"logo\":{\"@type\":\"ImageObject\",\"inLanguage\":\"de-DE\",\"@id\":\"https:\/\/www.trudi.com\/#\/schema\/logo\/image\/\",\"url\":\"https:\/\/www.trudi.com\/wp-content\/uploads\/2021\/05\/trudi-logo.svg\",\"contentUrl\":\"https:\/\/www.trudi.com\/wp-content\/uploads\/2021\/05\/trudi-logo.svg\",\"width\":50,\"height\":50,\"caption\":\"Trudi\"},\"image\":{\"@id\":\"https:\/\/www.trudi.com\/#\/schema\/logo\/image\/\"}}]}<\/script>\n<!-- \/ Yoast SEO plugin. -->","yoast_head_json":{"title":"Lebkuchen Zeno - Trudi","description":"Hier ist Zeno, der s\u00fc\u00dfeste und sympathischste Lebkuchenmann zu Weihnachten!","robots":{"index":"index","follow":"follow","max-snippet":"max-snippet:-1","max-image-preview":"max-image-preview:large","max-video-preview":"max-video-preview:-1"},"canonical":"https:\/\/www.trudi.com\/de\/prodotto\/omino-pandizenzero-zeno\/","og_locale":"de_DE","og_type":"article","og_title":"Lebkuchen Zeno - Trudi","og_description":"Hier ist Zeno, der s\u00fc\u00dfeste und sympathischste Lebkuchenmann zu Weihnachten!","og_url":"https:\/\/www.trudi.com\/prodotto\/omino-pandizenzero-zeno\/","og_site_name":"Trudi","og_image":[{"width":1821,"height":1853,"url":"https:\/\/www.trudi.com\/wp-content\/uploads\/2024\/09\/29362-A.jpg","type":"image\/jpeg"}],"twitter_card":"summary_large_image","schema":{"@context":"https:\/\/schema.org","@graph":[{"@type":"WebPage","@id":"https:\/\/www.trudi.com\/prodotto\/omino-pandizenzero-zeno\/","url":"https:\/\/www.trudi.com\/prodotto\/omino-pandizenzero-zeno\/","name":"Lebkuchen Zeno - Trudi","isPartOf":{"@id":"https:\/\/www.trudi.com\/#website"},"datePublished":"2025-12-10T13:15:36+00:00","dateModified":"2025-12-10T13:15:36+00:00","description":"Hier ist Zeno, der s\u00fc\u00dfeste und sympathischste Lebkuchenmann zu Weihnachten!","breadcrumb":{"@id":"https:\/\/www.trudi.com\/prodotto\/omino-pandizenzero-zeno\/#breadcrumb"},"inLanguage":"de-DE","potentialAction":[{"@type":"ReadAction","target":["https:\/\/www.trudi.com\/prodotto\/omino-pandizenzero-zeno\/"]}]},{"@type":"BreadcrumbList","@id":"https:\/\/www.trudi.com\/prodotto\/omino-pandizenzero-zeno\/#breadcrumb","itemListElement":[{"@type":"ListItem","position":1,"name":"Shop","item":"https:\/\/www.trudi.com\/negozio\/"},{"@type":"ListItem","position":2,"name":"Lebkuchen Zeno"}]},{"@type":"WebSite","@id":"https:\/\/www.trudi.com\/#website","url":"https:\/\/www.trudi.com\/","name":"Trudi","description":"Peluche e Giochi in Legno","publisher":{"@id":"https:\/\/www.trudi.com\/#organization"},"potentialAction":[{"@type":"SearchAction","target":{"@type":"EntryPoint","urlTemplate":"https:\/\/www.trudi.com\/?s={search_term_string}"},"query-input":"required name=search_term_string"}],"inLanguage":"de-DE"},{"@type":"Organization","@id":"https:\/\/www.trudi.com\/#organization","name":"Trudi","url":"https:\/\/www.trudi.com\/","logo":{"@type":"ImageObject","inLanguage":"de-DE","@id":"https:\/\/www.trudi.com\/#\/schema\/logo\/image\/","url":"https:\/\/www.trudi.com\/wp-content\/uploads\/2021\/05\/trudi-logo.svg","contentUrl":"https:\/\/www.trudi.com\/wp-content\/uploads\/2021\/05\/trudi-logo.svg","width":50,"height":50,"caption":"Trudi"},"image":{"@id":"https:\/\/www.trudi.com\/#\/schema\/logo\/image\/"}}]}},"_links":{"self":[{"href":"https:\/\/www.trudi.com\/de\/wp-json\/wp\/v2\/product\/274825"}],"collection":[{"href":"https:\/\/www.trudi.com\/de\/wp-json\/wp\/v2\/product"}],"about":[{"href":"https:\/\/www.trudi.com\/de\/wp-json\/wp\/v2\/types\/product"}],"wp:featuredmedia":[{"embeddable":true,"href":"https:\/\/www.trudi.com\/de\/wp-json\/wp\/v2\/media\/275031"}],"wp:attachment":[{"href":"https:\/\/www.trudi.com\/de\/wp-json\/wp\/v2\/media?parent=274825"}],"wp:term":[{"taxonomy":"product_cat","embeddable":true,"href":"https:\/\/www.trudi.com\/de\/wp-json\/wp\/v2\/product_cat?post=274825"},{"taxonomy":"product_tag","embeddable":true,"href":"https:\/\/www.trudi.com\/de\/wp-json\/wp\/v2\/product_tag?post=274825"}],"curies":[{"name":"wp","href":"https:\/\/api.w.org\/{rel}","templated":true}]}}