
{"id":274810,"date":"2025-12-10T12:22:54","date_gmt":"2025-12-10T11:22:54","guid":{"rendered":"https:\/\/www.trudi.com\/prodotto\/roter-nussknacker\/"},"modified":"2025-12-10T12:22:54","modified_gmt":"2025-12-10T11:22:54","slug":"roter-nussknacker","status":"publish","type":"product","link":"https:\/\/www.trudi.com\/de\/prodotto\/roter-nussknacker\/","title":{"rendered":"Roter Nussknacker"},"content":{"rendered":"<p>S\u00fc\u00dfe und originelle Nussknacker aus Holz, erh\u00e4ltlich in den eleganten Farben Rot und Gold oder Wei\u00df und Gold. Reich an Details: vom dichten Bart \u00fcber den sich \u00f6ffnenden Mund bis hin zum St\u00fctzstock. Sie k\u00f6nnen zu Sammlerst\u00fccken f\u00fcr Ihren Weihnachtsbaum werden oder als originelle Geschenkverschl\u00fcsse dienen, um Ihrer Geschenkverpackung einen Hauch von Eleganz zu verleihen.<\/p>\n","protected":false},"excerpt":{"rendered":"<p>S\u00fc\u00dfe und originelle Nussknacker aus Holz, erh\u00e4ltlich in den eleganten Farben Rot und Gold oder Wei\u00df und Gold. Reich an<\/p>\n","protected":false},"featured_media":255951,"template":"","meta":[],"product_cat":[676,768,659],"product_tag":[],"acf":[],"yoast_head":"<!-- This site is optimized with the Yoast SEO plugin v21.9 - https:\/\/yoast.com\/wordpress\/plugins\/seo\/ -->\n<title>Roter Nussknacker - Trudi<\/title>\n<meta name=\"description\" content=\"S\u00fc\u00dfe und originelle Nussknacker aus Holz von Sevi, erh\u00e4ltlich in den eleganten Farben Rot und Gold oder Wei\u00df und Gold.\" \/>\n<meta name=\"robots\" content=\"index, follow, max-snippet:-1, max-image-preview:large, max-video-preview:-1\" \/>\n<link rel=\"canonical\" href=\"https:\/\/www.trudi.com\/de\/prodotto\/schiaccianoci-sevi-rosso\/\" \/>\n<meta property=\"og:locale\" content=\"de_DE\" \/>\n<meta property=\"og:type\" content=\"article\" \/>\n<meta property=\"og:title\" content=\"Roter Nussknacker - Trudi\" \/>\n<meta property=\"og:description\" content=\"S\u00fc\u00dfe und originelle Nussknacker aus Holz von Sevi, erh\u00e4ltlich in den eleganten Farben Rot und Gold oder Wei\u00df und Gold.\" \/>\n<meta property=\"og:url\" content=\"https:\/\/www.trudi.com\/prodotto\/schiaccianoci-sevi-rosso\/\" \/>\n<meta property=\"og:site_name\" content=\"Trudi\" \/>\n<meta property=\"og:image\" content=\"https:\/\/www.trudi.com\/wp-content\/uploads\/2024\/07\/83105-A.jpg\" \/>\n\t<meta property=\"og:image:width\" content=\"1890\" \/>\n\t<meta property=\"og:image:height\" content=\"1260\" \/>\n\t<meta property=\"og:image:type\" content=\"image\/jpeg\" \/>\n<meta name=\"twitter:card\" content=\"summary_large_image\" \/>\n<script type=\"application\/ld+json\" class=\"yoast-schema-graph\">{\"@context\":\"https:\/\/schema.org\",\"@graph\":[{\"@type\":\"WebPage\",\"@id\":\"https:\/\/www.trudi.com\/prodotto\/schiaccianoci-sevi-rosso\/\",\"url\":\"https:\/\/www.trudi.com\/prodotto\/schiaccianoci-sevi-rosso\/\",\"name\":\"Roter Nussknacker - Trudi\",\"isPartOf\":{\"@id\":\"https:\/\/www.trudi.com\/#website\"},\"datePublished\":\"2025-12-10T11:22:54+00:00\",\"dateModified\":\"2025-12-10T11:22:54+00:00\",\"description\":\"S\u00fc\u00dfe und originelle Nussknacker aus Holz von Sevi, erh\u00e4ltlich in den eleganten Farben Rot und Gold oder Wei\u00df und Gold.\",\"breadcrumb\":{\"@id\":\"https:\/\/www.trudi.com\/prodotto\/schiaccianoci-sevi-rosso\/#breadcrumb\"},\"inLanguage\":\"de-DE\",\"potentialAction\":[{\"@type\":\"ReadAction\",\"target\":[\"https:\/\/www.trudi.com\/prodotto\/schiaccianoci-sevi-rosso\/\"]}]},{\"@type\":\"BreadcrumbList\",\"@id\":\"https:\/\/www.trudi.com\/prodotto\/schiaccianoci-sevi-rosso\/#breadcrumb\",\"itemListElement\":[{\"@type\":\"ListItem\",\"position\":1,\"name\":\"Shop\",\"item\":\"https:\/\/www.trudi.com\/negozio\/\"},{\"@type\":\"ListItem\",\"position\":2,\"name\":\"Roter Nussknacker\"}]},{\"@type\":\"WebSite\",\"@id\":\"https:\/\/www.trudi.com\/#website\",\"url\":\"https:\/\/www.trudi.com\/\",\"name\":\"Trudi\",\"description\":\"Peluche e Giochi in Legno\",\"publisher\":{\"@id\":\"https:\/\/www.trudi.com\/#organization\"},\"potentialAction\":[{\"@type\":\"SearchAction\",\"target\":{\"@type\":\"EntryPoint\",\"urlTemplate\":\"https:\/\/www.trudi.com\/?s={search_term_string}\"},\"query-input\":\"required name=search_term_string\"}],\"inLanguage\":\"de-DE\"},{\"@type\":\"Organization\",\"@id\":\"https:\/\/www.trudi.com\/#organization\",\"name\":\"Trudi\",\"url\":\"https:\/\/www.trudi.com\/\",\"logo\":{\"@type\":\"ImageObject\",\"inLanguage\":\"de-DE\",\"@id\":\"https:\/\/www.trudi.com\/#\/schema\/logo\/image\/\",\"url\":\"https:\/\/www.trudi.com\/wp-content\/uploads\/2021\/05\/trudi-logo.svg\",\"contentUrl\":\"https:\/\/www.trudi.com\/wp-content\/uploads\/2021\/05\/trudi-logo.svg\",\"width\":50,\"height\":50,\"caption\":\"Trudi\"},\"image\":{\"@id\":\"https:\/\/www.trudi.com\/#\/schema\/logo\/image\/\"}}]}<\/script>\n<!-- \/ Yoast SEO plugin. -->","yoast_head_json":{"title":"Roter Nussknacker - Trudi","description":"S\u00fc\u00dfe und originelle Nussknacker aus Holz von Sevi, erh\u00e4ltlich in den eleganten Farben Rot und Gold oder Wei\u00df und Gold.","robots":{"index":"index","follow":"follow","max-snippet":"max-snippet:-1","max-image-preview":"max-image-preview:large","max-video-preview":"max-video-preview:-1"},"canonical":"https:\/\/www.trudi.com\/de\/prodotto\/schiaccianoci-sevi-rosso\/","og_locale":"de_DE","og_type":"article","og_title":"Roter Nussknacker - Trudi","og_description":"S\u00fc\u00dfe und originelle Nussknacker aus Holz von Sevi, erh\u00e4ltlich in den eleganten Farben Rot und Gold oder Wei\u00df und Gold.","og_url":"https:\/\/www.trudi.com\/prodotto\/schiaccianoci-sevi-rosso\/","og_site_name":"Trudi","og_image":[{"width":1890,"height":1260,"url":"https:\/\/www.trudi.com\/wp-content\/uploads\/2024\/07\/83105-A.jpg","type":"image\/jpeg"}],"twitter_card":"summary_large_image","schema":{"@context":"https:\/\/schema.org","@graph":[{"@type":"WebPage","@id":"https:\/\/www.trudi.com\/prodotto\/schiaccianoci-sevi-rosso\/","url":"https:\/\/www.trudi.com\/prodotto\/schiaccianoci-sevi-rosso\/","name":"Roter Nussknacker - Trudi","isPartOf":{"@id":"https:\/\/www.trudi.com\/#website"},"datePublished":"2025-12-10T11:22:54+00:00","dateModified":"2025-12-10T11:22:54+00:00","description":"S\u00fc\u00dfe und originelle Nussknacker aus Holz von Sevi, erh\u00e4ltlich in den eleganten Farben Rot und Gold oder Wei\u00df und Gold.","breadcrumb":{"@id":"https:\/\/www.trudi.com\/prodotto\/schiaccianoci-sevi-rosso\/#breadcrumb"},"inLanguage":"de-DE","potentialAction":[{"@type":"ReadAction","target":["https:\/\/www.trudi.com\/prodotto\/schiaccianoci-sevi-rosso\/"]}]},{"@type":"BreadcrumbList","@id":"https:\/\/www.trudi.com\/prodotto\/schiaccianoci-sevi-rosso\/#breadcrumb","itemListElement":[{"@type":"ListItem","position":1,"name":"Shop","item":"https:\/\/www.trudi.com\/negozio\/"},{"@type":"ListItem","position":2,"name":"Roter Nussknacker"}]},{"@type":"WebSite","@id":"https:\/\/www.trudi.com\/#website","url":"https:\/\/www.trudi.com\/","name":"Trudi","description":"Peluche e Giochi in Legno","publisher":{"@id":"https:\/\/www.trudi.com\/#organization"},"potentialAction":[{"@type":"SearchAction","target":{"@type":"EntryPoint","urlTemplate":"https:\/\/www.trudi.com\/?s={search_term_string}"},"query-input":"required name=search_term_string"}],"inLanguage":"de-DE"},{"@type":"Organization","@id":"https:\/\/www.trudi.com\/#organization","name":"Trudi","url":"https:\/\/www.trudi.com\/","logo":{"@type":"ImageObject","inLanguage":"de-DE","@id":"https:\/\/www.trudi.com\/#\/schema\/logo\/image\/","url":"https:\/\/www.trudi.com\/wp-content\/uploads\/2021\/05\/trudi-logo.svg","contentUrl":"https:\/\/www.trudi.com\/wp-content\/uploads\/2021\/05\/trudi-logo.svg","width":50,"height":50,"caption":"Trudi"},"image":{"@id":"https:\/\/www.trudi.com\/#\/schema\/logo\/image\/"}}]}},"_links":{"self":[{"href":"https:\/\/www.trudi.com\/de\/wp-json\/wp\/v2\/product\/274810"}],"collection":[{"href":"https:\/\/www.trudi.com\/de\/wp-json\/wp\/v2\/product"}],"about":[{"href":"https:\/\/www.trudi.com\/de\/wp-json\/wp\/v2\/types\/product"}],"wp:featuredmedia":[{"embeddable":true,"href":"https:\/\/www.trudi.com\/de\/wp-json\/wp\/v2\/media\/255951"}],"wp:attachment":[{"href":"https:\/\/www.trudi.com\/de\/wp-json\/wp\/v2\/media?parent=274810"}],"wp:term":[{"taxonomy":"product_cat","embeddable":true,"href":"https:\/\/www.trudi.com\/de\/wp-json\/wp\/v2\/product_cat?post=274810"},{"taxonomy":"product_tag","embeddable":true,"href":"https:\/\/www.trudi.com\/de\/wp-json\/wp\/v2\/product_tag?post=274810"}],"curies":[{"name":"wp","href":"https:\/\/api.w.org\/{rel}","templated":true}]}}