
{"id":272161,"date":"2025-10-27T10:33:03","date_gmt":"2025-10-27T09:33:03","guid":{"rendered":"https:\/\/www.trudi.com\/prodotto\/capibara-furio\/"},"modified":"2025-10-27T10:33:03","modified_gmt":"2025-10-27T09:33:03","slug":"capibara-furio","status":"publish","type":"product","link":"https:\/\/www.trudi.com\/de\/prodotto\/capibara-furio\/","title":{"rendered":"Capibara Furio"},"content":{"rendered":"<p>Furio ist das Pl\u00fcschtier von Trudi, von dem Sie nicht wussten, dass Sie es wollten, das Sie aber jetzt nicht mehr hergeben k\u00f6nnen! Mit seinem gelassenen Blick und seiner rekordverd\u00e4chtigen Weichheit gesellt er sich zur Familie der exotischen Tiere&#8230; aber mit der Ruhe eines Menschen, der alles im Leben verstanden hat. Furio ist das perfekte originelle und kuschelige Geschenk und bringt \u00fcberall, wo er hingeht, eine Prise Sympathie mit!<\/p>\n","protected":false},"excerpt":{"rendered":"<p>Furio ist das Pl\u00fcschtier von Trudi, von dem Sie nicht wussten, dass Sie es wollten, das Sie aber jetzt nicht<\/p>\n","protected":false},"featured_media":273850,"template":"","meta":[],"product_cat":[410],"product_tag":[349],"acf":[],"yoast_head":"<!-- This site is optimized with the Yoast SEO plugin v21.9 - https:\/\/yoast.com\/wordpress\/plugins\/seo\/ -->\n<title>Capibara Furio - Trudi<\/title>\n<meta name=\"description\" content=\"Furio ist das Pl\u00fcschtier von Trudi, von dem Sie nicht wussten, dass Sie es wollten, das Sie aber jetzt nicht mehr hergeben k\u00f6nnen!\" \/>\n<meta name=\"robots\" content=\"index, follow, max-snippet:-1, max-image-preview:large, max-video-preview:-1\" \/>\n<link rel=\"canonical\" href=\"https:\/\/www.trudi.com\/de\/prodotto\/capibara-furio\/\" \/>\n<meta property=\"og:locale\" content=\"de_DE\" \/>\n<meta property=\"og:type\" content=\"article\" \/>\n<meta property=\"og:title\" content=\"Capibara Furio - Trudi\" \/>\n<meta property=\"og:description\" content=\"Furio ist das Pl\u00fcschtier von Trudi, von dem Sie nicht wussten, dass Sie es wollten, das Sie aber jetzt nicht mehr hergeben k\u00f6nnen!\" \/>\n<meta property=\"og:url\" content=\"https:\/\/www.trudi.com\/prodotto\/capibara-furio\/\" \/>\n<meta property=\"og:site_name\" content=\"Trudi\" \/>\n<meta property=\"og:image\" content=\"https:\/\/www.trudi.com\/wp-content\/uploads\/2025\/10\/27768-A-1024x1024.jpg\" \/>\n\t<meta property=\"og:image:width\" content=\"1024\" \/>\n\t<meta property=\"og:image:height\" content=\"1024\" \/>\n\t<meta property=\"og:image:type\" content=\"image\/jpeg\" \/>\n<meta name=\"twitter:card\" content=\"summary_large_image\" \/>\n<script type=\"application\/ld+json\" class=\"yoast-schema-graph\">{\"@context\":\"https:\/\/schema.org\",\"@graph\":[{\"@type\":\"WebPage\",\"@id\":\"https:\/\/www.trudi.com\/prodotto\/capibara-furio\/\",\"url\":\"https:\/\/www.trudi.com\/prodotto\/capibara-furio\/\",\"name\":\"Capibara Furio - Trudi\",\"isPartOf\":{\"@id\":\"https:\/\/www.trudi.com\/#website\"},\"datePublished\":\"2025-10-27T09:33:03+00:00\",\"dateModified\":\"2025-10-27T09:33:03+00:00\",\"description\":\"Furio ist das Pl\u00fcschtier von Trudi, von dem Sie nicht wussten, dass Sie es wollten, das Sie aber jetzt nicht mehr hergeben k\u00f6nnen!\",\"breadcrumb\":{\"@id\":\"https:\/\/www.trudi.com\/prodotto\/capibara-furio\/#breadcrumb\"},\"inLanguage\":\"de-DE\",\"potentialAction\":[{\"@type\":\"ReadAction\",\"target\":[\"https:\/\/www.trudi.com\/prodotto\/capibara-furio\/\"]}]},{\"@type\":\"BreadcrumbList\",\"@id\":\"https:\/\/www.trudi.com\/prodotto\/capibara-furio\/#breadcrumb\",\"itemListElement\":[{\"@type\":\"ListItem\",\"position\":1,\"name\":\"Shop\",\"item\":\"https:\/\/www.trudi.com\/negozio\/\"},{\"@type\":\"ListItem\",\"position\":2,\"name\":\"Capibara Furio\"}]},{\"@type\":\"WebSite\",\"@id\":\"https:\/\/www.trudi.com\/#website\",\"url\":\"https:\/\/www.trudi.com\/\",\"name\":\"Trudi\",\"description\":\"Peluche e Giochi in Legno\",\"publisher\":{\"@id\":\"https:\/\/www.trudi.com\/#organization\"},\"potentialAction\":[{\"@type\":\"SearchAction\",\"target\":{\"@type\":\"EntryPoint\",\"urlTemplate\":\"https:\/\/www.trudi.com\/?s={search_term_string}\"},\"query-input\":\"required name=search_term_string\"}],\"inLanguage\":\"de-DE\"},{\"@type\":\"Organization\",\"@id\":\"https:\/\/www.trudi.com\/#organization\",\"name\":\"Trudi\",\"url\":\"https:\/\/www.trudi.com\/\",\"logo\":{\"@type\":\"ImageObject\",\"inLanguage\":\"de-DE\",\"@id\":\"https:\/\/www.trudi.com\/#\/schema\/logo\/image\/\",\"url\":\"https:\/\/www.trudi.com\/wp-content\/uploads\/2021\/05\/trudi-logo.svg\",\"contentUrl\":\"https:\/\/www.trudi.com\/wp-content\/uploads\/2021\/05\/trudi-logo.svg\",\"width\":50,\"height\":50,\"caption\":\"Trudi\"},\"image\":{\"@id\":\"https:\/\/www.trudi.com\/#\/schema\/logo\/image\/\"}}]}<\/script>\n<!-- \/ Yoast SEO plugin. -->","yoast_head_json":{"title":"Capibara Furio - Trudi","description":"Furio ist das Pl\u00fcschtier von Trudi, von dem Sie nicht wussten, dass Sie es wollten, das Sie aber jetzt nicht mehr hergeben k\u00f6nnen!","robots":{"index":"index","follow":"follow","max-snippet":"max-snippet:-1","max-image-preview":"max-image-preview:large","max-video-preview":"max-video-preview:-1"},"canonical":"https:\/\/www.trudi.com\/de\/prodotto\/capibara-furio\/","og_locale":"de_DE","og_type":"article","og_title":"Capibara Furio - Trudi","og_description":"Furio ist das Pl\u00fcschtier von Trudi, von dem Sie nicht wussten, dass Sie es wollten, das Sie aber jetzt nicht mehr hergeben k\u00f6nnen!","og_url":"https:\/\/www.trudi.com\/prodotto\/capibara-furio\/","og_site_name":"Trudi","og_image":[{"width":1024,"height":1024,"url":"https:\/\/www.trudi.com\/wp-content\/uploads\/2025\/10\/27768-A-1024x1024.jpg","type":"image\/jpeg"}],"twitter_card":"summary_large_image","schema":{"@context":"https:\/\/schema.org","@graph":[{"@type":"WebPage","@id":"https:\/\/www.trudi.com\/prodotto\/capibara-furio\/","url":"https:\/\/www.trudi.com\/prodotto\/capibara-furio\/","name":"Capibara Furio - Trudi","isPartOf":{"@id":"https:\/\/www.trudi.com\/#website"},"datePublished":"2025-10-27T09:33:03+00:00","dateModified":"2025-10-27T09:33:03+00:00","description":"Furio ist das Pl\u00fcschtier von Trudi, von dem Sie nicht wussten, dass Sie es wollten, das Sie aber jetzt nicht mehr hergeben k\u00f6nnen!","breadcrumb":{"@id":"https:\/\/www.trudi.com\/prodotto\/capibara-furio\/#breadcrumb"},"inLanguage":"de-DE","potentialAction":[{"@type":"ReadAction","target":["https:\/\/www.trudi.com\/prodotto\/capibara-furio\/"]}]},{"@type":"BreadcrumbList","@id":"https:\/\/www.trudi.com\/prodotto\/capibara-furio\/#breadcrumb","itemListElement":[{"@type":"ListItem","position":1,"name":"Shop","item":"https:\/\/www.trudi.com\/negozio\/"},{"@type":"ListItem","position":2,"name":"Capibara Furio"}]},{"@type":"WebSite","@id":"https:\/\/www.trudi.com\/#website","url":"https:\/\/www.trudi.com\/","name":"Trudi","description":"Peluche e Giochi in Legno","publisher":{"@id":"https:\/\/www.trudi.com\/#organization"},"potentialAction":[{"@type":"SearchAction","target":{"@type":"EntryPoint","urlTemplate":"https:\/\/www.trudi.com\/?s={search_term_string}"},"query-input":"required name=search_term_string"}],"inLanguage":"de-DE"},{"@type":"Organization","@id":"https:\/\/www.trudi.com\/#organization","name":"Trudi","url":"https:\/\/www.trudi.com\/","logo":{"@type":"ImageObject","inLanguage":"de-DE","@id":"https:\/\/www.trudi.com\/#\/schema\/logo\/image\/","url":"https:\/\/www.trudi.com\/wp-content\/uploads\/2021\/05\/trudi-logo.svg","contentUrl":"https:\/\/www.trudi.com\/wp-content\/uploads\/2021\/05\/trudi-logo.svg","width":50,"height":50,"caption":"Trudi"},"image":{"@id":"https:\/\/www.trudi.com\/#\/schema\/logo\/image\/"}}]}},"_links":{"self":[{"href":"https:\/\/www.trudi.com\/de\/wp-json\/wp\/v2\/product\/272161"}],"collection":[{"href":"https:\/\/www.trudi.com\/de\/wp-json\/wp\/v2\/product"}],"about":[{"href":"https:\/\/www.trudi.com\/de\/wp-json\/wp\/v2\/types\/product"}],"wp:featuredmedia":[{"embeddable":true,"href":"https:\/\/www.trudi.com\/de\/wp-json\/wp\/v2\/media\/273850"}],"wp:attachment":[{"href":"https:\/\/www.trudi.com\/de\/wp-json\/wp\/v2\/media?parent=272161"}],"wp:term":[{"taxonomy":"product_cat","embeddable":true,"href":"https:\/\/www.trudi.com\/de\/wp-json\/wp\/v2\/product_cat?post=272161"},{"taxonomy":"product_tag","embeddable":true,"href":"https:\/\/www.trudi.com\/de\/wp-json\/wp\/v2\/product_tag?post=272161"}],"curies":[{"name":"wp","href":"https:\/\/api.w.org\/{rel}","templated":true}]}}