
{"id":272070,"date":"2025-10-23T17:21:22","date_gmt":"2025-10-23T15:21:22","guid":{"rendered":"https:\/\/www.trudi.com\/prodotto\/hund-animalier-fashion-bag\/"},"modified":"2025-10-23T17:21:22","modified_gmt":"2025-10-23T15:21:22","slug":"hund-animalier-fashion-bag","status":"publish","type":"product","link":"https:\/\/www.trudi.com\/de\/prodotto\/hund-animalier-fashion-bag\/","title":{"rendered":"Hund Animalier Fashion Bag"},"content":{"rendered":"<p>Die bekanntesten Hunde und Katzen von Trudi wurden mit austauschbaren Kleidern ausgestattet: R\u00fcschen und Glitzer d\u00fcrfen dabei nat\u00fcrlich nicht fehlen!<\/p>\n<p>Trudi Fashion Bags, um sich trendy und modisch zu f\u00fchlen, ohne auf Romantik zu verzichten. Hier sind die neuen Handtaschen und mit ihnen die neuen Welpen. Jede Tasche hat einen einzigartigen Stil und ist mit B\u00e4ndern und kostbaren Stickereien verziert.<\/p>\n<p>&nbsp;<\/p>\n","protected":false},"excerpt":{"rendered":"<p>Die bekanntesten Hunde und Katzen von Trudi wurden mit austauschbaren Kleidern ausgestattet: R\u00fcschen und Glitzer d\u00fcrfen dabei nat\u00fcrlich nicht fehlen!<\/p>\n","protected":false},"featured_media":271264,"template":"","meta":[],"product_cat":[416,439],"product_tag":[349],"acf":[],"yoast_head":"<!-- This site is optimized with the Yoast SEO plugin v21.9 - https:\/\/yoast.com\/wordpress\/plugins\/seo\/ -->\n<title>Hund Animalier Fashion Bag - Trudi<\/title>\n<meta name=\"description\" content=\"Die bekanntesten Hunde und Katzen von Trudi wurden mit austauschbaren Kleidern ausgestattet: R\u00fcschen und Glitzer d\u00fcrfen dabei nat\u00fcrlich nicht fehlen!\" \/>\n<meta name=\"robots\" content=\"index, follow, max-snippet:-1, max-image-preview:large, max-video-preview:-1\" \/>\n<link rel=\"canonical\" href=\"https:\/\/www.trudi.com\/de\/prodotto\/cane-animalier-fashion-bag\/\" \/>\n<meta property=\"og:locale\" content=\"de_DE\" \/>\n<meta property=\"og:type\" content=\"article\" \/>\n<meta property=\"og:title\" content=\"Hund Animalier Fashion Bag - Trudi\" \/>\n<meta property=\"og:description\" content=\"Die bekanntesten Hunde und Katzen von Trudi wurden mit austauschbaren Kleidern ausgestattet: R\u00fcschen und Glitzer d\u00fcrfen dabei nat\u00fcrlich nicht fehlen!\" \/>\n<meta property=\"og:url\" content=\"https:\/\/www.trudi.com\/prodotto\/cane-animalier-fashion-bag\/\" \/>\n<meta property=\"og:site_name\" content=\"Trudi\" \/>\n<meta property=\"og:image\" content=\"https:\/\/www.trudi.com\/wp-content\/uploads\/2025\/10\/56080-C-scaled.jpg\" \/>\n\t<meta property=\"og:image:width\" content=\"2560\" \/>\n\t<meta property=\"og:image:height\" content=\"1707\" \/>\n\t<meta property=\"og:image:type\" content=\"image\/jpeg\" \/>\n<meta name=\"twitter:card\" content=\"summary_large_image\" \/>\n<script type=\"application\/ld+json\" class=\"yoast-schema-graph\">{\"@context\":\"https:\/\/schema.org\",\"@graph\":[{\"@type\":\"WebPage\",\"@id\":\"https:\/\/www.trudi.com\/prodotto\/cane-animalier-fashion-bag\/\",\"url\":\"https:\/\/www.trudi.com\/prodotto\/cane-animalier-fashion-bag\/\",\"name\":\"Hund Animalier Fashion Bag - Trudi\",\"isPartOf\":{\"@id\":\"https:\/\/www.trudi.com\/#website\"},\"datePublished\":\"2025-10-23T15:21:22+00:00\",\"dateModified\":\"2025-10-23T15:21:22+00:00\",\"description\":\"Die bekanntesten Hunde und Katzen von Trudi wurden mit austauschbaren Kleidern ausgestattet: R\u00fcschen und Glitzer d\u00fcrfen dabei nat\u00fcrlich nicht fehlen!\",\"breadcrumb\":{\"@id\":\"https:\/\/www.trudi.com\/prodotto\/cane-animalier-fashion-bag\/#breadcrumb\"},\"inLanguage\":\"de-DE\",\"potentialAction\":[{\"@type\":\"ReadAction\",\"target\":[\"https:\/\/www.trudi.com\/prodotto\/cane-animalier-fashion-bag\/\"]}]},{\"@type\":\"BreadcrumbList\",\"@id\":\"https:\/\/www.trudi.com\/prodotto\/cane-animalier-fashion-bag\/#breadcrumb\",\"itemListElement\":[{\"@type\":\"ListItem\",\"position\":1,\"name\":\"Shop\",\"item\":\"https:\/\/www.trudi.com\/negozio\/\"},{\"@type\":\"ListItem\",\"position\":2,\"name\":\"Hund Animalier Fashion Bag\"}]},{\"@type\":\"WebSite\",\"@id\":\"https:\/\/www.trudi.com\/#website\",\"url\":\"https:\/\/www.trudi.com\/\",\"name\":\"Trudi\",\"description\":\"Peluche e Giochi in Legno\",\"publisher\":{\"@id\":\"https:\/\/www.trudi.com\/#organization\"},\"potentialAction\":[{\"@type\":\"SearchAction\",\"target\":{\"@type\":\"EntryPoint\",\"urlTemplate\":\"https:\/\/www.trudi.com\/?s={search_term_string}\"},\"query-input\":\"required name=search_term_string\"}],\"inLanguage\":\"de-DE\"},{\"@type\":\"Organization\",\"@id\":\"https:\/\/www.trudi.com\/#organization\",\"name\":\"Trudi\",\"url\":\"https:\/\/www.trudi.com\/\",\"logo\":{\"@type\":\"ImageObject\",\"inLanguage\":\"de-DE\",\"@id\":\"https:\/\/www.trudi.com\/#\/schema\/logo\/image\/\",\"url\":\"https:\/\/www.trudi.com\/wp-content\/uploads\/2021\/05\/trudi-logo.svg\",\"contentUrl\":\"https:\/\/www.trudi.com\/wp-content\/uploads\/2021\/05\/trudi-logo.svg\",\"width\":50,\"height\":50,\"caption\":\"Trudi\"},\"image\":{\"@id\":\"https:\/\/www.trudi.com\/#\/schema\/logo\/image\/\"}}]}<\/script>\n<!-- \/ Yoast SEO plugin. -->","yoast_head_json":{"title":"Hund Animalier Fashion Bag - Trudi","description":"Die bekanntesten Hunde und Katzen von Trudi wurden mit austauschbaren Kleidern ausgestattet: R\u00fcschen und Glitzer d\u00fcrfen dabei nat\u00fcrlich nicht fehlen!","robots":{"index":"index","follow":"follow","max-snippet":"max-snippet:-1","max-image-preview":"max-image-preview:large","max-video-preview":"max-video-preview:-1"},"canonical":"https:\/\/www.trudi.com\/de\/prodotto\/cane-animalier-fashion-bag\/","og_locale":"de_DE","og_type":"article","og_title":"Hund Animalier Fashion Bag - Trudi","og_description":"Die bekanntesten Hunde und Katzen von Trudi wurden mit austauschbaren Kleidern ausgestattet: R\u00fcschen und Glitzer d\u00fcrfen dabei nat\u00fcrlich nicht fehlen!","og_url":"https:\/\/www.trudi.com\/prodotto\/cane-animalier-fashion-bag\/","og_site_name":"Trudi","og_image":[{"width":2560,"height":1707,"url":"https:\/\/www.trudi.com\/wp-content\/uploads\/2025\/10\/56080-C-scaled.jpg","type":"image\/jpeg"}],"twitter_card":"summary_large_image","schema":{"@context":"https:\/\/schema.org","@graph":[{"@type":"WebPage","@id":"https:\/\/www.trudi.com\/prodotto\/cane-animalier-fashion-bag\/","url":"https:\/\/www.trudi.com\/prodotto\/cane-animalier-fashion-bag\/","name":"Hund Animalier Fashion Bag - Trudi","isPartOf":{"@id":"https:\/\/www.trudi.com\/#website"},"datePublished":"2025-10-23T15:21:22+00:00","dateModified":"2025-10-23T15:21:22+00:00","description":"Die bekanntesten Hunde und Katzen von Trudi wurden mit austauschbaren Kleidern ausgestattet: R\u00fcschen und Glitzer d\u00fcrfen dabei nat\u00fcrlich nicht fehlen!","breadcrumb":{"@id":"https:\/\/www.trudi.com\/prodotto\/cane-animalier-fashion-bag\/#breadcrumb"},"inLanguage":"de-DE","potentialAction":[{"@type":"ReadAction","target":["https:\/\/www.trudi.com\/prodotto\/cane-animalier-fashion-bag\/"]}]},{"@type":"BreadcrumbList","@id":"https:\/\/www.trudi.com\/prodotto\/cane-animalier-fashion-bag\/#breadcrumb","itemListElement":[{"@type":"ListItem","position":1,"name":"Shop","item":"https:\/\/www.trudi.com\/negozio\/"},{"@type":"ListItem","position":2,"name":"Hund Animalier Fashion Bag"}]},{"@type":"WebSite","@id":"https:\/\/www.trudi.com\/#website","url":"https:\/\/www.trudi.com\/","name":"Trudi","description":"Peluche e Giochi in Legno","publisher":{"@id":"https:\/\/www.trudi.com\/#organization"},"potentialAction":[{"@type":"SearchAction","target":{"@type":"EntryPoint","urlTemplate":"https:\/\/www.trudi.com\/?s={search_term_string}"},"query-input":"required name=search_term_string"}],"inLanguage":"de-DE"},{"@type":"Organization","@id":"https:\/\/www.trudi.com\/#organization","name":"Trudi","url":"https:\/\/www.trudi.com\/","logo":{"@type":"ImageObject","inLanguage":"de-DE","@id":"https:\/\/www.trudi.com\/#\/schema\/logo\/image\/","url":"https:\/\/www.trudi.com\/wp-content\/uploads\/2021\/05\/trudi-logo.svg","contentUrl":"https:\/\/www.trudi.com\/wp-content\/uploads\/2021\/05\/trudi-logo.svg","width":50,"height":50,"caption":"Trudi"},"image":{"@id":"https:\/\/www.trudi.com\/#\/schema\/logo\/image\/"}}]}},"_links":{"self":[{"href":"https:\/\/www.trudi.com\/de\/wp-json\/wp\/v2\/product\/272070"}],"collection":[{"href":"https:\/\/www.trudi.com\/de\/wp-json\/wp\/v2\/product"}],"about":[{"href":"https:\/\/www.trudi.com\/de\/wp-json\/wp\/v2\/types\/product"}],"wp:featuredmedia":[{"embeddable":true,"href":"https:\/\/www.trudi.com\/de\/wp-json\/wp\/v2\/media\/271264"}],"wp:attachment":[{"href":"https:\/\/www.trudi.com\/de\/wp-json\/wp\/v2\/media?parent=272070"}],"wp:term":[{"taxonomy":"product_cat","embeddable":true,"href":"https:\/\/www.trudi.com\/de\/wp-json\/wp\/v2\/product_cat?post=272070"},{"taxonomy":"product_tag","embeddable":true,"href":"https:\/\/www.trudi.com\/de\/wp-json\/wp\/v2\/product_tag?post=272070"}],"curies":[{"name":"wp","href":"https:\/\/api.w.org\/{rel}","templated":true}]}}