
{"id":272066,"date":"2025-10-23T17:16:01","date_gmt":"2025-10-23T15:16:01","guid":{"rendered":"https:\/\/www.trudi.com\/prodotto\/schwein-zack\/"},"modified":"2025-10-23T17:16:01","modified_gmt":"2025-10-23T15:16:01","slug":"schwein-zack","status":"publish","type":"product","link":"https:\/\/www.trudi.com\/de\/prodotto\/schwein-zack\/","title":{"rendered":"Schwein Zack"},"content":{"rendered":"<p>Zack, das Trudi-Schweinchen, ist gekommen, um dir ein L\u00e4cheln (und vielleicht auch eine Karotte) zu stehlen! Mit seinem lustigen Schnauzchen und seiner unwiderstehlichen Weichheit ist dieses Pl\u00fcschschwein der perfekte Begleiter f\u00fcr Gro\u00df und Klein. Es geh\u00f6rt zur Trudi-Kollektion \u201eBauernhoftiere\u201c und ist die ideale Geschenkidee f\u00fcr alle, die Niedlichkeit mit einem Hauch von Fr\u00f6hlichkeit lieben.<\/p>\n<p>&nbsp;<\/p>\n","protected":false},"excerpt":{"rendered":"<p>Zack, das Trudi-Schweinchen, ist gekommen, um dir ein L\u00e4cheln (und vielleicht auch eine Karotte) zu stehlen! Mit seinem lustigen Schnauzchen<\/p>\n","protected":false},"featured_media":271066,"template":"","meta":[],"product_cat":[413,337],"product_tag":[349],"acf":[],"yoast_head":"<!-- This site is optimized with the Yoast SEO plugin v21.9 - https:\/\/yoast.com\/wordpress\/plugins\/seo\/ -->\n<title>Schwein Zack - Trudi<\/title>\n<meta name=\"description\" content=\"Zack, das Trudi-Schweinchen, ist gekommen, um dir ein L\u00e4cheln (und vielleicht auch eine Karotte) zu stehlen!\" \/>\n<meta name=\"robots\" content=\"index, follow, max-snippet:-1, max-image-preview:large, max-video-preview:-1\" \/>\n<link rel=\"canonical\" href=\"https:\/\/www.trudi.com\/de\/prodotto\/maiale-zack\/\" \/>\n<meta property=\"og:locale\" content=\"de_DE\" \/>\n<meta property=\"og:type\" content=\"article\" \/>\n<meta property=\"og:title\" content=\"Schwein Zack - Trudi\" \/>\n<meta property=\"og:description\" content=\"Zack, das Trudi-Schweinchen, ist gekommen, um dir ein L\u00e4cheln (und vielleicht auch eine Karotte) zu stehlen!\" \/>\n<meta property=\"og:url\" content=\"https:\/\/www.trudi.com\/prodotto\/maiale-zack\/\" \/>\n<meta property=\"og:site_name\" content=\"Trudi\" \/>\n<meta property=\"og:image\" content=\"https:\/\/www.trudi.com\/wp-content\/uploads\/2025\/10\/28395-A-1.jpg\" \/>\n\t<meta property=\"og:image:width\" content=\"960\" \/>\n\t<meta property=\"og:image:height\" content=\"640\" \/>\n\t<meta property=\"og:image:type\" content=\"image\/jpeg\" \/>\n<meta name=\"twitter:card\" content=\"summary_large_image\" \/>\n<script type=\"application\/ld+json\" class=\"yoast-schema-graph\">{\"@context\":\"https:\/\/schema.org\",\"@graph\":[{\"@type\":\"WebPage\",\"@id\":\"https:\/\/www.trudi.com\/prodotto\/maiale-zack\/\",\"url\":\"https:\/\/www.trudi.com\/prodotto\/maiale-zack\/\",\"name\":\"Schwein Zack - Trudi\",\"isPartOf\":{\"@id\":\"https:\/\/www.trudi.com\/#website\"},\"datePublished\":\"2025-10-23T15:16:01+00:00\",\"dateModified\":\"2025-10-23T15:16:01+00:00\",\"description\":\"Zack, das Trudi-Schweinchen, ist gekommen, um dir ein L\u00e4cheln (und vielleicht auch eine Karotte) zu stehlen!\",\"breadcrumb\":{\"@id\":\"https:\/\/www.trudi.com\/prodotto\/maiale-zack\/#breadcrumb\"},\"inLanguage\":\"de-DE\",\"potentialAction\":[{\"@type\":\"ReadAction\",\"target\":[\"https:\/\/www.trudi.com\/prodotto\/maiale-zack\/\"]}]},{\"@type\":\"BreadcrumbList\",\"@id\":\"https:\/\/www.trudi.com\/prodotto\/maiale-zack\/#breadcrumb\",\"itemListElement\":[{\"@type\":\"ListItem\",\"position\":1,\"name\":\"Shop\",\"item\":\"https:\/\/www.trudi.com\/negozio\/\"},{\"@type\":\"ListItem\",\"position\":2,\"name\":\"Schwein Zack\"}]},{\"@type\":\"WebSite\",\"@id\":\"https:\/\/www.trudi.com\/#website\",\"url\":\"https:\/\/www.trudi.com\/\",\"name\":\"Trudi\",\"description\":\"Peluche e Giochi in Legno\",\"publisher\":{\"@id\":\"https:\/\/www.trudi.com\/#organization\"},\"potentialAction\":[{\"@type\":\"SearchAction\",\"target\":{\"@type\":\"EntryPoint\",\"urlTemplate\":\"https:\/\/www.trudi.com\/?s={search_term_string}\"},\"query-input\":\"required name=search_term_string\"}],\"inLanguage\":\"de-DE\"},{\"@type\":\"Organization\",\"@id\":\"https:\/\/www.trudi.com\/#organization\",\"name\":\"Trudi\",\"url\":\"https:\/\/www.trudi.com\/\",\"logo\":{\"@type\":\"ImageObject\",\"inLanguage\":\"de-DE\",\"@id\":\"https:\/\/www.trudi.com\/#\/schema\/logo\/image\/\",\"url\":\"https:\/\/www.trudi.com\/wp-content\/uploads\/2021\/05\/trudi-logo.svg\",\"contentUrl\":\"https:\/\/www.trudi.com\/wp-content\/uploads\/2021\/05\/trudi-logo.svg\",\"width\":50,\"height\":50,\"caption\":\"Trudi\"},\"image\":{\"@id\":\"https:\/\/www.trudi.com\/#\/schema\/logo\/image\/\"}}]}<\/script>\n<!-- \/ Yoast SEO plugin. -->","yoast_head_json":{"title":"Schwein Zack - Trudi","description":"Zack, das Trudi-Schweinchen, ist gekommen, um dir ein L\u00e4cheln (und vielleicht auch eine Karotte) zu stehlen!","robots":{"index":"index","follow":"follow","max-snippet":"max-snippet:-1","max-image-preview":"max-image-preview:large","max-video-preview":"max-video-preview:-1"},"canonical":"https:\/\/www.trudi.com\/de\/prodotto\/maiale-zack\/","og_locale":"de_DE","og_type":"article","og_title":"Schwein Zack - Trudi","og_description":"Zack, das Trudi-Schweinchen, ist gekommen, um dir ein L\u00e4cheln (und vielleicht auch eine Karotte) zu stehlen!","og_url":"https:\/\/www.trudi.com\/prodotto\/maiale-zack\/","og_site_name":"Trudi","og_image":[{"width":960,"height":640,"url":"https:\/\/www.trudi.com\/wp-content\/uploads\/2025\/10\/28395-A-1.jpg","type":"image\/jpeg"}],"twitter_card":"summary_large_image","schema":{"@context":"https:\/\/schema.org","@graph":[{"@type":"WebPage","@id":"https:\/\/www.trudi.com\/prodotto\/maiale-zack\/","url":"https:\/\/www.trudi.com\/prodotto\/maiale-zack\/","name":"Schwein Zack - Trudi","isPartOf":{"@id":"https:\/\/www.trudi.com\/#website"},"datePublished":"2025-10-23T15:16:01+00:00","dateModified":"2025-10-23T15:16:01+00:00","description":"Zack, das Trudi-Schweinchen, ist gekommen, um dir ein L\u00e4cheln (und vielleicht auch eine Karotte) zu stehlen!","breadcrumb":{"@id":"https:\/\/www.trudi.com\/prodotto\/maiale-zack\/#breadcrumb"},"inLanguage":"de-DE","potentialAction":[{"@type":"ReadAction","target":["https:\/\/www.trudi.com\/prodotto\/maiale-zack\/"]}]},{"@type":"BreadcrumbList","@id":"https:\/\/www.trudi.com\/prodotto\/maiale-zack\/#breadcrumb","itemListElement":[{"@type":"ListItem","position":1,"name":"Shop","item":"https:\/\/www.trudi.com\/negozio\/"},{"@type":"ListItem","position":2,"name":"Schwein Zack"}]},{"@type":"WebSite","@id":"https:\/\/www.trudi.com\/#website","url":"https:\/\/www.trudi.com\/","name":"Trudi","description":"Peluche e Giochi in Legno","publisher":{"@id":"https:\/\/www.trudi.com\/#organization"},"potentialAction":[{"@type":"SearchAction","target":{"@type":"EntryPoint","urlTemplate":"https:\/\/www.trudi.com\/?s={search_term_string}"},"query-input":"required name=search_term_string"}],"inLanguage":"de-DE"},{"@type":"Organization","@id":"https:\/\/www.trudi.com\/#organization","name":"Trudi","url":"https:\/\/www.trudi.com\/","logo":{"@type":"ImageObject","inLanguage":"de-DE","@id":"https:\/\/www.trudi.com\/#\/schema\/logo\/image\/","url":"https:\/\/www.trudi.com\/wp-content\/uploads\/2021\/05\/trudi-logo.svg","contentUrl":"https:\/\/www.trudi.com\/wp-content\/uploads\/2021\/05\/trudi-logo.svg","width":50,"height":50,"caption":"Trudi"},"image":{"@id":"https:\/\/www.trudi.com\/#\/schema\/logo\/image\/"}}]}},"_links":{"self":[{"href":"https:\/\/www.trudi.com\/de\/wp-json\/wp\/v2\/product\/272066"}],"collection":[{"href":"https:\/\/www.trudi.com\/de\/wp-json\/wp\/v2\/product"}],"about":[{"href":"https:\/\/www.trudi.com\/de\/wp-json\/wp\/v2\/types\/product"}],"wp:featuredmedia":[{"embeddable":true,"href":"https:\/\/www.trudi.com\/de\/wp-json\/wp\/v2\/media\/271066"}],"wp:attachment":[{"href":"https:\/\/www.trudi.com\/de\/wp-json\/wp\/v2\/media?parent=272066"}],"wp:term":[{"taxonomy":"product_cat","embeddable":true,"href":"https:\/\/www.trudi.com\/de\/wp-json\/wp\/v2\/product_cat?post=272066"},{"taxonomy":"product_tag","embeddable":true,"href":"https:\/\/www.trudi.com\/de\/wp-json\/wp\/v2\/product_tag?post=272066"}],"curies":[{"name":"wp","href":"https:\/\/api.w.org\/{rel}","templated":true}]}}