
{"id":272038,"date":"2025-10-23T12:22:54","date_gmt":"2025-10-23T10:22:54","guid":{"rendered":"https:\/\/www.trudi.com\/prodotto\/trudino-weihnachtsmaus\/"},"modified":"2025-10-23T12:22:54","modified_gmt":"2025-10-23T10:22:54","slug":"trudino-weihnachtsmaus","status":"publish","type":"product","link":"https:\/\/www.trudi.com\/de\/prodotto\/trudino-weihnachtsmaus\/","title":{"rendered":"Trudino Weihnachtsmaus"},"content":{"rendered":"<p>Dieses Jahr wird der Weihnachtsbaum ganz kuschelig! Die Weihnachtspl\u00fcschtiere von Trudi kommen festlich gekleidet: Da ist der Dackel mit M\u00fctze, der knuddelige Weihnachtsmann, der elegante B\u00e4r und die Maus, die bereit ist, Geschenke auszupacken. Perfekt als Dekoration oder als Geschenk, das selbst den Grinch zum Staunen bringt. Mit Trudi wird Weihnachten kuscheliger denn je!<\/p>\n","protected":false},"excerpt":{"rendered":"<p>Dieses Jahr wird der Weihnachtsbaum ganz kuschelig! Die Weihnachtspl\u00fcschtiere von Trudi kommen festlich gekleidet: Da ist der Dackel mit M\u00fctze,<\/p>\n","protected":false},"featured_media":271340,"template":"","meta":[],"product_cat":[768,768,393,659],"product_tag":[349,349],"acf":[],"yoast_head":"<!-- This site is optimized with the Yoast SEO plugin v21.9 - https:\/\/yoast.com\/wordpress\/plugins\/seo\/ -->\n<title>Trudino Weihnachtsmaus - Trudi<\/title>\n<meta name=\"description\" content=\"Die Weihnachtspl\u00fcschtiere von Trudi kommen festlich gekleidet: Da ist der Dackel mit M\u00fctze, der knuddelige Weihnachtsmann, der elegante B\u00e4r und die Maus, die bereit ist, Geschenke auszupacken.\" \/>\n<meta name=\"robots\" content=\"index, follow, max-snippet:-1, max-image-preview:large, max-video-preview:-1\" \/>\n<link rel=\"canonical\" href=\"https:\/\/www.trudi.com\/de\/prodotto\/trudino-topo-di-natale\/\" \/>\n<meta property=\"og:locale\" content=\"de_DE\" \/>\n<meta property=\"og:type\" content=\"article\" \/>\n<meta property=\"og:title\" content=\"Trudino Weihnachtsmaus - Trudi\" \/>\n<meta property=\"og:description\" content=\"Die Weihnachtspl\u00fcschtiere von Trudi kommen festlich gekleidet: Da ist der Dackel mit M\u00fctze, der knuddelige Weihnachtsmann, der elegante B\u00e4r und die Maus, die bereit ist, Geschenke auszupacken.\" \/>\n<meta property=\"og:url\" content=\"https:\/\/www.trudi.com\/prodotto\/trudino-topo-di-natale\/\" \/>\n<meta property=\"og:site_name\" content=\"Trudi\" \/>\n<meta property=\"og:image\" content=\"https:\/\/www.trudi.com\/wp-content\/uploads\/2025\/10\/55571-A.jpg\" \/>\n\t<meta property=\"og:image:width\" content=\"960\" \/>\n\t<meta property=\"og:image:height\" content=\"640\" \/>\n\t<meta property=\"og:image:type\" content=\"image\/jpeg\" \/>\n<meta name=\"twitter:card\" content=\"summary_large_image\" \/>\n<script type=\"application\/ld+json\" class=\"yoast-schema-graph\">{\"@context\":\"https:\/\/schema.org\",\"@graph\":[{\"@type\":\"WebPage\",\"@id\":\"https:\/\/www.trudi.com\/prodotto\/trudino-topo-di-natale\/\",\"url\":\"https:\/\/www.trudi.com\/prodotto\/trudino-topo-di-natale\/\",\"name\":\"Trudino Weihnachtsmaus - Trudi\",\"isPartOf\":{\"@id\":\"https:\/\/www.trudi.com\/#website\"},\"datePublished\":\"2025-10-23T10:22:54+00:00\",\"dateModified\":\"2025-10-23T10:22:54+00:00\",\"description\":\"Die Weihnachtspl\u00fcschtiere von Trudi kommen festlich gekleidet: Da ist der Dackel mit M\u00fctze, der knuddelige Weihnachtsmann, der elegante B\u00e4r und die Maus, die bereit ist, Geschenke auszupacken.\",\"breadcrumb\":{\"@id\":\"https:\/\/www.trudi.com\/prodotto\/trudino-topo-di-natale\/#breadcrumb\"},\"inLanguage\":\"de-DE\",\"potentialAction\":[{\"@type\":\"ReadAction\",\"target\":[\"https:\/\/www.trudi.com\/prodotto\/trudino-topo-di-natale\/\"]}]},{\"@type\":\"BreadcrumbList\",\"@id\":\"https:\/\/www.trudi.com\/prodotto\/trudino-topo-di-natale\/#breadcrumb\",\"itemListElement\":[{\"@type\":\"ListItem\",\"position\":1,\"name\":\"Shop\",\"item\":\"https:\/\/www.trudi.com\/negozio\/\"},{\"@type\":\"ListItem\",\"position\":2,\"name\":\"Trudino Weihnachtsmaus\"}]},{\"@type\":\"WebSite\",\"@id\":\"https:\/\/www.trudi.com\/#website\",\"url\":\"https:\/\/www.trudi.com\/\",\"name\":\"Trudi\",\"description\":\"Peluche e Giochi in Legno\",\"publisher\":{\"@id\":\"https:\/\/www.trudi.com\/#organization\"},\"potentialAction\":[{\"@type\":\"SearchAction\",\"target\":{\"@type\":\"EntryPoint\",\"urlTemplate\":\"https:\/\/www.trudi.com\/?s={search_term_string}\"},\"query-input\":\"required name=search_term_string\"}],\"inLanguage\":\"de-DE\"},{\"@type\":\"Organization\",\"@id\":\"https:\/\/www.trudi.com\/#organization\",\"name\":\"Trudi\",\"url\":\"https:\/\/www.trudi.com\/\",\"logo\":{\"@type\":\"ImageObject\",\"inLanguage\":\"de-DE\",\"@id\":\"https:\/\/www.trudi.com\/#\/schema\/logo\/image\/\",\"url\":\"https:\/\/www.trudi.com\/wp-content\/uploads\/2021\/05\/trudi-logo.svg\",\"contentUrl\":\"https:\/\/www.trudi.com\/wp-content\/uploads\/2021\/05\/trudi-logo.svg\",\"width\":50,\"height\":50,\"caption\":\"Trudi\"},\"image\":{\"@id\":\"https:\/\/www.trudi.com\/#\/schema\/logo\/image\/\"}}]}<\/script>\n<!-- \/ Yoast SEO plugin. -->","yoast_head_json":{"title":"Trudino Weihnachtsmaus - Trudi","description":"Die Weihnachtspl\u00fcschtiere von Trudi kommen festlich gekleidet: Da ist der Dackel mit M\u00fctze, der knuddelige Weihnachtsmann, der elegante B\u00e4r und die Maus, die bereit ist, Geschenke auszupacken.","robots":{"index":"index","follow":"follow","max-snippet":"max-snippet:-1","max-image-preview":"max-image-preview:large","max-video-preview":"max-video-preview:-1"},"canonical":"https:\/\/www.trudi.com\/de\/prodotto\/trudino-topo-di-natale\/","og_locale":"de_DE","og_type":"article","og_title":"Trudino Weihnachtsmaus - Trudi","og_description":"Die Weihnachtspl\u00fcschtiere von Trudi kommen festlich gekleidet: Da ist der Dackel mit M\u00fctze, der knuddelige Weihnachtsmann, der elegante B\u00e4r und die Maus, die bereit ist, Geschenke auszupacken.","og_url":"https:\/\/www.trudi.com\/prodotto\/trudino-topo-di-natale\/","og_site_name":"Trudi","og_image":[{"width":960,"height":640,"url":"https:\/\/www.trudi.com\/wp-content\/uploads\/2025\/10\/55571-A.jpg","type":"image\/jpeg"}],"twitter_card":"summary_large_image","schema":{"@context":"https:\/\/schema.org","@graph":[{"@type":"WebPage","@id":"https:\/\/www.trudi.com\/prodotto\/trudino-topo-di-natale\/","url":"https:\/\/www.trudi.com\/prodotto\/trudino-topo-di-natale\/","name":"Trudino Weihnachtsmaus - Trudi","isPartOf":{"@id":"https:\/\/www.trudi.com\/#website"},"datePublished":"2025-10-23T10:22:54+00:00","dateModified":"2025-10-23T10:22:54+00:00","description":"Die Weihnachtspl\u00fcschtiere von Trudi kommen festlich gekleidet: Da ist der Dackel mit M\u00fctze, der knuddelige Weihnachtsmann, der elegante B\u00e4r und die Maus, die bereit ist, Geschenke auszupacken.","breadcrumb":{"@id":"https:\/\/www.trudi.com\/prodotto\/trudino-topo-di-natale\/#breadcrumb"},"inLanguage":"de-DE","potentialAction":[{"@type":"ReadAction","target":["https:\/\/www.trudi.com\/prodotto\/trudino-topo-di-natale\/"]}]},{"@type":"BreadcrumbList","@id":"https:\/\/www.trudi.com\/prodotto\/trudino-topo-di-natale\/#breadcrumb","itemListElement":[{"@type":"ListItem","position":1,"name":"Shop","item":"https:\/\/www.trudi.com\/negozio\/"},{"@type":"ListItem","position":2,"name":"Trudino Weihnachtsmaus"}]},{"@type":"WebSite","@id":"https:\/\/www.trudi.com\/#website","url":"https:\/\/www.trudi.com\/","name":"Trudi","description":"Peluche e Giochi in Legno","publisher":{"@id":"https:\/\/www.trudi.com\/#organization"},"potentialAction":[{"@type":"SearchAction","target":{"@type":"EntryPoint","urlTemplate":"https:\/\/www.trudi.com\/?s={search_term_string}"},"query-input":"required name=search_term_string"}],"inLanguage":"de-DE"},{"@type":"Organization","@id":"https:\/\/www.trudi.com\/#organization","name":"Trudi","url":"https:\/\/www.trudi.com\/","logo":{"@type":"ImageObject","inLanguage":"de-DE","@id":"https:\/\/www.trudi.com\/#\/schema\/logo\/image\/","url":"https:\/\/www.trudi.com\/wp-content\/uploads\/2021\/05\/trudi-logo.svg","contentUrl":"https:\/\/www.trudi.com\/wp-content\/uploads\/2021\/05\/trudi-logo.svg","width":50,"height":50,"caption":"Trudi"},"image":{"@id":"https:\/\/www.trudi.com\/#\/schema\/logo\/image\/"}}]}},"_links":{"self":[{"href":"https:\/\/www.trudi.com\/de\/wp-json\/wp\/v2\/product\/272038"}],"collection":[{"href":"https:\/\/www.trudi.com\/de\/wp-json\/wp\/v2\/product"}],"about":[{"href":"https:\/\/www.trudi.com\/de\/wp-json\/wp\/v2\/types\/product"}],"wp:featuredmedia":[{"embeddable":true,"href":"https:\/\/www.trudi.com\/de\/wp-json\/wp\/v2\/media\/271340"}],"wp:attachment":[{"href":"https:\/\/www.trudi.com\/de\/wp-json\/wp\/v2\/media?parent=272038"}],"wp:term":[{"taxonomy":"product_cat","embeddable":true,"href":"https:\/\/www.trudi.com\/de\/wp-json\/wp\/v2\/product_cat?post=272038"},{"taxonomy":"product_tag","embeddable":true,"href":"https:\/\/www.trudi.com\/de\/wp-json\/wp\/v2\/product_tag?post=272038"}],"curies":[{"name":"wp","href":"https:\/\/api.w.org\/{rel}","templated":true}]}}