
{"id":272016,"date":"2025-10-23T10:41:35","date_gmt":"2025-10-23T08:41:35","guid":{"rendered":"https:\/\/www.trudi.com\/prodotto\/marionette-pferde\/"},"modified":"2025-10-23T10:41:35","modified_gmt":"2025-10-23T08:41:35","slug":"marionette-pferde","status":"publish","type":"product","link":"https:\/\/www.trudi.com\/de\/prodotto\/marionette-pferde\/","title":{"rendered":"Marionette Pferde"},"content":{"rendered":"<p>Sie sprechen, sie bewegen sich &#8230; und sie verlangen keine Kekse! Die neuen Pl\u00fcschmarionetten von Trudi sind Pl\u00fcschtiere mit Superkr\u00e4ften: Sie bewegen Mund und Beine, um lustige Geschichten zum Leben zu erwecken! Sie eignen sich perfekt zum Spielen oder als niedliche Dekoration und sind das ideale Geschenk f\u00fcr Gro\u00df und Klein. Mit Trudi ist jede Marionette ein Star des Theaters &#8230; auf dem Sofa!<\/p>\n","protected":false},"excerpt":{"rendered":"<p>Sie sprechen, sie bewegen sich &#8230; und sie verlangen keine Kekse! Die neuen Pl\u00fcschmarionetten von Trudi sind Pl\u00fcschtiere mit Superkr\u00e4ften:<\/p>\n","protected":false},"featured_media":271578,"template":"","meta":[],"product_cat":[413,442],"product_tag":[349],"acf":[],"yoast_head":"<!-- This site is optimized with the Yoast SEO plugin v21.9 - https:\/\/yoast.com\/wordpress\/plugins\/seo\/ -->\n<title>Marionette Pferde - Trudi<\/title>\n<meta name=\"description\" content=\"Die neuen Pl\u00fcschmarionetten von Trudi sind Pl\u00fcschtiere mit Superkr\u00e4ften: Sie bewegen Mund und Beine, um lustige Geschichten zum Leben zu erwecken!\" \/>\n<meta name=\"robots\" content=\"index, follow, max-snippet:-1, max-image-preview:large, max-video-preview:-1\" \/>\n<link rel=\"canonical\" href=\"https:\/\/www.trudi.com\/de\/prodotto\/marionetta-cavallo\/\" \/>\n<meta property=\"og:locale\" content=\"de_DE\" \/>\n<meta property=\"og:type\" content=\"article\" \/>\n<meta property=\"og:title\" content=\"Marionette Pferde - Trudi\" \/>\n<meta property=\"og:description\" content=\"Die neuen Pl\u00fcschmarionetten von Trudi sind Pl\u00fcschtiere mit Superkr\u00e4ften: Sie bewegen Mund und Beine, um lustige Geschichten zum Leben zu erwecken!\" \/>\n<meta property=\"og:url\" content=\"https:\/\/www.trudi.com\/prodotto\/marionetta-cavallo\/\" \/>\n<meta property=\"og:site_name\" content=\"Trudi\" \/>\n<meta property=\"og:image\" content=\"https:\/\/www.trudi.com\/wp-content\/uploads\/2025\/10\/28391-A.jpg\" \/>\n\t<meta property=\"og:image:width\" content=\"960\" \/>\n\t<meta property=\"og:image:height\" content=\"640\" \/>\n\t<meta property=\"og:image:type\" content=\"image\/jpeg\" \/>\n<meta name=\"twitter:card\" content=\"summary_large_image\" \/>\n<script type=\"application\/ld+json\" class=\"yoast-schema-graph\">{\"@context\":\"https:\/\/schema.org\",\"@graph\":[{\"@type\":\"WebPage\",\"@id\":\"https:\/\/www.trudi.com\/prodotto\/marionetta-cavallo\/\",\"url\":\"https:\/\/www.trudi.com\/prodotto\/marionetta-cavallo\/\",\"name\":\"Marionette Pferde - Trudi\",\"isPartOf\":{\"@id\":\"https:\/\/www.trudi.com\/#website\"},\"datePublished\":\"2025-10-23T08:41:35+00:00\",\"dateModified\":\"2025-10-23T08:41:35+00:00\",\"description\":\"Die neuen Pl\u00fcschmarionetten von Trudi sind Pl\u00fcschtiere mit Superkr\u00e4ften: Sie bewegen Mund und Beine, um lustige Geschichten zum Leben zu erwecken!\",\"breadcrumb\":{\"@id\":\"https:\/\/www.trudi.com\/prodotto\/marionetta-cavallo\/#breadcrumb\"},\"inLanguage\":\"de-DE\",\"potentialAction\":[{\"@type\":\"ReadAction\",\"target\":[\"https:\/\/www.trudi.com\/prodotto\/marionetta-cavallo\/\"]}]},{\"@type\":\"BreadcrumbList\",\"@id\":\"https:\/\/www.trudi.com\/prodotto\/marionetta-cavallo\/#breadcrumb\",\"itemListElement\":[{\"@type\":\"ListItem\",\"position\":1,\"name\":\"Shop\",\"item\":\"https:\/\/www.trudi.com\/negozio\/\"},{\"@type\":\"ListItem\",\"position\":2,\"name\":\"Marionette Pferde\"}]},{\"@type\":\"WebSite\",\"@id\":\"https:\/\/www.trudi.com\/#website\",\"url\":\"https:\/\/www.trudi.com\/\",\"name\":\"Trudi\",\"description\":\"Peluche e Giochi in Legno\",\"publisher\":{\"@id\":\"https:\/\/www.trudi.com\/#organization\"},\"potentialAction\":[{\"@type\":\"SearchAction\",\"target\":{\"@type\":\"EntryPoint\",\"urlTemplate\":\"https:\/\/www.trudi.com\/?s={search_term_string}\"},\"query-input\":\"required name=search_term_string\"}],\"inLanguage\":\"de-DE\"},{\"@type\":\"Organization\",\"@id\":\"https:\/\/www.trudi.com\/#organization\",\"name\":\"Trudi\",\"url\":\"https:\/\/www.trudi.com\/\",\"logo\":{\"@type\":\"ImageObject\",\"inLanguage\":\"de-DE\",\"@id\":\"https:\/\/www.trudi.com\/#\/schema\/logo\/image\/\",\"url\":\"https:\/\/www.trudi.com\/wp-content\/uploads\/2021\/05\/trudi-logo.svg\",\"contentUrl\":\"https:\/\/www.trudi.com\/wp-content\/uploads\/2021\/05\/trudi-logo.svg\",\"width\":50,\"height\":50,\"caption\":\"Trudi\"},\"image\":{\"@id\":\"https:\/\/www.trudi.com\/#\/schema\/logo\/image\/\"}}]}<\/script>\n<!-- \/ Yoast SEO plugin. -->","yoast_head_json":{"title":"Marionette Pferde - Trudi","description":"Die neuen Pl\u00fcschmarionetten von Trudi sind Pl\u00fcschtiere mit Superkr\u00e4ften: Sie bewegen Mund und Beine, um lustige Geschichten zum Leben zu erwecken!","robots":{"index":"index","follow":"follow","max-snippet":"max-snippet:-1","max-image-preview":"max-image-preview:large","max-video-preview":"max-video-preview:-1"},"canonical":"https:\/\/www.trudi.com\/de\/prodotto\/marionetta-cavallo\/","og_locale":"de_DE","og_type":"article","og_title":"Marionette Pferde - Trudi","og_description":"Die neuen Pl\u00fcschmarionetten von Trudi sind Pl\u00fcschtiere mit Superkr\u00e4ften: Sie bewegen Mund und Beine, um lustige Geschichten zum Leben zu erwecken!","og_url":"https:\/\/www.trudi.com\/prodotto\/marionetta-cavallo\/","og_site_name":"Trudi","og_image":[{"width":960,"height":640,"url":"https:\/\/www.trudi.com\/wp-content\/uploads\/2025\/10\/28391-A.jpg","type":"image\/jpeg"}],"twitter_card":"summary_large_image","schema":{"@context":"https:\/\/schema.org","@graph":[{"@type":"WebPage","@id":"https:\/\/www.trudi.com\/prodotto\/marionetta-cavallo\/","url":"https:\/\/www.trudi.com\/prodotto\/marionetta-cavallo\/","name":"Marionette Pferde - Trudi","isPartOf":{"@id":"https:\/\/www.trudi.com\/#website"},"datePublished":"2025-10-23T08:41:35+00:00","dateModified":"2025-10-23T08:41:35+00:00","description":"Die neuen Pl\u00fcschmarionetten von Trudi sind Pl\u00fcschtiere mit Superkr\u00e4ften: Sie bewegen Mund und Beine, um lustige Geschichten zum Leben zu erwecken!","breadcrumb":{"@id":"https:\/\/www.trudi.com\/prodotto\/marionetta-cavallo\/#breadcrumb"},"inLanguage":"de-DE","potentialAction":[{"@type":"ReadAction","target":["https:\/\/www.trudi.com\/prodotto\/marionetta-cavallo\/"]}]},{"@type":"BreadcrumbList","@id":"https:\/\/www.trudi.com\/prodotto\/marionetta-cavallo\/#breadcrumb","itemListElement":[{"@type":"ListItem","position":1,"name":"Shop","item":"https:\/\/www.trudi.com\/negozio\/"},{"@type":"ListItem","position":2,"name":"Marionette Pferde"}]},{"@type":"WebSite","@id":"https:\/\/www.trudi.com\/#website","url":"https:\/\/www.trudi.com\/","name":"Trudi","description":"Peluche e Giochi in Legno","publisher":{"@id":"https:\/\/www.trudi.com\/#organization"},"potentialAction":[{"@type":"SearchAction","target":{"@type":"EntryPoint","urlTemplate":"https:\/\/www.trudi.com\/?s={search_term_string}"},"query-input":"required name=search_term_string"}],"inLanguage":"de-DE"},{"@type":"Organization","@id":"https:\/\/www.trudi.com\/#organization","name":"Trudi","url":"https:\/\/www.trudi.com\/","logo":{"@type":"ImageObject","inLanguage":"de-DE","@id":"https:\/\/www.trudi.com\/#\/schema\/logo\/image\/","url":"https:\/\/www.trudi.com\/wp-content\/uploads\/2021\/05\/trudi-logo.svg","contentUrl":"https:\/\/www.trudi.com\/wp-content\/uploads\/2021\/05\/trudi-logo.svg","width":50,"height":50,"caption":"Trudi"},"image":{"@id":"https:\/\/www.trudi.com\/#\/schema\/logo\/image\/"}}]}},"_links":{"self":[{"href":"https:\/\/www.trudi.com\/de\/wp-json\/wp\/v2\/product\/272016"}],"collection":[{"href":"https:\/\/www.trudi.com\/de\/wp-json\/wp\/v2\/product"}],"about":[{"href":"https:\/\/www.trudi.com\/de\/wp-json\/wp\/v2\/types\/product"}],"wp:featuredmedia":[{"embeddable":true,"href":"https:\/\/www.trudi.com\/de\/wp-json\/wp\/v2\/media\/271578"}],"wp:attachment":[{"href":"https:\/\/www.trudi.com\/de\/wp-json\/wp\/v2\/media?parent=272016"}],"wp:term":[{"taxonomy":"product_cat","embeddable":true,"href":"https:\/\/www.trudi.com\/de\/wp-json\/wp\/v2\/product_cat?post=272016"},{"taxonomy":"product_tag","embeddable":true,"href":"https:\/\/www.trudi.com\/de\/wp-json\/wp\/v2\/product_tag?post=272016"}],"curies":[{"name":"wp","href":"https:\/\/api.w.org\/{rel}","templated":true}]}}