
{"id":268683,"date":"2025-07-10T15:11:03","date_gmt":"2025-07-10T13:11:03","guid":{"rendered":"https:\/\/www.trudi.com\/prodotto\/sweet-schnecke\/"},"modified":"2025-07-10T15:11:03","modified_gmt":"2025-07-10T13:11:03","slug":"sweet-schnecke","status":"publish","type":"product","link":"https:\/\/www.trudi.com\/de\/prodotto\/sweet-schnecke\/","title":{"rendered":"Sweet Schnecke"},"content":{"rendered":"<p>Um Sie am Valentinstag zum Verlieben zu bringen, wird es die brandneue Trudi Lumachina sein. Die zarten Rosat\u00f6ne und die s\u00fc\u00dfen Herzchen, mit denen sie geschm\u00fcckt ist, machen sie zu einem perfekten Gedanken voller Zuneigung.<\/p>\n<p>Was sie noch zarter macht, sind ihre zart geschlossenen Augen mit einem s\u00fc\u00dfen L\u00e4cheln und ein kleines rotes Herz anstelle ihrer Nase.<\/p>\n<p>Im Lieferumfang enthalten sind eine Karte f\u00fcr eine besondere Widmung und eine praktische Schleife, die Sie nach Belieben verwenden k\u00f6nnen.<\/p>\n","protected":false},"excerpt":{"rendered":"<p>Um Sie am Valentinstag zum Verlieben zu bringen, wird es die brandneue Trudi Lumachina sein. Die zarten Rosat\u00f6ne und die<\/p>\n","protected":false},"featured_media":248486,"template":"","meta":[],"product_cat":[404,884,719,768,723,385],"product_tag":[],"acf":[],"yoast_head":"<!-- This site is optimized with the Yoast SEO plugin v21.9 - https:\/\/yoast.com\/wordpress\/plugins\/seo\/ -->\n<title>Sweet Schnecke - Trudi<\/title>\n<meta name=\"robots\" content=\"index, follow, max-snippet:-1, max-image-preview:large, max-video-preview:-1\" \/>\n<link rel=\"canonical\" href=\"https:\/\/www.trudi.com\/de\/prodotto\/sweet-lumachina-2\/\" \/>\n<meta property=\"og:locale\" content=\"de_DE\" \/>\n<meta property=\"og:type\" content=\"article\" \/>\n<meta property=\"og:title\" content=\"Sweet Schnecke - Trudi\" \/>\n<meta property=\"og:description\" content=\"Um Sie am Valentinstag zum Verlieben zu bringen, wird es die brandneue Trudi Lumachina sein. Die zarten Rosat\u00f6ne und die\" \/>\n<meta property=\"og:url\" content=\"https:\/\/www.trudi.com\/prodotto\/sweet-lumachina-2\/\" \/>\n<meta property=\"og:site_name\" content=\"Trudi\" \/>\n<meta property=\"og:image\" content=\"https:\/\/www.trudi.com\/wp-content\/uploads\/2023\/12\/52241-A.jpg\" \/>\n\t<meta property=\"og:image:width\" content=\"1651\" \/>\n\t<meta property=\"og:image:height\" content=\"1651\" \/>\n\t<meta property=\"og:image:type\" content=\"image\/jpeg\" \/>\n<meta name=\"twitter:card\" content=\"summary_large_image\" \/>\n<script type=\"application\/ld+json\" class=\"yoast-schema-graph\">{\"@context\":\"https:\/\/schema.org\",\"@graph\":[{\"@type\":\"WebPage\",\"@id\":\"https:\/\/www.trudi.com\/prodotto\/sweet-lumachina-2\/\",\"url\":\"https:\/\/www.trudi.com\/prodotto\/sweet-lumachina-2\/\",\"name\":\"Sweet Schnecke - Trudi\",\"isPartOf\":{\"@id\":\"https:\/\/www.trudi.com\/#website\"},\"datePublished\":\"2025-07-10T13:11:03+00:00\",\"dateModified\":\"2025-07-10T13:11:03+00:00\",\"breadcrumb\":{\"@id\":\"https:\/\/www.trudi.com\/prodotto\/sweet-lumachina-2\/#breadcrumb\"},\"inLanguage\":\"de-DE\",\"potentialAction\":[{\"@type\":\"ReadAction\",\"target\":[\"https:\/\/www.trudi.com\/prodotto\/sweet-lumachina-2\/\"]}]},{\"@type\":\"BreadcrumbList\",\"@id\":\"https:\/\/www.trudi.com\/prodotto\/sweet-lumachina-2\/#breadcrumb\",\"itemListElement\":[{\"@type\":\"ListItem\",\"position\":1,\"name\":\"Shop\",\"item\":\"https:\/\/www.trudi.com\/negozio\/\"},{\"@type\":\"ListItem\",\"position\":2,\"name\":\"Sweet Schnecke\"}]},{\"@type\":\"WebSite\",\"@id\":\"https:\/\/www.trudi.com\/#website\",\"url\":\"https:\/\/www.trudi.com\/\",\"name\":\"Trudi\",\"description\":\"Peluche e Giochi in Legno\",\"publisher\":{\"@id\":\"https:\/\/www.trudi.com\/#organization\"},\"potentialAction\":[{\"@type\":\"SearchAction\",\"target\":{\"@type\":\"EntryPoint\",\"urlTemplate\":\"https:\/\/www.trudi.com\/?s={search_term_string}\"},\"query-input\":\"required name=search_term_string\"}],\"inLanguage\":\"de-DE\"},{\"@type\":\"Organization\",\"@id\":\"https:\/\/www.trudi.com\/#organization\",\"name\":\"Trudi\",\"url\":\"https:\/\/www.trudi.com\/\",\"logo\":{\"@type\":\"ImageObject\",\"inLanguage\":\"de-DE\",\"@id\":\"https:\/\/www.trudi.com\/#\/schema\/logo\/image\/\",\"url\":\"https:\/\/www.trudi.com\/wp-content\/uploads\/2021\/05\/trudi-logo.svg\",\"contentUrl\":\"https:\/\/www.trudi.com\/wp-content\/uploads\/2021\/05\/trudi-logo.svg\",\"width\":50,\"height\":50,\"caption\":\"Trudi\"},\"image\":{\"@id\":\"https:\/\/www.trudi.com\/#\/schema\/logo\/image\/\"}}]}<\/script>\n<!-- \/ Yoast SEO plugin. -->","yoast_head_json":{"title":"Sweet Schnecke - Trudi","robots":{"index":"index","follow":"follow","max-snippet":"max-snippet:-1","max-image-preview":"max-image-preview:large","max-video-preview":"max-video-preview:-1"},"canonical":"https:\/\/www.trudi.com\/de\/prodotto\/sweet-lumachina-2\/","og_locale":"de_DE","og_type":"article","og_title":"Sweet Schnecke - Trudi","og_description":"Um Sie am Valentinstag zum Verlieben zu bringen, wird es die brandneue Trudi Lumachina sein. Die zarten Rosat\u00f6ne und die","og_url":"https:\/\/www.trudi.com\/prodotto\/sweet-lumachina-2\/","og_site_name":"Trudi","og_image":[{"width":1651,"height":1651,"url":"https:\/\/www.trudi.com\/wp-content\/uploads\/2023\/12\/52241-A.jpg","type":"image\/jpeg"}],"twitter_card":"summary_large_image","schema":{"@context":"https:\/\/schema.org","@graph":[{"@type":"WebPage","@id":"https:\/\/www.trudi.com\/prodotto\/sweet-lumachina-2\/","url":"https:\/\/www.trudi.com\/prodotto\/sweet-lumachina-2\/","name":"Sweet Schnecke - Trudi","isPartOf":{"@id":"https:\/\/www.trudi.com\/#website"},"datePublished":"2025-07-10T13:11:03+00:00","dateModified":"2025-07-10T13:11:03+00:00","breadcrumb":{"@id":"https:\/\/www.trudi.com\/prodotto\/sweet-lumachina-2\/#breadcrumb"},"inLanguage":"de-DE","potentialAction":[{"@type":"ReadAction","target":["https:\/\/www.trudi.com\/prodotto\/sweet-lumachina-2\/"]}]},{"@type":"BreadcrumbList","@id":"https:\/\/www.trudi.com\/prodotto\/sweet-lumachina-2\/#breadcrumb","itemListElement":[{"@type":"ListItem","position":1,"name":"Shop","item":"https:\/\/www.trudi.com\/negozio\/"},{"@type":"ListItem","position":2,"name":"Sweet Schnecke"}]},{"@type":"WebSite","@id":"https:\/\/www.trudi.com\/#website","url":"https:\/\/www.trudi.com\/","name":"Trudi","description":"Peluche e Giochi in Legno","publisher":{"@id":"https:\/\/www.trudi.com\/#organization"},"potentialAction":[{"@type":"SearchAction","target":{"@type":"EntryPoint","urlTemplate":"https:\/\/www.trudi.com\/?s={search_term_string}"},"query-input":"required name=search_term_string"}],"inLanguage":"de-DE"},{"@type":"Organization","@id":"https:\/\/www.trudi.com\/#organization","name":"Trudi","url":"https:\/\/www.trudi.com\/","logo":{"@type":"ImageObject","inLanguage":"de-DE","@id":"https:\/\/www.trudi.com\/#\/schema\/logo\/image\/","url":"https:\/\/www.trudi.com\/wp-content\/uploads\/2021\/05\/trudi-logo.svg","contentUrl":"https:\/\/www.trudi.com\/wp-content\/uploads\/2021\/05\/trudi-logo.svg","width":50,"height":50,"caption":"Trudi"},"image":{"@id":"https:\/\/www.trudi.com\/#\/schema\/logo\/image\/"}}]}},"_links":{"self":[{"href":"https:\/\/www.trudi.com\/de\/wp-json\/wp\/v2\/product\/268683"}],"collection":[{"href":"https:\/\/www.trudi.com\/de\/wp-json\/wp\/v2\/product"}],"about":[{"href":"https:\/\/www.trudi.com\/de\/wp-json\/wp\/v2\/types\/product"}],"wp:featuredmedia":[{"embeddable":true,"href":"https:\/\/www.trudi.com\/de\/wp-json\/wp\/v2\/media\/248486"}],"wp:attachment":[{"href":"https:\/\/www.trudi.com\/de\/wp-json\/wp\/v2\/media?parent=268683"}],"wp:term":[{"taxonomy":"product_cat","embeddable":true,"href":"https:\/\/www.trudi.com\/de\/wp-json\/wp\/v2\/product_cat?post=268683"},{"taxonomy":"product_tag","embeddable":true,"href":"https:\/\/www.trudi.com\/de\/wp-json\/wp\/v2\/product_tag?post=268683"}],"curies":[{"name":"wp","href":"https:\/\/api.w.org\/{rel}","templated":true}]}}