
{"id":268522,"date":"2025-07-03T15:36:40","date_gmt":"2025-07-03T13:36:40","guid":{"rendered":"https:\/\/www.trudi.com\/prodotto\/rosa-seepferdchen\/"},"modified":"2025-07-03T15:36:40","modified_gmt":"2025-07-03T13:36:40","slug":"rosa-seepferdchen","status":"publish","type":"product","link":"https:\/\/www.trudi.com\/de\/prodotto\/rosa-seepferdchen\/","title":{"rendered":"Rosa Seepferdchen"},"content":{"rendered":"<p>Das Seepferdchen wird mit seinem Mantel in Rosa oder Gr\u00fcn neu pr\u00e4sentiert. Seine M\u00e4hne und Flossen nehmen lebendigere und glitzernde T\u00f6ne an, w\u00e4hrend die Schnauze leicht an ihrer charakteristischen Form zu erkennen ist, und der Schwanz ist gekringelt.<\/p>\n<p>Die Trudi Sealife-Kollektion stellt eine markante Weiterentwicklung im Vergleich zu den \u00fcblichen Trudi-Kreationen dar, dank der Einf\u00fchrung lebhafter Farben und der Suche nach innovativen Materialien, die jedem St\u00fcck einen einzigartigen Charakter verleihen. Aus der sorgf\u00e4ltigen Experimentierung neuer Designs entstehen Tiere, die die Wunder der Meeresfauna treu nachbilden. Die Trudi Sealife-Kollektion bildet und f\u00f6rdert ein gr\u00f6\u00dferes Bewusstsein und Respekt f\u00fcr das Meeres\u00f6kosystem.<\/p>\n","protected":false},"excerpt":{"rendered":"<p>Das Seepferdchen wird mit seinem Mantel in Rosa oder Gr\u00fcn neu pr\u00e4sentiert. Seine M\u00e4hne und Flossen nehmen lebendigere und glitzernde<\/p>\n","protected":false},"featured_media":255346,"template":"","meta":[],"product_cat":[407,848],"product_tag":[349],"acf":[],"yoast_head":"<!-- This site is optimized with the Yoast SEO plugin v21.9 - https:\/\/yoast.com\/wordpress\/plugins\/seo\/ -->\n<title>Rosa Seepferdchen - Trudi<\/title>\n<meta name=\"robots\" content=\"index, follow, max-snippet:-1, max-image-preview:large, max-video-preview:-1\" \/>\n<link rel=\"canonical\" href=\"https:\/\/www.trudi.com\/de\/prodotto\/cavalluccio-marino-rosa\/\" \/>\n<meta property=\"og:locale\" content=\"de_DE\" \/>\n<meta property=\"og:type\" content=\"article\" \/>\n<meta property=\"og:title\" content=\"Rosa Seepferdchen - Trudi\" \/>\n<meta property=\"og:description\" content=\"Das Seepferdchen wird mit seinem Mantel in Rosa oder Gr\u00fcn neu pr\u00e4sentiert. Seine M\u00e4hne und Flossen nehmen lebendigere und glitzernde\" \/>\n<meta property=\"og:url\" content=\"https:\/\/www.trudi.com\/prodotto\/cavalluccio-marino-rosa\/\" \/>\n<meta property=\"og:site_name\" content=\"Trudi\" \/>\n<meta property=\"og:image\" content=\"https:\/\/www.trudi.com\/wp-content\/uploads\/2024\/06\/26569-A.jpg\" \/>\n\t<meta property=\"og:image:width\" content=\"2257\" \/>\n\t<meta property=\"og:image:height\" content=\"1505\" \/>\n\t<meta property=\"og:image:type\" content=\"image\/jpeg\" \/>\n<meta name=\"twitter:card\" content=\"summary_large_image\" \/>\n<meta name=\"twitter:label1\" content=\"Gesch\u00e4tzte Lesezeit\" \/>\n\t<meta name=\"twitter:data1\" content=\"1 Minute\" \/>\n<script type=\"application\/ld+json\" class=\"yoast-schema-graph\">{\"@context\":\"https:\/\/schema.org\",\"@graph\":[{\"@type\":\"WebPage\",\"@id\":\"https:\/\/www.trudi.com\/prodotto\/cavalluccio-marino-rosa\/\",\"url\":\"https:\/\/www.trudi.com\/prodotto\/cavalluccio-marino-rosa\/\",\"name\":\"Rosa Seepferdchen - Trudi\",\"isPartOf\":{\"@id\":\"https:\/\/www.trudi.com\/#website\"},\"datePublished\":\"2025-07-03T13:36:40+00:00\",\"dateModified\":\"2025-07-03T13:36:40+00:00\",\"breadcrumb\":{\"@id\":\"https:\/\/www.trudi.com\/prodotto\/cavalluccio-marino-rosa\/#breadcrumb\"},\"inLanguage\":\"de-DE\",\"potentialAction\":[{\"@type\":\"ReadAction\",\"target\":[\"https:\/\/www.trudi.com\/prodotto\/cavalluccio-marino-rosa\/\"]}]},{\"@type\":\"BreadcrumbList\",\"@id\":\"https:\/\/www.trudi.com\/prodotto\/cavalluccio-marino-rosa\/#breadcrumb\",\"itemListElement\":[{\"@type\":\"ListItem\",\"position\":1,\"name\":\"Shop\",\"item\":\"https:\/\/www.trudi.com\/negozio\/\"},{\"@type\":\"ListItem\",\"position\":2,\"name\":\"Rosa Seepferdchen\"}]},{\"@type\":\"WebSite\",\"@id\":\"https:\/\/www.trudi.com\/#website\",\"url\":\"https:\/\/www.trudi.com\/\",\"name\":\"Trudi\",\"description\":\"Peluche e Giochi in Legno\",\"publisher\":{\"@id\":\"https:\/\/www.trudi.com\/#organization\"},\"potentialAction\":[{\"@type\":\"SearchAction\",\"target\":{\"@type\":\"EntryPoint\",\"urlTemplate\":\"https:\/\/www.trudi.com\/?s={search_term_string}\"},\"query-input\":\"required name=search_term_string\"}],\"inLanguage\":\"de-DE\"},{\"@type\":\"Organization\",\"@id\":\"https:\/\/www.trudi.com\/#organization\",\"name\":\"Trudi\",\"url\":\"https:\/\/www.trudi.com\/\",\"logo\":{\"@type\":\"ImageObject\",\"inLanguage\":\"de-DE\",\"@id\":\"https:\/\/www.trudi.com\/#\/schema\/logo\/image\/\",\"url\":\"https:\/\/www.trudi.com\/wp-content\/uploads\/2021\/05\/trudi-logo.svg\",\"contentUrl\":\"https:\/\/www.trudi.com\/wp-content\/uploads\/2021\/05\/trudi-logo.svg\",\"width\":50,\"height\":50,\"caption\":\"Trudi\"},\"image\":{\"@id\":\"https:\/\/www.trudi.com\/#\/schema\/logo\/image\/\"}}]}<\/script>\n<!-- \/ Yoast SEO plugin. -->","yoast_head_json":{"title":"Rosa Seepferdchen - Trudi","robots":{"index":"index","follow":"follow","max-snippet":"max-snippet:-1","max-image-preview":"max-image-preview:large","max-video-preview":"max-video-preview:-1"},"canonical":"https:\/\/www.trudi.com\/de\/prodotto\/cavalluccio-marino-rosa\/","og_locale":"de_DE","og_type":"article","og_title":"Rosa Seepferdchen - Trudi","og_description":"Das Seepferdchen wird mit seinem Mantel in Rosa oder Gr\u00fcn neu pr\u00e4sentiert. Seine M\u00e4hne und Flossen nehmen lebendigere und glitzernde","og_url":"https:\/\/www.trudi.com\/prodotto\/cavalluccio-marino-rosa\/","og_site_name":"Trudi","og_image":[{"width":2257,"height":1505,"url":"https:\/\/www.trudi.com\/wp-content\/uploads\/2024\/06\/26569-A.jpg","type":"image\/jpeg"}],"twitter_card":"summary_large_image","twitter_misc":{"Gesch\u00e4tzte Lesezeit":"1 Minute"},"schema":{"@context":"https:\/\/schema.org","@graph":[{"@type":"WebPage","@id":"https:\/\/www.trudi.com\/prodotto\/cavalluccio-marino-rosa\/","url":"https:\/\/www.trudi.com\/prodotto\/cavalluccio-marino-rosa\/","name":"Rosa Seepferdchen - Trudi","isPartOf":{"@id":"https:\/\/www.trudi.com\/#website"},"datePublished":"2025-07-03T13:36:40+00:00","dateModified":"2025-07-03T13:36:40+00:00","breadcrumb":{"@id":"https:\/\/www.trudi.com\/prodotto\/cavalluccio-marino-rosa\/#breadcrumb"},"inLanguage":"de-DE","potentialAction":[{"@type":"ReadAction","target":["https:\/\/www.trudi.com\/prodotto\/cavalluccio-marino-rosa\/"]}]},{"@type":"BreadcrumbList","@id":"https:\/\/www.trudi.com\/prodotto\/cavalluccio-marino-rosa\/#breadcrumb","itemListElement":[{"@type":"ListItem","position":1,"name":"Shop","item":"https:\/\/www.trudi.com\/negozio\/"},{"@type":"ListItem","position":2,"name":"Rosa Seepferdchen"}]},{"@type":"WebSite","@id":"https:\/\/www.trudi.com\/#website","url":"https:\/\/www.trudi.com\/","name":"Trudi","description":"Peluche e Giochi in Legno","publisher":{"@id":"https:\/\/www.trudi.com\/#organization"},"potentialAction":[{"@type":"SearchAction","target":{"@type":"EntryPoint","urlTemplate":"https:\/\/www.trudi.com\/?s={search_term_string}"},"query-input":"required name=search_term_string"}],"inLanguage":"de-DE"},{"@type":"Organization","@id":"https:\/\/www.trudi.com\/#organization","name":"Trudi","url":"https:\/\/www.trudi.com\/","logo":{"@type":"ImageObject","inLanguage":"de-DE","@id":"https:\/\/www.trudi.com\/#\/schema\/logo\/image\/","url":"https:\/\/www.trudi.com\/wp-content\/uploads\/2021\/05\/trudi-logo.svg","contentUrl":"https:\/\/www.trudi.com\/wp-content\/uploads\/2021\/05\/trudi-logo.svg","width":50,"height":50,"caption":"Trudi"},"image":{"@id":"https:\/\/www.trudi.com\/#\/schema\/logo\/image\/"}}]}},"_links":{"self":[{"href":"https:\/\/www.trudi.com\/de\/wp-json\/wp\/v2\/product\/268522"}],"collection":[{"href":"https:\/\/www.trudi.com\/de\/wp-json\/wp\/v2\/product"}],"about":[{"href":"https:\/\/www.trudi.com\/de\/wp-json\/wp\/v2\/types\/product"}],"wp:featuredmedia":[{"embeddable":true,"href":"https:\/\/www.trudi.com\/de\/wp-json\/wp\/v2\/media\/255346"}],"wp:attachment":[{"href":"https:\/\/www.trudi.com\/de\/wp-json\/wp\/v2\/media?parent=268522"}],"wp:term":[{"taxonomy":"product_cat","embeddable":true,"href":"https:\/\/www.trudi.com\/de\/wp-json\/wp\/v2\/product_cat?post=268522"},{"taxonomy":"product_tag","embeddable":true,"href":"https:\/\/www.trudi.com\/de\/wp-json\/wp\/v2\/product_tag?post=268522"}],"curies":[{"name":"wp","href":"https:\/\/api.w.org\/{rel}","templated":true}]}}