
{"id":268520,"date":"2025-07-03T15:33:56","date_gmt":"2025-07-03T13:33:56","guid":{"rendered":"https:\/\/www.trudi.com\/prodotto\/kugelfisch\/"},"modified":"2025-07-03T15:33:56","modified_gmt":"2025-07-03T13:33:56","slug":"kugelfisch","status":"publish","type":"product","link":"https:\/\/www.trudi.com\/de\/prodotto\/kugelfisch\/","title":{"rendered":"Kugelfisch"},"content":{"rendered":"<p>Der Kugelfisch hat seine unfehlbare Verteidigung aktiviert: Er hat sich aufgeblasen wie ein Ballon! Weich, farbenfroh und perfekt bespielbar, sowohl f\u00fcr Erwachsene als auch f\u00fcr Kinder.<\/p>\n<p>Die Kollektion Trudi Sealife stellt eine deutliche Weiterentwicklung gegen\u00fcber den \u00fcblichen Kreationen von Trudi dar, dank der Einf\u00fchrung von leuchtenden Farben und der Suche nach innovativen Materialien, die jedem St\u00fcck einen einzigartigen Charakter verleihen. Durch das sorgf\u00e4ltige Experimentieren mit neuen Designs entstehen Tiere, die die Wunder der Meeresfauna originalgetreu nachbilden. Die Kollektion Trudi Sealife erzieht und f\u00f6rdert das Bewusstsein und den Respekt f\u00fcr das \u00d6kosystem Meer.<\/p>\n","protected":false},"excerpt":{"rendered":"<p>Der Kugelfisch hat seine unfehlbare Verteidigung aktiviert: Er hat sich aufgeblasen wie ein Ballon! Weich, farbenfroh und perfekt bespielbar, sowohl<\/p>\n","protected":false},"featured_media":255401,"template":"","meta":[],"product_cat":[407,848,848],"product_tag":[349],"acf":[],"yoast_head":"<!-- This site is optimized with the Yoast SEO plugin v21.9 - https:\/\/yoast.com\/wordpress\/plugins\/seo\/ -->\n<title>Kugelfisch - Trudi<\/title>\n<meta name=\"description\" content=\"Der Kugelfisch hat seine unfehlbare Verteidigung aktiviert: Er hat sich aufgeblasen wie ein Ballon! Weich, farbenfroh und perfekt bespielbar, sowohl f\u00fcr Erwachsene als auch f\u00fcr Kinder.\" \/>\n<meta name=\"robots\" content=\"index, follow, max-snippet:-1, max-image-preview:large, max-video-preview:-1\" \/>\n<link rel=\"canonical\" href=\"https:\/\/www.trudi.com\/de\/prodotto\/pesce-palla\/\" \/>\n<meta property=\"og:locale\" content=\"de_DE\" \/>\n<meta property=\"og:type\" content=\"article\" \/>\n<meta property=\"og:title\" content=\"Kugelfisch - Trudi\" \/>\n<meta property=\"og:description\" content=\"Der Kugelfisch hat seine unfehlbare Verteidigung aktiviert: Er hat sich aufgeblasen wie ein Ballon! Weich, farbenfroh und perfekt bespielbar, sowohl f\u00fcr Erwachsene als auch f\u00fcr Kinder.\" \/>\n<meta property=\"og:url\" content=\"https:\/\/www.trudi.com\/prodotto\/pesce-palla\/\" \/>\n<meta property=\"og:site_name\" content=\"Trudi\" \/>\n<meta property=\"og:image\" content=\"https:\/\/www.trudi.com\/wp-content\/uploads\/2024\/06\/26571-B-1-scaled.jpg\" \/>\n\t<meta property=\"og:image:width\" content=\"2560\" \/>\n\t<meta property=\"og:image:height\" content=\"1706\" \/>\n\t<meta property=\"og:image:type\" content=\"image\/jpeg\" \/>\n<meta name=\"twitter:card\" content=\"summary_large_image\" \/>\n<meta name=\"twitter:label1\" content=\"Gesch\u00e4tzte Lesezeit\" \/>\n\t<meta name=\"twitter:data1\" content=\"1 Minute\" \/>\n<script type=\"application\/ld+json\" class=\"yoast-schema-graph\">{\"@context\":\"https:\/\/schema.org\",\"@graph\":[{\"@type\":\"WebPage\",\"@id\":\"https:\/\/www.trudi.com\/prodotto\/pesce-palla\/\",\"url\":\"https:\/\/www.trudi.com\/prodotto\/pesce-palla\/\",\"name\":\"Kugelfisch - Trudi\",\"isPartOf\":{\"@id\":\"https:\/\/www.trudi.com\/#website\"},\"datePublished\":\"2025-07-03T13:33:56+00:00\",\"dateModified\":\"2025-07-03T13:33:56+00:00\",\"description\":\"Der Kugelfisch hat seine unfehlbare Verteidigung aktiviert: Er hat sich aufgeblasen wie ein Ballon! Weich, farbenfroh und perfekt bespielbar, sowohl f\u00fcr Erwachsene als auch f\u00fcr Kinder.\",\"breadcrumb\":{\"@id\":\"https:\/\/www.trudi.com\/prodotto\/pesce-palla\/#breadcrumb\"},\"inLanguage\":\"de-DE\",\"potentialAction\":[{\"@type\":\"ReadAction\",\"target\":[\"https:\/\/www.trudi.com\/prodotto\/pesce-palla\/\"]}]},{\"@type\":\"BreadcrumbList\",\"@id\":\"https:\/\/www.trudi.com\/prodotto\/pesce-palla\/#breadcrumb\",\"itemListElement\":[{\"@type\":\"ListItem\",\"position\":1,\"name\":\"Shop\",\"item\":\"https:\/\/www.trudi.com\/negozio\/\"},{\"@type\":\"ListItem\",\"position\":2,\"name\":\"Kugelfisch\"}]},{\"@type\":\"WebSite\",\"@id\":\"https:\/\/www.trudi.com\/#website\",\"url\":\"https:\/\/www.trudi.com\/\",\"name\":\"Trudi\",\"description\":\"Peluche e Giochi in Legno\",\"publisher\":{\"@id\":\"https:\/\/www.trudi.com\/#organization\"},\"potentialAction\":[{\"@type\":\"SearchAction\",\"target\":{\"@type\":\"EntryPoint\",\"urlTemplate\":\"https:\/\/www.trudi.com\/?s={search_term_string}\"},\"query-input\":\"required name=search_term_string\"}],\"inLanguage\":\"de-DE\"},{\"@type\":\"Organization\",\"@id\":\"https:\/\/www.trudi.com\/#organization\",\"name\":\"Trudi\",\"url\":\"https:\/\/www.trudi.com\/\",\"logo\":{\"@type\":\"ImageObject\",\"inLanguage\":\"de-DE\",\"@id\":\"https:\/\/www.trudi.com\/#\/schema\/logo\/image\/\",\"url\":\"https:\/\/www.trudi.com\/wp-content\/uploads\/2021\/05\/trudi-logo.svg\",\"contentUrl\":\"https:\/\/www.trudi.com\/wp-content\/uploads\/2021\/05\/trudi-logo.svg\",\"width\":50,\"height\":50,\"caption\":\"Trudi\"},\"image\":{\"@id\":\"https:\/\/www.trudi.com\/#\/schema\/logo\/image\/\"}}]}<\/script>\n<!-- \/ Yoast SEO plugin. -->","yoast_head_json":{"title":"Kugelfisch - Trudi","description":"Der Kugelfisch hat seine unfehlbare Verteidigung aktiviert: Er hat sich aufgeblasen wie ein Ballon! Weich, farbenfroh und perfekt bespielbar, sowohl f\u00fcr Erwachsene als auch f\u00fcr Kinder.","robots":{"index":"index","follow":"follow","max-snippet":"max-snippet:-1","max-image-preview":"max-image-preview:large","max-video-preview":"max-video-preview:-1"},"canonical":"https:\/\/www.trudi.com\/de\/prodotto\/pesce-palla\/","og_locale":"de_DE","og_type":"article","og_title":"Kugelfisch - Trudi","og_description":"Der Kugelfisch hat seine unfehlbare Verteidigung aktiviert: Er hat sich aufgeblasen wie ein Ballon! Weich, farbenfroh und perfekt bespielbar, sowohl f\u00fcr Erwachsene als auch f\u00fcr Kinder.","og_url":"https:\/\/www.trudi.com\/prodotto\/pesce-palla\/","og_site_name":"Trudi","og_image":[{"width":2560,"height":1706,"url":"https:\/\/www.trudi.com\/wp-content\/uploads\/2024\/06\/26571-B-1-scaled.jpg","type":"image\/jpeg"}],"twitter_card":"summary_large_image","twitter_misc":{"Gesch\u00e4tzte Lesezeit":"1 Minute"},"schema":{"@context":"https:\/\/schema.org","@graph":[{"@type":"WebPage","@id":"https:\/\/www.trudi.com\/prodotto\/pesce-palla\/","url":"https:\/\/www.trudi.com\/prodotto\/pesce-palla\/","name":"Kugelfisch - Trudi","isPartOf":{"@id":"https:\/\/www.trudi.com\/#website"},"datePublished":"2025-07-03T13:33:56+00:00","dateModified":"2025-07-03T13:33:56+00:00","description":"Der Kugelfisch hat seine unfehlbare Verteidigung aktiviert: Er hat sich aufgeblasen wie ein Ballon! Weich, farbenfroh und perfekt bespielbar, sowohl f\u00fcr Erwachsene als auch f\u00fcr Kinder.","breadcrumb":{"@id":"https:\/\/www.trudi.com\/prodotto\/pesce-palla\/#breadcrumb"},"inLanguage":"de-DE","potentialAction":[{"@type":"ReadAction","target":["https:\/\/www.trudi.com\/prodotto\/pesce-palla\/"]}]},{"@type":"BreadcrumbList","@id":"https:\/\/www.trudi.com\/prodotto\/pesce-palla\/#breadcrumb","itemListElement":[{"@type":"ListItem","position":1,"name":"Shop","item":"https:\/\/www.trudi.com\/negozio\/"},{"@type":"ListItem","position":2,"name":"Kugelfisch"}]},{"@type":"WebSite","@id":"https:\/\/www.trudi.com\/#website","url":"https:\/\/www.trudi.com\/","name":"Trudi","description":"Peluche e Giochi in Legno","publisher":{"@id":"https:\/\/www.trudi.com\/#organization"},"potentialAction":[{"@type":"SearchAction","target":{"@type":"EntryPoint","urlTemplate":"https:\/\/www.trudi.com\/?s={search_term_string}"},"query-input":"required name=search_term_string"}],"inLanguage":"de-DE"},{"@type":"Organization","@id":"https:\/\/www.trudi.com\/#organization","name":"Trudi","url":"https:\/\/www.trudi.com\/","logo":{"@type":"ImageObject","inLanguage":"de-DE","@id":"https:\/\/www.trudi.com\/#\/schema\/logo\/image\/","url":"https:\/\/www.trudi.com\/wp-content\/uploads\/2021\/05\/trudi-logo.svg","contentUrl":"https:\/\/www.trudi.com\/wp-content\/uploads\/2021\/05\/trudi-logo.svg","width":50,"height":50,"caption":"Trudi"},"image":{"@id":"https:\/\/www.trudi.com\/#\/schema\/logo\/image\/"}}]}},"_links":{"self":[{"href":"https:\/\/www.trudi.com\/de\/wp-json\/wp\/v2\/product\/268520"}],"collection":[{"href":"https:\/\/www.trudi.com\/de\/wp-json\/wp\/v2\/product"}],"about":[{"href":"https:\/\/www.trudi.com\/de\/wp-json\/wp\/v2\/types\/product"}],"wp:featuredmedia":[{"embeddable":true,"href":"https:\/\/www.trudi.com\/de\/wp-json\/wp\/v2\/media\/255401"}],"wp:attachment":[{"href":"https:\/\/www.trudi.com\/de\/wp-json\/wp\/v2\/media?parent=268520"}],"wp:term":[{"taxonomy":"product_cat","embeddable":true,"href":"https:\/\/www.trudi.com\/de\/wp-json\/wp\/v2\/product_cat?post=268520"},{"taxonomy":"product_tag","embeddable":true,"href":"https:\/\/www.trudi.com\/de\/wp-json\/wp\/v2\/product_tag?post=268520"}],"curies":[{"name":"wp","href":"https:\/\/api.w.org\/{rel}","templated":true}]}}