
{"id":268519,"date":"2025-07-03T15:32:58","date_gmt":"2025-07-03T13:32:58","guid":{"rendered":"https:\/\/www.trudi.com\/prodotto\/finnwals\/"},"modified":"2025-07-03T15:32:58","modified_gmt":"2025-07-03T13:32:58","slug":"finnwals","status":"publish","type":"product","link":"https:\/\/www.trudi.com\/de\/prodotto\/finnwals\/","title":{"rendered":"Finnwals"},"content":{"rendered":"<p>Diese Darstellung eines der ber\u00fchmtesten Wale, des Finnwals, macht ihn niedlich und s\u00fc\u00df, dank seines detaillierten Ausdrucks und seines weichen und gl\u00e4nzenden Fells.<\/p>\n<p>Die Kollektion Trudi Sealife stellt eine deutliche Weiterentwicklung im Vergleich zu den \u00fcblichen Kreationen von Trudi dar, dank der Einf\u00fchrung von leuchtenden Farben und der Erforschung innovativer Materialien, die jedem St\u00fcck einen einzigartigen Charakter verleihen. Durch das sorgf\u00e4ltige Experimentieren mit neuen Designs entstehen Tiere, die die Wunder der Meeresfauna originalgetreu nachbilden. Die Kollektion Trudi Sealife erzieht und f\u00f6rdert das Bewusstsein und den Respekt f\u00fcr das \u00d6kosystem Meer.<\/p>\n","protected":false},"excerpt":{"rendered":"<p>Diese Darstellung eines der ber\u00fchmtesten Wale, des Finnwals, macht ihn niedlich und s\u00fc\u00df, dank seines detaillierten Ausdrucks und seines weichen<\/p>\n","protected":false},"featured_media":255417,"template":"","meta":[],"product_cat":[407,848],"product_tag":[349],"acf":[],"yoast_head":"<!-- This site is optimized with the Yoast SEO plugin v21.9 - https:\/\/yoast.com\/wordpress\/plugins\/seo\/ -->\n<title>Finnwals - Trudi<\/title>\n<meta name=\"description\" content=\"Diese Darstellung eines der ber\u00fchmtesten Wale, des Finnwals, macht ihn niedlich und s\u00fc\u00df, dank seines detaillierten Ausdrucks und seines weichen und gl\u00e4nzenden Fells.\" \/>\n<meta name=\"robots\" content=\"index, follow, max-snippet:-1, max-image-preview:large, max-video-preview:-1\" \/>\n<link rel=\"canonical\" href=\"https:\/\/www.trudi.com\/de\/prodotto\/balenottera-azzurra\/\" \/>\n<meta property=\"og:locale\" content=\"de_DE\" \/>\n<meta property=\"og:type\" content=\"article\" \/>\n<meta property=\"og:title\" content=\"Finnwals - Trudi\" \/>\n<meta property=\"og:description\" content=\"Diese Darstellung eines der ber\u00fchmtesten Wale, des Finnwals, macht ihn niedlich und s\u00fc\u00df, dank seines detaillierten Ausdrucks und seines weichen und gl\u00e4nzenden Fells.\" \/>\n<meta property=\"og:url\" content=\"https:\/\/www.trudi.com\/prodotto\/balenottera-azzurra\/\" \/>\n<meta property=\"og:site_name\" content=\"Trudi\" \/>\n<meta property=\"og:image\" content=\"https:\/\/www.trudi.com\/wp-content\/uploads\/2024\/06\/26572-A-scaled.jpg\" \/>\n\t<meta property=\"og:image:width\" content=\"2560\" \/>\n\t<meta property=\"og:image:height\" content=\"1706\" \/>\n\t<meta property=\"og:image:type\" content=\"image\/jpeg\" \/>\n<meta name=\"twitter:card\" content=\"summary_large_image\" \/>\n<script type=\"application\/ld+json\" class=\"yoast-schema-graph\">{\"@context\":\"https:\/\/schema.org\",\"@graph\":[{\"@type\":\"WebPage\",\"@id\":\"https:\/\/www.trudi.com\/prodotto\/balenottera-azzurra\/\",\"url\":\"https:\/\/www.trudi.com\/prodotto\/balenottera-azzurra\/\",\"name\":\"Finnwals - Trudi\",\"isPartOf\":{\"@id\":\"https:\/\/www.trudi.com\/#website\"},\"datePublished\":\"2025-07-03T13:32:58+00:00\",\"dateModified\":\"2025-07-03T13:32:58+00:00\",\"description\":\"Diese Darstellung eines der ber\u00fchmtesten Wale, des Finnwals, macht ihn niedlich und s\u00fc\u00df, dank seines detaillierten Ausdrucks und seines weichen und gl\u00e4nzenden Fells.\",\"breadcrumb\":{\"@id\":\"https:\/\/www.trudi.com\/prodotto\/balenottera-azzurra\/#breadcrumb\"},\"inLanguage\":\"de-DE\",\"potentialAction\":[{\"@type\":\"ReadAction\",\"target\":[\"https:\/\/www.trudi.com\/prodotto\/balenottera-azzurra\/\"]}]},{\"@type\":\"BreadcrumbList\",\"@id\":\"https:\/\/www.trudi.com\/prodotto\/balenottera-azzurra\/#breadcrumb\",\"itemListElement\":[{\"@type\":\"ListItem\",\"position\":1,\"name\":\"Shop\",\"item\":\"https:\/\/www.trudi.com\/negozio\/\"},{\"@type\":\"ListItem\",\"position\":2,\"name\":\"Finnwals\"}]},{\"@type\":\"WebSite\",\"@id\":\"https:\/\/www.trudi.com\/#website\",\"url\":\"https:\/\/www.trudi.com\/\",\"name\":\"Trudi\",\"description\":\"Peluche e Giochi in Legno\",\"publisher\":{\"@id\":\"https:\/\/www.trudi.com\/#organization\"},\"potentialAction\":[{\"@type\":\"SearchAction\",\"target\":{\"@type\":\"EntryPoint\",\"urlTemplate\":\"https:\/\/www.trudi.com\/?s={search_term_string}\"},\"query-input\":\"required name=search_term_string\"}],\"inLanguage\":\"de-DE\"},{\"@type\":\"Organization\",\"@id\":\"https:\/\/www.trudi.com\/#organization\",\"name\":\"Trudi\",\"url\":\"https:\/\/www.trudi.com\/\",\"logo\":{\"@type\":\"ImageObject\",\"inLanguage\":\"de-DE\",\"@id\":\"https:\/\/www.trudi.com\/#\/schema\/logo\/image\/\",\"url\":\"https:\/\/www.trudi.com\/wp-content\/uploads\/2021\/05\/trudi-logo.svg\",\"contentUrl\":\"https:\/\/www.trudi.com\/wp-content\/uploads\/2021\/05\/trudi-logo.svg\",\"width\":50,\"height\":50,\"caption\":\"Trudi\"},\"image\":{\"@id\":\"https:\/\/www.trudi.com\/#\/schema\/logo\/image\/\"}}]}<\/script>\n<!-- \/ Yoast SEO plugin. -->","yoast_head_json":{"title":"Finnwals - Trudi","description":"Diese Darstellung eines der ber\u00fchmtesten Wale, des Finnwals, macht ihn niedlich und s\u00fc\u00df, dank seines detaillierten Ausdrucks und seines weichen und gl\u00e4nzenden Fells.","robots":{"index":"index","follow":"follow","max-snippet":"max-snippet:-1","max-image-preview":"max-image-preview:large","max-video-preview":"max-video-preview:-1"},"canonical":"https:\/\/www.trudi.com\/de\/prodotto\/balenottera-azzurra\/","og_locale":"de_DE","og_type":"article","og_title":"Finnwals - Trudi","og_description":"Diese Darstellung eines der ber\u00fchmtesten Wale, des Finnwals, macht ihn niedlich und s\u00fc\u00df, dank seines detaillierten Ausdrucks und seines weichen und gl\u00e4nzenden Fells.","og_url":"https:\/\/www.trudi.com\/prodotto\/balenottera-azzurra\/","og_site_name":"Trudi","og_image":[{"width":2560,"height":1706,"url":"https:\/\/www.trudi.com\/wp-content\/uploads\/2024\/06\/26572-A-scaled.jpg","type":"image\/jpeg"}],"twitter_card":"summary_large_image","schema":{"@context":"https:\/\/schema.org","@graph":[{"@type":"WebPage","@id":"https:\/\/www.trudi.com\/prodotto\/balenottera-azzurra\/","url":"https:\/\/www.trudi.com\/prodotto\/balenottera-azzurra\/","name":"Finnwals - Trudi","isPartOf":{"@id":"https:\/\/www.trudi.com\/#website"},"datePublished":"2025-07-03T13:32:58+00:00","dateModified":"2025-07-03T13:32:58+00:00","description":"Diese Darstellung eines der ber\u00fchmtesten Wale, des Finnwals, macht ihn niedlich und s\u00fc\u00df, dank seines detaillierten Ausdrucks und seines weichen und gl\u00e4nzenden Fells.","breadcrumb":{"@id":"https:\/\/www.trudi.com\/prodotto\/balenottera-azzurra\/#breadcrumb"},"inLanguage":"de-DE","potentialAction":[{"@type":"ReadAction","target":["https:\/\/www.trudi.com\/prodotto\/balenottera-azzurra\/"]}]},{"@type":"BreadcrumbList","@id":"https:\/\/www.trudi.com\/prodotto\/balenottera-azzurra\/#breadcrumb","itemListElement":[{"@type":"ListItem","position":1,"name":"Shop","item":"https:\/\/www.trudi.com\/negozio\/"},{"@type":"ListItem","position":2,"name":"Finnwals"}]},{"@type":"WebSite","@id":"https:\/\/www.trudi.com\/#website","url":"https:\/\/www.trudi.com\/","name":"Trudi","description":"Peluche e Giochi in Legno","publisher":{"@id":"https:\/\/www.trudi.com\/#organization"},"potentialAction":[{"@type":"SearchAction","target":{"@type":"EntryPoint","urlTemplate":"https:\/\/www.trudi.com\/?s={search_term_string}"},"query-input":"required name=search_term_string"}],"inLanguage":"de-DE"},{"@type":"Organization","@id":"https:\/\/www.trudi.com\/#organization","name":"Trudi","url":"https:\/\/www.trudi.com\/","logo":{"@type":"ImageObject","inLanguage":"de-DE","@id":"https:\/\/www.trudi.com\/#\/schema\/logo\/image\/","url":"https:\/\/www.trudi.com\/wp-content\/uploads\/2021\/05\/trudi-logo.svg","contentUrl":"https:\/\/www.trudi.com\/wp-content\/uploads\/2021\/05\/trudi-logo.svg","width":50,"height":50,"caption":"Trudi"},"image":{"@id":"https:\/\/www.trudi.com\/#\/schema\/logo\/image\/"}}]}},"_links":{"self":[{"href":"https:\/\/www.trudi.com\/de\/wp-json\/wp\/v2\/product\/268519"}],"collection":[{"href":"https:\/\/www.trudi.com\/de\/wp-json\/wp\/v2\/product"}],"about":[{"href":"https:\/\/www.trudi.com\/de\/wp-json\/wp\/v2\/types\/product"}],"wp:featuredmedia":[{"embeddable":true,"href":"https:\/\/www.trudi.com\/de\/wp-json\/wp\/v2\/media\/255417"}],"wp:attachment":[{"href":"https:\/\/www.trudi.com\/de\/wp-json\/wp\/v2\/media?parent=268519"}],"wp:term":[{"taxonomy":"product_cat","embeddable":true,"href":"https:\/\/www.trudi.com\/de\/wp-json\/wp\/v2\/product_cat?post=268519"},{"taxonomy":"product_tag","embeddable":true,"href":"https:\/\/www.trudi.com\/de\/wp-json\/wp\/v2\/product_tag?post=268519"}],"curies":[{"name":"wp","href":"https:\/\/api.w.org\/{rel}","templated":true}]}}