
{"id":268510,"date":"2025-07-03T15:24:29","date_gmt":"2025-07-03T13:24:29","guid":{"rendered":"https:\/\/www.trudi.com\/prodotto\/sevi-nussknacker\/"},"modified":"2025-07-03T15:24:29","modified_gmt":"2025-07-03T13:24:29","slug":"sevi-nussknacker","status":"publish","type":"product","link":"https:\/\/www.trudi.com\/de\/prodotto\/sevi-nussknacker\/","title":{"rendered":"Sevi Nussknacker"},"content":{"rendered":"<p>S\u00fc\u00dfe und sehr originelle Nussknacker aus Holz, erh\u00e4ltlich in elegantem Rot und Gold oder Wei\u00df und Gold. Reich an Details: vom dicken Bart \u00fcber den Mund, der sich \u00f6ffnet, bis hin zum St\u00fctzstab. Die Nussknacker sind ein Schmuckst\u00fcck f\u00fcr den Weihnachtsbaum oder originelle Paketverschl\u00fcsse, die der Verpackung von Geschenken einen Hauch von Eleganz verleihen.<\/p>\n","protected":false},"excerpt":{"rendered":"<p>S\u00fc\u00dfe und sehr originelle Nussknacker aus Holz, erh\u00e4ltlich in elegantem Rot und Gold oder Wei\u00df und Gold. Reich an Details:<\/p>\n","protected":false},"featured_media":255956,"template":"","meta":[],"product_cat":[676,768,659],"product_tag":[],"acf":[],"yoast_head":"<!-- This site is optimized with the Yoast SEO plugin v21.9 - https:\/\/yoast.com\/wordpress\/plugins\/seo\/ -->\n<title>Sevi Nussknacker - Trudi<\/title>\n<meta name=\"description\" content=\"S\u00fc\u00dfe und sehr originelle Sevi-Nussknacker aus Holz, erh\u00e4ltlich in elegantem Rot und Gold oder Wei\u00df und Gold.\" \/>\n<meta name=\"robots\" content=\"index, follow, max-snippet:-1, max-image-preview:large, max-video-preview:-1\" \/>\n<link rel=\"canonical\" href=\"https:\/\/www.trudi.com\/de\/prodotto\/schiaccianoci-sevi\/\" \/>\n<meta property=\"og:locale\" content=\"de_DE\" \/>\n<meta property=\"og:type\" content=\"article\" \/>\n<meta property=\"og:title\" content=\"Sevi Nussknacker - Trudi\" \/>\n<meta property=\"og:description\" content=\"S\u00fc\u00dfe und sehr originelle Sevi-Nussknacker aus Holz, erh\u00e4ltlich in elegantem Rot und Gold oder Wei\u00df und Gold.\" \/>\n<meta property=\"og:url\" content=\"https:\/\/www.trudi.com\/prodotto\/schiaccianoci-sevi\/\" \/>\n<meta property=\"og:site_name\" content=\"Trudi\" \/>\n<meta property=\"og:image\" content=\"https:\/\/www.trudi.com\/wp-content\/uploads\/2024\/07\/83105-C.jpg\" \/>\n\t<meta property=\"og:image:width\" content=\"1890\" \/>\n\t<meta property=\"og:image:height\" content=\"1260\" \/>\n\t<meta property=\"og:image:type\" content=\"image\/jpeg\" \/>\n<meta name=\"twitter:card\" content=\"summary_large_image\" \/>\n<script type=\"application\/ld+json\" class=\"yoast-schema-graph\">{\"@context\":\"https:\/\/schema.org\",\"@graph\":[{\"@type\":\"WebPage\",\"@id\":\"https:\/\/www.trudi.com\/prodotto\/schiaccianoci-sevi\/\",\"url\":\"https:\/\/www.trudi.com\/prodotto\/schiaccianoci-sevi\/\",\"name\":\"Sevi Nussknacker - Trudi\",\"isPartOf\":{\"@id\":\"https:\/\/www.trudi.com\/#website\"},\"datePublished\":\"2025-07-03T13:24:29+00:00\",\"dateModified\":\"2025-07-03T13:24:29+00:00\",\"description\":\"S\u00fc\u00dfe und sehr originelle Sevi-Nussknacker aus Holz, erh\u00e4ltlich in elegantem Rot und Gold oder Wei\u00df und Gold.\",\"breadcrumb\":{\"@id\":\"https:\/\/www.trudi.com\/prodotto\/schiaccianoci-sevi\/#breadcrumb\"},\"inLanguage\":\"de-DE\",\"potentialAction\":[{\"@type\":\"ReadAction\",\"target\":[\"https:\/\/www.trudi.com\/prodotto\/schiaccianoci-sevi\/\"]}]},{\"@type\":\"BreadcrumbList\",\"@id\":\"https:\/\/www.trudi.com\/prodotto\/schiaccianoci-sevi\/#breadcrumb\",\"itemListElement\":[{\"@type\":\"ListItem\",\"position\":1,\"name\":\"Shop\",\"item\":\"https:\/\/www.trudi.com\/negozio\/\"},{\"@type\":\"ListItem\",\"position\":2,\"name\":\"Sevi Nussknacker\"}]},{\"@type\":\"WebSite\",\"@id\":\"https:\/\/www.trudi.com\/#website\",\"url\":\"https:\/\/www.trudi.com\/\",\"name\":\"Trudi\",\"description\":\"Peluche e Giochi in Legno\",\"publisher\":{\"@id\":\"https:\/\/www.trudi.com\/#organization\"},\"potentialAction\":[{\"@type\":\"SearchAction\",\"target\":{\"@type\":\"EntryPoint\",\"urlTemplate\":\"https:\/\/www.trudi.com\/?s={search_term_string}\"},\"query-input\":\"required name=search_term_string\"}],\"inLanguage\":\"de-DE\"},{\"@type\":\"Organization\",\"@id\":\"https:\/\/www.trudi.com\/#organization\",\"name\":\"Trudi\",\"url\":\"https:\/\/www.trudi.com\/\",\"logo\":{\"@type\":\"ImageObject\",\"inLanguage\":\"de-DE\",\"@id\":\"https:\/\/www.trudi.com\/#\/schema\/logo\/image\/\",\"url\":\"https:\/\/www.trudi.com\/wp-content\/uploads\/2021\/05\/trudi-logo.svg\",\"contentUrl\":\"https:\/\/www.trudi.com\/wp-content\/uploads\/2021\/05\/trudi-logo.svg\",\"width\":50,\"height\":50,\"caption\":\"Trudi\"},\"image\":{\"@id\":\"https:\/\/www.trudi.com\/#\/schema\/logo\/image\/\"}}]}<\/script>\n<!-- \/ Yoast SEO plugin. -->","yoast_head_json":{"title":"Sevi Nussknacker - Trudi","description":"S\u00fc\u00dfe und sehr originelle Sevi-Nussknacker aus Holz, erh\u00e4ltlich in elegantem Rot und Gold oder Wei\u00df und Gold.","robots":{"index":"index","follow":"follow","max-snippet":"max-snippet:-1","max-image-preview":"max-image-preview:large","max-video-preview":"max-video-preview:-1"},"canonical":"https:\/\/www.trudi.com\/de\/prodotto\/schiaccianoci-sevi\/","og_locale":"de_DE","og_type":"article","og_title":"Sevi Nussknacker - Trudi","og_description":"S\u00fc\u00dfe und sehr originelle Sevi-Nussknacker aus Holz, erh\u00e4ltlich in elegantem Rot und Gold oder Wei\u00df und Gold.","og_url":"https:\/\/www.trudi.com\/prodotto\/schiaccianoci-sevi\/","og_site_name":"Trudi","og_image":[{"width":1890,"height":1260,"url":"https:\/\/www.trudi.com\/wp-content\/uploads\/2024\/07\/83105-C.jpg","type":"image\/jpeg"}],"twitter_card":"summary_large_image","schema":{"@context":"https:\/\/schema.org","@graph":[{"@type":"WebPage","@id":"https:\/\/www.trudi.com\/prodotto\/schiaccianoci-sevi\/","url":"https:\/\/www.trudi.com\/prodotto\/schiaccianoci-sevi\/","name":"Sevi Nussknacker - Trudi","isPartOf":{"@id":"https:\/\/www.trudi.com\/#website"},"datePublished":"2025-07-03T13:24:29+00:00","dateModified":"2025-07-03T13:24:29+00:00","description":"S\u00fc\u00dfe und sehr originelle Sevi-Nussknacker aus Holz, erh\u00e4ltlich in elegantem Rot und Gold oder Wei\u00df und Gold.","breadcrumb":{"@id":"https:\/\/www.trudi.com\/prodotto\/schiaccianoci-sevi\/#breadcrumb"},"inLanguage":"de-DE","potentialAction":[{"@type":"ReadAction","target":["https:\/\/www.trudi.com\/prodotto\/schiaccianoci-sevi\/"]}]},{"@type":"BreadcrumbList","@id":"https:\/\/www.trudi.com\/prodotto\/schiaccianoci-sevi\/#breadcrumb","itemListElement":[{"@type":"ListItem","position":1,"name":"Shop","item":"https:\/\/www.trudi.com\/negozio\/"},{"@type":"ListItem","position":2,"name":"Sevi Nussknacker"}]},{"@type":"WebSite","@id":"https:\/\/www.trudi.com\/#website","url":"https:\/\/www.trudi.com\/","name":"Trudi","description":"Peluche e Giochi in Legno","publisher":{"@id":"https:\/\/www.trudi.com\/#organization"},"potentialAction":[{"@type":"SearchAction","target":{"@type":"EntryPoint","urlTemplate":"https:\/\/www.trudi.com\/?s={search_term_string}"},"query-input":"required name=search_term_string"}],"inLanguage":"de-DE"},{"@type":"Organization","@id":"https:\/\/www.trudi.com\/#organization","name":"Trudi","url":"https:\/\/www.trudi.com\/","logo":{"@type":"ImageObject","inLanguage":"de-DE","@id":"https:\/\/www.trudi.com\/#\/schema\/logo\/image\/","url":"https:\/\/www.trudi.com\/wp-content\/uploads\/2021\/05\/trudi-logo.svg","contentUrl":"https:\/\/www.trudi.com\/wp-content\/uploads\/2021\/05\/trudi-logo.svg","width":50,"height":50,"caption":"Trudi"},"image":{"@id":"https:\/\/www.trudi.com\/#\/schema\/logo\/image\/"}}]}},"_links":{"self":[{"href":"https:\/\/www.trudi.com\/de\/wp-json\/wp\/v2\/product\/268510"}],"collection":[{"href":"https:\/\/www.trudi.com\/de\/wp-json\/wp\/v2\/product"}],"about":[{"href":"https:\/\/www.trudi.com\/de\/wp-json\/wp\/v2\/types\/product"}],"wp:featuredmedia":[{"embeddable":true,"href":"https:\/\/www.trudi.com\/de\/wp-json\/wp\/v2\/media\/255956"}],"wp:attachment":[{"href":"https:\/\/www.trudi.com\/de\/wp-json\/wp\/v2\/media?parent=268510"}],"wp:term":[{"taxonomy":"product_cat","embeddable":true,"href":"https:\/\/www.trudi.com\/de\/wp-json\/wp\/v2\/product_cat?post=268510"},{"taxonomy":"product_tag","embeddable":true,"href":"https:\/\/www.trudi.com\/de\/wp-json\/wp\/v2\/product_tag?post=268510"}],"curies":[{"name":"wp","href":"https:\/\/api.w.org\/{rel}","templated":true}]}}