
{"id":268506,"date":"2025-07-03T15:21:11","date_gmt":"2025-07-03T13:21:11","guid":{"rendered":"https:\/\/www.trudi.com\/prodotto\/leoparden-kissen\/"},"modified":"2025-07-03T15:21:11","modified_gmt":"2025-07-03T13:21:11","slug":"leoparden-kissen","status":"publish","type":"product","link":"https:\/\/www.trudi.com\/de\/prodotto\/leoparden-kissen\/","title":{"rendered":"Leoparden-Kissen"},"content":{"rendered":"<p>Die Trudi-Kissen sind perfekt, um sich mit Geschmack und Originalit\u00e4t einzurichten, sei es auf dem Sofa im Wohnzimmer, um eine gem\u00fctliche und lebendige Ecke zu schaffen, oder im Kinderzimmer, wo sie zu Spiel- und Kuschelgef\u00e4hrten werden. Ihre Vielseitigkeit und ihr raffiniertes Design machen sie auch zu einer idealen Geschenkidee f\u00fcr jeden Anlass, die die Herzen von Erwachsenen und Kindern gleicherma\u00dfen erobern kann. Mit Trudi Pillow verwandelt sich jedes Zimmer in einen magischen und gem\u00fctlichen Ort, an dem Qualit\u00e4t auf Design und Fantasie trifft.<\/p>\n<p>Diese Serie umfasst weiche Kissen, die vier liebenswerte Figuren darstellen. Das Leoparden-Kissen Trudi Pillow mit seinen realistischen Details und dem auff\u00e4lligen Design verleiht dem Raum einen exotischen und abenteuerlichen Touch.<\/p>\n","protected":false},"excerpt":{"rendered":"<p>Die Trudi-Kissen sind perfekt, um sich mit Geschmack und Originalit\u00e4t einzurichten, sei es auf dem Sofa im Wohnzimmer, um eine<\/p>\n","protected":false},"featured_media":256031,"template":"","meta":[],"product_cat":[890,859,846],"product_tag":[349,352],"acf":[],"yoast_head":"<!-- This site is optimized with the Yoast SEO plugin v21.9 - https:\/\/yoast.com\/wordpress\/plugins\/seo\/ -->\n<title>Leoparden-Kissen - Trudi<\/title>\n<meta name=\"description\" content=\"Das Leopardenkissen mit seinen realistischen Details und seinem attraktiven Design verleiht dem Raum einen exotischen und abenteuerlichen Touch.\" \/>\n<meta name=\"robots\" content=\"index, follow, max-snippet:-1, max-image-preview:large, max-video-preview:-1\" \/>\n<link rel=\"canonical\" href=\"https:\/\/www.trudi.com\/de\/prodotto\/cuscino-leopardo\/\" \/>\n<meta property=\"og:locale\" content=\"de_DE\" \/>\n<meta property=\"og:type\" content=\"article\" \/>\n<meta property=\"og:title\" content=\"Leoparden-Kissen - Trudi\" \/>\n<meta property=\"og:description\" content=\"Das Leopardenkissen mit seinen realistischen Details und seinem attraktiven Design verleiht dem Raum einen exotischen und abenteuerlichen Touch.\" \/>\n<meta property=\"og:url\" content=\"https:\/\/www.trudi.com\/prodotto\/cuscino-leopardo\/\" \/>\n<meta property=\"og:site_name\" content=\"Trudi\" \/>\n<meta property=\"og:image\" content=\"https:\/\/www.trudi.com\/wp-content\/uploads\/2024\/07\/28097-B-scaled.jpg\" \/>\n\t<meta property=\"og:image:width\" content=\"2560\" \/>\n\t<meta property=\"og:image:height\" content=\"1706\" \/>\n\t<meta property=\"og:image:type\" content=\"image\/jpeg\" \/>\n<meta name=\"twitter:card\" content=\"summary_large_image\" \/>\n<meta name=\"twitter:label1\" content=\"Gesch\u00e4tzte Lesezeit\" \/>\n\t<meta name=\"twitter:data1\" content=\"1 Minute\" \/>\n<script type=\"application\/ld+json\" class=\"yoast-schema-graph\">{\"@context\":\"https:\/\/schema.org\",\"@graph\":[{\"@type\":\"WebPage\",\"@id\":\"https:\/\/www.trudi.com\/prodotto\/cuscino-leopardo\/\",\"url\":\"https:\/\/www.trudi.com\/prodotto\/cuscino-leopardo\/\",\"name\":\"Leoparden-Kissen - Trudi\",\"isPartOf\":{\"@id\":\"https:\/\/www.trudi.com\/#website\"},\"datePublished\":\"2025-07-03T13:21:11+00:00\",\"dateModified\":\"2025-07-03T13:21:11+00:00\",\"description\":\"Das Leopardenkissen mit seinen realistischen Details und seinem attraktiven Design verleiht dem Raum einen exotischen und abenteuerlichen Touch.\",\"breadcrumb\":{\"@id\":\"https:\/\/www.trudi.com\/prodotto\/cuscino-leopardo\/#breadcrumb\"},\"inLanguage\":\"de-DE\",\"potentialAction\":[{\"@type\":\"ReadAction\",\"target\":[\"https:\/\/www.trudi.com\/prodotto\/cuscino-leopardo\/\"]}]},{\"@type\":\"BreadcrumbList\",\"@id\":\"https:\/\/www.trudi.com\/prodotto\/cuscino-leopardo\/#breadcrumb\",\"itemListElement\":[{\"@type\":\"ListItem\",\"position\":1,\"name\":\"Shop\",\"item\":\"https:\/\/www.trudi.com\/negozio\/\"},{\"@type\":\"ListItem\",\"position\":2,\"name\":\"Leoparden-Kissen\"}]},{\"@type\":\"WebSite\",\"@id\":\"https:\/\/www.trudi.com\/#website\",\"url\":\"https:\/\/www.trudi.com\/\",\"name\":\"Trudi\",\"description\":\"Peluche e Giochi in Legno\",\"publisher\":{\"@id\":\"https:\/\/www.trudi.com\/#organization\"},\"potentialAction\":[{\"@type\":\"SearchAction\",\"target\":{\"@type\":\"EntryPoint\",\"urlTemplate\":\"https:\/\/www.trudi.com\/?s={search_term_string}\"},\"query-input\":\"required name=search_term_string\"}],\"inLanguage\":\"de-DE\"},{\"@type\":\"Organization\",\"@id\":\"https:\/\/www.trudi.com\/#organization\",\"name\":\"Trudi\",\"url\":\"https:\/\/www.trudi.com\/\",\"logo\":{\"@type\":\"ImageObject\",\"inLanguage\":\"de-DE\",\"@id\":\"https:\/\/www.trudi.com\/#\/schema\/logo\/image\/\",\"url\":\"https:\/\/www.trudi.com\/wp-content\/uploads\/2021\/05\/trudi-logo.svg\",\"contentUrl\":\"https:\/\/www.trudi.com\/wp-content\/uploads\/2021\/05\/trudi-logo.svg\",\"width\":50,\"height\":50,\"caption\":\"Trudi\"},\"image\":{\"@id\":\"https:\/\/www.trudi.com\/#\/schema\/logo\/image\/\"}}]}<\/script>\n<!-- \/ Yoast SEO plugin. -->","yoast_head_json":{"title":"Leoparden-Kissen - Trudi","description":"Das Leopardenkissen mit seinen realistischen Details und seinem attraktiven Design verleiht dem Raum einen exotischen und abenteuerlichen Touch.","robots":{"index":"index","follow":"follow","max-snippet":"max-snippet:-1","max-image-preview":"max-image-preview:large","max-video-preview":"max-video-preview:-1"},"canonical":"https:\/\/www.trudi.com\/de\/prodotto\/cuscino-leopardo\/","og_locale":"de_DE","og_type":"article","og_title":"Leoparden-Kissen - Trudi","og_description":"Das Leopardenkissen mit seinen realistischen Details und seinem attraktiven Design verleiht dem Raum einen exotischen und abenteuerlichen Touch.","og_url":"https:\/\/www.trudi.com\/prodotto\/cuscino-leopardo\/","og_site_name":"Trudi","og_image":[{"width":2560,"height":1706,"url":"https:\/\/www.trudi.com\/wp-content\/uploads\/2024\/07\/28097-B-scaled.jpg","type":"image\/jpeg"}],"twitter_card":"summary_large_image","twitter_misc":{"Gesch\u00e4tzte Lesezeit":"1 Minute"},"schema":{"@context":"https:\/\/schema.org","@graph":[{"@type":"WebPage","@id":"https:\/\/www.trudi.com\/prodotto\/cuscino-leopardo\/","url":"https:\/\/www.trudi.com\/prodotto\/cuscino-leopardo\/","name":"Leoparden-Kissen - Trudi","isPartOf":{"@id":"https:\/\/www.trudi.com\/#website"},"datePublished":"2025-07-03T13:21:11+00:00","dateModified":"2025-07-03T13:21:11+00:00","description":"Das Leopardenkissen mit seinen realistischen Details und seinem attraktiven Design verleiht dem Raum einen exotischen und abenteuerlichen Touch.","breadcrumb":{"@id":"https:\/\/www.trudi.com\/prodotto\/cuscino-leopardo\/#breadcrumb"},"inLanguage":"de-DE","potentialAction":[{"@type":"ReadAction","target":["https:\/\/www.trudi.com\/prodotto\/cuscino-leopardo\/"]}]},{"@type":"BreadcrumbList","@id":"https:\/\/www.trudi.com\/prodotto\/cuscino-leopardo\/#breadcrumb","itemListElement":[{"@type":"ListItem","position":1,"name":"Shop","item":"https:\/\/www.trudi.com\/negozio\/"},{"@type":"ListItem","position":2,"name":"Leoparden-Kissen"}]},{"@type":"WebSite","@id":"https:\/\/www.trudi.com\/#website","url":"https:\/\/www.trudi.com\/","name":"Trudi","description":"Peluche e Giochi in Legno","publisher":{"@id":"https:\/\/www.trudi.com\/#organization"},"potentialAction":[{"@type":"SearchAction","target":{"@type":"EntryPoint","urlTemplate":"https:\/\/www.trudi.com\/?s={search_term_string}"},"query-input":"required name=search_term_string"}],"inLanguage":"de-DE"},{"@type":"Organization","@id":"https:\/\/www.trudi.com\/#organization","name":"Trudi","url":"https:\/\/www.trudi.com\/","logo":{"@type":"ImageObject","inLanguage":"de-DE","@id":"https:\/\/www.trudi.com\/#\/schema\/logo\/image\/","url":"https:\/\/www.trudi.com\/wp-content\/uploads\/2021\/05\/trudi-logo.svg","contentUrl":"https:\/\/www.trudi.com\/wp-content\/uploads\/2021\/05\/trudi-logo.svg","width":50,"height":50,"caption":"Trudi"},"image":{"@id":"https:\/\/www.trudi.com\/#\/schema\/logo\/image\/"}}]}},"_links":{"self":[{"href":"https:\/\/www.trudi.com\/de\/wp-json\/wp\/v2\/product\/268506"}],"collection":[{"href":"https:\/\/www.trudi.com\/de\/wp-json\/wp\/v2\/product"}],"about":[{"href":"https:\/\/www.trudi.com\/de\/wp-json\/wp\/v2\/types\/product"}],"wp:featuredmedia":[{"embeddable":true,"href":"https:\/\/www.trudi.com\/de\/wp-json\/wp\/v2\/media\/256031"}],"wp:attachment":[{"href":"https:\/\/www.trudi.com\/de\/wp-json\/wp\/v2\/media?parent=268506"}],"wp:term":[{"taxonomy":"product_cat","embeddable":true,"href":"https:\/\/www.trudi.com\/de\/wp-json\/wp\/v2\/product_cat?post=268506"},{"taxonomy":"product_tag","embeddable":true,"href":"https:\/\/www.trudi.com\/de\/wp-json\/wp\/v2\/product_tag?post=268506"}],"curies":[{"name":"wp","href":"https:\/\/api.w.org\/{rel}","templated":true}]}}