
{"id":268442,"date":"2025-07-02T17:12:39","date_gmt":"2025-07-02T15:12:39","guid":{"rendered":"https:\/\/www.trudi.com\/prodotto\/mix-match-blumen-kaefer-15-stk\/"},"modified":"2025-07-02T17:12:39","modified_gmt":"2025-07-02T15:12:39","slug":"mix-match-blumen-kaefer-15-stk","status":"publish","type":"product","link":"https:\/\/www.trudi.com\/de\/prodotto\/mix-match-blumen-kaefer-15-stk\/","title":{"rendered":"Mix &#038; Match Blumen &#038; K\u00e4fer (15 Stk)"},"content":{"rendered":"<p>Die Botanical-Linie ist die zweite Kollektion von Sevi Nature, der Welt, die dem Wissen \u00fcber die Natur gewidmet ist. In dieser Linie wird jedes Spiel auf kreative Weise mit Elementen von Pflanzen, Blumen und Fr\u00fcchten gestaltet, um sie allen Kindern besser bekannt zu machen und zu erkunden, im spielerischen Sinne.<\/p>\n<p>Mit den Mix &amp; Match-Aktivit\u00e4ten lernt das Kind, wie man die Bilder von Schmetterlingen und K\u00e4fern sicher und spielerisch zusammensetzt und seine Kreativit\u00e4t anregt.<\/p>\n","protected":false},"excerpt":{"rendered":"<p>Die Botanical-Linie ist die zweite Kollektion von Sevi Nature, der Welt, die dem Wissen \u00fcber die Natur gewidmet ist. In<\/p>\n","protected":false},"featured_media":256809,"template":"","meta":[],"product_cat":[837,731],"product_tag":[],"acf":[],"yoast_head":"<!-- This site is optimized with the Yoast SEO plugin v21.9 - https:\/\/yoast.com\/wordpress\/plugins\/seo\/ -->\n<title>Mix &amp; Match Blumen &amp; K\u00e4fer (15 Stk) - Trudi<\/title>\n<meta name=\"description\" content=\"Mit den Mix &amp; Match-Aktivit\u00e4ten lernt das Kind, wie man die Bilder von K\u00e4ferblumen sicher und spielerisch zusammensetzt.\" \/>\n<meta name=\"robots\" content=\"index, follow, max-snippet:-1, max-image-preview:large, max-video-preview:-1\" \/>\n<link rel=\"canonical\" href=\"https:\/\/www.trudi.com\/de\/prodotto\/mix-match-fiori-coleotteri-15-pz\/\" \/>\n<meta property=\"og:locale\" content=\"de_DE\" \/>\n<meta property=\"og:type\" content=\"article\" \/>\n<meta property=\"og:title\" content=\"Mix &amp; Match Blumen &amp; K\u00e4fer (15 Stk) - Trudi\" \/>\n<meta property=\"og:description\" content=\"Mit den Mix &amp; Match-Aktivit\u00e4ten lernt das Kind, wie man die Bilder von K\u00e4ferblumen sicher und spielerisch zusammensetzt.\" \/>\n<meta property=\"og:url\" content=\"https:\/\/www.trudi.com\/prodotto\/mix-match-fiori-coleotteri-15-pz\/\" \/>\n<meta property=\"og:site_name\" content=\"Trudi\" \/>\n<meta property=\"og:image\" content=\"https:\/\/www.trudi.com\/wp-content\/uploads\/2024\/08\/83137_A.jpg\" \/>\n\t<meta property=\"og:image:width\" content=\"1853\" \/>\n\t<meta property=\"og:image:height\" content=\"1853\" \/>\n\t<meta property=\"og:image:type\" content=\"image\/jpeg\" \/>\n<meta name=\"twitter:card\" content=\"summary_large_image\" \/>\n<script type=\"application\/ld+json\" class=\"yoast-schema-graph\">{\"@context\":\"https:\/\/schema.org\",\"@graph\":[{\"@type\":\"WebPage\",\"@id\":\"https:\/\/www.trudi.com\/prodotto\/mix-match-fiori-coleotteri-15-pz\/\",\"url\":\"https:\/\/www.trudi.com\/prodotto\/mix-match-fiori-coleotteri-15-pz\/\",\"name\":\"Mix & Match Blumen & K\u00e4fer (15 Stk) - Trudi\",\"isPartOf\":{\"@id\":\"https:\/\/www.trudi.com\/#website\"},\"datePublished\":\"2025-07-02T15:12:39+00:00\",\"dateModified\":\"2025-07-02T15:12:39+00:00\",\"description\":\"Mit den Mix & Match-Aktivit\u00e4ten lernt das Kind, wie man die Bilder von K\u00e4ferblumen sicher und spielerisch zusammensetzt.\",\"breadcrumb\":{\"@id\":\"https:\/\/www.trudi.com\/prodotto\/mix-match-fiori-coleotteri-15-pz\/#breadcrumb\"},\"inLanguage\":\"de-DE\",\"potentialAction\":[{\"@type\":\"ReadAction\",\"target\":[\"https:\/\/www.trudi.com\/prodotto\/mix-match-fiori-coleotteri-15-pz\/\"]}]},{\"@type\":\"BreadcrumbList\",\"@id\":\"https:\/\/www.trudi.com\/prodotto\/mix-match-fiori-coleotteri-15-pz\/#breadcrumb\",\"itemListElement\":[{\"@type\":\"ListItem\",\"position\":1,\"name\":\"Shop\",\"item\":\"https:\/\/www.trudi.com\/negozio\/\"},{\"@type\":\"ListItem\",\"position\":2,\"name\":\"Mix &#038; Match Blumen &#038; K\u00e4fer (15 Stk)\"}]},{\"@type\":\"WebSite\",\"@id\":\"https:\/\/www.trudi.com\/#website\",\"url\":\"https:\/\/www.trudi.com\/\",\"name\":\"Trudi\",\"description\":\"Peluche e Giochi in Legno\",\"publisher\":{\"@id\":\"https:\/\/www.trudi.com\/#organization\"},\"potentialAction\":[{\"@type\":\"SearchAction\",\"target\":{\"@type\":\"EntryPoint\",\"urlTemplate\":\"https:\/\/www.trudi.com\/?s={search_term_string}\"},\"query-input\":\"required name=search_term_string\"}],\"inLanguage\":\"de-DE\"},{\"@type\":\"Organization\",\"@id\":\"https:\/\/www.trudi.com\/#organization\",\"name\":\"Trudi\",\"url\":\"https:\/\/www.trudi.com\/\",\"logo\":{\"@type\":\"ImageObject\",\"inLanguage\":\"de-DE\",\"@id\":\"https:\/\/www.trudi.com\/#\/schema\/logo\/image\/\",\"url\":\"https:\/\/www.trudi.com\/wp-content\/uploads\/2021\/05\/trudi-logo.svg\",\"contentUrl\":\"https:\/\/www.trudi.com\/wp-content\/uploads\/2021\/05\/trudi-logo.svg\",\"width\":50,\"height\":50,\"caption\":\"Trudi\"},\"image\":{\"@id\":\"https:\/\/www.trudi.com\/#\/schema\/logo\/image\/\"}}]}<\/script>\n<!-- \/ Yoast SEO plugin. -->","yoast_head_json":{"title":"Mix & Match Blumen & K\u00e4fer (15 Stk) - Trudi","description":"Mit den Mix & Match-Aktivit\u00e4ten lernt das Kind, wie man die Bilder von K\u00e4ferblumen sicher und spielerisch zusammensetzt.","robots":{"index":"index","follow":"follow","max-snippet":"max-snippet:-1","max-image-preview":"max-image-preview:large","max-video-preview":"max-video-preview:-1"},"canonical":"https:\/\/www.trudi.com\/de\/prodotto\/mix-match-fiori-coleotteri-15-pz\/","og_locale":"de_DE","og_type":"article","og_title":"Mix & Match Blumen & K\u00e4fer (15 Stk) - Trudi","og_description":"Mit den Mix & Match-Aktivit\u00e4ten lernt das Kind, wie man die Bilder von K\u00e4ferblumen sicher und spielerisch zusammensetzt.","og_url":"https:\/\/www.trudi.com\/prodotto\/mix-match-fiori-coleotteri-15-pz\/","og_site_name":"Trudi","og_image":[{"width":1853,"height":1853,"url":"https:\/\/www.trudi.com\/wp-content\/uploads\/2024\/08\/83137_A.jpg","type":"image\/jpeg"}],"twitter_card":"summary_large_image","schema":{"@context":"https:\/\/schema.org","@graph":[{"@type":"WebPage","@id":"https:\/\/www.trudi.com\/prodotto\/mix-match-fiori-coleotteri-15-pz\/","url":"https:\/\/www.trudi.com\/prodotto\/mix-match-fiori-coleotteri-15-pz\/","name":"Mix & Match Blumen & K\u00e4fer (15 Stk) - Trudi","isPartOf":{"@id":"https:\/\/www.trudi.com\/#website"},"datePublished":"2025-07-02T15:12:39+00:00","dateModified":"2025-07-02T15:12:39+00:00","description":"Mit den Mix & Match-Aktivit\u00e4ten lernt das Kind, wie man die Bilder von K\u00e4ferblumen sicher und spielerisch zusammensetzt.","breadcrumb":{"@id":"https:\/\/www.trudi.com\/prodotto\/mix-match-fiori-coleotteri-15-pz\/#breadcrumb"},"inLanguage":"de-DE","potentialAction":[{"@type":"ReadAction","target":["https:\/\/www.trudi.com\/prodotto\/mix-match-fiori-coleotteri-15-pz\/"]}]},{"@type":"BreadcrumbList","@id":"https:\/\/www.trudi.com\/prodotto\/mix-match-fiori-coleotteri-15-pz\/#breadcrumb","itemListElement":[{"@type":"ListItem","position":1,"name":"Shop","item":"https:\/\/www.trudi.com\/negozio\/"},{"@type":"ListItem","position":2,"name":"Mix &#038; Match Blumen &#038; K\u00e4fer (15 Stk)"}]},{"@type":"WebSite","@id":"https:\/\/www.trudi.com\/#website","url":"https:\/\/www.trudi.com\/","name":"Trudi","description":"Peluche e Giochi in Legno","publisher":{"@id":"https:\/\/www.trudi.com\/#organization"},"potentialAction":[{"@type":"SearchAction","target":{"@type":"EntryPoint","urlTemplate":"https:\/\/www.trudi.com\/?s={search_term_string}"},"query-input":"required name=search_term_string"}],"inLanguage":"de-DE"},{"@type":"Organization","@id":"https:\/\/www.trudi.com\/#organization","name":"Trudi","url":"https:\/\/www.trudi.com\/","logo":{"@type":"ImageObject","inLanguage":"de-DE","@id":"https:\/\/www.trudi.com\/#\/schema\/logo\/image\/","url":"https:\/\/www.trudi.com\/wp-content\/uploads\/2021\/05\/trudi-logo.svg","contentUrl":"https:\/\/www.trudi.com\/wp-content\/uploads\/2021\/05\/trudi-logo.svg","width":50,"height":50,"caption":"Trudi"},"image":{"@id":"https:\/\/www.trudi.com\/#\/schema\/logo\/image\/"}}]}},"_links":{"self":[{"href":"https:\/\/www.trudi.com\/de\/wp-json\/wp\/v2\/product\/268442"}],"collection":[{"href":"https:\/\/www.trudi.com\/de\/wp-json\/wp\/v2\/product"}],"about":[{"href":"https:\/\/www.trudi.com\/de\/wp-json\/wp\/v2\/types\/product"}],"wp:featuredmedia":[{"embeddable":true,"href":"https:\/\/www.trudi.com\/de\/wp-json\/wp\/v2\/media\/256809"}],"wp:attachment":[{"href":"https:\/\/www.trudi.com\/de\/wp-json\/wp\/v2\/media?parent=268442"}],"wp:term":[{"taxonomy":"product_cat","embeddable":true,"href":"https:\/\/www.trudi.com\/de\/wp-json\/wp\/v2\/product_cat?post=268442"},{"taxonomy":"product_tag","embeddable":true,"href":"https:\/\/www.trudi.com\/de\/wp-json\/wp\/v2\/product_tag?post=268442"}],"curies":[{"name":"wp","href":"https:\/\/api.w.org\/{rel}","templated":true}]}}