
{"id":268374,"date":"2025-07-02T14:21:14","date_gmt":"2025-07-02T12:21:14","guid":{"rendered":"https:\/\/www.trudi.com\/prodotto\/tiger-stoffpuppe\/"},"modified":"2025-07-02T14:21:14","modified_gmt":"2025-07-02T12:21:14","slug":"tiger-stoffpuppe","status":"publish","type":"product","link":"https:\/\/www.trudi.com\/de\/prodotto\/tiger-stoffpuppe\/","title":{"rendered":"Tiger Stoffpuppe"},"content":{"rendered":"<p>Entdecke die neue Protagonistin der Pl\u00fcsch-Puppen-Kollektion von Trudi: den Tiger! Diese sympathische Figur mit spielbarem und beweglichem Gesicht, Pfoten und Ohren, die sich animieren, ist perfekt, um M\u00e4rchen und Gruselgeschichten zum Leben zu erwecken.<\/p>\n<p>Aber Vorsicht, lass dich nicht von ihrem niedlichen Aussehen t\u00e4uschen! Die Pl\u00fcsch-Puppe des Tigers von Trudi ist bereit, vor Freude zu br\u00fcllen und die Herzen von Gro\u00df und Klein zu erobern. Hergestellt aus hochwertigen Materialien, ist dieser Tiger weich im Griff und widerstandsf\u00e4hig gegen die wildesten Abenteuer.<\/p>\n<p>Ideal, um die Fantasie der Kinder anzuregen, kann er sich mit einer einfachen Handbewegung in einen gef\u00fcrchteten R\u00e4uber oder einen treuen Freund verwandeln. Ob es sich um eine Dschungelgeschichte oder ein Gute-Nacht-M\u00e4rchen handelt, diese Puppe wird jeden Moment magisch und unvergesslich machen.<\/p>\n","protected":false},"excerpt":{"rendered":"<p>Entdecke die neue Protagonistin der Pl\u00fcsch-Puppen-Kollektion von Trudi: den Tiger! Diese sympathische Figur mit spielbarem und beweglichem Gesicht, Pfoten und<\/p>\n","protected":false},"featured_media":258391,"template":"","meta":[],"product_cat":[410,442],"product_tag":[349],"acf":[],"yoast_head":"<!-- This site is optimized with the Yoast SEO plugin v21.9 - https:\/\/yoast.com\/wordpress\/plugins\/seo\/ -->\n<title>Tiger Stoffpuppe - Trudi<\/title>\n<meta name=\"description\" content=\"Entdecke die neue Protagonistin der Pl\u00fcsch-Puppen-Kollektion von Trudi: den Tiger!\" \/>\n<meta name=\"robots\" content=\"index, follow, max-snippet:-1, max-image-preview:large, max-video-preview:-1\" \/>\n<link rel=\"canonical\" href=\"https:\/\/www.trudi.com\/de\/prodotto\/marionetta-tigre\/\" \/>\n<meta property=\"og:locale\" content=\"de_DE\" \/>\n<meta property=\"og:type\" content=\"article\" \/>\n<meta property=\"og:title\" content=\"Tiger Stoffpuppe - Trudi\" \/>\n<meta property=\"og:description\" content=\"Entdecke die neue Protagonistin der Pl\u00fcsch-Puppen-Kollektion von Trudi: den Tiger!\" \/>\n<meta property=\"og:url\" content=\"https:\/\/www.trudi.com\/prodotto\/marionetta-tigre\/\" \/>\n<meta property=\"og:site_name\" content=\"Trudi\" \/>\n<meta property=\"og:image\" content=\"https:\/\/www.trudi.com\/wp-content\/uploads\/2024\/09\/29318-A-scaled.jpg\" \/>\n\t<meta property=\"og:image:width\" content=\"2560\" \/>\n\t<meta property=\"og:image:height\" content=\"1706\" \/>\n\t<meta property=\"og:image:type\" content=\"image\/jpeg\" \/>\n<meta name=\"twitter:card\" content=\"summary_large_image\" \/>\n<meta name=\"twitter:label1\" content=\"Gesch\u00e4tzte Lesezeit\" \/>\n\t<meta name=\"twitter:data1\" content=\"1 Minute\" \/>\n<script type=\"application\/ld+json\" class=\"yoast-schema-graph\">{\"@context\":\"https:\/\/schema.org\",\"@graph\":[{\"@type\":\"WebPage\",\"@id\":\"https:\/\/www.trudi.com\/prodotto\/marionetta-tigre\/\",\"url\":\"https:\/\/www.trudi.com\/prodotto\/marionetta-tigre\/\",\"name\":\"Tiger Stoffpuppe - Trudi\",\"isPartOf\":{\"@id\":\"https:\/\/www.trudi.com\/#website\"},\"datePublished\":\"2025-07-02T12:21:14+00:00\",\"dateModified\":\"2025-07-02T12:21:14+00:00\",\"description\":\"Entdecke die neue Protagonistin der Pl\u00fcsch-Puppen-Kollektion von Trudi: den Tiger!\",\"breadcrumb\":{\"@id\":\"https:\/\/www.trudi.com\/prodotto\/marionetta-tigre\/#breadcrumb\"},\"inLanguage\":\"de-DE\",\"potentialAction\":[{\"@type\":\"ReadAction\",\"target\":[\"https:\/\/www.trudi.com\/prodotto\/marionetta-tigre\/\"]}]},{\"@type\":\"BreadcrumbList\",\"@id\":\"https:\/\/www.trudi.com\/prodotto\/marionetta-tigre\/#breadcrumb\",\"itemListElement\":[{\"@type\":\"ListItem\",\"position\":1,\"name\":\"Shop\",\"item\":\"https:\/\/www.trudi.com\/negozio\/\"},{\"@type\":\"ListItem\",\"position\":2,\"name\":\"Tiger Stoffpuppe\"}]},{\"@type\":\"WebSite\",\"@id\":\"https:\/\/www.trudi.com\/#website\",\"url\":\"https:\/\/www.trudi.com\/\",\"name\":\"Trudi\",\"description\":\"Peluche e Giochi in Legno\",\"publisher\":{\"@id\":\"https:\/\/www.trudi.com\/#organization\"},\"potentialAction\":[{\"@type\":\"SearchAction\",\"target\":{\"@type\":\"EntryPoint\",\"urlTemplate\":\"https:\/\/www.trudi.com\/?s={search_term_string}\"},\"query-input\":\"required name=search_term_string\"}],\"inLanguage\":\"de-DE\"},{\"@type\":\"Organization\",\"@id\":\"https:\/\/www.trudi.com\/#organization\",\"name\":\"Trudi\",\"url\":\"https:\/\/www.trudi.com\/\",\"logo\":{\"@type\":\"ImageObject\",\"inLanguage\":\"de-DE\",\"@id\":\"https:\/\/www.trudi.com\/#\/schema\/logo\/image\/\",\"url\":\"https:\/\/www.trudi.com\/wp-content\/uploads\/2021\/05\/trudi-logo.svg\",\"contentUrl\":\"https:\/\/www.trudi.com\/wp-content\/uploads\/2021\/05\/trudi-logo.svg\",\"width\":50,\"height\":50,\"caption\":\"Trudi\"},\"image\":{\"@id\":\"https:\/\/www.trudi.com\/#\/schema\/logo\/image\/\"}}]}<\/script>\n<!-- \/ Yoast SEO plugin. -->","yoast_head_json":{"title":"Tiger Stoffpuppe - Trudi","description":"Entdecke die neue Protagonistin der Pl\u00fcsch-Puppen-Kollektion von Trudi: den Tiger!","robots":{"index":"index","follow":"follow","max-snippet":"max-snippet:-1","max-image-preview":"max-image-preview:large","max-video-preview":"max-video-preview:-1"},"canonical":"https:\/\/www.trudi.com\/de\/prodotto\/marionetta-tigre\/","og_locale":"de_DE","og_type":"article","og_title":"Tiger Stoffpuppe - Trudi","og_description":"Entdecke die neue Protagonistin der Pl\u00fcsch-Puppen-Kollektion von Trudi: den Tiger!","og_url":"https:\/\/www.trudi.com\/prodotto\/marionetta-tigre\/","og_site_name":"Trudi","og_image":[{"width":2560,"height":1706,"url":"https:\/\/www.trudi.com\/wp-content\/uploads\/2024\/09\/29318-A-scaled.jpg","type":"image\/jpeg"}],"twitter_card":"summary_large_image","twitter_misc":{"Gesch\u00e4tzte Lesezeit":"1 Minute"},"schema":{"@context":"https:\/\/schema.org","@graph":[{"@type":"WebPage","@id":"https:\/\/www.trudi.com\/prodotto\/marionetta-tigre\/","url":"https:\/\/www.trudi.com\/prodotto\/marionetta-tigre\/","name":"Tiger Stoffpuppe - Trudi","isPartOf":{"@id":"https:\/\/www.trudi.com\/#website"},"datePublished":"2025-07-02T12:21:14+00:00","dateModified":"2025-07-02T12:21:14+00:00","description":"Entdecke die neue Protagonistin der Pl\u00fcsch-Puppen-Kollektion von Trudi: den Tiger!","breadcrumb":{"@id":"https:\/\/www.trudi.com\/prodotto\/marionetta-tigre\/#breadcrumb"},"inLanguage":"de-DE","potentialAction":[{"@type":"ReadAction","target":["https:\/\/www.trudi.com\/prodotto\/marionetta-tigre\/"]}]},{"@type":"BreadcrumbList","@id":"https:\/\/www.trudi.com\/prodotto\/marionetta-tigre\/#breadcrumb","itemListElement":[{"@type":"ListItem","position":1,"name":"Shop","item":"https:\/\/www.trudi.com\/negozio\/"},{"@type":"ListItem","position":2,"name":"Tiger Stoffpuppe"}]},{"@type":"WebSite","@id":"https:\/\/www.trudi.com\/#website","url":"https:\/\/www.trudi.com\/","name":"Trudi","description":"Peluche e Giochi in Legno","publisher":{"@id":"https:\/\/www.trudi.com\/#organization"},"potentialAction":[{"@type":"SearchAction","target":{"@type":"EntryPoint","urlTemplate":"https:\/\/www.trudi.com\/?s={search_term_string}"},"query-input":"required name=search_term_string"}],"inLanguage":"de-DE"},{"@type":"Organization","@id":"https:\/\/www.trudi.com\/#organization","name":"Trudi","url":"https:\/\/www.trudi.com\/","logo":{"@type":"ImageObject","inLanguage":"de-DE","@id":"https:\/\/www.trudi.com\/#\/schema\/logo\/image\/","url":"https:\/\/www.trudi.com\/wp-content\/uploads\/2021\/05\/trudi-logo.svg","contentUrl":"https:\/\/www.trudi.com\/wp-content\/uploads\/2021\/05\/trudi-logo.svg","width":50,"height":50,"caption":"Trudi"},"image":{"@id":"https:\/\/www.trudi.com\/#\/schema\/logo\/image\/"}}]}},"_links":{"self":[{"href":"https:\/\/www.trudi.com\/de\/wp-json\/wp\/v2\/product\/268374"}],"collection":[{"href":"https:\/\/www.trudi.com\/de\/wp-json\/wp\/v2\/product"}],"about":[{"href":"https:\/\/www.trudi.com\/de\/wp-json\/wp\/v2\/types\/product"}],"wp:featuredmedia":[{"embeddable":true,"href":"https:\/\/www.trudi.com\/de\/wp-json\/wp\/v2\/media\/258391"}],"wp:attachment":[{"href":"https:\/\/www.trudi.com\/de\/wp-json\/wp\/v2\/media?parent=268374"}],"wp:term":[{"taxonomy":"product_cat","embeddable":true,"href":"https:\/\/www.trudi.com\/de\/wp-json\/wp\/v2\/product_cat?post=268374"},{"taxonomy":"product_tag","embeddable":true,"href":"https:\/\/www.trudi.com\/de\/wp-json\/wp\/v2\/product_tag?post=268374"}],"curies":[{"name":"wp","href":"https:\/\/api.w.org\/{rel}","templated":true}]}}