
{"id":268373,"date":"2025-07-02T14:18:59","date_gmt":"2025-07-02T12:18:59","guid":{"rendered":"https:\/\/www.trudi.com\/prodotto\/weihnachtsmanns-stoffpuppe\/"},"modified":"2025-07-02T14:18:59","modified_gmt":"2025-07-02T12:18:59","slug":"weihnachtsmanns-stoffpuppe","status":"publish","type":"product","link":"https:\/\/www.trudi.com\/de\/prodotto\/weihnachtsmanns-stoffpuppe\/","title":{"rendered":"Weihnachtsmanns Stoffpuppe"},"content":{"rendered":"<p>Hier ist die Pl\u00fcsch-Marionette des Weihnachtsmanns von Trudi, bereit, eine Ladung Freude und Weihnachtszauber direkt zu Ihnen nach Hause zu bringen! Mit seinem roten Hut, dem weichen Bart und dem ansteckenden L\u00e4cheln ist dieser Weihnachtsmann der perfekte Begleiter f\u00fcr Ihre Weihnachtsgeschichten.<\/p>\n<p>Hergestellt aus hochwertigen Materialien, ist diese Marionette sowohl weich als auch robust, bereit, all die festlichen Abenteuer der Kleinen zu \u00fcberstehen.Aber Achtung, es ist nicht einfach nur ein Weihnachtsmann! Mit einer einfachen Handbewegung k\u00f6nnen Sie ihn winken lassen, lachen und sogar imagin\u00e4re Geschenke verteilen.<\/p>\n<p>Perfekt, um die Familienabende zu beleben, f\u00fcr Schulauff\u00fchrungen oder einfach, um Ihren Weihnachtsschmuck einen Hauch von Magie zu verleihen. Und vergessen Sie nicht, sie ist Teil der Kollektion Weihnachten, also ein einzigartiges St\u00fcck, das in Ihrer Trudi-Pl\u00fcschkollektion nicht fehlen darf.<\/p>\n","protected":false},"excerpt":{"rendered":"<p>Hier ist die Pl\u00fcsch-Marionette des Weihnachtsmanns von Trudi, bereit, eine Ladung Freude und Weihnachtszauber direkt zu Ihnen nach Hause zu<\/p>\n","protected":false},"featured_media":258408,"template":"","meta":[],"product_cat":[676,442,659],"product_tag":[],"acf":[],"yoast_head":"<!-- This site is optimized with the Yoast SEO plugin v21.9 - https:\/\/yoast.com\/wordpress\/plugins\/seo\/ -->\n<title>Weihnachtsmanns Stoffpuppe - Trudi<\/title>\n<meta name=\"description\" content=\"Hier ist die Pl\u00fcsch-Marionette des Weihnachtsmanns von Trudi, bereit, eine Ladung Freude und Weihnachtszauber direkt zu Ihnen nach Hause zu bringen!\" \/>\n<meta name=\"robots\" content=\"index, follow, max-snippet:-1, max-image-preview:large, max-video-preview:-1\" \/>\n<link rel=\"canonical\" href=\"https:\/\/www.trudi.com\/de\/prodotto\/marionetta-babbo-natale\/\" \/>\n<meta property=\"og:locale\" content=\"de_DE\" \/>\n<meta property=\"og:type\" content=\"article\" \/>\n<meta property=\"og:title\" content=\"Weihnachtsmanns Stoffpuppe - Trudi\" \/>\n<meta property=\"og:description\" content=\"Hier ist die Pl\u00fcsch-Marionette des Weihnachtsmanns von Trudi, bereit, eine Ladung Freude und Weihnachtszauber direkt zu Ihnen nach Hause zu bringen!\" \/>\n<meta property=\"og:url\" content=\"https:\/\/www.trudi.com\/prodotto\/marionetta-babbo-natale\/\" \/>\n<meta property=\"og:site_name\" content=\"Trudi\" \/>\n<meta property=\"og:image\" content=\"https:\/\/www.trudi.com\/wp-content\/uploads\/2024\/09\/29319-A-scaled.jpg\" \/>\n\t<meta property=\"og:image:width\" content=\"2560\" \/>\n\t<meta property=\"og:image:height\" content=\"1706\" \/>\n\t<meta property=\"og:image:type\" content=\"image\/jpeg\" \/>\n<meta name=\"twitter:card\" content=\"summary_large_image\" \/>\n<meta name=\"twitter:label1\" content=\"Gesch\u00e4tzte Lesezeit\" \/>\n\t<meta name=\"twitter:data1\" content=\"1 Minute\" \/>\n<script type=\"application\/ld+json\" class=\"yoast-schema-graph\">{\"@context\":\"https:\/\/schema.org\",\"@graph\":[{\"@type\":\"WebPage\",\"@id\":\"https:\/\/www.trudi.com\/prodotto\/marionetta-babbo-natale\/\",\"url\":\"https:\/\/www.trudi.com\/prodotto\/marionetta-babbo-natale\/\",\"name\":\"Weihnachtsmanns Stoffpuppe - Trudi\",\"isPartOf\":{\"@id\":\"https:\/\/www.trudi.com\/#website\"},\"datePublished\":\"2025-07-02T12:18:59+00:00\",\"dateModified\":\"2025-07-02T12:18:59+00:00\",\"description\":\"Hier ist die Pl\u00fcsch-Marionette des Weihnachtsmanns von Trudi, bereit, eine Ladung Freude und Weihnachtszauber direkt zu Ihnen nach Hause zu bringen!\",\"breadcrumb\":{\"@id\":\"https:\/\/www.trudi.com\/prodotto\/marionetta-babbo-natale\/#breadcrumb\"},\"inLanguage\":\"de-DE\",\"potentialAction\":[{\"@type\":\"ReadAction\",\"target\":[\"https:\/\/www.trudi.com\/prodotto\/marionetta-babbo-natale\/\"]}]},{\"@type\":\"BreadcrumbList\",\"@id\":\"https:\/\/www.trudi.com\/prodotto\/marionetta-babbo-natale\/#breadcrumb\",\"itemListElement\":[{\"@type\":\"ListItem\",\"position\":1,\"name\":\"Shop\",\"item\":\"https:\/\/www.trudi.com\/negozio\/\"},{\"@type\":\"ListItem\",\"position\":2,\"name\":\"Weihnachtsmanns Stoffpuppe\"}]},{\"@type\":\"WebSite\",\"@id\":\"https:\/\/www.trudi.com\/#website\",\"url\":\"https:\/\/www.trudi.com\/\",\"name\":\"Trudi\",\"description\":\"Peluche e Giochi in Legno\",\"publisher\":{\"@id\":\"https:\/\/www.trudi.com\/#organization\"},\"potentialAction\":[{\"@type\":\"SearchAction\",\"target\":{\"@type\":\"EntryPoint\",\"urlTemplate\":\"https:\/\/www.trudi.com\/?s={search_term_string}\"},\"query-input\":\"required name=search_term_string\"}],\"inLanguage\":\"de-DE\"},{\"@type\":\"Organization\",\"@id\":\"https:\/\/www.trudi.com\/#organization\",\"name\":\"Trudi\",\"url\":\"https:\/\/www.trudi.com\/\",\"logo\":{\"@type\":\"ImageObject\",\"inLanguage\":\"de-DE\",\"@id\":\"https:\/\/www.trudi.com\/#\/schema\/logo\/image\/\",\"url\":\"https:\/\/www.trudi.com\/wp-content\/uploads\/2021\/05\/trudi-logo.svg\",\"contentUrl\":\"https:\/\/www.trudi.com\/wp-content\/uploads\/2021\/05\/trudi-logo.svg\",\"width\":50,\"height\":50,\"caption\":\"Trudi\"},\"image\":{\"@id\":\"https:\/\/www.trudi.com\/#\/schema\/logo\/image\/\"}}]}<\/script>\n<!-- \/ Yoast SEO plugin. -->","yoast_head_json":{"title":"Weihnachtsmanns Stoffpuppe - Trudi","description":"Hier ist die Pl\u00fcsch-Marionette des Weihnachtsmanns von Trudi, bereit, eine Ladung Freude und Weihnachtszauber direkt zu Ihnen nach Hause zu bringen!","robots":{"index":"index","follow":"follow","max-snippet":"max-snippet:-1","max-image-preview":"max-image-preview:large","max-video-preview":"max-video-preview:-1"},"canonical":"https:\/\/www.trudi.com\/de\/prodotto\/marionetta-babbo-natale\/","og_locale":"de_DE","og_type":"article","og_title":"Weihnachtsmanns Stoffpuppe - Trudi","og_description":"Hier ist die Pl\u00fcsch-Marionette des Weihnachtsmanns von Trudi, bereit, eine Ladung Freude und Weihnachtszauber direkt zu Ihnen nach Hause zu bringen!","og_url":"https:\/\/www.trudi.com\/prodotto\/marionetta-babbo-natale\/","og_site_name":"Trudi","og_image":[{"width":2560,"height":1706,"url":"https:\/\/www.trudi.com\/wp-content\/uploads\/2024\/09\/29319-A-scaled.jpg","type":"image\/jpeg"}],"twitter_card":"summary_large_image","twitter_misc":{"Gesch\u00e4tzte Lesezeit":"1 Minute"},"schema":{"@context":"https:\/\/schema.org","@graph":[{"@type":"WebPage","@id":"https:\/\/www.trudi.com\/prodotto\/marionetta-babbo-natale\/","url":"https:\/\/www.trudi.com\/prodotto\/marionetta-babbo-natale\/","name":"Weihnachtsmanns Stoffpuppe - Trudi","isPartOf":{"@id":"https:\/\/www.trudi.com\/#website"},"datePublished":"2025-07-02T12:18:59+00:00","dateModified":"2025-07-02T12:18:59+00:00","description":"Hier ist die Pl\u00fcsch-Marionette des Weihnachtsmanns von Trudi, bereit, eine Ladung Freude und Weihnachtszauber direkt zu Ihnen nach Hause zu bringen!","breadcrumb":{"@id":"https:\/\/www.trudi.com\/prodotto\/marionetta-babbo-natale\/#breadcrumb"},"inLanguage":"de-DE","potentialAction":[{"@type":"ReadAction","target":["https:\/\/www.trudi.com\/prodotto\/marionetta-babbo-natale\/"]}]},{"@type":"BreadcrumbList","@id":"https:\/\/www.trudi.com\/prodotto\/marionetta-babbo-natale\/#breadcrumb","itemListElement":[{"@type":"ListItem","position":1,"name":"Shop","item":"https:\/\/www.trudi.com\/negozio\/"},{"@type":"ListItem","position":2,"name":"Weihnachtsmanns Stoffpuppe"}]},{"@type":"WebSite","@id":"https:\/\/www.trudi.com\/#website","url":"https:\/\/www.trudi.com\/","name":"Trudi","description":"Peluche e Giochi in Legno","publisher":{"@id":"https:\/\/www.trudi.com\/#organization"},"potentialAction":[{"@type":"SearchAction","target":{"@type":"EntryPoint","urlTemplate":"https:\/\/www.trudi.com\/?s={search_term_string}"},"query-input":"required name=search_term_string"}],"inLanguage":"de-DE"},{"@type":"Organization","@id":"https:\/\/www.trudi.com\/#organization","name":"Trudi","url":"https:\/\/www.trudi.com\/","logo":{"@type":"ImageObject","inLanguage":"de-DE","@id":"https:\/\/www.trudi.com\/#\/schema\/logo\/image\/","url":"https:\/\/www.trudi.com\/wp-content\/uploads\/2021\/05\/trudi-logo.svg","contentUrl":"https:\/\/www.trudi.com\/wp-content\/uploads\/2021\/05\/trudi-logo.svg","width":50,"height":50,"caption":"Trudi"},"image":{"@id":"https:\/\/www.trudi.com\/#\/schema\/logo\/image\/"}}]}},"_links":{"self":[{"href":"https:\/\/www.trudi.com\/de\/wp-json\/wp\/v2\/product\/268373"}],"collection":[{"href":"https:\/\/www.trudi.com\/de\/wp-json\/wp\/v2\/product"}],"about":[{"href":"https:\/\/www.trudi.com\/de\/wp-json\/wp\/v2\/types\/product"}],"wp:featuredmedia":[{"embeddable":true,"href":"https:\/\/www.trudi.com\/de\/wp-json\/wp\/v2\/media\/258408"}],"wp:attachment":[{"href":"https:\/\/www.trudi.com\/de\/wp-json\/wp\/v2\/media?parent=268373"}],"wp:term":[{"taxonomy":"product_cat","embeddable":true,"href":"https:\/\/www.trudi.com\/de\/wp-json\/wp\/v2\/product_cat?post=268373"},{"taxonomy":"product_tag","embeddable":true,"href":"https:\/\/www.trudi.com\/de\/wp-json\/wp\/v2\/product_tag?post=268373"}],"curies":[{"name":"wp","href":"https:\/\/api.w.org\/{rel}","templated":true}]}}