
{"id":268371,"date":"2025-07-02T14:15:33","date_gmt":"2025-07-02T12:15:33","guid":{"rendered":"https:\/\/www.trudi.com\/prodotto\/maltese-lulu\/"},"modified":"2025-07-02T14:15:33","modified_gmt":"2025-07-02T12:15:33","slug":"maltese-lulu","status":"publish","type":"product","link":"https:\/\/www.trudi.com\/de\/prodotto\/maltese-lulu\/","title":{"rendered":"Maltese Lul\u00f9"},"content":{"rendered":"<p>Entdecke Lul\u00f9, den s\u00fc\u00dfen wei\u00dfen Malteser-Hund der neuen Trudi-Kollektion! Mit handwerklicher Sorgfalt hergestellt, ist Lul\u00f9 ein Pl\u00fcschtier, das mit realistischen Details die Essenz der Rasse einf\u00e4ngt.<\/p>\n<p>Perfekt zum Kuscheln und Spielen, wird dieser bezaubernde kleine Hund dein untrennlicher Begleiter. W\u00e4hle Lul\u00f9 und bringe einen treuen und liebevollen Freund nach Hause. Die Farbe der Schleife kann rot oder blau sein.<\/p>\n","protected":false},"excerpt":{"rendered":"<p>Entdecke Lul\u00f9, den s\u00fc\u00dfen wei\u00dfen Malteser-Hund der neuen Trudi-Kollektion! Mit handwerklicher Sorgfalt hergestellt, ist Lul\u00f9 ein Pl\u00fcschtier, das mit realistischen<\/p>\n","protected":false},"featured_media":258043,"template":"","meta":[],"product_cat":[416],"product_tag":[349],"acf":[],"yoast_head":"<!-- This site is optimized with the Yoast SEO plugin v21.9 - https:\/\/yoast.com\/wordpress\/plugins\/seo\/ -->\n<title>Maltese Lul\u00f9 - Trudi<\/title>\n<meta name=\"description\" content=\"Entdecke Lul\u00f9, den s\u00fc\u00dfen wei\u00dfen Malteser-Hund der neuen Trudi-Kollektion! Mit handwerklicher Sorgfalt hergestellt, ist Lul\u00f9 ein Pl\u00fcschtier, das mit realistischen Details die Essenz der Rasse einf\u00e4ngt.\" \/>\n<meta name=\"robots\" content=\"index, follow, max-snippet:-1, max-image-preview:large, max-video-preview:-1\" \/>\n<link rel=\"canonical\" href=\"https:\/\/www.trudi.com\/de\/prodotto\/maltese-lulu\/\" \/>\n<meta property=\"og:locale\" content=\"de_DE\" \/>\n<meta property=\"og:type\" content=\"article\" \/>\n<meta property=\"og:title\" content=\"Maltese Lul\u00f9 - Trudi\" \/>\n<meta property=\"og:description\" content=\"Entdecke Lul\u00f9, den s\u00fc\u00dfen wei\u00dfen Malteser-Hund der neuen Trudi-Kollektion! Mit handwerklicher Sorgfalt hergestellt, ist Lul\u00f9 ein Pl\u00fcschtier, das mit realistischen Details die Essenz der Rasse einf\u00e4ngt.\" \/>\n<meta property=\"og:url\" content=\"https:\/\/www.trudi.com\/prodotto\/maltese-lulu\/\" \/>\n<meta property=\"og:site_name\" content=\"Trudi\" \/>\n<meta property=\"og:image\" content=\"https:\/\/www.trudi.com\/wp-content\/uploads\/2024\/09\/22346-A-scaled.jpg\" \/>\n\t<meta property=\"og:image:width\" content=\"2560\" \/>\n\t<meta property=\"og:image:height\" content=\"1706\" \/>\n\t<meta property=\"og:image:type\" content=\"image\/jpeg\" \/>\n<meta name=\"twitter:card\" content=\"summary_large_image\" \/>\n<script type=\"application\/ld+json\" class=\"yoast-schema-graph\">{\"@context\":\"https:\/\/schema.org\",\"@graph\":[{\"@type\":\"WebPage\",\"@id\":\"https:\/\/www.trudi.com\/prodotto\/maltese-lulu\/\",\"url\":\"https:\/\/www.trudi.com\/prodotto\/maltese-lulu\/\",\"name\":\"Maltese Lul\u00f9 - Trudi\",\"isPartOf\":{\"@id\":\"https:\/\/www.trudi.com\/#website\"},\"datePublished\":\"2025-07-02T12:15:33+00:00\",\"dateModified\":\"2025-07-02T12:15:33+00:00\",\"description\":\"Entdecke Lul\u00f9, den s\u00fc\u00dfen wei\u00dfen Malteser-Hund der neuen Trudi-Kollektion! Mit handwerklicher Sorgfalt hergestellt, ist Lul\u00f9 ein Pl\u00fcschtier, das mit realistischen Details die Essenz der Rasse einf\u00e4ngt.\",\"breadcrumb\":{\"@id\":\"https:\/\/www.trudi.com\/prodotto\/maltese-lulu\/#breadcrumb\"},\"inLanguage\":\"de-DE\",\"potentialAction\":[{\"@type\":\"ReadAction\",\"target\":[\"https:\/\/www.trudi.com\/prodotto\/maltese-lulu\/\"]}]},{\"@type\":\"BreadcrumbList\",\"@id\":\"https:\/\/www.trudi.com\/prodotto\/maltese-lulu\/#breadcrumb\",\"itemListElement\":[{\"@type\":\"ListItem\",\"position\":1,\"name\":\"Shop\",\"item\":\"https:\/\/www.trudi.com\/negozio\/\"},{\"@type\":\"ListItem\",\"position\":2,\"name\":\"Maltese Lul\u00f9\"}]},{\"@type\":\"WebSite\",\"@id\":\"https:\/\/www.trudi.com\/#website\",\"url\":\"https:\/\/www.trudi.com\/\",\"name\":\"Trudi\",\"description\":\"Peluche e Giochi in Legno\",\"publisher\":{\"@id\":\"https:\/\/www.trudi.com\/#organization\"},\"potentialAction\":[{\"@type\":\"SearchAction\",\"target\":{\"@type\":\"EntryPoint\",\"urlTemplate\":\"https:\/\/www.trudi.com\/?s={search_term_string}\"},\"query-input\":\"required name=search_term_string\"}],\"inLanguage\":\"de-DE\"},{\"@type\":\"Organization\",\"@id\":\"https:\/\/www.trudi.com\/#organization\",\"name\":\"Trudi\",\"url\":\"https:\/\/www.trudi.com\/\",\"logo\":{\"@type\":\"ImageObject\",\"inLanguage\":\"de-DE\",\"@id\":\"https:\/\/www.trudi.com\/#\/schema\/logo\/image\/\",\"url\":\"https:\/\/www.trudi.com\/wp-content\/uploads\/2021\/05\/trudi-logo.svg\",\"contentUrl\":\"https:\/\/www.trudi.com\/wp-content\/uploads\/2021\/05\/trudi-logo.svg\",\"width\":50,\"height\":50,\"caption\":\"Trudi\"},\"image\":{\"@id\":\"https:\/\/www.trudi.com\/#\/schema\/logo\/image\/\"}}]}<\/script>\n<!-- \/ Yoast SEO plugin. -->","yoast_head_json":{"title":"Maltese Lul\u00f9 - Trudi","description":"Entdecke Lul\u00f9, den s\u00fc\u00dfen wei\u00dfen Malteser-Hund der neuen Trudi-Kollektion! Mit handwerklicher Sorgfalt hergestellt, ist Lul\u00f9 ein Pl\u00fcschtier, das mit realistischen Details die Essenz der Rasse einf\u00e4ngt.","robots":{"index":"index","follow":"follow","max-snippet":"max-snippet:-1","max-image-preview":"max-image-preview:large","max-video-preview":"max-video-preview:-1"},"canonical":"https:\/\/www.trudi.com\/de\/prodotto\/maltese-lulu\/","og_locale":"de_DE","og_type":"article","og_title":"Maltese Lul\u00f9 - Trudi","og_description":"Entdecke Lul\u00f9, den s\u00fc\u00dfen wei\u00dfen Malteser-Hund der neuen Trudi-Kollektion! Mit handwerklicher Sorgfalt hergestellt, ist Lul\u00f9 ein Pl\u00fcschtier, das mit realistischen Details die Essenz der Rasse einf\u00e4ngt.","og_url":"https:\/\/www.trudi.com\/prodotto\/maltese-lulu\/","og_site_name":"Trudi","og_image":[{"width":2560,"height":1706,"url":"https:\/\/www.trudi.com\/wp-content\/uploads\/2024\/09\/22346-A-scaled.jpg","type":"image\/jpeg"}],"twitter_card":"summary_large_image","schema":{"@context":"https:\/\/schema.org","@graph":[{"@type":"WebPage","@id":"https:\/\/www.trudi.com\/prodotto\/maltese-lulu\/","url":"https:\/\/www.trudi.com\/prodotto\/maltese-lulu\/","name":"Maltese Lul\u00f9 - Trudi","isPartOf":{"@id":"https:\/\/www.trudi.com\/#website"},"datePublished":"2025-07-02T12:15:33+00:00","dateModified":"2025-07-02T12:15:33+00:00","description":"Entdecke Lul\u00f9, den s\u00fc\u00dfen wei\u00dfen Malteser-Hund der neuen Trudi-Kollektion! Mit handwerklicher Sorgfalt hergestellt, ist Lul\u00f9 ein Pl\u00fcschtier, das mit realistischen Details die Essenz der Rasse einf\u00e4ngt.","breadcrumb":{"@id":"https:\/\/www.trudi.com\/prodotto\/maltese-lulu\/#breadcrumb"},"inLanguage":"de-DE","potentialAction":[{"@type":"ReadAction","target":["https:\/\/www.trudi.com\/prodotto\/maltese-lulu\/"]}]},{"@type":"BreadcrumbList","@id":"https:\/\/www.trudi.com\/prodotto\/maltese-lulu\/#breadcrumb","itemListElement":[{"@type":"ListItem","position":1,"name":"Shop","item":"https:\/\/www.trudi.com\/negozio\/"},{"@type":"ListItem","position":2,"name":"Maltese Lul\u00f9"}]},{"@type":"WebSite","@id":"https:\/\/www.trudi.com\/#website","url":"https:\/\/www.trudi.com\/","name":"Trudi","description":"Peluche e Giochi in Legno","publisher":{"@id":"https:\/\/www.trudi.com\/#organization"},"potentialAction":[{"@type":"SearchAction","target":{"@type":"EntryPoint","urlTemplate":"https:\/\/www.trudi.com\/?s={search_term_string}"},"query-input":"required name=search_term_string"}],"inLanguage":"de-DE"},{"@type":"Organization","@id":"https:\/\/www.trudi.com\/#organization","name":"Trudi","url":"https:\/\/www.trudi.com\/","logo":{"@type":"ImageObject","inLanguage":"de-DE","@id":"https:\/\/www.trudi.com\/#\/schema\/logo\/image\/","url":"https:\/\/www.trudi.com\/wp-content\/uploads\/2021\/05\/trudi-logo.svg","contentUrl":"https:\/\/www.trudi.com\/wp-content\/uploads\/2021\/05\/trudi-logo.svg","width":50,"height":50,"caption":"Trudi"},"image":{"@id":"https:\/\/www.trudi.com\/#\/schema\/logo\/image\/"}}]}},"_links":{"self":[{"href":"https:\/\/www.trudi.com\/de\/wp-json\/wp\/v2\/product\/268371"}],"collection":[{"href":"https:\/\/www.trudi.com\/de\/wp-json\/wp\/v2\/product"}],"about":[{"href":"https:\/\/www.trudi.com\/de\/wp-json\/wp\/v2\/types\/product"}],"wp:featuredmedia":[{"embeddable":true,"href":"https:\/\/www.trudi.com\/de\/wp-json\/wp\/v2\/media\/258043"}],"wp:attachment":[{"href":"https:\/\/www.trudi.com\/de\/wp-json\/wp\/v2\/media?parent=268371"}],"wp:term":[{"taxonomy":"product_cat","embeddable":true,"href":"https:\/\/www.trudi.com\/de\/wp-json\/wp\/v2\/product_cat?post=268371"},{"taxonomy":"product_tag","embeddable":true,"href":"https:\/\/www.trudi.com\/de\/wp-json\/wp\/v2\/product_tag?post=268371"}],"curies":[{"name":"wp","href":"https:\/\/api.w.org\/{rel}","templated":true}]}}