
{"id":268369,"date":"2025-07-02T14:10:42","date_gmt":"2025-07-02T12:10:42","guid":{"rendered":"https:\/\/www.trudi.com\/prodotto\/brad-weisse-katz\/"},"modified":"2025-07-02T14:10:42","modified_gmt":"2025-07-02T12:10:42","slug":"brad-weisse-katz","status":"publish","type":"product","link":"https:\/\/www.trudi.com\/de\/prodotto\/brad-weisse-katz\/","title":{"rendered":"Brad wei\u00dfe Katz"},"content":{"rendered":"<p>Hey, Katzenliebhaber! Entdeckt Brad, das bezauberndste wei\u00dfe K\u00e4tzchen der neuen Trudi-Kollektion! Mit einer manischen Sorgfalt (fast so wie die, die Brad seiner Fellpflege widmet) gefertigt, ist dieses Pl\u00fcschtier reich an realistischen Details, die das feline Wesen einfangen. Perfekt zum Kuscheln, Spielen und als Begleiter w\u00e4hrend Film-Marathons.<\/p>\n<p>Brad ist bereit, dein unzertrennlicher Freund zu werden, egal ob du nach ein wenig Z\u00e4rtlichkeit oder einem neuen Freund suchst. W\u00e4hle Brad und bringe einen treuen und liebevollen Freund nach Hause. Miauu!<\/p>\n","protected":false},"excerpt":{"rendered":"<p>Hey, Katzenliebhaber! Entdeckt Brad, das bezauberndste wei\u00dfe K\u00e4tzchen der neuen Trudi-Kollektion! Mit einer manischen Sorgfalt (fast so wie die, die<\/p>\n","protected":false},"featured_media":258097,"template":"","meta":[],"product_cat":[401,401],"product_tag":[349],"acf":[],"yoast_head":"<!-- This site is optimized with the Yoast SEO plugin v21.9 - https:\/\/yoast.com\/wordpress\/plugins\/seo\/ -->\n<title>Brad wei\u00dfe Katz - Trudi<\/title>\n<meta name=\"description\" content=\"Hey, Katzenliebhaber! Entdeckt Brad, das liebenswerteste gefleckte K\u00e4tzchen der neuen Trudi-Kollektion!\" \/>\n<meta name=\"robots\" content=\"index, follow, max-snippet:-1, max-image-preview:large, max-video-preview:-1\" \/>\n<link rel=\"canonical\" href=\"https:\/\/www.trudi.com\/de\/prodotto\/gattino-brad-bianco\/\" \/>\n<meta property=\"og:locale\" content=\"de_DE\" \/>\n<meta property=\"og:type\" content=\"article\" \/>\n<meta property=\"og:title\" content=\"Brad wei\u00dfe Katz - Trudi\" \/>\n<meta property=\"og:description\" content=\"Hey, Katzenliebhaber! Entdeckt Brad, das liebenswerteste gefleckte K\u00e4tzchen der neuen Trudi-Kollektion!\" \/>\n<meta property=\"og:url\" content=\"https:\/\/www.trudi.com\/prodotto\/gattino-brad-bianco\/\" \/>\n<meta property=\"og:site_name\" content=\"Trudi\" \/>\n<meta property=\"og:image\" content=\"https:\/\/www.trudi.com\/wp-content\/uploads\/2024\/09\/21044-A.jpg\" \/>\n\t<meta property=\"og:image:width\" content=\"2029\" \/>\n\t<meta property=\"og:image:height\" content=\"1349\" \/>\n\t<meta property=\"og:image:type\" content=\"image\/jpeg\" \/>\n<meta name=\"twitter:card\" content=\"summary_large_image\" \/>\n<script type=\"application\/ld+json\" class=\"yoast-schema-graph\">{\"@context\":\"https:\/\/schema.org\",\"@graph\":[{\"@type\":\"WebPage\",\"@id\":\"https:\/\/www.trudi.com\/prodotto\/gattino-brad-bianco\/\",\"url\":\"https:\/\/www.trudi.com\/prodotto\/gattino-brad-bianco\/\",\"name\":\"Brad wei\u00dfe Katz - Trudi\",\"isPartOf\":{\"@id\":\"https:\/\/www.trudi.com\/#website\"},\"datePublished\":\"2025-07-02T12:10:42+00:00\",\"dateModified\":\"2025-07-02T12:10:42+00:00\",\"description\":\"Hey, Katzenliebhaber! Entdeckt Brad, das liebenswerteste gefleckte K\u00e4tzchen der neuen Trudi-Kollektion!\",\"breadcrumb\":{\"@id\":\"https:\/\/www.trudi.com\/prodotto\/gattino-brad-bianco\/#breadcrumb\"},\"inLanguage\":\"de-DE\",\"potentialAction\":[{\"@type\":\"ReadAction\",\"target\":[\"https:\/\/www.trudi.com\/prodotto\/gattino-brad-bianco\/\"]}]},{\"@type\":\"BreadcrumbList\",\"@id\":\"https:\/\/www.trudi.com\/prodotto\/gattino-brad-bianco\/#breadcrumb\",\"itemListElement\":[{\"@type\":\"ListItem\",\"position\":1,\"name\":\"Shop\",\"item\":\"https:\/\/www.trudi.com\/negozio\/\"},{\"@type\":\"ListItem\",\"position\":2,\"name\":\"Brad wei\u00dfe Katz\"}]},{\"@type\":\"WebSite\",\"@id\":\"https:\/\/www.trudi.com\/#website\",\"url\":\"https:\/\/www.trudi.com\/\",\"name\":\"Trudi\",\"description\":\"Peluche e Giochi in Legno\",\"publisher\":{\"@id\":\"https:\/\/www.trudi.com\/#organization\"},\"potentialAction\":[{\"@type\":\"SearchAction\",\"target\":{\"@type\":\"EntryPoint\",\"urlTemplate\":\"https:\/\/www.trudi.com\/?s={search_term_string}\"},\"query-input\":\"required name=search_term_string\"}],\"inLanguage\":\"de-DE\"},{\"@type\":\"Organization\",\"@id\":\"https:\/\/www.trudi.com\/#organization\",\"name\":\"Trudi\",\"url\":\"https:\/\/www.trudi.com\/\",\"logo\":{\"@type\":\"ImageObject\",\"inLanguage\":\"de-DE\",\"@id\":\"https:\/\/www.trudi.com\/#\/schema\/logo\/image\/\",\"url\":\"https:\/\/www.trudi.com\/wp-content\/uploads\/2021\/05\/trudi-logo.svg\",\"contentUrl\":\"https:\/\/www.trudi.com\/wp-content\/uploads\/2021\/05\/trudi-logo.svg\",\"width\":50,\"height\":50,\"caption\":\"Trudi\"},\"image\":{\"@id\":\"https:\/\/www.trudi.com\/#\/schema\/logo\/image\/\"}}]}<\/script>\n<!-- \/ Yoast SEO plugin. -->","yoast_head_json":{"title":"Brad wei\u00dfe Katz - Trudi","description":"Hey, Katzenliebhaber! Entdeckt Brad, das liebenswerteste gefleckte K\u00e4tzchen der neuen Trudi-Kollektion!","robots":{"index":"index","follow":"follow","max-snippet":"max-snippet:-1","max-image-preview":"max-image-preview:large","max-video-preview":"max-video-preview:-1"},"canonical":"https:\/\/www.trudi.com\/de\/prodotto\/gattino-brad-bianco\/","og_locale":"de_DE","og_type":"article","og_title":"Brad wei\u00dfe Katz - Trudi","og_description":"Hey, Katzenliebhaber! Entdeckt Brad, das liebenswerteste gefleckte K\u00e4tzchen der neuen Trudi-Kollektion!","og_url":"https:\/\/www.trudi.com\/prodotto\/gattino-brad-bianco\/","og_site_name":"Trudi","og_image":[{"width":2029,"height":1349,"url":"https:\/\/www.trudi.com\/wp-content\/uploads\/2024\/09\/21044-A.jpg","type":"image\/jpeg"}],"twitter_card":"summary_large_image","schema":{"@context":"https:\/\/schema.org","@graph":[{"@type":"WebPage","@id":"https:\/\/www.trudi.com\/prodotto\/gattino-brad-bianco\/","url":"https:\/\/www.trudi.com\/prodotto\/gattino-brad-bianco\/","name":"Brad wei\u00dfe Katz - Trudi","isPartOf":{"@id":"https:\/\/www.trudi.com\/#website"},"datePublished":"2025-07-02T12:10:42+00:00","dateModified":"2025-07-02T12:10:42+00:00","description":"Hey, Katzenliebhaber! Entdeckt Brad, das liebenswerteste gefleckte K\u00e4tzchen der neuen Trudi-Kollektion!","breadcrumb":{"@id":"https:\/\/www.trudi.com\/prodotto\/gattino-brad-bianco\/#breadcrumb"},"inLanguage":"de-DE","potentialAction":[{"@type":"ReadAction","target":["https:\/\/www.trudi.com\/prodotto\/gattino-brad-bianco\/"]}]},{"@type":"BreadcrumbList","@id":"https:\/\/www.trudi.com\/prodotto\/gattino-brad-bianco\/#breadcrumb","itemListElement":[{"@type":"ListItem","position":1,"name":"Shop","item":"https:\/\/www.trudi.com\/negozio\/"},{"@type":"ListItem","position":2,"name":"Brad wei\u00dfe Katz"}]},{"@type":"WebSite","@id":"https:\/\/www.trudi.com\/#website","url":"https:\/\/www.trudi.com\/","name":"Trudi","description":"Peluche e Giochi in Legno","publisher":{"@id":"https:\/\/www.trudi.com\/#organization"},"potentialAction":[{"@type":"SearchAction","target":{"@type":"EntryPoint","urlTemplate":"https:\/\/www.trudi.com\/?s={search_term_string}"},"query-input":"required name=search_term_string"}],"inLanguage":"de-DE"},{"@type":"Organization","@id":"https:\/\/www.trudi.com\/#organization","name":"Trudi","url":"https:\/\/www.trudi.com\/","logo":{"@type":"ImageObject","inLanguage":"de-DE","@id":"https:\/\/www.trudi.com\/#\/schema\/logo\/image\/","url":"https:\/\/www.trudi.com\/wp-content\/uploads\/2021\/05\/trudi-logo.svg","contentUrl":"https:\/\/www.trudi.com\/wp-content\/uploads\/2021\/05\/trudi-logo.svg","width":50,"height":50,"caption":"Trudi"},"image":{"@id":"https:\/\/www.trudi.com\/#\/schema\/logo\/image\/"}}]}},"_links":{"self":[{"href":"https:\/\/www.trudi.com\/de\/wp-json\/wp\/v2\/product\/268369"}],"collection":[{"href":"https:\/\/www.trudi.com\/de\/wp-json\/wp\/v2\/product"}],"about":[{"href":"https:\/\/www.trudi.com\/de\/wp-json\/wp\/v2\/types\/product"}],"wp:featuredmedia":[{"embeddable":true,"href":"https:\/\/www.trudi.com\/de\/wp-json\/wp\/v2\/media\/258097"}],"wp:attachment":[{"href":"https:\/\/www.trudi.com\/de\/wp-json\/wp\/v2\/media?parent=268369"}],"wp:term":[{"taxonomy":"product_cat","embeddable":true,"href":"https:\/\/www.trudi.com\/de\/wp-json\/wp\/v2\/product_cat?post=268369"},{"taxonomy":"product_tag","embeddable":true,"href":"https:\/\/www.trudi.com\/de\/wp-json\/wp\/v2\/product_tag?post=268369"}],"curies":[{"name":"wp","href":"https:\/\/api.w.org\/{rel}","templated":true}]}}