
{"id":268309,"date":"2025-07-01T14:08:24","date_gmt":"2025-07-01T12:08:24","guid":{"rendered":"https:\/\/www.trudi.com\/prodotto\/sw-col-goldpilz\/"},"modified":"2025-07-01T14:08:24","modified_gmt":"2025-07-01T12:08:24","slug":"sw-col-goldpilz","status":"publish","type":"product","link":"https:\/\/www.trudi.com\/de\/prodotto\/sw-col-goldpilz\/","title":{"rendered":"Sw col Goldpilz"},"content":{"rendered":"<p>Hier sind die neuen Trudi-Pilz-Mini-Pl\u00fcschtiere, die einen Hauch von Magie und Farbe in Ihr Zuhause bringen! Erh\u00e4ltlich in der Gr\u00f6\u00dfe XXS und in den Farben Gold, Burgund und Silber, sind diese Pilze perfekt f\u00fcr die Dekoration zu Weihnachten und im Herbst. Mit ihrem bezaubernden Design und den durchdachten Details sind sie ideal, um bezaubernde Herbstgestecke zu kreieren oder dem Weihnachtsbaum einen festlichen Touch zu verleihen.<\/p>\n<p>Aber Vorsicht, das sind nicht einfach nur Pilze! Sie lassen sich aufh\u00e4ngen und schm\u00fccken so jede Ecke des Hauses, von der K\u00fcche bis zum Wohnzimmer, und zaubern jedem, der sie sieht, ein L\u00e4cheln ins Gesicht. Aus hochwertigen Materialien gefertigt, sind sie ebenso weich wie strapazierf\u00e4hig und bereit, alle Dekorationsabenteuer der Kleinen mitzumachen.<\/p>\n<p>&nbsp;<\/p>\n<p>&nbsp;<\/p>\n","protected":false},"excerpt":{"rendered":"<p>Hier sind die neuen Trudi-Pilz-Mini-Pl\u00fcschtiere, die einen Hauch von Magie und Farbe in Ihr Zuhause bringen! Erh\u00e4ltlich in der Gr\u00f6\u00dfe<\/p>\n","protected":false},"featured_media":275005,"template":"","meta":[],"product_cat":[676,768,385,659],"product_tag":[],"acf":[],"yoast_head":"<!-- This site is optimized with the Yoast SEO plugin v21.9 - https:\/\/yoast.com\/wordpress\/plugins\/seo\/ -->\n<title>Sw col Goldpilz - Trudi<\/title>\n<meta name=\"description\" content=\"Sind Sie bereit, den Zauber von Weihnachten und Herbst in Ihr Zuhause zu bringen? Mit den Mini-Pilzen von Trudi ist jeder Tag ein Fest!\" \/>\n<meta name=\"robots\" content=\"index, follow, max-snippet:-1, max-image-preview:large, max-video-preview:-1\" \/>\n<link rel=\"canonical\" href=\"https:\/\/www.trudi.com\/de\/prodotto\/sw-col-fungo-oro\/\" \/>\n<meta property=\"og:locale\" content=\"de_DE\" \/>\n<meta property=\"og:type\" content=\"article\" \/>\n<meta property=\"og:title\" content=\"Sw col Goldpilz - Trudi\" \/>\n<meta property=\"og:description\" content=\"Sind Sie bereit, den Zauber von Weihnachten und Herbst in Ihr Zuhause zu bringen? Mit den Mini-Pilzen von Trudi ist jeder Tag ein Fest!\" \/>\n<meta property=\"og:url\" content=\"https:\/\/www.trudi.com\/prodotto\/sw-col-fungo-oro\/\" \/>\n<meta property=\"og:site_name\" content=\"Trudi\" \/>\n<meta property=\"og:image\" content=\"https:\/\/www.trudi.com\/wp-content\/uploads\/2024\/09\/51368-A.jpg\" \/>\n\t<meta property=\"og:image:width\" content=\"1642\" \/>\n\t<meta property=\"og:image:height\" content=\"1853\" \/>\n\t<meta property=\"og:image:type\" content=\"image\/jpeg\" \/>\n<meta name=\"twitter:card\" content=\"summary_large_image\" \/>\n<meta name=\"twitter:label1\" content=\"Gesch\u00e4tzte Lesezeit\" \/>\n\t<meta name=\"twitter:data1\" content=\"1 Minute\" \/>\n<script type=\"application\/ld+json\" class=\"yoast-schema-graph\">{\"@context\":\"https:\/\/schema.org\",\"@graph\":[{\"@type\":\"WebPage\",\"@id\":\"https:\/\/www.trudi.com\/prodotto\/sw-col-fungo-oro\/\",\"url\":\"https:\/\/www.trudi.com\/prodotto\/sw-col-fungo-oro\/\",\"name\":\"Sw col Goldpilz - Trudi\",\"isPartOf\":{\"@id\":\"https:\/\/www.trudi.com\/#website\"},\"datePublished\":\"2025-07-01T12:08:24+00:00\",\"dateModified\":\"2025-07-01T12:08:24+00:00\",\"description\":\"Sind Sie bereit, den Zauber von Weihnachten und Herbst in Ihr Zuhause zu bringen? Mit den Mini-Pilzen von Trudi ist jeder Tag ein Fest!\",\"breadcrumb\":{\"@id\":\"https:\/\/www.trudi.com\/prodotto\/sw-col-fungo-oro\/#breadcrumb\"},\"inLanguage\":\"de-DE\",\"potentialAction\":[{\"@type\":\"ReadAction\",\"target\":[\"https:\/\/www.trudi.com\/prodotto\/sw-col-fungo-oro\/\"]}]},{\"@type\":\"BreadcrumbList\",\"@id\":\"https:\/\/www.trudi.com\/prodotto\/sw-col-fungo-oro\/#breadcrumb\",\"itemListElement\":[{\"@type\":\"ListItem\",\"position\":1,\"name\":\"Shop\",\"item\":\"https:\/\/www.trudi.com\/negozio\/\"},{\"@type\":\"ListItem\",\"position\":2,\"name\":\"Sw col Goldpilz\"}]},{\"@type\":\"WebSite\",\"@id\":\"https:\/\/www.trudi.com\/#website\",\"url\":\"https:\/\/www.trudi.com\/\",\"name\":\"Trudi\",\"description\":\"Peluche e Giochi in Legno\",\"publisher\":{\"@id\":\"https:\/\/www.trudi.com\/#organization\"},\"potentialAction\":[{\"@type\":\"SearchAction\",\"target\":{\"@type\":\"EntryPoint\",\"urlTemplate\":\"https:\/\/www.trudi.com\/?s={search_term_string}\"},\"query-input\":\"required name=search_term_string\"}],\"inLanguage\":\"de-DE\"},{\"@type\":\"Organization\",\"@id\":\"https:\/\/www.trudi.com\/#organization\",\"name\":\"Trudi\",\"url\":\"https:\/\/www.trudi.com\/\",\"logo\":{\"@type\":\"ImageObject\",\"inLanguage\":\"de-DE\",\"@id\":\"https:\/\/www.trudi.com\/#\/schema\/logo\/image\/\",\"url\":\"https:\/\/www.trudi.com\/wp-content\/uploads\/2021\/05\/trudi-logo.svg\",\"contentUrl\":\"https:\/\/www.trudi.com\/wp-content\/uploads\/2021\/05\/trudi-logo.svg\",\"width\":50,\"height\":50,\"caption\":\"Trudi\"},\"image\":{\"@id\":\"https:\/\/www.trudi.com\/#\/schema\/logo\/image\/\"}}]}<\/script>\n<!-- \/ Yoast SEO plugin. -->","yoast_head_json":{"title":"Sw col Goldpilz - Trudi","description":"Sind Sie bereit, den Zauber von Weihnachten und Herbst in Ihr Zuhause zu bringen? Mit den Mini-Pilzen von Trudi ist jeder Tag ein Fest!","robots":{"index":"index","follow":"follow","max-snippet":"max-snippet:-1","max-image-preview":"max-image-preview:large","max-video-preview":"max-video-preview:-1"},"canonical":"https:\/\/www.trudi.com\/de\/prodotto\/sw-col-fungo-oro\/","og_locale":"de_DE","og_type":"article","og_title":"Sw col Goldpilz - Trudi","og_description":"Sind Sie bereit, den Zauber von Weihnachten und Herbst in Ihr Zuhause zu bringen? Mit den Mini-Pilzen von Trudi ist jeder Tag ein Fest!","og_url":"https:\/\/www.trudi.com\/prodotto\/sw-col-fungo-oro\/","og_site_name":"Trudi","og_image":[{"width":1642,"height":1853,"url":"https:\/\/www.trudi.com\/wp-content\/uploads\/2024\/09\/51368-A.jpg","type":"image\/jpeg"}],"twitter_card":"summary_large_image","twitter_misc":{"Gesch\u00e4tzte Lesezeit":"1 Minute"},"schema":{"@context":"https:\/\/schema.org","@graph":[{"@type":"WebPage","@id":"https:\/\/www.trudi.com\/prodotto\/sw-col-fungo-oro\/","url":"https:\/\/www.trudi.com\/prodotto\/sw-col-fungo-oro\/","name":"Sw col Goldpilz - Trudi","isPartOf":{"@id":"https:\/\/www.trudi.com\/#website"},"datePublished":"2025-07-01T12:08:24+00:00","dateModified":"2025-07-01T12:08:24+00:00","description":"Sind Sie bereit, den Zauber von Weihnachten und Herbst in Ihr Zuhause zu bringen? Mit den Mini-Pilzen von Trudi ist jeder Tag ein Fest!","breadcrumb":{"@id":"https:\/\/www.trudi.com\/prodotto\/sw-col-fungo-oro\/#breadcrumb"},"inLanguage":"de-DE","potentialAction":[{"@type":"ReadAction","target":["https:\/\/www.trudi.com\/prodotto\/sw-col-fungo-oro\/"]}]},{"@type":"BreadcrumbList","@id":"https:\/\/www.trudi.com\/prodotto\/sw-col-fungo-oro\/#breadcrumb","itemListElement":[{"@type":"ListItem","position":1,"name":"Shop","item":"https:\/\/www.trudi.com\/negozio\/"},{"@type":"ListItem","position":2,"name":"Sw col Goldpilz"}]},{"@type":"WebSite","@id":"https:\/\/www.trudi.com\/#website","url":"https:\/\/www.trudi.com\/","name":"Trudi","description":"Peluche e Giochi in Legno","publisher":{"@id":"https:\/\/www.trudi.com\/#organization"},"potentialAction":[{"@type":"SearchAction","target":{"@type":"EntryPoint","urlTemplate":"https:\/\/www.trudi.com\/?s={search_term_string}"},"query-input":"required name=search_term_string"}],"inLanguage":"de-DE"},{"@type":"Organization","@id":"https:\/\/www.trudi.com\/#organization","name":"Trudi","url":"https:\/\/www.trudi.com\/","logo":{"@type":"ImageObject","inLanguage":"de-DE","@id":"https:\/\/www.trudi.com\/#\/schema\/logo\/image\/","url":"https:\/\/www.trudi.com\/wp-content\/uploads\/2021\/05\/trudi-logo.svg","contentUrl":"https:\/\/www.trudi.com\/wp-content\/uploads\/2021\/05\/trudi-logo.svg","width":50,"height":50,"caption":"Trudi"},"image":{"@id":"https:\/\/www.trudi.com\/#\/schema\/logo\/image\/"}}]}},"_links":{"self":[{"href":"https:\/\/www.trudi.com\/de\/wp-json\/wp\/v2\/product\/268309"}],"collection":[{"href":"https:\/\/www.trudi.com\/de\/wp-json\/wp\/v2\/product"}],"about":[{"href":"https:\/\/www.trudi.com\/de\/wp-json\/wp\/v2\/types\/product"}],"wp:featuredmedia":[{"embeddable":true,"href":"https:\/\/www.trudi.com\/de\/wp-json\/wp\/v2\/media\/275005"}],"wp:attachment":[{"href":"https:\/\/www.trudi.com\/de\/wp-json\/wp\/v2\/media?parent=268309"}],"wp:term":[{"taxonomy":"product_cat","embeddable":true,"href":"https:\/\/www.trudi.com\/de\/wp-json\/wp\/v2\/product_cat?post=268309"},{"taxonomy":"product_tag","embeddable":true,"href":"https:\/\/www.trudi.com\/de\/wp-json\/wp\/v2\/product_tag?post=268309"}],"curies":[{"name":"wp","href":"https:\/\/api.w.org\/{rel}","templated":true}]}}