
{"id":268269,"date":"2025-06-30T17:10:39","date_gmt":"2025-06-30T15:10:39","guid":{"rendered":"https:\/\/www.trudi.com\/prodotto\/sw-col-alpaca-alfredo\/"},"modified":"2025-06-30T17:10:39","modified_gmt":"2025-06-30T15:10:39","slug":"sw-col-alpaca-alfredo","status":"publish","type":"product","link":"https:\/\/www.trudi.com\/de\/prodotto\/sw-col-alpaca-alfredo\/","title":{"rendered":"Sw Col Alpaca Alfredo"},"content":{"rendered":"<p>Trudi&#8217;s Alpaca Alfredo Sweet collection ist weich wie eine Wolke und perfekt f\u00fcr alle, die einen Begleiter suchen, der die ganze S\u00fc\u00dfe und Freundlichkeit dieses charmanten Tieres in sich vereint. Mit seinem gutm\u00fctigen Charakter und seinem weichen Fell schafft er es, jeden f\u00fcr sich einzunehmen. Jedes Detail, von der zarten Form seiner Schnauze bis zur Weichheit seiner Pfoten, macht dieses Alpaka zu einem unwiderstehlichen Begleiter, der jederzeit ein L\u00e4cheln auf Ihr Gesicht zaubert.<\/p>\n","protected":false},"excerpt":{"rendered":"<p>Trudi&#8217;s Alpaca Alfredo Sweet collection ist weich wie eine Wolke und perfekt f\u00fcr alle, die einen Begleiter suchen, der die<\/p>\n","protected":false},"featured_media":264541,"template":"","meta":[],"product_cat":[413,768,385],"product_tag":[346,349],"acf":[],"yoast_head":"<!-- This site is optimized with the Yoast SEO plugin v21.9 - https:\/\/yoast.com\/wordpress\/plugins\/seo\/ -->\n<title>Sw Col Alpaca Alfredo - Trudi<\/title>\n<meta name=\"description\" content=\"Trudi&#039;s Alpaca Alfredo Sweet collection ist weich wie eine Wolke und perfekt f\u00fcr alle, die einen Begleiter suchen, der die ganze S\u00fc\u00dfe und Freundlichkeit dieses charmanten Tieres in sich vereint.\" \/>\n<meta name=\"robots\" content=\"index, follow, max-snippet:-1, max-image-preview:large, max-video-preview:-1\" \/>\n<link rel=\"canonical\" href=\"https:\/\/www.trudi.com\/de\/prodotto\/sw-col-alpaca\/\" \/>\n<meta property=\"og:locale\" content=\"de_DE\" \/>\n<meta property=\"og:type\" content=\"article\" \/>\n<meta property=\"og:title\" content=\"Sw Col Alpaca Alfredo - Trudi\" \/>\n<meta property=\"og:description\" content=\"Trudi&#039;s Alpaca Alfredo Sweet collection ist weich wie eine Wolke und perfekt f\u00fcr alle, die einen Begleiter suchen, der die ganze S\u00fc\u00dfe und Freundlichkeit dieses charmanten Tieres in sich vereint.\" \/>\n<meta property=\"og:url\" content=\"https:\/\/www.trudi.com\/prodotto\/sw-col-alpaca\/\" \/>\n<meta property=\"og:site_name\" content=\"Trudi\" \/>\n<meta property=\"og:image\" content=\"https:\/\/www.trudi.com\/wp-content\/uploads\/2025\/02\/55541C-scaled.jpg\" \/>\n\t<meta property=\"og:image:width\" content=\"2560\" \/>\n\t<meta property=\"og:image:height\" content=\"1706\" \/>\n\t<meta property=\"og:image:type\" content=\"image\/jpeg\" \/>\n<meta name=\"twitter:card\" content=\"summary_large_image\" \/>\n<script type=\"application\/ld+json\" class=\"yoast-schema-graph\">{\"@context\":\"https:\/\/schema.org\",\"@graph\":[{\"@type\":\"WebPage\",\"@id\":\"https:\/\/www.trudi.com\/prodotto\/sw-col-alpaca\/\",\"url\":\"https:\/\/www.trudi.com\/prodotto\/sw-col-alpaca\/\",\"name\":\"Sw Col Alpaca Alfredo - Trudi\",\"isPartOf\":{\"@id\":\"https:\/\/www.trudi.com\/#website\"},\"datePublished\":\"2025-06-30T15:10:39+00:00\",\"dateModified\":\"2025-06-30T15:10:39+00:00\",\"description\":\"Trudi's Alpaca Alfredo Sweet collection ist weich wie eine Wolke und perfekt f\u00fcr alle, die einen Begleiter suchen, der die ganze S\u00fc\u00dfe und Freundlichkeit dieses charmanten Tieres in sich vereint.\",\"breadcrumb\":{\"@id\":\"https:\/\/www.trudi.com\/prodotto\/sw-col-alpaca\/#breadcrumb\"},\"inLanguage\":\"de-DE\",\"potentialAction\":[{\"@type\":\"ReadAction\",\"target\":[\"https:\/\/www.trudi.com\/prodotto\/sw-col-alpaca\/\"]}]},{\"@type\":\"BreadcrumbList\",\"@id\":\"https:\/\/www.trudi.com\/prodotto\/sw-col-alpaca\/#breadcrumb\",\"itemListElement\":[{\"@type\":\"ListItem\",\"position\":1,\"name\":\"Shop\",\"item\":\"https:\/\/www.trudi.com\/negozio\/\"},{\"@type\":\"ListItem\",\"position\":2,\"name\":\"Sw Col Alpaca Alfredo\"}]},{\"@type\":\"WebSite\",\"@id\":\"https:\/\/www.trudi.com\/#website\",\"url\":\"https:\/\/www.trudi.com\/\",\"name\":\"Trudi\",\"description\":\"Peluche e Giochi in Legno\",\"publisher\":{\"@id\":\"https:\/\/www.trudi.com\/#organization\"},\"potentialAction\":[{\"@type\":\"SearchAction\",\"target\":{\"@type\":\"EntryPoint\",\"urlTemplate\":\"https:\/\/www.trudi.com\/?s={search_term_string}\"},\"query-input\":\"required name=search_term_string\"}],\"inLanguage\":\"de-DE\"},{\"@type\":\"Organization\",\"@id\":\"https:\/\/www.trudi.com\/#organization\",\"name\":\"Trudi\",\"url\":\"https:\/\/www.trudi.com\/\",\"logo\":{\"@type\":\"ImageObject\",\"inLanguage\":\"de-DE\",\"@id\":\"https:\/\/www.trudi.com\/#\/schema\/logo\/image\/\",\"url\":\"https:\/\/www.trudi.com\/wp-content\/uploads\/2021\/05\/trudi-logo.svg\",\"contentUrl\":\"https:\/\/www.trudi.com\/wp-content\/uploads\/2021\/05\/trudi-logo.svg\",\"width\":50,\"height\":50,\"caption\":\"Trudi\"},\"image\":{\"@id\":\"https:\/\/www.trudi.com\/#\/schema\/logo\/image\/\"}}]}<\/script>\n<!-- \/ Yoast SEO plugin. -->","yoast_head_json":{"title":"Sw Col Alpaca Alfredo - Trudi","description":"Trudi's Alpaca Alfredo Sweet collection ist weich wie eine Wolke und perfekt f\u00fcr alle, die einen Begleiter suchen, der die ganze S\u00fc\u00dfe und Freundlichkeit dieses charmanten Tieres in sich vereint.","robots":{"index":"index","follow":"follow","max-snippet":"max-snippet:-1","max-image-preview":"max-image-preview:large","max-video-preview":"max-video-preview:-1"},"canonical":"https:\/\/www.trudi.com\/de\/prodotto\/sw-col-alpaca\/","og_locale":"de_DE","og_type":"article","og_title":"Sw Col Alpaca Alfredo - Trudi","og_description":"Trudi's Alpaca Alfredo Sweet collection ist weich wie eine Wolke und perfekt f\u00fcr alle, die einen Begleiter suchen, der die ganze S\u00fc\u00dfe und Freundlichkeit dieses charmanten Tieres in sich vereint.","og_url":"https:\/\/www.trudi.com\/prodotto\/sw-col-alpaca\/","og_site_name":"Trudi","og_image":[{"width":2560,"height":1706,"url":"https:\/\/www.trudi.com\/wp-content\/uploads\/2025\/02\/55541C-scaled.jpg","type":"image\/jpeg"}],"twitter_card":"summary_large_image","schema":{"@context":"https:\/\/schema.org","@graph":[{"@type":"WebPage","@id":"https:\/\/www.trudi.com\/prodotto\/sw-col-alpaca\/","url":"https:\/\/www.trudi.com\/prodotto\/sw-col-alpaca\/","name":"Sw Col Alpaca Alfredo - Trudi","isPartOf":{"@id":"https:\/\/www.trudi.com\/#website"},"datePublished":"2025-06-30T15:10:39+00:00","dateModified":"2025-06-30T15:10:39+00:00","description":"Trudi's Alpaca Alfredo Sweet collection ist weich wie eine Wolke und perfekt f\u00fcr alle, die einen Begleiter suchen, der die ganze S\u00fc\u00dfe und Freundlichkeit dieses charmanten Tieres in sich vereint.","breadcrumb":{"@id":"https:\/\/www.trudi.com\/prodotto\/sw-col-alpaca\/#breadcrumb"},"inLanguage":"de-DE","potentialAction":[{"@type":"ReadAction","target":["https:\/\/www.trudi.com\/prodotto\/sw-col-alpaca\/"]}]},{"@type":"BreadcrumbList","@id":"https:\/\/www.trudi.com\/prodotto\/sw-col-alpaca\/#breadcrumb","itemListElement":[{"@type":"ListItem","position":1,"name":"Shop","item":"https:\/\/www.trudi.com\/negozio\/"},{"@type":"ListItem","position":2,"name":"Sw Col Alpaca Alfredo"}]},{"@type":"WebSite","@id":"https:\/\/www.trudi.com\/#website","url":"https:\/\/www.trudi.com\/","name":"Trudi","description":"Peluche e Giochi in Legno","publisher":{"@id":"https:\/\/www.trudi.com\/#organization"},"potentialAction":[{"@type":"SearchAction","target":{"@type":"EntryPoint","urlTemplate":"https:\/\/www.trudi.com\/?s={search_term_string}"},"query-input":"required name=search_term_string"}],"inLanguage":"de-DE"},{"@type":"Organization","@id":"https:\/\/www.trudi.com\/#organization","name":"Trudi","url":"https:\/\/www.trudi.com\/","logo":{"@type":"ImageObject","inLanguage":"de-DE","@id":"https:\/\/www.trudi.com\/#\/schema\/logo\/image\/","url":"https:\/\/www.trudi.com\/wp-content\/uploads\/2021\/05\/trudi-logo.svg","contentUrl":"https:\/\/www.trudi.com\/wp-content\/uploads\/2021\/05\/trudi-logo.svg","width":50,"height":50,"caption":"Trudi"},"image":{"@id":"https:\/\/www.trudi.com\/#\/schema\/logo\/image\/"}}]}},"_links":{"self":[{"href":"https:\/\/www.trudi.com\/de\/wp-json\/wp\/v2\/product\/268269"}],"collection":[{"href":"https:\/\/www.trudi.com\/de\/wp-json\/wp\/v2\/product"}],"about":[{"href":"https:\/\/www.trudi.com\/de\/wp-json\/wp\/v2\/types\/product"}],"wp:featuredmedia":[{"embeddable":true,"href":"https:\/\/www.trudi.com\/de\/wp-json\/wp\/v2\/media\/264541"}],"wp:attachment":[{"href":"https:\/\/www.trudi.com\/de\/wp-json\/wp\/v2\/media?parent=268269"}],"wp:term":[{"taxonomy":"product_cat","embeddable":true,"href":"https:\/\/www.trudi.com\/de\/wp-json\/wp\/v2\/product_cat?post=268269"},{"taxonomy":"product_tag","embeddable":true,"href":"https:\/\/www.trudi.com\/de\/wp-json\/wp\/v2\/product_tag?post=268269"}],"curies":[{"name":"wp","href":"https:\/\/api.w.org\/{rel}","templated":true}]}}