
{"id":268254,"date":"2025-06-30T15:57:02","date_gmt":"2025-06-30T13:57:02","guid":{"rendered":"https:\/\/www.trudi.com\/prodotto\/bison-rocky\/"},"modified":"2025-06-30T15:57:02","modified_gmt":"2025-06-30T13:57:02","slug":"bison-rocky","status":"publish","type":"product","link":"https:\/\/www.trudi.com\/de\/prodotto\/bison-rocky\/","title":{"rendered":"Bison Rocky"},"content":{"rendered":"<p>Willkommen auf dem Bauernhof von Trudi! Entdecken Sie Rocky, das niedlichste und kuscheligste Bison in Trudis neuer Kollektion von Bauernhoftieren! Mit unglaublicher Sorgfalt hergestellt, ist Rocky bereit, ein bisschen Abenteuer in Ihr Leben zu bringen. Mit seinem weichen Fell und den realistischen Details ist er perfekt zum Kuscheln und Spielen. Begleite Rocky und seine Freunde: hoppelnde H\u00e4schen, Pferde mit wallenden M\u00e4hnen, schnatternde G\u00e4nse und verspielte Entenk\u00fcken. Erlebe mit Trudi Abenteuer auf dem Bauernhof und nimm ein St\u00fcck Natur mit nach Hause!<\/p>\n<p>&nbsp;<\/p>\n","protected":false},"excerpt":{"rendered":"<p>Willkommen auf dem Bauernhof von Trudi! Entdecken Sie Rocky, das niedlichste und kuscheligste Bison in Trudis neuer Kollektion von Bauernhoftieren!<\/p>\n","protected":false},"featured_media":258141,"template":"","meta":[],"product_cat":[413,413],"product_tag":[349],"acf":[],"yoast_head":"<!-- This site is optimized with the Yoast SEO plugin v21.9 - https:\/\/yoast.com\/wordpress\/plugins\/seo\/ -->\n<title>Bison Rocky - Trudi<\/title>\n<meta name=\"description\" content=\"Entdecken Sie Rocky, das niedlichste und kuscheligste Bison in Trudis neuer Kollektion von Bauernhoftieren!\" \/>\n<meta name=\"robots\" content=\"index, follow, max-snippet:-1, max-image-preview:large, max-video-preview:-1\" \/>\n<link rel=\"canonical\" href=\"https:\/\/www.trudi.com\/de\/prodotto\/bisonte-rocky\/\" \/>\n<meta property=\"og:locale\" content=\"de_DE\" \/>\n<meta property=\"og:type\" content=\"article\" \/>\n<meta property=\"og:title\" content=\"Bison Rocky - Trudi\" \/>\n<meta property=\"og:description\" content=\"Entdecken Sie Rocky, das niedlichste und kuscheligste Bison in Trudis neuer Kollektion von Bauernhoftieren!\" \/>\n<meta property=\"og:url\" content=\"https:\/\/www.trudi.com\/prodotto\/bisonte-rocky\/\" \/>\n<meta property=\"og:site_name\" content=\"Trudi\" \/>\n<meta property=\"og:image\" content=\"https:\/\/www.trudi.com\/wp-content\/uploads\/2024\/09\/69473-B-scaled.jpg\" \/>\n\t<meta property=\"og:image:width\" content=\"2560\" \/>\n\t<meta property=\"og:image:height\" content=\"1707\" \/>\n\t<meta property=\"og:image:type\" content=\"image\/jpeg\" \/>\n<meta name=\"twitter:card\" content=\"summary_large_image\" \/>\n<script type=\"application\/ld+json\" class=\"yoast-schema-graph\">{\"@context\":\"https:\/\/schema.org\",\"@graph\":[{\"@type\":\"WebPage\",\"@id\":\"https:\/\/www.trudi.com\/prodotto\/bisonte-rocky\/\",\"url\":\"https:\/\/www.trudi.com\/prodotto\/bisonte-rocky\/\",\"name\":\"Bison Rocky - Trudi\",\"isPartOf\":{\"@id\":\"https:\/\/www.trudi.com\/#website\"},\"datePublished\":\"2025-06-30T13:57:02+00:00\",\"dateModified\":\"2025-06-30T13:57:02+00:00\",\"description\":\"Entdecken Sie Rocky, das niedlichste und kuscheligste Bison in Trudis neuer Kollektion von Bauernhoftieren!\",\"breadcrumb\":{\"@id\":\"https:\/\/www.trudi.com\/prodotto\/bisonte-rocky\/#breadcrumb\"},\"inLanguage\":\"de-DE\",\"potentialAction\":[{\"@type\":\"ReadAction\",\"target\":[\"https:\/\/www.trudi.com\/prodotto\/bisonte-rocky\/\"]}]},{\"@type\":\"BreadcrumbList\",\"@id\":\"https:\/\/www.trudi.com\/prodotto\/bisonte-rocky\/#breadcrumb\",\"itemListElement\":[{\"@type\":\"ListItem\",\"position\":1,\"name\":\"Shop\",\"item\":\"https:\/\/www.trudi.com\/negozio\/\"},{\"@type\":\"ListItem\",\"position\":2,\"name\":\"Bison Rocky\"}]},{\"@type\":\"WebSite\",\"@id\":\"https:\/\/www.trudi.com\/#website\",\"url\":\"https:\/\/www.trudi.com\/\",\"name\":\"Trudi\",\"description\":\"Peluche e Giochi in Legno\",\"publisher\":{\"@id\":\"https:\/\/www.trudi.com\/#organization\"},\"potentialAction\":[{\"@type\":\"SearchAction\",\"target\":{\"@type\":\"EntryPoint\",\"urlTemplate\":\"https:\/\/www.trudi.com\/?s={search_term_string}\"},\"query-input\":\"required name=search_term_string\"}],\"inLanguage\":\"de-DE\"},{\"@type\":\"Organization\",\"@id\":\"https:\/\/www.trudi.com\/#organization\",\"name\":\"Trudi\",\"url\":\"https:\/\/www.trudi.com\/\",\"logo\":{\"@type\":\"ImageObject\",\"inLanguage\":\"de-DE\",\"@id\":\"https:\/\/www.trudi.com\/#\/schema\/logo\/image\/\",\"url\":\"https:\/\/www.trudi.com\/wp-content\/uploads\/2021\/05\/trudi-logo.svg\",\"contentUrl\":\"https:\/\/www.trudi.com\/wp-content\/uploads\/2021\/05\/trudi-logo.svg\",\"width\":50,\"height\":50,\"caption\":\"Trudi\"},\"image\":{\"@id\":\"https:\/\/www.trudi.com\/#\/schema\/logo\/image\/\"}}]}<\/script>\n<!-- \/ Yoast SEO plugin. -->","yoast_head_json":{"title":"Bison Rocky - Trudi","description":"Entdecken Sie Rocky, das niedlichste und kuscheligste Bison in Trudis neuer Kollektion von Bauernhoftieren!","robots":{"index":"index","follow":"follow","max-snippet":"max-snippet:-1","max-image-preview":"max-image-preview:large","max-video-preview":"max-video-preview:-1"},"canonical":"https:\/\/www.trudi.com\/de\/prodotto\/bisonte-rocky\/","og_locale":"de_DE","og_type":"article","og_title":"Bison Rocky - Trudi","og_description":"Entdecken Sie Rocky, das niedlichste und kuscheligste Bison in Trudis neuer Kollektion von Bauernhoftieren!","og_url":"https:\/\/www.trudi.com\/prodotto\/bisonte-rocky\/","og_site_name":"Trudi","og_image":[{"width":2560,"height":1707,"url":"https:\/\/www.trudi.com\/wp-content\/uploads\/2024\/09\/69473-B-scaled.jpg","type":"image\/jpeg"}],"twitter_card":"summary_large_image","schema":{"@context":"https:\/\/schema.org","@graph":[{"@type":"WebPage","@id":"https:\/\/www.trudi.com\/prodotto\/bisonte-rocky\/","url":"https:\/\/www.trudi.com\/prodotto\/bisonte-rocky\/","name":"Bison Rocky - Trudi","isPartOf":{"@id":"https:\/\/www.trudi.com\/#website"},"datePublished":"2025-06-30T13:57:02+00:00","dateModified":"2025-06-30T13:57:02+00:00","description":"Entdecken Sie Rocky, das niedlichste und kuscheligste Bison in Trudis neuer Kollektion von Bauernhoftieren!","breadcrumb":{"@id":"https:\/\/www.trudi.com\/prodotto\/bisonte-rocky\/#breadcrumb"},"inLanguage":"de-DE","potentialAction":[{"@type":"ReadAction","target":["https:\/\/www.trudi.com\/prodotto\/bisonte-rocky\/"]}]},{"@type":"BreadcrumbList","@id":"https:\/\/www.trudi.com\/prodotto\/bisonte-rocky\/#breadcrumb","itemListElement":[{"@type":"ListItem","position":1,"name":"Shop","item":"https:\/\/www.trudi.com\/negozio\/"},{"@type":"ListItem","position":2,"name":"Bison Rocky"}]},{"@type":"WebSite","@id":"https:\/\/www.trudi.com\/#website","url":"https:\/\/www.trudi.com\/","name":"Trudi","description":"Peluche e Giochi in Legno","publisher":{"@id":"https:\/\/www.trudi.com\/#organization"},"potentialAction":[{"@type":"SearchAction","target":{"@type":"EntryPoint","urlTemplate":"https:\/\/www.trudi.com\/?s={search_term_string}"},"query-input":"required name=search_term_string"}],"inLanguage":"de-DE"},{"@type":"Organization","@id":"https:\/\/www.trudi.com\/#organization","name":"Trudi","url":"https:\/\/www.trudi.com\/","logo":{"@type":"ImageObject","inLanguage":"de-DE","@id":"https:\/\/www.trudi.com\/#\/schema\/logo\/image\/","url":"https:\/\/www.trudi.com\/wp-content\/uploads\/2021\/05\/trudi-logo.svg","contentUrl":"https:\/\/www.trudi.com\/wp-content\/uploads\/2021\/05\/trudi-logo.svg","width":50,"height":50,"caption":"Trudi"},"image":{"@id":"https:\/\/www.trudi.com\/#\/schema\/logo\/image\/"}}]}},"_links":{"self":[{"href":"https:\/\/www.trudi.com\/de\/wp-json\/wp\/v2\/product\/268254"}],"collection":[{"href":"https:\/\/www.trudi.com\/de\/wp-json\/wp\/v2\/product"}],"about":[{"href":"https:\/\/www.trudi.com\/de\/wp-json\/wp\/v2\/types\/product"}],"wp:featuredmedia":[{"embeddable":true,"href":"https:\/\/www.trudi.com\/de\/wp-json\/wp\/v2\/media\/258141"}],"wp:attachment":[{"href":"https:\/\/www.trudi.com\/de\/wp-json\/wp\/v2\/media?parent=268254"}],"wp:term":[{"taxonomy":"product_cat","embeddable":true,"href":"https:\/\/www.trudi.com\/de\/wp-json\/wp\/v2\/product_cat?post=268254"},{"taxonomy":"product_tag","embeddable":true,"href":"https:\/\/www.trudi.com\/de\/wp-json\/wp\/v2\/product_tag?post=268254"}],"curies":[{"name":"wp","href":"https:\/\/api.w.org\/{rel}","templated":true}]}}