
{"id":268202,"date":"2025-06-26T16:37:39","date_gmt":"2025-06-26T14:37:39","guid":{"rendered":"https:\/\/www.trudi.com\/prodotto\/marlon-baer-halloween-kuerbis\/"},"modified":"2025-06-26T16:37:39","modified_gmt":"2025-06-26T14:37:39","slug":"marlon-baer-halloween-kuerbis","status":"publish","type":"product","link":"https:\/\/www.trudi.com\/de\/prodotto\/marlon-baer-halloween-kuerbis\/","title":{"rendered":"Marlon B\u00e4r Halloween-K\u00fcrbis"},"content":{"rendered":"<p>Entdecken Sie die gruseligste (aber auch s\u00fc\u00dfeste!) Kollektion von Trudi, die Ihr Halloween zu etwas ganz Besonderem macht.<\/p>\n<p>S\u00fc\u00df, kuschelig und&#8230; <strong>verkleidet als K\u00fcrbis<\/strong>, Fledermaus und Gespenst! Unser Miniaturb\u00e4r Marlon wird Sie mit seinem niedlichen Aussehen und seinem verspielten Wesen \u00fcberzeugen und einen Hauch von Fr\u00f6hlichkeit und S\u00fc\u00dfe in Ihr Halloween bringen.<\/p>\n","protected":false},"excerpt":{"rendered":"<p>Entdecken Sie die gruseligste (aber auch s\u00fc\u00dfeste!) Kollektion von Trudi, die Ihr Halloween zu etwas ganz Besonderem macht. S\u00fc\u00df, kuschelig<\/p>\n","protected":false},"featured_media":268123,"template":"","meta":[],"product_cat":[819],"product_tag":[349],"acf":[],"yoast_head":"<!-- This site is optimized with the Yoast SEO plugin v21.9 - https:\/\/yoast.com\/wordpress\/plugins\/seo\/ -->\n<title>Marlon B\u00e4r Halloween-K\u00fcrbis - Trudi<\/title>\n<meta name=\"description\" content=\"S\u00fc\u00df, kuschelig und... verkleidet als K\u00fcrbis, Fledermaus und Gespenst! Unser Miniaturb\u00e4r Marlon wird Sie mit seinem niedlichen Aussehen und seinem verspielten Wesen \u00fcberzeugen und einen Hauch von Fr\u00f6hlichkeit und S\u00fc\u00dfe in Ihr Halloween bringen.\" \/>\n<meta name=\"robots\" content=\"index, follow, max-snippet:-1, max-image-preview:large, max-video-preview:-1\" \/>\n<link rel=\"canonical\" href=\"https:\/\/www.trudi.com\/de\/prodotto\/orso-marlon-zucca\/\" \/>\n<meta property=\"og:locale\" content=\"de_DE\" \/>\n<meta property=\"og:type\" content=\"article\" \/>\n<meta property=\"og:title\" content=\"Marlon B\u00e4r Halloween-K\u00fcrbis - Trudi\" \/>\n<meta property=\"og:description\" content=\"S\u00fc\u00df, kuschelig und... verkleidet als K\u00fcrbis, Fledermaus und Gespenst! Unser Miniaturb\u00e4r Marlon wird Sie mit seinem niedlichen Aussehen und seinem verspielten Wesen \u00fcberzeugen und einen Hauch von Fr\u00f6hlichkeit und S\u00fc\u00dfe in Ihr Halloween bringen.\" \/>\n<meta property=\"og:url\" content=\"https:\/\/www.trudi.com\/prodotto\/orso-marlon-zucca\/\" \/>\n<meta property=\"og:site_name\" content=\"Trudi\" \/>\n<meta property=\"og:image\" content=\"https:\/\/www.trudi.com\/wp-content\/uploads\/2025\/06\/15818_BearMarlon_Pumpkin_M-scaled.jpg\" \/>\n\t<meta property=\"og:image:width\" content=\"2560\" \/>\n\t<meta property=\"og:image:height\" content=\"1706\" \/>\n\t<meta property=\"og:image:type\" content=\"image\/jpeg\" \/>\n<meta name=\"twitter:card\" content=\"summary_large_image\" \/>\n<script type=\"application\/ld+json\" class=\"yoast-schema-graph\">{\"@context\":\"https:\/\/schema.org\",\"@graph\":[{\"@type\":\"WebPage\",\"@id\":\"https:\/\/www.trudi.com\/prodotto\/orso-marlon-zucca\/\",\"url\":\"https:\/\/www.trudi.com\/prodotto\/orso-marlon-zucca\/\",\"name\":\"Marlon B\u00e4r Halloween-K\u00fcrbis - Trudi\",\"isPartOf\":{\"@id\":\"https:\/\/www.trudi.com\/#website\"},\"datePublished\":\"2025-06-26T14:37:39+00:00\",\"dateModified\":\"2025-06-26T14:37:39+00:00\",\"description\":\"S\u00fc\u00df, kuschelig und... verkleidet als K\u00fcrbis, Fledermaus und Gespenst! Unser Miniaturb\u00e4r Marlon wird Sie mit seinem niedlichen Aussehen und seinem verspielten Wesen \u00fcberzeugen und einen Hauch von Fr\u00f6hlichkeit und S\u00fc\u00dfe in Ihr Halloween bringen.\",\"breadcrumb\":{\"@id\":\"https:\/\/www.trudi.com\/prodotto\/orso-marlon-zucca\/#breadcrumb\"},\"inLanguage\":\"de-DE\",\"potentialAction\":[{\"@type\":\"ReadAction\",\"target\":[\"https:\/\/www.trudi.com\/prodotto\/orso-marlon-zucca\/\"]}]},{\"@type\":\"BreadcrumbList\",\"@id\":\"https:\/\/www.trudi.com\/prodotto\/orso-marlon-zucca\/#breadcrumb\",\"itemListElement\":[{\"@type\":\"ListItem\",\"position\":1,\"name\":\"Shop\",\"item\":\"https:\/\/www.trudi.com\/negozio\/\"},{\"@type\":\"ListItem\",\"position\":2,\"name\":\"Marlon B\u00e4r Halloween-K\u00fcrbis\"}]},{\"@type\":\"WebSite\",\"@id\":\"https:\/\/www.trudi.com\/#website\",\"url\":\"https:\/\/www.trudi.com\/\",\"name\":\"Trudi\",\"description\":\"Peluche e Giochi in Legno\",\"publisher\":{\"@id\":\"https:\/\/www.trudi.com\/#organization\"},\"potentialAction\":[{\"@type\":\"SearchAction\",\"target\":{\"@type\":\"EntryPoint\",\"urlTemplate\":\"https:\/\/www.trudi.com\/?s={search_term_string}\"},\"query-input\":\"required name=search_term_string\"}],\"inLanguage\":\"de-DE\"},{\"@type\":\"Organization\",\"@id\":\"https:\/\/www.trudi.com\/#organization\",\"name\":\"Trudi\",\"url\":\"https:\/\/www.trudi.com\/\",\"logo\":{\"@type\":\"ImageObject\",\"inLanguage\":\"de-DE\",\"@id\":\"https:\/\/www.trudi.com\/#\/schema\/logo\/image\/\",\"url\":\"https:\/\/www.trudi.com\/wp-content\/uploads\/2021\/05\/trudi-logo.svg\",\"contentUrl\":\"https:\/\/www.trudi.com\/wp-content\/uploads\/2021\/05\/trudi-logo.svg\",\"width\":50,\"height\":50,\"caption\":\"Trudi\"},\"image\":{\"@id\":\"https:\/\/www.trudi.com\/#\/schema\/logo\/image\/\"}}]}<\/script>\n<!-- \/ Yoast SEO plugin. -->","yoast_head_json":{"title":"Marlon B\u00e4r Halloween-K\u00fcrbis - Trudi","description":"S\u00fc\u00df, kuschelig und... verkleidet als K\u00fcrbis, Fledermaus und Gespenst! Unser Miniaturb\u00e4r Marlon wird Sie mit seinem niedlichen Aussehen und seinem verspielten Wesen \u00fcberzeugen und einen Hauch von Fr\u00f6hlichkeit und S\u00fc\u00dfe in Ihr Halloween bringen.","robots":{"index":"index","follow":"follow","max-snippet":"max-snippet:-1","max-image-preview":"max-image-preview:large","max-video-preview":"max-video-preview:-1"},"canonical":"https:\/\/www.trudi.com\/de\/prodotto\/orso-marlon-zucca\/","og_locale":"de_DE","og_type":"article","og_title":"Marlon B\u00e4r Halloween-K\u00fcrbis - Trudi","og_description":"S\u00fc\u00df, kuschelig und... verkleidet als K\u00fcrbis, Fledermaus und Gespenst! Unser Miniaturb\u00e4r Marlon wird Sie mit seinem niedlichen Aussehen und seinem verspielten Wesen \u00fcberzeugen und einen Hauch von Fr\u00f6hlichkeit und S\u00fc\u00dfe in Ihr Halloween bringen.","og_url":"https:\/\/www.trudi.com\/prodotto\/orso-marlon-zucca\/","og_site_name":"Trudi","og_image":[{"width":2560,"height":1706,"url":"https:\/\/www.trudi.com\/wp-content\/uploads\/2025\/06\/15818_BearMarlon_Pumpkin_M-scaled.jpg","type":"image\/jpeg"}],"twitter_card":"summary_large_image","schema":{"@context":"https:\/\/schema.org","@graph":[{"@type":"WebPage","@id":"https:\/\/www.trudi.com\/prodotto\/orso-marlon-zucca\/","url":"https:\/\/www.trudi.com\/prodotto\/orso-marlon-zucca\/","name":"Marlon B\u00e4r Halloween-K\u00fcrbis - Trudi","isPartOf":{"@id":"https:\/\/www.trudi.com\/#website"},"datePublished":"2025-06-26T14:37:39+00:00","dateModified":"2025-06-26T14:37:39+00:00","description":"S\u00fc\u00df, kuschelig und... verkleidet als K\u00fcrbis, Fledermaus und Gespenst! Unser Miniaturb\u00e4r Marlon wird Sie mit seinem niedlichen Aussehen und seinem verspielten Wesen \u00fcberzeugen und einen Hauch von Fr\u00f6hlichkeit und S\u00fc\u00dfe in Ihr Halloween bringen.","breadcrumb":{"@id":"https:\/\/www.trudi.com\/prodotto\/orso-marlon-zucca\/#breadcrumb"},"inLanguage":"de-DE","potentialAction":[{"@type":"ReadAction","target":["https:\/\/www.trudi.com\/prodotto\/orso-marlon-zucca\/"]}]},{"@type":"BreadcrumbList","@id":"https:\/\/www.trudi.com\/prodotto\/orso-marlon-zucca\/#breadcrumb","itemListElement":[{"@type":"ListItem","position":1,"name":"Shop","item":"https:\/\/www.trudi.com\/negozio\/"},{"@type":"ListItem","position":2,"name":"Marlon B\u00e4r Halloween-K\u00fcrbis"}]},{"@type":"WebSite","@id":"https:\/\/www.trudi.com\/#website","url":"https:\/\/www.trudi.com\/","name":"Trudi","description":"Peluche e Giochi in Legno","publisher":{"@id":"https:\/\/www.trudi.com\/#organization"},"potentialAction":[{"@type":"SearchAction","target":{"@type":"EntryPoint","urlTemplate":"https:\/\/www.trudi.com\/?s={search_term_string}"},"query-input":"required name=search_term_string"}],"inLanguage":"de-DE"},{"@type":"Organization","@id":"https:\/\/www.trudi.com\/#organization","name":"Trudi","url":"https:\/\/www.trudi.com\/","logo":{"@type":"ImageObject","inLanguage":"de-DE","@id":"https:\/\/www.trudi.com\/#\/schema\/logo\/image\/","url":"https:\/\/www.trudi.com\/wp-content\/uploads\/2021\/05\/trudi-logo.svg","contentUrl":"https:\/\/www.trudi.com\/wp-content\/uploads\/2021\/05\/trudi-logo.svg","width":50,"height":50,"caption":"Trudi"},"image":{"@id":"https:\/\/www.trudi.com\/#\/schema\/logo\/image\/"}}]}},"_links":{"self":[{"href":"https:\/\/www.trudi.com\/de\/wp-json\/wp\/v2\/product\/268202"}],"collection":[{"href":"https:\/\/www.trudi.com\/de\/wp-json\/wp\/v2\/product"}],"about":[{"href":"https:\/\/www.trudi.com\/de\/wp-json\/wp\/v2\/types\/product"}],"wp:featuredmedia":[{"embeddable":true,"href":"https:\/\/www.trudi.com\/de\/wp-json\/wp\/v2\/media\/268123"}],"wp:attachment":[{"href":"https:\/\/www.trudi.com\/de\/wp-json\/wp\/v2\/media?parent=268202"}],"wp:term":[{"taxonomy":"product_cat","embeddable":true,"href":"https:\/\/www.trudi.com\/de\/wp-json\/wp\/v2\/product_cat?post=268202"},{"taxonomy":"product_tag","embeddable":true,"href":"https:\/\/www.trudi.com\/de\/wp-json\/wp\/v2\/product_tag?post=268202"}],"curies":[{"name":"wp","href":"https:\/\/api.w.org\/{rel}","templated":true}]}}