
{"id":267035,"date":"2025-05-21T17:03:25","date_gmt":"2025-05-21T15:03:25","guid":{"rendered":"https:\/\/www.trudi.com\/prodotto\/balance-coral-20-st\/"},"modified":"2025-05-21T17:03:25","modified_gmt":"2025-05-21T15:03:25","slug":"balance-coral-20-st","status":"publish","type":"product","link":"https:\/\/www.trudi.com\/de\/prodotto\/balance-coral-20-st\/","title":{"rendered":"Balance Coral (20 st)"},"content":{"rendered":"<p>Die Kollektion Sea Love von Sevi soll Kinder an das Thema Respekt vor dem Meer heranf\u00fchren und sie dazu bringen, es zu lieben.<\/p>\n<p>Das Coral Balance ist ein taktiles Spiel f\u00fcr Kleinkinder, die sich selbst herausfordern k\u00f6nnen, um bezaubernde Meerestiere zu balancieren und dabei Geduld, motorische F\u00e4higkeiten und Strategie zu entwickeln, w\u00e4hrend sie Geschichten in einer Unterwasserwelt erfinden. Dieses spielerische Abenteuer verdeutlicht die Verletzlichkeit der Korallen, eines gef\u00e4hrdeten Schatzes, der es verdient, gesch\u00fctzt zu werden.<\/p>\n<p>&nbsp;<\/p>\n","protected":false},"excerpt":{"rendered":"<p>Die Kollektion Sea Love von Sevi soll Kinder an das Thema Respekt vor dem Meer heranf\u00fchren und sie dazu bringen,<\/p>\n","protected":false},"featured_media":264295,"template":"","meta":[],"product_cat":[797,731],"product_tag":[349],"acf":[],"yoast_head":"<!-- This site is optimized with the Yoast SEO plugin v21.9 - https:\/\/yoast.com\/wordpress\/plugins\/seo\/ -->\n<title>Balance Coral (20 st) - Trudi<\/title>\n<meta name=\"description\" content=\"Das Coral Balance ist ein taktiles Spiel f\u00fcr Kleinkinder, die sich selbst herausfordern k\u00f6nnen, um bezaubernde Meerestiere zu balancieren und dabei Geduld, motorische F\u00e4higkeiten und Strategie zu entwickeln, w\u00e4hrend sie Geschichten in einer Unterwasserwelt erfinden.\" \/>\n<meta name=\"robots\" content=\"index, follow, max-snippet:-1, max-image-preview:large, max-video-preview:-1\" \/>\n<link rel=\"canonical\" href=\"https:\/\/www.trudi.com\/de\/prodotto\/balance-corallo-20-pz\/\" \/>\n<meta property=\"og:locale\" content=\"de_DE\" \/>\n<meta property=\"og:type\" content=\"article\" \/>\n<meta property=\"og:title\" content=\"Balance Coral (20 st) - Trudi\" \/>\n<meta property=\"og:description\" content=\"Das Coral Balance ist ein taktiles Spiel f\u00fcr Kleinkinder, die sich selbst herausfordern k\u00f6nnen, um bezaubernde Meerestiere zu balancieren und dabei Geduld, motorische F\u00e4higkeiten und Strategie zu entwickeln, w\u00e4hrend sie Geschichten in einer Unterwasserwelt erfinden.\" \/>\n<meta property=\"og:url\" content=\"https:\/\/www.trudi.com\/prodotto\/balance-corallo-20-pz\/\" \/>\n<meta property=\"og:site_name\" content=\"Trudi\" \/>\n<meta property=\"og:image\" content=\"https:\/\/www.trudi.com\/wp-content\/uploads\/2025\/02\/83145_1-scaled.jpg\" \/>\n\t<meta property=\"og:image:width\" content=\"2560\" \/>\n\t<meta property=\"og:image:height\" content=\"1707\" \/>\n\t<meta property=\"og:image:type\" content=\"image\/jpeg\" \/>\n<meta name=\"twitter:card\" content=\"summary_large_image\" \/>\n<script type=\"application\/ld+json\" class=\"yoast-schema-graph\">{\"@context\":\"https:\/\/schema.org\",\"@graph\":[{\"@type\":\"WebPage\",\"@id\":\"https:\/\/www.trudi.com\/prodotto\/balance-corallo-20-pz\/\",\"url\":\"https:\/\/www.trudi.com\/prodotto\/balance-corallo-20-pz\/\",\"name\":\"Balance Coral (20 st) - Trudi\",\"isPartOf\":{\"@id\":\"https:\/\/www.trudi.com\/#website\"},\"datePublished\":\"2025-05-21T15:03:25+00:00\",\"dateModified\":\"2025-05-21T15:03:25+00:00\",\"description\":\"Das Coral Balance ist ein taktiles Spiel f\u00fcr Kleinkinder, die sich selbst herausfordern k\u00f6nnen, um bezaubernde Meerestiere zu balancieren und dabei Geduld, motorische F\u00e4higkeiten und Strategie zu entwickeln, w\u00e4hrend sie Geschichten in einer Unterwasserwelt erfinden.\",\"breadcrumb\":{\"@id\":\"https:\/\/www.trudi.com\/prodotto\/balance-corallo-20-pz\/#breadcrumb\"},\"inLanguage\":\"de-DE\",\"potentialAction\":[{\"@type\":\"ReadAction\",\"target\":[\"https:\/\/www.trudi.com\/prodotto\/balance-corallo-20-pz\/\"]}]},{\"@type\":\"BreadcrumbList\",\"@id\":\"https:\/\/www.trudi.com\/prodotto\/balance-corallo-20-pz\/#breadcrumb\",\"itemListElement\":[{\"@type\":\"ListItem\",\"position\":1,\"name\":\"Shop\",\"item\":\"https:\/\/www.trudi.com\/negozio\/\"},{\"@type\":\"ListItem\",\"position\":2,\"name\":\"Balance Coral (20 st)\"}]},{\"@type\":\"WebSite\",\"@id\":\"https:\/\/www.trudi.com\/#website\",\"url\":\"https:\/\/www.trudi.com\/\",\"name\":\"Trudi\",\"description\":\"Peluche e Giochi in Legno\",\"publisher\":{\"@id\":\"https:\/\/www.trudi.com\/#organization\"},\"potentialAction\":[{\"@type\":\"SearchAction\",\"target\":{\"@type\":\"EntryPoint\",\"urlTemplate\":\"https:\/\/www.trudi.com\/?s={search_term_string}\"},\"query-input\":\"required name=search_term_string\"}],\"inLanguage\":\"de-DE\"},{\"@type\":\"Organization\",\"@id\":\"https:\/\/www.trudi.com\/#organization\",\"name\":\"Trudi\",\"url\":\"https:\/\/www.trudi.com\/\",\"logo\":{\"@type\":\"ImageObject\",\"inLanguage\":\"de-DE\",\"@id\":\"https:\/\/www.trudi.com\/#\/schema\/logo\/image\/\",\"url\":\"https:\/\/www.trudi.com\/wp-content\/uploads\/2021\/05\/trudi-logo.svg\",\"contentUrl\":\"https:\/\/www.trudi.com\/wp-content\/uploads\/2021\/05\/trudi-logo.svg\",\"width\":50,\"height\":50,\"caption\":\"Trudi\"},\"image\":{\"@id\":\"https:\/\/www.trudi.com\/#\/schema\/logo\/image\/\"}}]}<\/script>\n<!-- \/ Yoast SEO plugin. -->","yoast_head_json":{"title":"Balance Coral (20 st) - Trudi","description":"Das Coral Balance ist ein taktiles Spiel f\u00fcr Kleinkinder, die sich selbst herausfordern k\u00f6nnen, um bezaubernde Meerestiere zu balancieren und dabei Geduld, motorische F\u00e4higkeiten und Strategie zu entwickeln, w\u00e4hrend sie Geschichten in einer Unterwasserwelt erfinden.","robots":{"index":"index","follow":"follow","max-snippet":"max-snippet:-1","max-image-preview":"max-image-preview:large","max-video-preview":"max-video-preview:-1"},"canonical":"https:\/\/www.trudi.com\/de\/prodotto\/balance-corallo-20-pz\/","og_locale":"de_DE","og_type":"article","og_title":"Balance Coral (20 st) - Trudi","og_description":"Das Coral Balance ist ein taktiles Spiel f\u00fcr Kleinkinder, die sich selbst herausfordern k\u00f6nnen, um bezaubernde Meerestiere zu balancieren und dabei Geduld, motorische F\u00e4higkeiten und Strategie zu entwickeln, w\u00e4hrend sie Geschichten in einer Unterwasserwelt erfinden.","og_url":"https:\/\/www.trudi.com\/prodotto\/balance-corallo-20-pz\/","og_site_name":"Trudi","og_image":[{"width":2560,"height":1707,"url":"https:\/\/www.trudi.com\/wp-content\/uploads\/2025\/02\/83145_1-scaled.jpg","type":"image\/jpeg"}],"twitter_card":"summary_large_image","schema":{"@context":"https:\/\/schema.org","@graph":[{"@type":"WebPage","@id":"https:\/\/www.trudi.com\/prodotto\/balance-corallo-20-pz\/","url":"https:\/\/www.trudi.com\/prodotto\/balance-corallo-20-pz\/","name":"Balance Coral (20 st) - Trudi","isPartOf":{"@id":"https:\/\/www.trudi.com\/#website"},"datePublished":"2025-05-21T15:03:25+00:00","dateModified":"2025-05-21T15:03:25+00:00","description":"Das Coral Balance ist ein taktiles Spiel f\u00fcr Kleinkinder, die sich selbst herausfordern k\u00f6nnen, um bezaubernde Meerestiere zu balancieren und dabei Geduld, motorische F\u00e4higkeiten und Strategie zu entwickeln, w\u00e4hrend sie Geschichten in einer Unterwasserwelt erfinden.","breadcrumb":{"@id":"https:\/\/www.trudi.com\/prodotto\/balance-corallo-20-pz\/#breadcrumb"},"inLanguage":"de-DE","potentialAction":[{"@type":"ReadAction","target":["https:\/\/www.trudi.com\/prodotto\/balance-corallo-20-pz\/"]}]},{"@type":"BreadcrumbList","@id":"https:\/\/www.trudi.com\/prodotto\/balance-corallo-20-pz\/#breadcrumb","itemListElement":[{"@type":"ListItem","position":1,"name":"Shop","item":"https:\/\/www.trudi.com\/negozio\/"},{"@type":"ListItem","position":2,"name":"Balance Coral (20 st)"}]},{"@type":"WebSite","@id":"https:\/\/www.trudi.com\/#website","url":"https:\/\/www.trudi.com\/","name":"Trudi","description":"Peluche e Giochi in Legno","publisher":{"@id":"https:\/\/www.trudi.com\/#organization"},"potentialAction":[{"@type":"SearchAction","target":{"@type":"EntryPoint","urlTemplate":"https:\/\/www.trudi.com\/?s={search_term_string}"},"query-input":"required name=search_term_string"}],"inLanguage":"de-DE"},{"@type":"Organization","@id":"https:\/\/www.trudi.com\/#organization","name":"Trudi","url":"https:\/\/www.trudi.com\/","logo":{"@type":"ImageObject","inLanguage":"de-DE","@id":"https:\/\/www.trudi.com\/#\/schema\/logo\/image\/","url":"https:\/\/www.trudi.com\/wp-content\/uploads\/2021\/05\/trudi-logo.svg","contentUrl":"https:\/\/www.trudi.com\/wp-content\/uploads\/2021\/05\/trudi-logo.svg","width":50,"height":50,"caption":"Trudi"},"image":{"@id":"https:\/\/www.trudi.com\/#\/schema\/logo\/image\/"}}]}},"_links":{"self":[{"href":"https:\/\/www.trudi.com\/de\/wp-json\/wp\/v2\/product\/267035"}],"collection":[{"href":"https:\/\/www.trudi.com\/de\/wp-json\/wp\/v2\/product"}],"about":[{"href":"https:\/\/www.trudi.com\/de\/wp-json\/wp\/v2\/types\/product"}],"wp:featuredmedia":[{"embeddable":true,"href":"https:\/\/www.trudi.com\/de\/wp-json\/wp\/v2\/media\/264295"}],"wp:attachment":[{"href":"https:\/\/www.trudi.com\/de\/wp-json\/wp\/v2\/media?parent=267035"}],"wp:term":[{"taxonomy":"product_cat","embeddable":true,"href":"https:\/\/www.trudi.com\/de\/wp-json\/wp\/v2\/product_cat?post=267035"},{"taxonomy":"product_tag","embeddable":true,"href":"https:\/\/www.trudi.com\/de\/wp-json\/wp\/v2\/product_tag?post=267035"}],"curies":[{"name":"wp","href":"https:\/\/api.w.org\/{rel}","templated":true}]}}