
{"id":267027,"date":"2025-05-21T16:36:51","date_gmt":"2025-05-21T14:36:51","guid":{"rendered":"https:\/\/www.trudi.com\/prodotto\/mix-and-match-meeresboeden-9st\/"},"modified":"2025-05-21T16:36:51","modified_gmt":"2025-05-21T14:36:51","slug":"mix-and-match-meeresboeden-9st","status":"publish","type":"product","link":"https:\/\/www.trudi.com\/de\/prodotto\/mix-and-match-meeresboeden-9st\/","title":{"rendered":"Mix and Match Meeresb\u00f6den (9st)"},"content":{"rendered":"<p>Die Sea Love-Kollektion von Sevi m\u00f6chte Kinder an das Thema \u201eRespekt vor dem Meer\u201c heranf\u00fchren und sie dazu bringen, es zu lieben.<\/p>\n<p>Schauen Sie, wie der Mix and Match Fondali rockt! Mit dem s\u00fc\u00dfen Seestern, der eleganten Schildkr\u00f6te und dem niedlichen Oktopus bietet es Kindern eine taktile Erfahrung, die ihre manuellen F\u00e4higkeiten entwickelt. Durch das Mischen und Zusammenf\u00fcgen der verschiedenen Teile dieser niedlichen Tiere k\u00f6nnen die Kleinen ihrer Fantasie freien Lauf lassen und endlos spielen!<\/p>\n","protected":false},"excerpt":{"rendered":"<p>Die Sea Love-Kollektion von Sevi m\u00f6chte Kinder an das Thema \u201eRespekt vor dem Meer\u201c heranf\u00fchren und sie dazu bringen, es<\/p>\n","protected":false},"featured_media":273888,"template":"","meta":[],"product_cat":[797,731],"product_tag":[349],"acf":[],"yoast_head":"<!-- This site is optimized with the Yoast SEO plugin v21.9 - https:\/\/yoast.com\/wordpress\/plugins\/seo\/ -->\n<title>Mix and Match Meeresb\u00f6den (9st) - Trudi<\/title>\n<meta name=\"description\" content=\"Schauen Sie, wie der Mix and Match Fondali rockt! Mit dem s\u00fc\u00dfen Seestern, der eleganten Schildkr\u00f6te und dem niedlichen Oktopus bietet es Kindern eine taktile Erfahrung, die ihre manuellen F\u00e4higkeiten entwickelt.\" \/>\n<meta name=\"robots\" content=\"index, follow, max-snippet:-1, max-image-preview:large, max-video-preview:-1\" \/>\n<link rel=\"canonical\" href=\"https:\/\/www.trudi.com\/de\/prodotto\/mix-and-match-fondali-9pz\/\" \/>\n<meta property=\"og:locale\" content=\"de_DE\" \/>\n<meta property=\"og:type\" content=\"article\" \/>\n<meta property=\"og:title\" content=\"Mix and Match Meeresb\u00f6den (9st) - Trudi\" \/>\n<meta property=\"og:description\" content=\"Schauen Sie, wie der Mix and Match Fondali rockt! Mit dem s\u00fc\u00dfen Seestern, der eleganten Schildkr\u00f6te und dem niedlichen Oktopus bietet es Kindern eine taktile Erfahrung, die ihre manuellen F\u00e4higkeiten entwickelt.\" \/>\n<meta property=\"og:url\" content=\"https:\/\/www.trudi.com\/prodotto\/mix-and-match-fondali-9pz\/\" \/>\n<meta property=\"og:site_name\" content=\"Trudi\" \/>\n<meta property=\"og:image\" content=\"https:\/\/www.trudi.com\/wp-content\/uploads\/2025\/02\/83146_A-scaled.jpg\" \/>\n\t<meta property=\"og:image:width\" content=\"2560\" \/>\n\t<meta property=\"og:image:height\" content=\"1706\" \/>\n\t<meta property=\"og:image:type\" content=\"image\/jpeg\" \/>\n<meta name=\"twitter:card\" content=\"summary_large_image\" \/>\n<script type=\"application\/ld+json\" class=\"yoast-schema-graph\">{\"@context\":\"https:\/\/schema.org\",\"@graph\":[{\"@type\":\"WebPage\",\"@id\":\"https:\/\/www.trudi.com\/prodotto\/mix-and-match-fondali-9pz\/\",\"url\":\"https:\/\/www.trudi.com\/prodotto\/mix-and-match-fondali-9pz\/\",\"name\":\"Mix and Match Meeresb\u00f6den (9st) - Trudi\",\"isPartOf\":{\"@id\":\"https:\/\/www.trudi.com\/#website\"},\"datePublished\":\"2025-05-21T14:36:51+00:00\",\"dateModified\":\"2025-05-21T14:36:51+00:00\",\"description\":\"Schauen Sie, wie der Mix and Match Fondali rockt! Mit dem s\u00fc\u00dfen Seestern, der eleganten Schildkr\u00f6te und dem niedlichen Oktopus bietet es Kindern eine taktile Erfahrung, die ihre manuellen F\u00e4higkeiten entwickelt.\",\"breadcrumb\":{\"@id\":\"https:\/\/www.trudi.com\/prodotto\/mix-and-match-fondali-9pz\/#breadcrumb\"},\"inLanguage\":\"de-DE\",\"potentialAction\":[{\"@type\":\"ReadAction\",\"target\":[\"https:\/\/www.trudi.com\/prodotto\/mix-and-match-fondali-9pz\/\"]}]},{\"@type\":\"BreadcrumbList\",\"@id\":\"https:\/\/www.trudi.com\/prodotto\/mix-and-match-fondali-9pz\/#breadcrumb\",\"itemListElement\":[{\"@type\":\"ListItem\",\"position\":1,\"name\":\"Shop\",\"item\":\"https:\/\/www.trudi.com\/negozio\/\"},{\"@type\":\"ListItem\",\"position\":2,\"name\":\"Mix and Match Meeresb\u00f6den (9st)\"}]},{\"@type\":\"WebSite\",\"@id\":\"https:\/\/www.trudi.com\/#website\",\"url\":\"https:\/\/www.trudi.com\/\",\"name\":\"Trudi\",\"description\":\"Peluche e Giochi in Legno\",\"publisher\":{\"@id\":\"https:\/\/www.trudi.com\/#organization\"},\"potentialAction\":[{\"@type\":\"SearchAction\",\"target\":{\"@type\":\"EntryPoint\",\"urlTemplate\":\"https:\/\/www.trudi.com\/?s={search_term_string}\"},\"query-input\":\"required name=search_term_string\"}],\"inLanguage\":\"de-DE\"},{\"@type\":\"Organization\",\"@id\":\"https:\/\/www.trudi.com\/#organization\",\"name\":\"Trudi\",\"url\":\"https:\/\/www.trudi.com\/\",\"logo\":{\"@type\":\"ImageObject\",\"inLanguage\":\"de-DE\",\"@id\":\"https:\/\/www.trudi.com\/#\/schema\/logo\/image\/\",\"url\":\"https:\/\/www.trudi.com\/wp-content\/uploads\/2021\/05\/trudi-logo.svg\",\"contentUrl\":\"https:\/\/www.trudi.com\/wp-content\/uploads\/2021\/05\/trudi-logo.svg\",\"width\":50,\"height\":50,\"caption\":\"Trudi\"},\"image\":{\"@id\":\"https:\/\/www.trudi.com\/#\/schema\/logo\/image\/\"}}]}<\/script>\n<!-- \/ Yoast SEO plugin. -->","yoast_head_json":{"title":"Mix and Match Meeresb\u00f6den (9st) - Trudi","description":"Schauen Sie, wie der Mix and Match Fondali rockt! Mit dem s\u00fc\u00dfen Seestern, der eleganten Schildkr\u00f6te und dem niedlichen Oktopus bietet es Kindern eine taktile Erfahrung, die ihre manuellen F\u00e4higkeiten entwickelt.","robots":{"index":"index","follow":"follow","max-snippet":"max-snippet:-1","max-image-preview":"max-image-preview:large","max-video-preview":"max-video-preview:-1"},"canonical":"https:\/\/www.trudi.com\/de\/prodotto\/mix-and-match-fondali-9pz\/","og_locale":"de_DE","og_type":"article","og_title":"Mix and Match Meeresb\u00f6den (9st) - Trudi","og_description":"Schauen Sie, wie der Mix and Match Fondali rockt! Mit dem s\u00fc\u00dfen Seestern, der eleganten Schildkr\u00f6te und dem niedlichen Oktopus bietet es Kindern eine taktile Erfahrung, die ihre manuellen F\u00e4higkeiten entwickelt.","og_url":"https:\/\/www.trudi.com\/prodotto\/mix-and-match-fondali-9pz\/","og_site_name":"Trudi","og_image":[{"width":2560,"height":1706,"url":"https:\/\/www.trudi.com\/wp-content\/uploads\/2025\/02\/83146_A-scaled.jpg","type":"image\/jpeg"}],"twitter_card":"summary_large_image","schema":{"@context":"https:\/\/schema.org","@graph":[{"@type":"WebPage","@id":"https:\/\/www.trudi.com\/prodotto\/mix-and-match-fondali-9pz\/","url":"https:\/\/www.trudi.com\/prodotto\/mix-and-match-fondali-9pz\/","name":"Mix and Match Meeresb\u00f6den (9st) - Trudi","isPartOf":{"@id":"https:\/\/www.trudi.com\/#website"},"datePublished":"2025-05-21T14:36:51+00:00","dateModified":"2025-05-21T14:36:51+00:00","description":"Schauen Sie, wie der Mix and Match Fondali rockt! Mit dem s\u00fc\u00dfen Seestern, der eleganten Schildkr\u00f6te und dem niedlichen Oktopus bietet es Kindern eine taktile Erfahrung, die ihre manuellen F\u00e4higkeiten entwickelt.","breadcrumb":{"@id":"https:\/\/www.trudi.com\/prodotto\/mix-and-match-fondali-9pz\/#breadcrumb"},"inLanguage":"de-DE","potentialAction":[{"@type":"ReadAction","target":["https:\/\/www.trudi.com\/prodotto\/mix-and-match-fondali-9pz\/"]}]},{"@type":"BreadcrumbList","@id":"https:\/\/www.trudi.com\/prodotto\/mix-and-match-fondali-9pz\/#breadcrumb","itemListElement":[{"@type":"ListItem","position":1,"name":"Shop","item":"https:\/\/www.trudi.com\/negozio\/"},{"@type":"ListItem","position":2,"name":"Mix and Match Meeresb\u00f6den (9st)"}]},{"@type":"WebSite","@id":"https:\/\/www.trudi.com\/#website","url":"https:\/\/www.trudi.com\/","name":"Trudi","description":"Peluche e Giochi in Legno","publisher":{"@id":"https:\/\/www.trudi.com\/#organization"},"potentialAction":[{"@type":"SearchAction","target":{"@type":"EntryPoint","urlTemplate":"https:\/\/www.trudi.com\/?s={search_term_string}"},"query-input":"required name=search_term_string"}],"inLanguage":"de-DE"},{"@type":"Organization","@id":"https:\/\/www.trudi.com\/#organization","name":"Trudi","url":"https:\/\/www.trudi.com\/","logo":{"@type":"ImageObject","inLanguage":"de-DE","@id":"https:\/\/www.trudi.com\/#\/schema\/logo\/image\/","url":"https:\/\/www.trudi.com\/wp-content\/uploads\/2021\/05\/trudi-logo.svg","contentUrl":"https:\/\/www.trudi.com\/wp-content\/uploads\/2021\/05\/trudi-logo.svg","width":50,"height":50,"caption":"Trudi"},"image":{"@id":"https:\/\/www.trudi.com\/#\/schema\/logo\/image\/"}}]}},"_links":{"self":[{"href":"https:\/\/www.trudi.com\/de\/wp-json\/wp\/v2\/product\/267027"}],"collection":[{"href":"https:\/\/www.trudi.com\/de\/wp-json\/wp\/v2\/product"}],"about":[{"href":"https:\/\/www.trudi.com\/de\/wp-json\/wp\/v2\/types\/product"}],"wp:featuredmedia":[{"embeddable":true,"href":"https:\/\/www.trudi.com\/de\/wp-json\/wp\/v2\/media\/273888"}],"wp:attachment":[{"href":"https:\/\/www.trudi.com\/de\/wp-json\/wp\/v2\/media?parent=267027"}],"wp:term":[{"taxonomy":"product_cat","embeddable":true,"href":"https:\/\/www.trudi.com\/de\/wp-json\/wp\/v2\/product_cat?post=267027"},{"taxonomy":"product_tag","embeddable":true,"href":"https:\/\/www.trudi.com\/de\/wp-json\/wp\/v2\/product_tag?post=267027"}],"curies":[{"name":"wp","href":"https:\/\/api.w.org\/{rel}","templated":true}]}}