
{"id":266871,"date":"2025-05-13T11:48:15","date_gmt":"2025-05-13T09:48:15","guid":{"rendered":"https:\/\/www.trudi.com\/prodotto\/doudou-beige-kaninchen\/"},"modified":"2025-05-13T11:48:15","modified_gmt":"2025-05-13T09:48:15","slug":"doudou-beige-kaninchen","status":"publish","type":"product","link":"https:\/\/www.trudi.com\/de\/prodotto\/doudou-beige-kaninchen\/","title":{"rendered":"Doudou beige Kaninchen"},"content":{"rendered":"<p>Die Doudou, die erste Decke, von der sich das Baby nicht mehr trennen m\u00f6chte, zeichnet sich durch einen extrem weichen Stoff aus, der speziell f\u00fcr Neugeborene entwickelt wurde.<\/p>\n<p>Der Stoff und die sorgf\u00e4ltig gestickten Details sind so konzipiert, dass sie auf der zarten Haut des Babys so weich wie m\u00f6glich sind. Der weiche blaue Pl\u00fcschhase erm\u00f6glicht es Ihrem Baby, den Bezug leicht zu halten.<\/p>\n<p>Der Artikel ist bei 30\u00b0 in der Maschine waschbar, wenn die Gr\u00f6\u00dfe es zul\u00e4sst. Alternativ kann er mit einem Schwamm und milder Seife von Hand gewaschen werden.<\/p>\n","protected":false},"excerpt":{"rendered":"<p>Die Doudou, die erste Decke, von der sich das Baby nicht mehr trennen m\u00f6chte, zeichnet sich durch einen extrem weichen<\/p>\n","protected":false},"featured_media":266669,"template":"","meta":[],"product_cat":[395],"product_tag":[],"acf":[],"yoast_head":"<!-- This site is optimized with the Yoast SEO plugin v21.9 - https:\/\/yoast.com\/wordpress\/plugins\/seo\/ -->\n<title>Doudou beige Kaninchen - Trudi<\/title>\n<meta name=\"description\" content=\"Die Doudou, die erste Decke, von der sich das Baby nicht mehr trennen m\u00f6chte, zeichnet sich durch einen extrem weichen Stoff aus, der speziell f\u00fcr Neugeborene entwickelt wurde.\" \/>\n<meta name=\"robots\" content=\"index, follow, max-snippet:-1, max-image-preview:large, max-video-preview:-1\" \/>\n<link rel=\"canonical\" href=\"https:\/\/www.trudi.com\/de\/prodotto\/coniglio-doudou-beige\/\" \/>\n<meta property=\"og:locale\" content=\"de_DE\" \/>\n<meta property=\"og:type\" content=\"article\" \/>\n<meta property=\"og:title\" content=\"Doudou beige Kaninchen - Trudi\" \/>\n<meta property=\"og:description\" content=\"Die Doudou, die erste Decke, von der sich das Baby nicht mehr trennen m\u00f6chte, zeichnet sich durch einen extrem weichen Stoff aus, der speziell f\u00fcr Neugeborene entwickelt wurde.\" \/>\n<meta property=\"og:url\" content=\"https:\/\/www.trudi.com\/prodotto\/coniglio-doudou-beige\/\" \/>\n<meta property=\"og:site_name\" content=\"Trudi\" \/>\n<meta property=\"og:image\" content=\"https:\/\/www.trudi.com\/wp-content\/uploads\/2025\/05\/28155A-scaled.jpg\" \/>\n\t<meta property=\"og:image:width\" content=\"2560\" \/>\n\t<meta property=\"og:image:height\" content=\"1706\" \/>\n\t<meta property=\"og:image:type\" content=\"image\/jpeg\" \/>\n<meta name=\"twitter:card\" content=\"summary_large_image\" \/>\n<script type=\"application\/ld+json\" class=\"yoast-schema-graph\">{\"@context\":\"https:\/\/schema.org\",\"@graph\":[{\"@type\":\"WebPage\",\"@id\":\"https:\/\/www.trudi.com\/prodotto\/coniglio-doudou-beige\/\",\"url\":\"https:\/\/www.trudi.com\/prodotto\/coniglio-doudou-beige\/\",\"name\":\"Doudou beige Kaninchen - Trudi\",\"isPartOf\":{\"@id\":\"https:\/\/www.trudi.com\/#website\"},\"datePublished\":\"2025-05-13T09:48:15+00:00\",\"dateModified\":\"2025-05-13T09:48:15+00:00\",\"description\":\"Die Doudou, die erste Decke, von der sich das Baby nicht mehr trennen m\u00f6chte, zeichnet sich durch einen extrem weichen Stoff aus, der speziell f\u00fcr Neugeborene entwickelt wurde.\",\"breadcrumb\":{\"@id\":\"https:\/\/www.trudi.com\/prodotto\/coniglio-doudou-beige\/#breadcrumb\"},\"inLanguage\":\"de-DE\",\"potentialAction\":[{\"@type\":\"ReadAction\",\"target\":[\"https:\/\/www.trudi.com\/prodotto\/coniglio-doudou-beige\/\"]}]},{\"@type\":\"BreadcrumbList\",\"@id\":\"https:\/\/www.trudi.com\/prodotto\/coniglio-doudou-beige\/#breadcrumb\",\"itemListElement\":[{\"@type\":\"ListItem\",\"position\":1,\"name\":\"Shop\",\"item\":\"https:\/\/www.trudi.com\/negozio\/\"},{\"@type\":\"ListItem\",\"position\":2,\"name\":\"Doudou beige Kaninchen\"}]},{\"@type\":\"WebSite\",\"@id\":\"https:\/\/www.trudi.com\/#website\",\"url\":\"https:\/\/www.trudi.com\/\",\"name\":\"Trudi\",\"description\":\"Peluche e Giochi in Legno\",\"publisher\":{\"@id\":\"https:\/\/www.trudi.com\/#organization\"},\"potentialAction\":[{\"@type\":\"SearchAction\",\"target\":{\"@type\":\"EntryPoint\",\"urlTemplate\":\"https:\/\/www.trudi.com\/?s={search_term_string}\"},\"query-input\":\"required name=search_term_string\"}],\"inLanguage\":\"de-DE\"},{\"@type\":\"Organization\",\"@id\":\"https:\/\/www.trudi.com\/#organization\",\"name\":\"Trudi\",\"url\":\"https:\/\/www.trudi.com\/\",\"logo\":{\"@type\":\"ImageObject\",\"inLanguage\":\"de-DE\",\"@id\":\"https:\/\/www.trudi.com\/#\/schema\/logo\/image\/\",\"url\":\"https:\/\/www.trudi.com\/wp-content\/uploads\/2021\/05\/trudi-logo.svg\",\"contentUrl\":\"https:\/\/www.trudi.com\/wp-content\/uploads\/2021\/05\/trudi-logo.svg\",\"width\":50,\"height\":50,\"caption\":\"Trudi\"},\"image\":{\"@id\":\"https:\/\/www.trudi.com\/#\/schema\/logo\/image\/\"}}]}<\/script>\n<!-- \/ Yoast SEO plugin. -->","yoast_head_json":{"title":"Doudou beige Kaninchen - Trudi","description":"Die Doudou, die erste Decke, von der sich das Baby nicht mehr trennen m\u00f6chte, zeichnet sich durch einen extrem weichen Stoff aus, der speziell f\u00fcr Neugeborene entwickelt wurde.","robots":{"index":"index","follow":"follow","max-snippet":"max-snippet:-1","max-image-preview":"max-image-preview:large","max-video-preview":"max-video-preview:-1"},"canonical":"https:\/\/www.trudi.com\/de\/prodotto\/coniglio-doudou-beige\/","og_locale":"de_DE","og_type":"article","og_title":"Doudou beige Kaninchen - Trudi","og_description":"Die Doudou, die erste Decke, von der sich das Baby nicht mehr trennen m\u00f6chte, zeichnet sich durch einen extrem weichen Stoff aus, der speziell f\u00fcr Neugeborene entwickelt wurde.","og_url":"https:\/\/www.trudi.com\/prodotto\/coniglio-doudou-beige\/","og_site_name":"Trudi","og_image":[{"width":2560,"height":1706,"url":"https:\/\/www.trudi.com\/wp-content\/uploads\/2025\/05\/28155A-scaled.jpg","type":"image\/jpeg"}],"twitter_card":"summary_large_image","schema":{"@context":"https:\/\/schema.org","@graph":[{"@type":"WebPage","@id":"https:\/\/www.trudi.com\/prodotto\/coniglio-doudou-beige\/","url":"https:\/\/www.trudi.com\/prodotto\/coniglio-doudou-beige\/","name":"Doudou beige Kaninchen - Trudi","isPartOf":{"@id":"https:\/\/www.trudi.com\/#website"},"datePublished":"2025-05-13T09:48:15+00:00","dateModified":"2025-05-13T09:48:15+00:00","description":"Die Doudou, die erste Decke, von der sich das Baby nicht mehr trennen m\u00f6chte, zeichnet sich durch einen extrem weichen Stoff aus, der speziell f\u00fcr Neugeborene entwickelt wurde.","breadcrumb":{"@id":"https:\/\/www.trudi.com\/prodotto\/coniglio-doudou-beige\/#breadcrumb"},"inLanguage":"de-DE","potentialAction":[{"@type":"ReadAction","target":["https:\/\/www.trudi.com\/prodotto\/coniglio-doudou-beige\/"]}]},{"@type":"BreadcrumbList","@id":"https:\/\/www.trudi.com\/prodotto\/coniglio-doudou-beige\/#breadcrumb","itemListElement":[{"@type":"ListItem","position":1,"name":"Shop","item":"https:\/\/www.trudi.com\/negozio\/"},{"@type":"ListItem","position":2,"name":"Doudou beige Kaninchen"}]},{"@type":"WebSite","@id":"https:\/\/www.trudi.com\/#website","url":"https:\/\/www.trudi.com\/","name":"Trudi","description":"Peluche e Giochi in Legno","publisher":{"@id":"https:\/\/www.trudi.com\/#organization"},"potentialAction":[{"@type":"SearchAction","target":{"@type":"EntryPoint","urlTemplate":"https:\/\/www.trudi.com\/?s={search_term_string}"},"query-input":"required name=search_term_string"}],"inLanguage":"de-DE"},{"@type":"Organization","@id":"https:\/\/www.trudi.com\/#organization","name":"Trudi","url":"https:\/\/www.trudi.com\/","logo":{"@type":"ImageObject","inLanguage":"de-DE","@id":"https:\/\/www.trudi.com\/#\/schema\/logo\/image\/","url":"https:\/\/www.trudi.com\/wp-content\/uploads\/2021\/05\/trudi-logo.svg","contentUrl":"https:\/\/www.trudi.com\/wp-content\/uploads\/2021\/05\/trudi-logo.svg","width":50,"height":50,"caption":"Trudi"},"image":{"@id":"https:\/\/www.trudi.com\/#\/schema\/logo\/image\/"}}]}},"_links":{"self":[{"href":"https:\/\/www.trudi.com\/de\/wp-json\/wp\/v2\/product\/266871"}],"collection":[{"href":"https:\/\/www.trudi.com\/de\/wp-json\/wp\/v2\/product"}],"about":[{"href":"https:\/\/www.trudi.com\/de\/wp-json\/wp\/v2\/types\/product"}],"wp:featuredmedia":[{"embeddable":true,"href":"https:\/\/www.trudi.com\/de\/wp-json\/wp\/v2\/media\/266669"}],"wp:attachment":[{"href":"https:\/\/www.trudi.com\/de\/wp-json\/wp\/v2\/media?parent=266871"}],"wp:term":[{"taxonomy":"product_cat","embeddable":true,"href":"https:\/\/www.trudi.com\/de\/wp-json\/wp\/v2\/product_cat?post=266871"},{"taxonomy":"product_tag","embeddable":true,"href":"https:\/\/www.trudi.com\/de\/wp-json\/wp\/v2\/product_tag?post=266871"}],"curies":[{"name":"wp","href":"https:\/\/api.w.org\/{rel}","templated":true}]}}