
{"id":266833,"date":"2025-05-12T16:03:43","date_gmt":"2025-05-12T14:03:43","guid":{"rendered":"https:\/\/www.trudi.com\/prodotto\/blaue-cremino-baer\/"},"modified":"2025-05-12T16:03:43","modified_gmt":"2025-05-12T14:03:43","slug":"blaue-cremino-baer","status":"publish","type":"product","link":"https:\/\/www.trudi.com\/de\/prodotto\/blaue-cremino-baer\/","title":{"rendered":"Blaue Cremino B\u00e4r"},"content":{"rendered":"<p>Der kuschelige blaue Cremino B\u00e4r besteht aus einem extrem weichen Stoff, der speziell f\u00fcr Neugeborene entwickelt wurde.<\/p>\n<p>Der Stoff und die sorgf\u00e4ltig gestickten Details sind so konzipiert, dass sie so weich wie m\u00f6glich auf der zarten Haut des Babys sind.<\/p>\n<p>Das Pl\u00fcschtier kann bei 30\u00b0 in der Maschine gewaschen werden, wenn es die Gr\u00f6\u00dfe zul\u00e4sst. Alternativ kann es mit einem Schwamm und neutraler Seife von Hand gewaschen werden.Der kuschelige Ivory Cream Rabbit besteht aus einem extrem weichen Stoff, der speziell f\u00fcr Neugeborene entwickelt wurde.<\/p>\n<p>Der Stoff und die sorgf\u00e4ltig gestickten Details sind so konzipiert, dass sie so weich wie m\u00f6glich auf der zarten Haut des Babys sind.<\/p>\n<p>Das Pl\u00fcschtier kann bei 30\u00b0 in der Maschine gewaschen werden, wenn es die Gr\u00f6\u00dfe zul\u00e4sst. Alternativ kann es mit einem Schwamm und milder Seife von Hand gewaschen werden.<\/p>\n","protected":false},"excerpt":{"rendered":"<p>Der kuschelige blaue Cremino B\u00e4r besteht aus einem extrem weichen Stoff, der speziell f\u00fcr Neugeborene entwickelt wurde. Der Stoff und<\/p>\n","protected":false},"featured_media":266385,"template":"","meta":[],"product_cat":[395,397],"product_tag":[],"acf":[],"yoast_head":"<!-- This site is optimized with the Yoast SEO plugin v21.9 - https:\/\/yoast.com\/wordpress\/plugins\/seo\/ -->\n<title>Blaue Cremino B\u00e4r - Trudi<\/title>\n<meta name=\"description\" content=\"Der kuschelige blaue Cremino B\u00e4r besteht aus einem extrem weichen Stoff, der speziell f\u00fcr Neugeborene entwickelt wurde.\" \/>\n<meta name=\"robots\" content=\"index, follow, max-snippet:-1, max-image-preview:large, max-video-preview:-1\" \/>\n<link rel=\"canonical\" href=\"https:\/\/www.trudi.com\/de\/prodotto\/orso-cremino-azzurro\/\" \/>\n<meta property=\"og:locale\" content=\"de_DE\" \/>\n<meta property=\"og:type\" content=\"article\" \/>\n<meta property=\"og:title\" content=\"Blaue Cremino B\u00e4r - Trudi\" \/>\n<meta property=\"og:description\" content=\"Der kuschelige blaue Cremino B\u00e4r besteht aus einem extrem weichen Stoff, der speziell f\u00fcr Neugeborene entwickelt wurde.\" \/>\n<meta property=\"og:url\" content=\"https:\/\/www.trudi.com\/prodotto\/orso-cremino-azzurro\/\" \/>\n<meta property=\"og:site_name\" content=\"Trudi\" \/>\n<meta property=\"og:image\" content=\"https:\/\/www.trudi.com\/wp-content\/uploads\/2025\/04\/28130B-scaled.jpg\" \/>\n\t<meta property=\"og:image:width\" content=\"2560\" \/>\n\t<meta property=\"og:image:height\" content=\"1706\" \/>\n\t<meta property=\"og:image:type\" content=\"image\/jpeg\" \/>\n<meta name=\"twitter:card\" content=\"summary_large_image\" \/>\n<meta name=\"twitter:label1\" content=\"Gesch\u00e4tzte Lesezeit\" \/>\n\t<meta name=\"twitter:data1\" content=\"1 Minute\" \/>\n<script type=\"application\/ld+json\" class=\"yoast-schema-graph\">{\"@context\":\"https:\/\/schema.org\",\"@graph\":[{\"@type\":\"WebPage\",\"@id\":\"https:\/\/www.trudi.com\/prodotto\/orso-cremino-azzurro\/\",\"url\":\"https:\/\/www.trudi.com\/prodotto\/orso-cremino-azzurro\/\",\"name\":\"Blaue Cremino B\u00e4r - Trudi\",\"isPartOf\":{\"@id\":\"https:\/\/www.trudi.com\/#website\"},\"datePublished\":\"2025-05-12T14:03:43+00:00\",\"dateModified\":\"2025-05-12T14:03:43+00:00\",\"description\":\"Der kuschelige blaue Cremino B\u00e4r besteht aus einem extrem weichen Stoff, der speziell f\u00fcr Neugeborene entwickelt wurde.\",\"breadcrumb\":{\"@id\":\"https:\/\/www.trudi.com\/prodotto\/orso-cremino-azzurro\/#breadcrumb\"},\"inLanguage\":\"de-DE\",\"potentialAction\":[{\"@type\":\"ReadAction\",\"target\":[\"https:\/\/www.trudi.com\/prodotto\/orso-cremino-azzurro\/\"]}]},{\"@type\":\"BreadcrumbList\",\"@id\":\"https:\/\/www.trudi.com\/prodotto\/orso-cremino-azzurro\/#breadcrumb\",\"itemListElement\":[{\"@type\":\"ListItem\",\"position\":1,\"name\":\"Shop\",\"item\":\"https:\/\/www.trudi.com\/negozio\/\"},{\"@type\":\"ListItem\",\"position\":2,\"name\":\"Blaue Cremino B\u00e4r\"}]},{\"@type\":\"WebSite\",\"@id\":\"https:\/\/www.trudi.com\/#website\",\"url\":\"https:\/\/www.trudi.com\/\",\"name\":\"Trudi\",\"description\":\"Peluche e Giochi in Legno\",\"publisher\":{\"@id\":\"https:\/\/www.trudi.com\/#organization\"},\"potentialAction\":[{\"@type\":\"SearchAction\",\"target\":{\"@type\":\"EntryPoint\",\"urlTemplate\":\"https:\/\/www.trudi.com\/?s={search_term_string}\"},\"query-input\":\"required name=search_term_string\"}],\"inLanguage\":\"de-DE\"},{\"@type\":\"Organization\",\"@id\":\"https:\/\/www.trudi.com\/#organization\",\"name\":\"Trudi\",\"url\":\"https:\/\/www.trudi.com\/\",\"logo\":{\"@type\":\"ImageObject\",\"inLanguage\":\"de-DE\",\"@id\":\"https:\/\/www.trudi.com\/#\/schema\/logo\/image\/\",\"url\":\"https:\/\/www.trudi.com\/wp-content\/uploads\/2021\/05\/trudi-logo.svg\",\"contentUrl\":\"https:\/\/www.trudi.com\/wp-content\/uploads\/2021\/05\/trudi-logo.svg\",\"width\":50,\"height\":50,\"caption\":\"Trudi\"},\"image\":{\"@id\":\"https:\/\/www.trudi.com\/#\/schema\/logo\/image\/\"}}]}<\/script>\n<!-- \/ Yoast SEO plugin. -->","yoast_head_json":{"title":"Blaue Cremino B\u00e4r - Trudi","description":"Der kuschelige blaue Cremino B\u00e4r besteht aus einem extrem weichen Stoff, der speziell f\u00fcr Neugeborene entwickelt wurde.","robots":{"index":"index","follow":"follow","max-snippet":"max-snippet:-1","max-image-preview":"max-image-preview:large","max-video-preview":"max-video-preview:-1"},"canonical":"https:\/\/www.trudi.com\/de\/prodotto\/orso-cremino-azzurro\/","og_locale":"de_DE","og_type":"article","og_title":"Blaue Cremino B\u00e4r - Trudi","og_description":"Der kuschelige blaue Cremino B\u00e4r besteht aus einem extrem weichen Stoff, der speziell f\u00fcr Neugeborene entwickelt wurde.","og_url":"https:\/\/www.trudi.com\/prodotto\/orso-cremino-azzurro\/","og_site_name":"Trudi","og_image":[{"width":2560,"height":1706,"url":"https:\/\/www.trudi.com\/wp-content\/uploads\/2025\/04\/28130B-scaled.jpg","type":"image\/jpeg"}],"twitter_card":"summary_large_image","twitter_misc":{"Gesch\u00e4tzte Lesezeit":"1 Minute"},"schema":{"@context":"https:\/\/schema.org","@graph":[{"@type":"WebPage","@id":"https:\/\/www.trudi.com\/prodotto\/orso-cremino-azzurro\/","url":"https:\/\/www.trudi.com\/prodotto\/orso-cremino-azzurro\/","name":"Blaue Cremino B\u00e4r - Trudi","isPartOf":{"@id":"https:\/\/www.trudi.com\/#website"},"datePublished":"2025-05-12T14:03:43+00:00","dateModified":"2025-05-12T14:03:43+00:00","description":"Der kuschelige blaue Cremino B\u00e4r besteht aus einem extrem weichen Stoff, der speziell f\u00fcr Neugeborene entwickelt wurde.","breadcrumb":{"@id":"https:\/\/www.trudi.com\/prodotto\/orso-cremino-azzurro\/#breadcrumb"},"inLanguage":"de-DE","potentialAction":[{"@type":"ReadAction","target":["https:\/\/www.trudi.com\/prodotto\/orso-cremino-azzurro\/"]}]},{"@type":"BreadcrumbList","@id":"https:\/\/www.trudi.com\/prodotto\/orso-cremino-azzurro\/#breadcrumb","itemListElement":[{"@type":"ListItem","position":1,"name":"Shop","item":"https:\/\/www.trudi.com\/negozio\/"},{"@type":"ListItem","position":2,"name":"Blaue Cremino B\u00e4r"}]},{"@type":"WebSite","@id":"https:\/\/www.trudi.com\/#website","url":"https:\/\/www.trudi.com\/","name":"Trudi","description":"Peluche e Giochi in Legno","publisher":{"@id":"https:\/\/www.trudi.com\/#organization"},"potentialAction":[{"@type":"SearchAction","target":{"@type":"EntryPoint","urlTemplate":"https:\/\/www.trudi.com\/?s={search_term_string}"},"query-input":"required name=search_term_string"}],"inLanguage":"de-DE"},{"@type":"Organization","@id":"https:\/\/www.trudi.com\/#organization","name":"Trudi","url":"https:\/\/www.trudi.com\/","logo":{"@type":"ImageObject","inLanguage":"de-DE","@id":"https:\/\/www.trudi.com\/#\/schema\/logo\/image\/","url":"https:\/\/www.trudi.com\/wp-content\/uploads\/2021\/05\/trudi-logo.svg","contentUrl":"https:\/\/www.trudi.com\/wp-content\/uploads\/2021\/05\/trudi-logo.svg","width":50,"height":50,"caption":"Trudi"},"image":{"@id":"https:\/\/www.trudi.com\/#\/schema\/logo\/image\/"}}]}},"_links":{"self":[{"href":"https:\/\/www.trudi.com\/de\/wp-json\/wp\/v2\/product\/266833"}],"collection":[{"href":"https:\/\/www.trudi.com\/de\/wp-json\/wp\/v2\/product"}],"about":[{"href":"https:\/\/www.trudi.com\/de\/wp-json\/wp\/v2\/types\/product"}],"wp:featuredmedia":[{"embeddable":true,"href":"https:\/\/www.trudi.com\/de\/wp-json\/wp\/v2\/media\/266385"}],"wp:attachment":[{"href":"https:\/\/www.trudi.com\/de\/wp-json\/wp\/v2\/media?parent=266833"}],"wp:term":[{"taxonomy":"product_cat","embeddable":true,"href":"https:\/\/www.trudi.com\/de\/wp-json\/wp\/v2\/product_cat?post=266833"},{"taxonomy":"product_tag","embeddable":true,"href":"https:\/\/www.trudi.com\/de\/wp-json\/wp\/v2\/product_tag?post=266833"}],"curies":[{"name":"wp","href":"https:\/\/api.w.org\/{rel}","templated":true}]}}