
{"id":266804,"date":"2025-05-12T12:18:14","date_gmt":"2025-05-12T10:18:14","guid":{"rendered":"https:\/\/www.trudi.com\/prodotto\/tiger-bussino\/"},"modified":"2025-05-12T12:18:14","modified_gmt":"2025-05-12T10:18:14","slug":"tiger-bussino","status":"publish","type":"product","link":"https:\/\/www.trudi.com\/de\/prodotto\/tiger-bussino\/","title":{"rendered":"Tiger Bussino"},"content":{"rendered":"<p>Zart, weich und mutig: Der Tiger aus der Linie Bussi von Trudi ist der perfekte Begleiter f\u00fcr Erwachsene und Kinder gleicherma\u00dfen. Hergestellt in der unverwechselbaren Trudi Qualit\u00e4t, kombiniert er Weichheit und Liebe zum Detail zu einem \u00fcberraschend g\u00fcnstigen Preis.<\/p>\n<p>Nehmen Sie ihn mit nach Hause und lassen Sie sich von seiner Sanftheit erobern!<\/p>\n","protected":false},"excerpt":{"rendered":"<p>Zart, weich und mutig: Der Tiger aus der Linie Bussi von Trudi ist der perfekte Begleiter f\u00fcr Erwachsene und Kinder<\/p>\n","protected":false},"featured_media":264401,"template":"","meta":[],"product_cat":[890,790,410],"product_tag":[349],"acf":[],"yoast_head":"<!-- This site is optimized with the Yoast SEO plugin v21.9 - https:\/\/yoast.com\/wordpress\/plugins\/seo\/ -->\n<title>Tiger Bussino - Trudi<\/title>\n<meta name=\"description\" content=\"Der Tiger aus der Linie Bussi von Trudi ist der perfekte Begleiter f\u00fcr Erwachsene und Kinder gleicherma\u00dfen.\" \/>\n<meta name=\"robots\" content=\"index, follow, max-snippet:-1, max-image-preview:large, max-video-preview:-1\" \/>\n<link rel=\"canonical\" href=\"https:\/\/www.trudi.com\/de\/prodotto\/tigre-bussino\/\" \/>\n<meta property=\"og:locale\" content=\"de_DE\" \/>\n<meta property=\"og:type\" content=\"article\" \/>\n<meta property=\"og:title\" content=\"Tiger Bussino - Trudi\" \/>\n<meta property=\"og:description\" content=\"Der Tiger aus der Linie Bussi von Trudi ist der perfekte Begleiter f\u00fcr Erwachsene und Kinder gleicherma\u00dfen.\" \/>\n<meta property=\"og:url\" content=\"https:\/\/www.trudi.com\/prodotto\/tigre-bussino\/\" \/>\n<meta property=\"og:site_name\" content=\"Trudi\" \/>\n<meta property=\"og:image\" content=\"https:\/\/www.trudi.com\/wp-content\/uploads\/2025\/02\/18194_A-scaled.jpg\" \/>\n\t<meta property=\"og:image:width\" content=\"2560\" \/>\n\t<meta property=\"og:image:height\" content=\"1706\" \/>\n\t<meta property=\"og:image:type\" content=\"image\/jpeg\" \/>\n<meta name=\"twitter:card\" content=\"summary_large_image\" \/>\n<script type=\"application\/ld+json\" class=\"yoast-schema-graph\">{\"@context\":\"https:\/\/schema.org\",\"@graph\":[{\"@type\":\"WebPage\",\"@id\":\"https:\/\/www.trudi.com\/prodotto\/tigre-bussino\/\",\"url\":\"https:\/\/www.trudi.com\/prodotto\/tigre-bussino\/\",\"name\":\"Tiger Bussino - Trudi\",\"isPartOf\":{\"@id\":\"https:\/\/www.trudi.com\/#website\"},\"datePublished\":\"2025-05-12T10:18:14+00:00\",\"dateModified\":\"2025-05-12T10:18:14+00:00\",\"description\":\"Der Tiger aus der Linie Bussi von Trudi ist der perfekte Begleiter f\u00fcr Erwachsene und Kinder gleicherma\u00dfen.\",\"breadcrumb\":{\"@id\":\"https:\/\/www.trudi.com\/prodotto\/tigre-bussino\/#breadcrumb\"},\"inLanguage\":\"de-DE\",\"potentialAction\":[{\"@type\":\"ReadAction\",\"target\":[\"https:\/\/www.trudi.com\/prodotto\/tigre-bussino\/\"]}]},{\"@type\":\"BreadcrumbList\",\"@id\":\"https:\/\/www.trudi.com\/prodotto\/tigre-bussino\/#breadcrumb\",\"itemListElement\":[{\"@type\":\"ListItem\",\"position\":1,\"name\":\"Shop\",\"item\":\"https:\/\/www.trudi.com\/negozio\/\"},{\"@type\":\"ListItem\",\"position\":2,\"name\":\"Tiger Bussino\"}]},{\"@type\":\"WebSite\",\"@id\":\"https:\/\/www.trudi.com\/#website\",\"url\":\"https:\/\/www.trudi.com\/\",\"name\":\"Trudi\",\"description\":\"Peluche e Giochi in Legno\",\"publisher\":{\"@id\":\"https:\/\/www.trudi.com\/#organization\"},\"potentialAction\":[{\"@type\":\"SearchAction\",\"target\":{\"@type\":\"EntryPoint\",\"urlTemplate\":\"https:\/\/www.trudi.com\/?s={search_term_string}\"},\"query-input\":\"required name=search_term_string\"}],\"inLanguage\":\"de-DE\"},{\"@type\":\"Organization\",\"@id\":\"https:\/\/www.trudi.com\/#organization\",\"name\":\"Trudi\",\"url\":\"https:\/\/www.trudi.com\/\",\"logo\":{\"@type\":\"ImageObject\",\"inLanguage\":\"de-DE\",\"@id\":\"https:\/\/www.trudi.com\/#\/schema\/logo\/image\/\",\"url\":\"https:\/\/www.trudi.com\/wp-content\/uploads\/2021\/05\/trudi-logo.svg\",\"contentUrl\":\"https:\/\/www.trudi.com\/wp-content\/uploads\/2021\/05\/trudi-logo.svg\",\"width\":50,\"height\":50,\"caption\":\"Trudi\"},\"image\":{\"@id\":\"https:\/\/www.trudi.com\/#\/schema\/logo\/image\/\"}}]}<\/script>\n<!-- \/ Yoast SEO plugin. -->","yoast_head_json":{"title":"Tiger Bussino - Trudi","description":"Der Tiger aus der Linie Bussi von Trudi ist der perfekte Begleiter f\u00fcr Erwachsene und Kinder gleicherma\u00dfen.","robots":{"index":"index","follow":"follow","max-snippet":"max-snippet:-1","max-image-preview":"max-image-preview:large","max-video-preview":"max-video-preview:-1"},"canonical":"https:\/\/www.trudi.com\/de\/prodotto\/tigre-bussino\/","og_locale":"de_DE","og_type":"article","og_title":"Tiger Bussino - Trudi","og_description":"Der Tiger aus der Linie Bussi von Trudi ist der perfekte Begleiter f\u00fcr Erwachsene und Kinder gleicherma\u00dfen.","og_url":"https:\/\/www.trudi.com\/prodotto\/tigre-bussino\/","og_site_name":"Trudi","og_image":[{"width":2560,"height":1706,"url":"https:\/\/www.trudi.com\/wp-content\/uploads\/2025\/02\/18194_A-scaled.jpg","type":"image\/jpeg"}],"twitter_card":"summary_large_image","schema":{"@context":"https:\/\/schema.org","@graph":[{"@type":"WebPage","@id":"https:\/\/www.trudi.com\/prodotto\/tigre-bussino\/","url":"https:\/\/www.trudi.com\/prodotto\/tigre-bussino\/","name":"Tiger Bussino - Trudi","isPartOf":{"@id":"https:\/\/www.trudi.com\/#website"},"datePublished":"2025-05-12T10:18:14+00:00","dateModified":"2025-05-12T10:18:14+00:00","description":"Der Tiger aus der Linie Bussi von Trudi ist der perfekte Begleiter f\u00fcr Erwachsene und Kinder gleicherma\u00dfen.","breadcrumb":{"@id":"https:\/\/www.trudi.com\/prodotto\/tigre-bussino\/#breadcrumb"},"inLanguage":"de-DE","potentialAction":[{"@type":"ReadAction","target":["https:\/\/www.trudi.com\/prodotto\/tigre-bussino\/"]}]},{"@type":"BreadcrumbList","@id":"https:\/\/www.trudi.com\/prodotto\/tigre-bussino\/#breadcrumb","itemListElement":[{"@type":"ListItem","position":1,"name":"Shop","item":"https:\/\/www.trudi.com\/negozio\/"},{"@type":"ListItem","position":2,"name":"Tiger Bussino"}]},{"@type":"WebSite","@id":"https:\/\/www.trudi.com\/#website","url":"https:\/\/www.trudi.com\/","name":"Trudi","description":"Peluche e Giochi in Legno","publisher":{"@id":"https:\/\/www.trudi.com\/#organization"},"potentialAction":[{"@type":"SearchAction","target":{"@type":"EntryPoint","urlTemplate":"https:\/\/www.trudi.com\/?s={search_term_string}"},"query-input":"required name=search_term_string"}],"inLanguage":"de-DE"},{"@type":"Organization","@id":"https:\/\/www.trudi.com\/#organization","name":"Trudi","url":"https:\/\/www.trudi.com\/","logo":{"@type":"ImageObject","inLanguage":"de-DE","@id":"https:\/\/www.trudi.com\/#\/schema\/logo\/image\/","url":"https:\/\/www.trudi.com\/wp-content\/uploads\/2021\/05\/trudi-logo.svg","contentUrl":"https:\/\/www.trudi.com\/wp-content\/uploads\/2021\/05\/trudi-logo.svg","width":50,"height":50,"caption":"Trudi"},"image":{"@id":"https:\/\/www.trudi.com\/#\/schema\/logo\/image\/"}}]}},"_links":{"self":[{"href":"https:\/\/www.trudi.com\/de\/wp-json\/wp\/v2\/product\/266804"}],"collection":[{"href":"https:\/\/www.trudi.com\/de\/wp-json\/wp\/v2\/product"}],"about":[{"href":"https:\/\/www.trudi.com\/de\/wp-json\/wp\/v2\/types\/product"}],"wp:featuredmedia":[{"embeddable":true,"href":"https:\/\/www.trudi.com\/de\/wp-json\/wp\/v2\/media\/264401"}],"wp:attachment":[{"href":"https:\/\/www.trudi.com\/de\/wp-json\/wp\/v2\/media?parent=266804"}],"wp:term":[{"taxonomy":"product_cat","embeddable":true,"href":"https:\/\/www.trudi.com\/de\/wp-json\/wp\/v2\/product_cat?post=266804"},{"taxonomy":"product_tag","embeddable":true,"href":"https:\/\/www.trudi.com\/de\/wp-json\/wp\/v2\/product_tag?post=266804"}],"curies":[{"name":"wp","href":"https:\/\/api.w.org\/{rel}","templated":true}]}}