
{"id":266801,"date":"2025-05-12T12:15:25","date_gmt":"2025-05-12T10:15:25","guid":{"rendered":"https:\/\/www.trudi.com\/prodotto\/baer-bussino\/"},"modified":"2025-05-12T12:15:25","modified_gmt":"2025-05-12T10:15:25","slug":"baer-bussino","status":"publish","type":"product","link":"https:\/\/www.trudi.com\/de\/prodotto\/baer-bussino\/","title":{"rendered":"B\u00e4r Bussino"},"content":{"rendered":"<p>Zart, weich und anschmiegsam: Der B\u00e4r aus der Linie Bussi von Trudi ist der perfekte Begleiter f\u00fcr Gro\u00df und Klein. Hergestellt in der unverwechselbaren Trudi Qualit\u00e4t, kombiniert er Weichheit und Liebe zum Detail zu einem \u00fcberraschend g\u00fcnstigen Preis.<\/p>\n","protected":false},"excerpt":{"rendered":"<p>Zart, weich und anschmiegsam: Der B\u00e4r aus der Linie Bussi von Trudi ist der perfekte Begleiter f\u00fcr Gro\u00df und Klein.<\/p>\n","protected":false},"featured_media":264249,"template":"","meta":[],"product_cat":[890,790,410,397],"product_tag":[349],"acf":[],"yoast_head":"<!-- This site is optimized with the Yoast SEO plugin v21.9 - https:\/\/yoast.com\/wordpress\/plugins\/seo\/ -->\n<title>B\u00e4r Bussino - Trudi<\/title>\n<meta name=\"description\" content=\"Der B\u00e4r aus der Linie Bussi von Trudi ist der perfekte Begleiter f\u00fcr Gro\u00df und Klein. Hergestellt in der unverwechselbaren Trudi Qualit\u00e4t, kombiniert er Weichheit und Liebe zum Detail zu einem \u00fcberraschend g\u00fcnstigen Preis.\" \/>\n<meta name=\"robots\" content=\"index, follow, max-snippet:-1, max-image-preview:large, max-video-preview:-1\" \/>\n<link rel=\"canonical\" href=\"https:\/\/www.trudi.com\/de\/prodotto\/orso-bussino\/\" \/>\n<meta property=\"og:locale\" content=\"de_DE\" \/>\n<meta property=\"og:type\" content=\"article\" \/>\n<meta property=\"og:title\" content=\"B\u00e4r Bussino - Trudi\" \/>\n<meta property=\"og:description\" content=\"Der B\u00e4r aus der Linie Bussi von Trudi ist der perfekte Begleiter f\u00fcr Gro\u00df und Klein. Hergestellt in der unverwechselbaren Trudi Qualit\u00e4t, kombiniert er Weichheit und Liebe zum Detail zu einem \u00fcberraschend g\u00fcnstigen Preis.\" \/>\n<meta property=\"og:url\" content=\"https:\/\/www.trudi.com\/prodotto\/orso-bussino\/\" \/>\n<meta property=\"og:site_name\" content=\"Trudi\" \/>\n<meta property=\"og:image\" content=\"https:\/\/www.trudi.com\/wp-content\/uploads\/2025\/02\/18192_B-scaled.jpg\" \/>\n\t<meta property=\"og:image:width\" content=\"2560\" \/>\n\t<meta property=\"og:image:height\" content=\"1706\" \/>\n\t<meta property=\"og:image:type\" content=\"image\/jpeg\" \/>\n<meta name=\"twitter:card\" content=\"summary_large_image\" \/>\n<script type=\"application\/ld+json\" class=\"yoast-schema-graph\">{\"@context\":\"https:\/\/schema.org\",\"@graph\":[{\"@type\":\"WebPage\",\"@id\":\"https:\/\/www.trudi.com\/prodotto\/orso-bussino\/\",\"url\":\"https:\/\/www.trudi.com\/prodotto\/orso-bussino\/\",\"name\":\"B\u00e4r Bussino - Trudi\",\"isPartOf\":{\"@id\":\"https:\/\/www.trudi.com\/#website\"},\"datePublished\":\"2025-05-12T10:15:25+00:00\",\"dateModified\":\"2025-05-12T10:15:25+00:00\",\"description\":\"Der B\u00e4r aus der Linie Bussi von Trudi ist der perfekte Begleiter f\u00fcr Gro\u00df und Klein. Hergestellt in der unverwechselbaren Trudi Qualit\u00e4t, kombiniert er Weichheit und Liebe zum Detail zu einem \u00fcberraschend g\u00fcnstigen Preis.\",\"breadcrumb\":{\"@id\":\"https:\/\/www.trudi.com\/prodotto\/orso-bussino\/#breadcrumb\"},\"inLanguage\":\"de-DE\",\"potentialAction\":[{\"@type\":\"ReadAction\",\"target\":[\"https:\/\/www.trudi.com\/prodotto\/orso-bussino\/\"]}]},{\"@type\":\"BreadcrumbList\",\"@id\":\"https:\/\/www.trudi.com\/prodotto\/orso-bussino\/#breadcrumb\",\"itemListElement\":[{\"@type\":\"ListItem\",\"position\":1,\"name\":\"Shop\",\"item\":\"https:\/\/www.trudi.com\/negozio\/\"},{\"@type\":\"ListItem\",\"position\":2,\"name\":\"B\u00e4r Bussino\"}]},{\"@type\":\"WebSite\",\"@id\":\"https:\/\/www.trudi.com\/#website\",\"url\":\"https:\/\/www.trudi.com\/\",\"name\":\"Trudi\",\"description\":\"Peluche e Giochi in Legno\",\"publisher\":{\"@id\":\"https:\/\/www.trudi.com\/#organization\"},\"potentialAction\":[{\"@type\":\"SearchAction\",\"target\":{\"@type\":\"EntryPoint\",\"urlTemplate\":\"https:\/\/www.trudi.com\/?s={search_term_string}\"},\"query-input\":\"required name=search_term_string\"}],\"inLanguage\":\"de-DE\"},{\"@type\":\"Organization\",\"@id\":\"https:\/\/www.trudi.com\/#organization\",\"name\":\"Trudi\",\"url\":\"https:\/\/www.trudi.com\/\",\"logo\":{\"@type\":\"ImageObject\",\"inLanguage\":\"de-DE\",\"@id\":\"https:\/\/www.trudi.com\/#\/schema\/logo\/image\/\",\"url\":\"https:\/\/www.trudi.com\/wp-content\/uploads\/2021\/05\/trudi-logo.svg\",\"contentUrl\":\"https:\/\/www.trudi.com\/wp-content\/uploads\/2021\/05\/trudi-logo.svg\",\"width\":50,\"height\":50,\"caption\":\"Trudi\"},\"image\":{\"@id\":\"https:\/\/www.trudi.com\/#\/schema\/logo\/image\/\"}}]}<\/script>\n<!-- \/ Yoast SEO plugin. -->","yoast_head_json":{"title":"B\u00e4r Bussino - Trudi","description":"Der B\u00e4r aus der Linie Bussi von Trudi ist der perfekte Begleiter f\u00fcr Gro\u00df und Klein. Hergestellt in der unverwechselbaren Trudi Qualit\u00e4t, kombiniert er Weichheit und Liebe zum Detail zu einem \u00fcberraschend g\u00fcnstigen Preis.","robots":{"index":"index","follow":"follow","max-snippet":"max-snippet:-1","max-image-preview":"max-image-preview:large","max-video-preview":"max-video-preview:-1"},"canonical":"https:\/\/www.trudi.com\/de\/prodotto\/orso-bussino\/","og_locale":"de_DE","og_type":"article","og_title":"B\u00e4r Bussino - Trudi","og_description":"Der B\u00e4r aus der Linie Bussi von Trudi ist der perfekte Begleiter f\u00fcr Gro\u00df und Klein. Hergestellt in der unverwechselbaren Trudi Qualit\u00e4t, kombiniert er Weichheit und Liebe zum Detail zu einem \u00fcberraschend g\u00fcnstigen Preis.","og_url":"https:\/\/www.trudi.com\/prodotto\/orso-bussino\/","og_site_name":"Trudi","og_image":[{"width":2560,"height":1706,"url":"https:\/\/www.trudi.com\/wp-content\/uploads\/2025\/02\/18192_B-scaled.jpg","type":"image\/jpeg"}],"twitter_card":"summary_large_image","schema":{"@context":"https:\/\/schema.org","@graph":[{"@type":"WebPage","@id":"https:\/\/www.trudi.com\/prodotto\/orso-bussino\/","url":"https:\/\/www.trudi.com\/prodotto\/orso-bussino\/","name":"B\u00e4r Bussino - Trudi","isPartOf":{"@id":"https:\/\/www.trudi.com\/#website"},"datePublished":"2025-05-12T10:15:25+00:00","dateModified":"2025-05-12T10:15:25+00:00","description":"Der B\u00e4r aus der Linie Bussi von Trudi ist der perfekte Begleiter f\u00fcr Gro\u00df und Klein. Hergestellt in der unverwechselbaren Trudi Qualit\u00e4t, kombiniert er Weichheit und Liebe zum Detail zu einem \u00fcberraschend g\u00fcnstigen Preis.","breadcrumb":{"@id":"https:\/\/www.trudi.com\/prodotto\/orso-bussino\/#breadcrumb"},"inLanguage":"de-DE","potentialAction":[{"@type":"ReadAction","target":["https:\/\/www.trudi.com\/prodotto\/orso-bussino\/"]}]},{"@type":"BreadcrumbList","@id":"https:\/\/www.trudi.com\/prodotto\/orso-bussino\/#breadcrumb","itemListElement":[{"@type":"ListItem","position":1,"name":"Shop","item":"https:\/\/www.trudi.com\/negozio\/"},{"@type":"ListItem","position":2,"name":"B\u00e4r Bussino"}]},{"@type":"WebSite","@id":"https:\/\/www.trudi.com\/#website","url":"https:\/\/www.trudi.com\/","name":"Trudi","description":"Peluche e Giochi in Legno","publisher":{"@id":"https:\/\/www.trudi.com\/#organization"},"potentialAction":[{"@type":"SearchAction","target":{"@type":"EntryPoint","urlTemplate":"https:\/\/www.trudi.com\/?s={search_term_string}"},"query-input":"required name=search_term_string"}],"inLanguage":"de-DE"},{"@type":"Organization","@id":"https:\/\/www.trudi.com\/#organization","name":"Trudi","url":"https:\/\/www.trudi.com\/","logo":{"@type":"ImageObject","inLanguage":"de-DE","@id":"https:\/\/www.trudi.com\/#\/schema\/logo\/image\/","url":"https:\/\/www.trudi.com\/wp-content\/uploads\/2021\/05\/trudi-logo.svg","contentUrl":"https:\/\/www.trudi.com\/wp-content\/uploads\/2021\/05\/trudi-logo.svg","width":50,"height":50,"caption":"Trudi"},"image":{"@id":"https:\/\/www.trudi.com\/#\/schema\/logo\/image\/"}}]}},"_links":{"self":[{"href":"https:\/\/www.trudi.com\/de\/wp-json\/wp\/v2\/product\/266801"}],"collection":[{"href":"https:\/\/www.trudi.com\/de\/wp-json\/wp\/v2\/product"}],"about":[{"href":"https:\/\/www.trudi.com\/de\/wp-json\/wp\/v2\/types\/product"}],"wp:featuredmedia":[{"embeddable":true,"href":"https:\/\/www.trudi.com\/de\/wp-json\/wp\/v2\/media\/264249"}],"wp:attachment":[{"href":"https:\/\/www.trudi.com\/de\/wp-json\/wp\/v2\/media?parent=266801"}],"wp:term":[{"taxonomy":"product_cat","embeddable":true,"href":"https:\/\/www.trudi.com\/de\/wp-json\/wp\/v2\/product_cat?post=266801"},{"taxonomy":"product_tag","embeddable":true,"href":"https:\/\/www.trudi.com\/de\/wp-json\/wp\/v2\/product_tag?post=266801"}],"curies":[{"name":"wp","href":"https:\/\/api.w.org\/{rel}","templated":true}]}}