
{"id":267449,"date":"2025-06-04T16:42:05","date_gmt":"2025-06-04T14:42:05","guid":{"rendered":"https:\/\/www.trudi.com\/?page_id=267449"},"modified":"2025-06-04T16:42:05","modified_gmt":"2025-06-04T14:42:05","slug":"zugaenglichkeit-website","status":"publish","type":"page","link":"https:\/\/www.trudi.com\/de\/zugaenglichkeit-website\/","title":{"rendered":"Funktionen f\u00fcr die Zug\u00e4nglichkeit der Website"},"content":{"rendered":"<p>[vc_row][vc_column][vc_column_text]<\/p>\n<h5>\nSo durchsuchen Sie Trudi mit den Easy-Access-Funktionen auf einem Desktop-Computer<\/h5>\n<p>[\/vc_column_text][vc_column_text]<\/p>\n<ul>\n<li>Nutzen Sie die in Ihren Browsern integrierte Bildschirmvergr\u00f6\u00dferung und Gro\u00dfzeichenunterst\u00fctzung: \u201eStrg\/Befehl\u201c und \u201e+\u201c \/ \u201eStrg\/Befehl\u201c und \u201e-\u201c \/ \u201eStrg\/Befehl\u201c und \u201e0\u201c.<\/li>\n<li>Passen Sie Ihr Leseerlebnis an: Aktivieren Sie im Internetbrowser-Fenster die Leseansicht direkt in der Adressleiste. Die Leseansicht ist \u00fcber das entsprechende Symbol in der Suchleiste zug\u00e4nglich und ist mit den Browsern Firefox, Safari, Opera und Edge kompatibel. Um darauf zuzugreifen, dr\u00fccken Sie F9 oder Strg+Umschalt+R.<\/li>\n<li>Verwenden Sie die Tastaturnavigation: Mit den Pfeil- und Tabulatortasten auf Ihrer Tastatur k\u00f6nnen Sie auf der Seite nach oben und unten bl\u00e4ttern und auf jeden bestimmten Link zugreifen.<\/li>\n<\/ul>\n<p>[\/vc_column_text][vc_column_text]<\/p>\n<h5>Tipps f\u00fcr Bildschirmleser auf Trudi<\/h5>\n<p>[\/vc_column_text][vc_column_text]<\/p>\n<ul>\n<li>Wenn Sie einen <strong>Kauf t\u00e4tigen<\/strong> m\u00f6chten, verwenden Sie die Schnellnavigationstaste \u201aButton\u2018 des Bildschirmleseger\u00e4ts, um zur Schaltfl\u00e4che In den Warenkorb zu gelangen.<\/li>\n<li>Die Titel der Ergebnisse der <strong>Produktsuche<\/strong> sind als \u00dcberschriften strukturiert. Verwenden Sie auf einem Computer die Schaltfl\u00e4chen oder das Kopfzeilen-Dialogfeld, um durch die Suchergebnisse zu navigieren. Verwenden Sie auf Ihrem mobilen Ger\u00e4t die entsprechenden Gesten, um durch die \u00dcberschriften zu navigieren.<\/li>\n<\/ul>\n<p>[\/vc_column_text][vc_column_text]<\/p>\n<h5>So durchsuchen Sie Trudi mit den Easy-Access-Funktionen auf dem Handy<\/h5>\n<p>[\/vc_column_text][vc_column_text]Die Funktionen sind so konzipiert, dass sie die Nutzung eines Android- oder iOS-Ger\u00e4ts f\u00fcr Nutzer mit Seh-, H\u00f6r- oder Mobilit\u00e4tseinschr\u00e4nkungen vereinfachen.<\/p>\n<p><strong>So aktivieren Sie die Easy-Access-Funktionen auf Android:<\/strong><\/p>\n<ul>\n<li>\u00d6ffnen Sie die Anwendung Einstellungen auf Ihrem Ger\u00e4t.<\/li>\n<li>W\u00e4hlen Sie Eingabehilfen und dann das Men\u00fc Eingabehilfen aus.<\/li>\n<li>Aktivieren Sie die Verkn\u00fcpfung des Men\u00fcs Eingabehilfen.<\/li>\n<li>Um die Berechtigungen zu akzeptieren, w\u00e4hlen Sie OK.<\/li>\n<\/ul>\n<p><strong>So aktivieren Sie die Eingabehilfenfunktionen unter iOS:<\/strong><\/p>\n<ul>\n<li>\u00d6ffnen Sie die App \u201eEinstellungen\u201c auf Ihrem Ger\u00e4t.<\/li>\n<li>Gehen Sie zu Einstellungen und dann zu Eingabehilfen.<\/li>\n<li>W\u00e4hlen Sie die zu aktivierenden Funktionen f\u00fcr den erleichterten Zugang aus den angebotenen Kategorien (Sehen, Mobilit\u00e4t, H\u00f6ren, Allgemein).<\/li>\n<\/ul>\n<p>[\/vc_column_text][vc_column_text]<\/p>\n<h5>Unterst\u00fctzung erhalten<\/h5>\n<p>[\/vc_column_text][\/vc_column][\/vc_row][vc_row][vc_column][vc_column_text]Wenn Sie Hilfe bei der Zug\u00e4nglichkeit unserer Website ben\u00f6tigen, wenden Sie sich bitte an den spezialisierten <a href=\"https:\/\/www.trudi.com\/de\/servizio-clienti\/\"><strong>Kundendienst<\/strong><\/a> von Trudi.[\/vc_column_text][\/vc_column][\/vc_row][vc_row][vc_column][\/vc_column][\/vc_row]<\/p>\n","protected":false},"excerpt":{"rendered":"<p>[vc_row][vc_column][vc_column_text] So durchsuchen Sie Trudi mit den Easy-Access-Funktionen auf einem Desktop-Computer [\/vc_column_text][vc_column_text] Nutzen Sie die in Ihren Browsern integrierte Bildschirmvergr\u00f6\u00dferung<\/p>\n","protected":false},"author":8,"featured_media":0,"parent":0,"menu_order":0,"comment_status":"closed","ping_status":"closed","template":"","meta":{"footnotes":""},"acf":[],"yoast_head":"<!-- This site is optimized with the Yoast SEO plugin v21.9 - https:\/\/yoast.com\/wordpress\/plugins\/seo\/ -->\n<title>Funktionen f\u00fcr die Zug\u00e4nglichkeit der Website - Trudi<\/title>\n<meta name=\"description\" content=\"Trudi setzt sich f\u00fcr die Verbesserung der Zug\u00e4nglichkeit seines elektronischen Gesch\u00e4ftsverkehrs ein, damit alle Kunden, einschlie\u00dflich derer mit Behinderungen, von seinem Service profitieren k\u00f6nnen.\" \/>\n<meta name=\"robots\" content=\"index, follow, max-snippet:-1, max-image-preview:large, max-video-preview:-1\" \/>\n<link rel=\"canonical\" href=\"https:\/\/www.trudi.com\/de\/zugaenglichkeit-website\/\" \/>\n<meta property=\"og:locale\" content=\"de_DE\" \/>\n<meta property=\"og:type\" content=\"article\" \/>\n<meta property=\"og:title\" content=\"Funktionen f\u00fcr die Zug\u00e4nglichkeit der Website - Trudi\" \/>\n<meta property=\"og:description\" content=\"Trudi setzt sich f\u00fcr die Verbesserung der Zug\u00e4nglichkeit seines elektronischen Gesch\u00e4ftsverkehrs ein, damit alle Kunden, einschlie\u00dflich derer mit Behinderungen, von seinem Service profitieren k\u00f6nnen.\" \/>\n<meta property=\"og:url\" content=\"https:\/\/www.trudi.com\/de\/zugaenglichkeit-website\/\" \/>\n<meta property=\"og:site_name\" content=\"Trudi\" \/>\n<meta name=\"twitter:card\" content=\"summary_large_image\" \/>\n<script type=\"application\/ld+json\" class=\"yoast-schema-graph\">{\"@context\":\"https:\/\/schema.org\",\"@graph\":[{\"@type\":\"WebPage\",\"@id\":\"https:\/\/www.trudi.com\/de\/zugaenglichkeit-website\/\",\"url\":\"https:\/\/www.trudi.com\/de\/zugaenglichkeit-website\/\",\"name\":\"Funktionen f\u00fcr die Zug\u00e4nglichkeit der Website - Trudi\",\"isPartOf\":{\"@id\":\"https:\/\/www.trudi.com\/#website\"},\"datePublished\":\"2025-06-04T14:42:05+00:00\",\"dateModified\":\"2025-06-04T14:42:05+00:00\",\"description\":\"Trudi setzt sich f\u00fcr die Verbesserung der Zug\u00e4nglichkeit seines elektronischen Gesch\u00e4ftsverkehrs ein, damit alle Kunden, einschlie\u00dflich derer mit Behinderungen, von seinem Service profitieren k\u00f6nnen.\",\"inLanguage\":\"de-DE\",\"potentialAction\":[{\"@type\":\"ReadAction\",\"target\":[\"https:\/\/www.trudi.com\/de\/zugaenglichkeit-website\/\"]}]},{\"@type\":\"WebSite\",\"@id\":\"https:\/\/www.trudi.com\/#website\",\"url\":\"https:\/\/www.trudi.com\/\",\"name\":\"Trudi\",\"description\":\"Peluche e Giochi in Legno\",\"publisher\":{\"@id\":\"https:\/\/www.trudi.com\/#organization\"},\"potentialAction\":[{\"@type\":\"SearchAction\",\"target\":{\"@type\":\"EntryPoint\",\"urlTemplate\":\"https:\/\/www.trudi.com\/?s={search_term_string}\"},\"query-input\":\"required name=search_term_string\"}],\"inLanguage\":\"de-DE\"},{\"@type\":\"Organization\",\"@id\":\"https:\/\/www.trudi.com\/#organization\",\"name\":\"Trudi\",\"url\":\"https:\/\/www.trudi.com\/\",\"logo\":{\"@type\":\"ImageObject\",\"inLanguage\":\"de-DE\",\"@id\":\"https:\/\/www.trudi.com\/#\/schema\/logo\/image\/\",\"url\":\"https:\/\/www.trudi.com\/wp-content\/uploads\/2021\/05\/trudi-logo.svg\",\"contentUrl\":\"https:\/\/www.trudi.com\/wp-content\/uploads\/2021\/05\/trudi-logo.svg\",\"width\":50,\"height\":50,\"caption\":\"Trudi\"},\"image\":{\"@id\":\"https:\/\/www.trudi.com\/#\/schema\/logo\/image\/\"}}]}<\/script>\n<!-- \/ Yoast SEO plugin. -->","yoast_head_json":{"title":"Funktionen f\u00fcr die Zug\u00e4nglichkeit der Website - Trudi","description":"Trudi setzt sich f\u00fcr die Verbesserung der Zug\u00e4nglichkeit seines elektronischen Gesch\u00e4ftsverkehrs ein, damit alle Kunden, einschlie\u00dflich derer mit Behinderungen, von seinem Service profitieren k\u00f6nnen.","robots":{"index":"index","follow":"follow","max-snippet":"max-snippet:-1","max-image-preview":"max-image-preview:large","max-video-preview":"max-video-preview:-1"},"canonical":"https:\/\/www.trudi.com\/de\/zugaenglichkeit-website\/","og_locale":"de_DE","og_type":"article","og_title":"Funktionen f\u00fcr die Zug\u00e4nglichkeit der Website - Trudi","og_description":"Trudi setzt sich f\u00fcr die Verbesserung der Zug\u00e4nglichkeit seines elektronischen Gesch\u00e4ftsverkehrs ein, damit alle Kunden, einschlie\u00dflich derer mit Behinderungen, von seinem Service profitieren k\u00f6nnen.","og_url":"https:\/\/www.trudi.com\/de\/zugaenglichkeit-website\/","og_site_name":"Trudi","twitter_card":"summary_large_image","schema":{"@context":"https:\/\/schema.org","@graph":[{"@type":"WebPage","@id":"https:\/\/www.trudi.com\/de\/zugaenglichkeit-website\/","url":"https:\/\/www.trudi.com\/de\/zugaenglichkeit-website\/","name":"Funktionen f\u00fcr die Zug\u00e4nglichkeit der Website - Trudi","isPartOf":{"@id":"https:\/\/www.trudi.com\/#website"},"datePublished":"2025-06-04T14:42:05+00:00","dateModified":"2025-06-04T14:42:05+00:00","description":"Trudi setzt sich f\u00fcr die Verbesserung der Zug\u00e4nglichkeit seines elektronischen Gesch\u00e4ftsverkehrs ein, damit alle Kunden, einschlie\u00dflich derer mit Behinderungen, von seinem Service profitieren k\u00f6nnen.","inLanguage":"de-DE","potentialAction":[{"@type":"ReadAction","target":["https:\/\/www.trudi.com\/de\/zugaenglichkeit-website\/"]}]},{"@type":"WebSite","@id":"https:\/\/www.trudi.com\/#website","url":"https:\/\/www.trudi.com\/","name":"Trudi","description":"Peluche e Giochi in Legno","publisher":{"@id":"https:\/\/www.trudi.com\/#organization"},"potentialAction":[{"@type":"SearchAction","target":{"@type":"EntryPoint","urlTemplate":"https:\/\/www.trudi.com\/?s={search_term_string}"},"query-input":"required name=search_term_string"}],"inLanguage":"de-DE"},{"@type":"Organization","@id":"https:\/\/www.trudi.com\/#organization","name":"Trudi","url":"https:\/\/www.trudi.com\/","logo":{"@type":"ImageObject","inLanguage":"de-DE","@id":"https:\/\/www.trudi.com\/#\/schema\/logo\/image\/","url":"https:\/\/www.trudi.com\/wp-content\/uploads\/2021\/05\/trudi-logo.svg","contentUrl":"https:\/\/www.trudi.com\/wp-content\/uploads\/2021\/05\/trudi-logo.svg","width":50,"height":50,"caption":"Trudi"},"image":{"@id":"https:\/\/www.trudi.com\/#\/schema\/logo\/image\/"}}]}},"_links":{"self":[{"href":"https:\/\/www.trudi.com\/de\/wp-json\/wp\/v2\/pages\/267449"}],"collection":[{"href":"https:\/\/www.trudi.com\/de\/wp-json\/wp\/v2\/pages"}],"about":[{"href":"https:\/\/www.trudi.com\/de\/wp-json\/wp\/v2\/types\/page"}],"author":[{"embeddable":true,"href":"https:\/\/www.trudi.com\/de\/wp-json\/wp\/v2\/users\/8"}],"replies":[{"embeddable":true,"href":"https:\/\/www.trudi.com\/de\/wp-json\/wp\/v2\/comments?post=267449"}],"version-history":[{"count":2,"href":"https:\/\/www.trudi.com\/de\/wp-json\/wp\/v2\/pages\/267449\/revisions"}],"predecessor-version":[{"id":267451,"href":"https:\/\/www.trudi.com\/de\/wp-json\/wp\/v2\/pages\/267449\/revisions\/267451"}],"wp:attachment":[{"href":"https:\/\/www.trudi.com\/de\/wp-json\/wp\/v2\/media?parent=267449"}],"curies":[{"name":"wp","href":"https:\/\/api.w.org\/{rel}","templated":true}]}}