
{"id":253283,"date":"2021-11-23T17:25:07","date_gmt":"2021-11-23T16:25:07","guid":{"rendered":"https:\/\/www.trudi.com\/cura-e-pulizia\/"},"modified":"2025-12-10T14:49:32","modified_gmt":"2025-12-10T13:49:32","slug":"pflege-und-reinigung","status":"publish","type":"page","link":"https:\/\/www.trudi.com\/de\/pflege-und-reinigung\/","title":{"rendered":"Pflege und Reinigung"},"content":{"rendered":"<p>[vc_row equal_height=&#8221;yes&#8221; content_placement=&#8221;middle&#8221;][vc_column width=&#8221;1\/4&#8243;][vc_single_image image=&#8221;21940&#8243; img_size=&#8221;large&#8221;][\/vc_column][vc_column width=&#8221;3\/4&#8243;][vc_custom_heading text=&#8221;Plusch&#8221; use_theme_fonts=&#8221;yes&#8221;][vc_column_text el_class=&#8221;font&#8211;bigger&#8221;]<strong>Die Pl\u00fcschtiere<\/strong> von Trudi<strong> k\u00f6nnen in der Waschmaschine<\/strong> im Schonwaschgang mit einem neutralen Waschmittel und bei einer <strong>H\u00f6chsttemperatur von 30 \u00b0C<\/strong> gewaschen werden.<\/p>\n<p>Bei gro\u00dfen Artikeln oder Artikeln mit Rasseln empfehlen wir, diese von Hand mit einem mit neutralem Waschmittel getr\u00e4nkten Schwamm zu waschen und sorgf\u00e4ltig auszusp\u00fclen. Dr\u00fccken Sie das Wasser vorsichtig heraus und lassen Sie das Pl\u00fcschtier bei Raumtemperatur trocknen. Durch B\u00fcrsten wird das Fell wieder wie neu.<\/p>\n<p>Nicht chemisch reinigen oder mit L\u00f6sungsmitteln behandeln. Nicht bleichen. Nicht schleudern, nicht im W\u00e4schetrockner trocknen und nicht f\u00f6hnen. Nicht b\u00fcgeln.[\/vc_column_text][\/vc_column][\/vc_row][vc_row equal_height=&#8221;yes&#8221; content_placement=&#8221;middle&#8221; row_reverse_mobile=&#8221;1&#8243;][vc_column width=&#8221;2\/3&#8243;][vc_custom_heading text=&#8221;Holzoberfl\u00e4chen&#8221; use_theme_fonts=&#8221;yes&#8221;][vc_column_text el_class=&#8221;font&#8211;bigger&#8221;]<strong>OBERFL\u00c4CHENWASCHBAR<\/strong> \u2013 Wir empfehlen Ihnen, die Holzoberfl\u00e4che mit einem gut ausgewrungenen Schwamm zu reinigen. Verwenden Sie keinen Alkohol oder andere aggressive Reinigungsmittel.[\/vc_column_text][\/vc_column][vc_column width=&#8221;1\/3&#8243;][vc_single_image image=&#8221;21938&#8243; img_size=&#8221;large&#8221;][\/vc_column][\/vc_row][vc_row equal_height=&#8221;yes&#8221; content_placement=&#8221;middle&#8221; row_reverse_mobile=&#8221;1&#8243;][vc_column width=&#8221;2\/3&#8243;][vc_custom_heading text=&#8221;Stoffoberfl\u00e4chen&#8221; use_theme_fonts=&#8221;yes&#8221;][vc_column_text el_class=&#8221;font&#8211;bigger&#8221;]<strong>OBERFL\u00c4CHENWASCHBAR<\/strong> \u2013 Wir empfehlen, das Produkt von Hand mit einem mit neutraler Seife getr\u00e4nkten, gut ausgewrungenen Schwamm zu waschen und sorgf\u00e4ltig abzusp\u00fclen. Bei Raumtemperatur trocknen lassen.<\/p>\n<p>Nicht chemisch reinigen oder mit L\u00f6sungsmitteln behandeln. Nicht bleichen. Nicht mit einem F\u00f6hn trocknen.[\/vc_column_text][\/vc_column][vc_column width=&#8221;1\/3&#8243;][vc_single_image image=&#8221;21936&#8243; img_size=&#8221;large&#8221;][\/vc_column][\/vc_row]<\/p>\n","protected":false},"excerpt":{"rendered":"<p>[vc_row equal_height=&#8221;yes&#8221; content_placement=&#8221;middle&#8221;][vc_column width=&#8221;1\/4&#8243;][vc_single_image image=&#8221;21940&#8243; img_size=&#8221;large&#8221;][\/vc_column][vc_column width=&#8221;3\/4&#8243;][vc_custom_heading text=&#8221;Plusch&#8221; use_theme_fonts=&#8221;yes&#8221;][vc_column_text el_class=&#8221;font&#8211;bigger&#8221;]Die Pl\u00fcschtiere von Trudi k\u00f6nnen in der Waschmaschine im Schonwaschgang mit<\/p>\n","protected":false},"author":1,"featured_media":0,"parent":0,"menu_order":0,"comment_status":"closed","ping_status":"closed","template":"","meta":{"footnotes":""},"acf":[],"yoast_head":"<!-- This site is optimized with the Yoast SEO plugin v21.9 - https:\/\/yoast.com\/wordpress\/plugins\/seo\/ -->\n<title>Pflege und Reinigung - Trudi<\/title>\n<meta name=\"robots\" content=\"index, follow, max-snippet:-1, max-image-preview:large, max-video-preview:-1\" \/>\n<link rel=\"canonical\" href=\"https:\/\/www.trudi.com\/de\/pflege-und-reinigung\/\" \/>\n<meta property=\"og:locale\" content=\"de_DE\" \/>\n<meta property=\"og:type\" content=\"article\" \/>\n<meta property=\"og:title\" content=\"Pflege und Reinigung - Trudi\" \/>\n<meta property=\"og:description\" content=\"[vc_row equal_height=&#8221;yes&#8221; content_placement=&#8221;middle&#8221;][vc_column width=&#8221;1\/4&#8243;][vc_single_image image=&#8221;21940&#8243; img_size=&#8221;large&#8221;][\/vc_column][vc_column width=&#8221;3\/4&#8243;][vc_custom_heading text=&#8221;Plusch&#8221; use_theme_fonts=&#8221;yes&#8221;][vc_column_text el_class=&#8221;font&#8211;bigger&#8221;]Die Pl\u00fcschtiere von Trudi k\u00f6nnen in der Waschmaschine im Schonwaschgang mit\" \/>\n<meta property=\"og:url\" content=\"https:\/\/www.trudi.com\/de\/pflege-und-reinigung\/\" \/>\n<meta property=\"og:site_name\" content=\"Trudi\" \/>\n<meta property=\"article:modified_time\" content=\"2025-12-10T13:49:32+00:00\" \/>\n<meta name=\"twitter:card\" content=\"summary_large_image\" \/>\n<meta name=\"twitter:label1\" content=\"Gesch\u00e4tzte Lesezeit\" \/>\n\t<meta name=\"twitter:data1\" content=\"2 Minuten\" \/>\n<script type=\"application\/ld+json\" class=\"yoast-schema-graph\">{\"@context\":\"https:\/\/schema.org\",\"@graph\":[{\"@type\":\"WebPage\",\"@id\":\"https:\/\/www.trudi.com\/de\/pflege-und-reinigung\/\",\"url\":\"https:\/\/www.trudi.com\/de\/pflege-und-reinigung\/\",\"name\":\"Pflege und Reinigung - Trudi\",\"isPartOf\":{\"@id\":\"https:\/\/www.trudi.com\/#website\"},\"datePublished\":\"2021-11-23T16:25:07+00:00\",\"dateModified\":\"2025-12-10T13:49:32+00:00\",\"inLanguage\":\"de-DE\",\"potentialAction\":[{\"@type\":\"ReadAction\",\"target\":[\"https:\/\/www.trudi.com\/de\/pflege-und-reinigung\/\"]}]},{\"@type\":\"WebSite\",\"@id\":\"https:\/\/www.trudi.com\/#website\",\"url\":\"https:\/\/www.trudi.com\/\",\"name\":\"Trudi\",\"description\":\"Peluche e Giochi in Legno\",\"publisher\":{\"@id\":\"https:\/\/www.trudi.com\/#organization\"},\"potentialAction\":[{\"@type\":\"SearchAction\",\"target\":{\"@type\":\"EntryPoint\",\"urlTemplate\":\"https:\/\/www.trudi.com\/?s={search_term_string}\"},\"query-input\":\"required name=search_term_string\"}],\"inLanguage\":\"de-DE\"},{\"@type\":\"Organization\",\"@id\":\"https:\/\/www.trudi.com\/#organization\",\"name\":\"Trudi\",\"url\":\"https:\/\/www.trudi.com\/\",\"logo\":{\"@type\":\"ImageObject\",\"inLanguage\":\"de-DE\",\"@id\":\"https:\/\/www.trudi.com\/#\/schema\/logo\/image\/\",\"url\":\"https:\/\/www.trudi.com\/wp-content\/uploads\/2021\/05\/trudi-logo.svg\",\"contentUrl\":\"https:\/\/www.trudi.com\/wp-content\/uploads\/2021\/05\/trudi-logo.svg\",\"width\":50,\"height\":50,\"caption\":\"Trudi\"},\"image\":{\"@id\":\"https:\/\/www.trudi.com\/#\/schema\/logo\/image\/\"}}]}<\/script>\n<!-- \/ Yoast SEO plugin. -->","yoast_head_json":{"title":"Pflege und Reinigung - Trudi","robots":{"index":"index","follow":"follow","max-snippet":"max-snippet:-1","max-image-preview":"max-image-preview:large","max-video-preview":"max-video-preview:-1"},"canonical":"https:\/\/www.trudi.com\/de\/pflege-und-reinigung\/","og_locale":"de_DE","og_type":"article","og_title":"Pflege und Reinigung - Trudi","og_description":"[vc_row equal_height=&#8221;yes&#8221; content_placement=&#8221;middle&#8221;][vc_column width=&#8221;1\/4&#8243;][vc_single_image image=&#8221;21940&#8243; img_size=&#8221;large&#8221;][\/vc_column][vc_column width=&#8221;3\/4&#8243;][vc_custom_heading text=&#8221;Plusch&#8221; use_theme_fonts=&#8221;yes&#8221;][vc_column_text el_class=&#8221;font&#8211;bigger&#8221;]Die Pl\u00fcschtiere von Trudi k\u00f6nnen in der Waschmaschine im Schonwaschgang mit","og_url":"https:\/\/www.trudi.com\/de\/pflege-und-reinigung\/","og_site_name":"Trudi","article_modified_time":"2025-12-10T13:49:32+00:00","twitter_card":"summary_large_image","twitter_misc":{"Gesch\u00e4tzte Lesezeit":"2 Minuten"},"schema":{"@context":"https:\/\/schema.org","@graph":[{"@type":"WebPage","@id":"https:\/\/www.trudi.com\/de\/pflege-und-reinigung\/","url":"https:\/\/www.trudi.com\/de\/pflege-und-reinigung\/","name":"Pflege und Reinigung - Trudi","isPartOf":{"@id":"https:\/\/www.trudi.com\/#website"},"datePublished":"2021-11-23T16:25:07+00:00","dateModified":"2025-12-10T13:49:32+00:00","inLanguage":"de-DE","potentialAction":[{"@type":"ReadAction","target":["https:\/\/www.trudi.com\/de\/pflege-und-reinigung\/"]}]},{"@type":"WebSite","@id":"https:\/\/www.trudi.com\/#website","url":"https:\/\/www.trudi.com\/","name":"Trudi","description":"Peluche e Giochi in Legno","publisher":{"@id":"https:\/\/www.trudi.com\/#organization"},"potentialAction":[{"@type":"SearchAction","target":{"@type":"EntryPoint","urlTemplate":"https:\/\/www.trudi.com\/?s={search_term_string}"},"query-input":"required name=search_term_string"}],"inLanguage":"de-DE"},{"@type":"Organization","@id":"https:\/\/www.trudi.com\/#organization","name":"Trudi","url":"https:\/\/www.trudi.com\/","logo":{"@type":"ImageObject","inLanguage":"de-DE","@id":"https:\/\/www.trudi.com\/#\/schema\/logo\/image\/","url":"https:\/\/www.trudi.com\/wp-content\/uploads\/2021\/05\/trudi-logo.svg","contentUrl":"https:\/\/www.trudi.com\/wp-content\/uploads\/2021\/05\/trudi-logo.svg","width":50,"height":50,"caption":"Trudi"},"image":{"@id":"https:\/\/www.trudi.com\/#\/schema\/logo\/image\/"}}]}},"_links":{"self":[{"href":"https:\/\/www.trudi.com\/de\/wp-json\/wp\/v2\/pages\/253283"}],"collection":[{"href":"https:\/\/www.trudi.com\/de\/wp-json\/wp\/v2\/pages"}],"about":[{"href":"https:\/\/www.trudi.com\/de\/wp-json\/wp\/v2\/types\/page"}],"author":[{"embeddable":true,"href":"https:\/\/www.trudi.com\/de\/wp-json\/wp\/v2\/users\/1"}],"replies":[{"embeddable":true,"href":"https:\/\/www.trudi.com\/de\/wp-json\/wp\/v2\/comments?post=253283"}],"version-history":[{"count":6,"href":"https:\/\/www.trudi.com\/de\/wp-json\/wp\/v2\/pages\/253283\/revisions"}],"predecessor-version":[{"id":274846,"href":"https:\/\/www.trudi.com\/de\/wp-json\/wp\/v2\/pages\/253283\/revisions\/274846"}],"wp:attachment":[{"href":"https:\/\/www.trudi.com\/de\/wp-json\/wp\/v2\/media?parent=253283"}],"curies":[{"name":"wp","href":"https:\/\/api.w.org\/{rel}","templated":true}]}}